{"id":9033,"date":"2021-09-01T23:21:15","date_gmt":"2021-09-01T23:21:15","guid":{"rendered":"https:\/\/theamericanfrenchfilmfestival.org\/?page_id=9033"},"modified":"2021-10-13T05:51:15","modified_gmt":"2021-10-13T05:51:15","slug":"gallant-indies","status":"publish","type":"page","link":"https:\/\/theamericanfrenchfilmfestival.org\/gallant-indies\/","title":{"rendered":"GALLANT INDIES (INDES GALANTES)"},"content":{"rendered":"<div class=\"wpb-content-wrapper\">[vc_row][vc_column][mk_padding_divider][vc_column_text css=&#8221;.vc_custom_1630538122708{margin-bottom: 0px !important;}&#8221;]\n<h1 style=\"text-align: center;\"><span style=\"font-family: Verdana, sans-serif;\"><b>GALLANT INDIES (INDES GALANTES)<\/b><\/span><\/h1>\n[\/vc_column_text][mk_padding_divider size=&#8221;20&#8243;][vc_separator color=&#8221;custom&#8221; accent_color=&#8221;#d41953&#8243;][\/vc_column][\/vc_row][vc_row][vc_column width=&#8221;1\/2&#8243;][vc_column_text css=&#8221;.vc_custom_1633395196807{margin-bottom: 0px !important;}&#8221;]\n<p style=\"text-align: center;\"><strong>Friday, November 5<\/strong> &#8211; Truffaut Theatre \u2013 4:00 pm<br \/>\n<em>(Screening ends at 5:50 pm)<\/em><\/p>\n<p style=\"text-align: center;\"><strong>COLCOA DOCUMENTARIES<\/strong><\/p>\n[\/vc_column_text][mk_image src=&#8221;https:\/\/theamericanfrenchfilmfestival.org\/wp-content\/uploads\/2018\/03\/tickets-butt.png&#8221; image_size=&#8221;full&#8221; link=&#8221;https:\/\/colcoa2021.eventive.org\/schedule\/6141a6bf68498100301bf934&#8243; align=&#8221;center&#8221;][\/vc_column][vc_column width=&#8221;1\/2&#8243;][vc_column_text css=&#8221;.vc_custom_1633647001963{margin-bottom: 0px !important;}&#8221;]\n<p style=\"text-align: center;\"><span style=\"color: #d41953;\">Presented in Association with:<\/span><\/p>\n<p style=\"text-align: center;\">Pyramide International,<\/p>\n<p style=\"text-align: center;\">Women in Film<\/p>\n[\/vc_column_text][\/vc_column][\/vc_row][vc_row][vc_column][vc_separator color=&#8221;custom&#8221; accent_color=&#8221;#d41953&#8243;][\/vc_column][\/vc_row][vc_row][vc_column width=&#8221;1\/2&#8243;][vc_column_text css=&#8221;.vc_custom_1633917539366{margin-bottom: 0px !important;}&#8221;]<span style=\"color: #d41953;\"><b>North American Premiere <\/b><\/span>| France\u00a0|\u00a02021\u00a0|\u00a0Documentary |\u00a0108\u00a0min\u00a0|<br \/>\nIn English and French with English subtitles<\/p>\n<p><b>Directed by: <\/b>Philippe B\u00e9ziat<br \/>\n<b>Written by: <\/b>Philippe B\u00e9ziat<br \/>\n<b>Produced by: <\/b>Philippe Martin, David Thion (Les Films Pell\u00e9as), Arte France Cin\u00e9ma, Op\u00e9ra de Paris<br \/>\n<b>Cinematography: <\/b>Philippe B\u00e9ziat<br \/>\n<b>Film Editing: <\/b>Henri-Pierre Rasamon<br \/>\n<b>Cast: <\/b>Cl\u00e9ment Cogitore<br \/>\n<b>Original Score: <\/b>Thomas Dappelo<br \/>\n<b>International Sales:<\/b> Pyramide International<\/p>\n<p style=\"text-align: justify;\">In the fall of 2019, multi-media artist Cl\u00e9ment Cogitore and choreographer Bintou Demb\u00e9l\u00e9 metaphorically stormed the Bastille, mounting a groundbreaking production of Jean-Philippe Rameau\u2019s baroque opera <em>Les Indes Galantes<\/em> at the Op\u00e9ra Bastille. What was revolutionary was their casting of 30 mind-blowing, multi-ethnic dancers, each a veritable master of a different form of freestyle street dance \u2014 hip-hop, krumping, voguing, flexing, popping \u2014 to bring Rameau\u2019s masterpiece about colonization and enslavement to life. <strong>Philippe B\u00e9ziat<\/strong>\u2019s exhilarating documentary recounts an entire year of rehearsals and preparations leading up to that unprecedented opening night.<\/p>\n<p style=\"text-align: justify;\"><strong>Philippe B\u00e9ziat<\/strong> has directed numerous music- and opera-related documentaries and TV movies, beginning with his early shorts <em>Le JT Petit Op\u00e9ra<\/em> (1997), inspired by John Adams\u2019 <em>Fearful Symmetries, and Musica da camera<\/em> (2004), based on the music of George Crumb. His feature-length films include <em>Les contes d\u2019Hoffman<\/em> (2008), documenting Olivier Py\u2019s staging of the Offenbach opera; <em>Pell\u00e9as et M\u00e9lisande<\/em> (2012), a chronicle of Robert Wilson\u2019s staging of the Debussy opera; <em>Le ph\u00e9nom\u00e8ne \u201cQuatre Saisons\u201d<\/em> (2012), featuring mezzo-soprano Cecilia Bartoli; and <em>Becoming Traviata<\/em> (COLCOA 2013), featuring renowned French coloratura soprano Natalie Dessay.<\/p>\n[\/vc_column_text][\/vc_column][vc_column width=&#8221;1\/2&#8243;][mk_image src=&#8221;https:\/\/theamericanfrenchfilmfestival.org\/wp-content\/uploads\/2021\/09\/gallant-indies.jpg&#8221; image_size=&#8221;full&#8221; frame_style=&#8221;gray_border&#8221; align=&#8221;center&#8221;][\/vc_column][\/vc_row][vc_row][vc_column][vc_column_text]\n[\/vc_column_text][\/vc_column][\/vc_row]\n<\/div>","protected":false},"excerpt":{"rendered":"<p>[vc_row][vc_column][mk_padding_divider][vc_column_text css=&#8221;.vc_custom_1630538122708{margin-bottom: 0px !important;}&#8221;] GALLANT INDIES (INDES GALANTES) [\/vc_column_text][mk_padding_divider size=&#8221;20&#8243;][vc_separator color=&#8221;custom&#8221; accent_color=&#8221;#d41953&#8243;][\/vc_column][\/vc_row][vc_row][vc_column width=&#8221;1\/2&#8243;][vc_column_text css=&#8221;.vc_custom_1633395196807{margin-bottom: 0px !important;}&#8221;] Friday, November 5 &#8211; Truffaut Theatre \u2013 4:00 pm (Screening ends at 5:50 pm) COLCOA DOCUMENTARIES [\/vc_column_text][mk_image src=&#8221;https:\/\/theamericanfrenchfilmfestival.org\/wp-content\/uploads\/2018\/03\/tickets-butt.png&#8221; image_size=&#8221;full&#8221; link=&#8221;https:\/\/colcoa2021.eventive.org\/schedule\/6141a6bf68498100301bf934&#8243; align=&#8221;center&#8221;][\/vc_column][vc_column width=&#8221;1\/2&#8243;][vc_column_text css=&#8221;.vc_custom_1633647001963{margin-bottom: 0px !important;}&#8221;] Presented in Association with: Pyramide International, Women in Film [\/vc_column_text][\/vc_column][\/vc_row][vc_row][vc_column][vc_separator color=&#8221;custom&#8221; accent_color=&#8221;#d41953&#8243;][\/vc_column][\/vc_row][vc_row][vc_column width=&#8221;1\/2&#8243;][vc_column_text css=&#8221;.vc_custom_1633917539366{margin-bottom: [&hellip;]<\/p>\n","protected":false},"author":4,"featured_media":0,"parent":0,"menu_order":0,"comment_status":"closed","ping_status":"closed","template":"","meta":{"footnotes":""},"class_list":["post-9033","page","type-page","status-publish","hentry"],"_links":{"self":[{"href":"https:\/\/theamericanfrenchfilmfestival.org\/wp-json\/wp\/v2\/pages\/9033","targetHints":{"allow":["GET"]}}],"collection":[{"href":"https:\/\/theamericanfrenchfilmfestival.org\/wp-json\/wp\/v2\/pages"}],"about":[{"href":"https:\/\/theamericanfrenchfilmfestival.org\/wp-json\/wp\/v2\/types\/page"}],"author":[{"embeddable":true,"href":"https:\/\/theamericanfrenchfilmfestival.org\/wp-json\/wp\/v2\/users\/4"}],"replies":[{"embeddable":true,"href":"https:\/\/theamericanfrenchfilmfestival.org\/wp-json\/wp\/v2\/comments?post=9033"}],"version-history":[{"count":10,"href":"https:\/\/theamericanfrenchfilmfestival.org\/wp-json\/wp\/v2\/pages\/9033\/revisions"}],"predecessor-version":[{"id":10250,"href":"https:\/\/theamericanfrenchfilmfestival.org\/wp-json\/wp\/v2\/pages\/9033\/revisions\/10250"}],"wp:attachment":[{"href":"https:\/\/theamericanfrenchfilmfestival.org\/wp-json\/wp\/v2\/media?parent=9033"}],"curies":[{"name":"wp","href":"https:\/\/api.w.org\/{rel}","templated":true}]}}