{"id":682,"date":"2018-01-24T21:30:06","date_gmt":"2018-01-24T21:30:06","guid":{"rendered":"http:\/\/dev.theamericanfrenchfilmfestival.org\/?page_id=682"},"modified":"2025-12-19T19:38:58","modified_gmt":"2025-12-19T19:38:58","slug":"master-class-program","status":"publish","type":"page","link":"https:\/\/theamericanfrenchfilmfestival.org\/education\/master-class-program\/","title":{"rendered":"Master Class Program"},"content":{"rendered":"<div class=\"wpb-content-wrapper\">[vc_row][vc_column][mk_padding_divider][vc_column_text css=&#8221;.vc_custom_1658447012706{margin-bottom: 0px !important;}&#8221;]\n<h2>THE AMERICAN FRENCH FILM FESTIVAL MASTERCLASSES<\/h2>\n[\/vc_column_text][vc_separator color=&#8221;custom&#8221; accent_color=&#8221;#004eef&#8221;][\/vc_column][\/vc_row][vc_row][vc_column width=&#8221;1\/2&#8243;][mk_padding_divider size=&#8221;20&#8243;][vc_column_text margin_bottom=&#8221;0&#8243; css=&#8221;.vc_custom_1766173136058{margin-bottom: 0px !important;}&#8221;]Masterclasses are held upon request on campuses across Los Angeles county in partnership with\u00a0<a href=\"https:\/\/www.elma.org\/\" target=\"_blank\" rel=\"noopener\" data-saferedirecturl=\"https:\/\/www.google.com\/url?q=https:\/\/www.elma.org\/&amp;source=gmail&amp;ust=1672333190595000&amp;usg=AOvVaw3v6ShhjoNVNDtK90qzXgir\">ELMA<\/a> and with the support of <a href=\"https:\/\/villa-albertine.org\/\" target=\"_blank\" rel=\"noopener\" data-saferedirecturl=\"https:\/\/www.google.com\/url?q=https:\/\/villa-albertine.org\/&amp;source=gmail&amp;ust=1672333190595000&amp;usg=AOvVaw31uwvTvzx7th2WuCJWHUak\">Villa Albertine<\/a>.<\/p>\n<p>In <strong>2025<\/strong>, the following universities participated in our Masterclass program:<br \/>\n<strong>UCLA<\/strong> with actor ELODIE BOUCHEZ for <a href=\"https:\/\/theamericanfrenchfilmfestival.org\/enzo\/\" target=\"_blank\" rel=\"noopener\">ENZO<\/a><br \/>\n<strong>USC <\/strong>with writer\/director ANNE CAZENAVE CAMBET for <a href=\"https:\/\/theamericanfrenchfilmfestival.org\/love-me-tender\/\" target=\"_blank\" rel=\"noopener\">LOVE ME TENDER<\/a><\/p>\n<p><strong>To schedule a masterclass<\/strong><br \/>\nPlease contact Anouchka Van Riel at <a href=\"mailto:school.theusfrenchfilmfest@gmail.com\">school.theusfrenchfilmfest@gmail.com<\/a> \u00a0to schedule a masterclass with one of our filmmakers invited.<\/p>\n<hr \/>\n<p><strong>2024 MASTERCLASSES<br \/>\n<\/strong><br \/>\n<strong>UCLA<\/strong> with writer\/director ANNE FONTAINE for <a href=\"https:\/\/theamericanfrenchfilmfestival.org\/bolero\/\" target=\"_blank\" rel=\"noopener\">BOLERO<\/a><br \/>\n<strong>Mount Saint Mary\u2019s University<\/strong> with writer\/director AGATHE RIEDINGER for <a href=\"https:\/\/theamericanfrenchfilmfestival.org\/wild-diamond\/\" target=\"_blank\" rel=\"noopener\">WILD DIAMOND<\/a><\/p>\n<p style=\"font-weight: 400;\"><strong>2022 MASTERCLASSES<\/strong><\/p>\n<p><b>Chapman University: <\/b>Screening of <a href=\"https:\/\/theamericanfrenchfilmfestival.org\/everybody-loves-jeanne\/\" target=\"_blank\" rel=\"noopener\" data-saferedirecturl=\"https:\/\/www.google.com\/url?q=https:\/\/theamericanfrenchfilmfestival.org\/everybody-loves-jeanne\/&amp;source=gmail&amp;ust=1672333190595000&amp;usg=AOvVaw1GZ0JqziKgvBSCVE8jTfrD\">EVERYBODY LOVES JEANNE <\/a> followed by a conversation with writer\/director CELINE DEVAUX<br \/>\n<b>Pasadena City College:\u00a0 <\/b>Screening of <a href=\"https:\/\/theamericanfrenchfilmfestival.org\/nadia-documentary\/\" target=\"_blank\" rel=\"noopener\" data-saferedirecturl=\"https:\/\/www.google.com\/url?q=https:\/\/theamericanfrenchfilmfestival.org\/nadia-documentary\/&amp;source=gmail&amp;ust=1672333190595000&amp;usg=AOvVaw0AqD7-Ph_Lnz90Veceqj6s\">NADIA<\/a> followed by a conversation with writer\/director ANISSA BONEFONT<br \/>\n<b>UCLA:\u00a0 <\/b>Screening of <a href=\"https:\/\/theamericanfrenchfilmfestival.org\/winners\/2015-awards\/once-in-a-lifetime\/\">ONCE IN A LIFETIME\u00a0<\/a> followed by a conversation with writer\/director MARIE-CASTILLE MENTION-SCHAAR<\/p>\n<p style=\"font-weight: 400;\"><strong>2019 MASTERCLASSES<\/strong><\/p>\n<p>IN SAFE HANDS (Pupille)\u00a0with writer\/director Jeanne Herry<br \/>\nTHE INSIDE GAME (Jeux D\u2019Influence)\u00a0with writer\/director Jean-Xavier de Lestrade<\/p>\n<p style=\"font-weight: 400;\"><strong>2018 MASTERCLASS<\/strong><\/p>\n<p>CHATEAU (La Vie de Ch\u00e2teau)\u00a0with writer\/director C\u00e9dric Ido<\/p>\n<p style=\"font-weight: 400;\"><strong>2017 MASTERCLASSES<\/strong><\/p>\n<p>A KID (Le Fils De Jean)\u00a0with writer\/director Philippe Lioret<br \/>\nSLACK BAY (Ma Loute)\u00a0with writer\/director Bruno Dumont<\/p>\n<p style=\"font-weight: 400;\"><strong>2016 MASTERCLASSES<\/strong><\/p>\n<p>COME WHAT MAY (En Mai, Fais Ce Qu\u2019Il Te Plait)\u00a0with writer\/director Christian Carion<br \/>\nDON\u2019T TELL ME THE BOY WAS MAD (Une Histoire De Fou)\u00a0with writer\/director\u00a0Robert Gu\u00e9diguian<\/p>\n<p style=\"font-weight: 400;\"><strong>2015 MASTERCLASSES<\/strong><\/p>\n<p>THE LAST HAMMER BLOW (Le Dernier Coup De Marteau)\u00a0with writer\/director Alix Delaporte<br \/>\nGEMMA BOVERY\u00a0with writer\/director\u00a0Anne Fontaine<\/p>\n<p style=\"font-weight: 400;\"><strong>2014 MASTERCLASSES<\/strong><\/p>\n<p>WE LOVE YOU, YOU BASTARD (Salaud, On t\u2019aime!)\u00a0with writer\/director\/producer\u00a0Claude Lelouch<br \/>\nSUZANNE\u00a0with writer\/director\u00a0Katell Quill\u00e9v\u00e9r\u00e9<\/p>\n<p style=\"font-weight: 400;\"><strong>2013 MASTERCLASSES<\/strong><\/p>\n<p>THE MAN WHO LAUGHS (L\u2019Homme Qui Rit)\u00a0\u00a0with writer\/director\u00a0Jean-Pierre Ameris<\/p>\n<p>2<strong>012 MASTERCLASSES<\/strong><\/p>\n<p style=\"font-weight: 400;\">38 WITNESSES (38 T\u00e9moins)\u00a0with writer\/director Lucas Belvaux<\/p>\n<h2 style=\"text-align: left;\"><em>\u00a0<\/em><\/h2>\n[\/vc_column_text][\/vc_column][vc_column width=&#8221;1\/2&#8243;][mk_padding_divider size=&#8221;20&#8243;][mk_image src=&#8221;https:\/\/theamericanfrenchfilmfestival.org\/wp-content\/uploads\/2024\/12\/tafff2024_day5_0950-2.jpg&#8221; image_size=&#8221;full&#8221; lightbox=&#8221;true&#8221; frame_style=&#8221;border_shadow&#8221;][\/vc_column][\/vc_row][vc_row][vc_column][mk_padding_divider][vc_separator color=&#8221;custom&#8221; accent_color=&#8221;#004eef&#8221;][\/vc_column][\/vc_row]\n<\/div>","protected":false},"excerpt":{"rendered":"<p>[vc_row][vc_column][mk_padding_divider][vc_column_text css=&#8221;.vc_custom_1658447012706{margin-bottom: 0px !important;}&#8221;] THE AMERICAN FRENCH FILM FESTIVAL MASTERCLASSES [\/vc_column_text][vc_separator color=&#8221;custom&#8221; accent_color=&#8221;#004eef&#8221;][\/vc_column][\/vc_row][vc_row][vc_column width=&#8221;1\/2&#8243;][mk_padding_divider size=&#8221;20&#8243;][vc_column_text margin_bottom=&#8221;0&#8243; css=&#8221;.vc_custom_1766173136058{margin-bottom: 0px !important;}&#8221;]Masterclasses are held upon request on campuses across Los Angeles county in partnership with\u00a0ELMA and with the support of Villa Albertine. In 2025, the following universities participated in our Masterclass program: UCLA with actor ELODIE BOUCHEZ for [&hellip;]<\/p>\n","protected":false},"author":4,"featured_media":0,"parent":20,"menu_order":0,"comment_status":"closed","ping_status":"closed","template":"","meta":{"footnotes":""},"class_list":["post-682","page","type-page","status-publish","hentry"],"_links":{"self":[{"href":"https:\/\/theamericanfrenchfilmfestival.org\/wp-json\/wp\/v2\/pages\/682","targetHints":{"allow":["GET"]}}],"collection":[{"href":"https:\/\/theamericanfrenchfilmfestival.org\/wp-json\/wp\/v2\/pages"}],"about":[{"href":"https:\/\/theamericanfrenchfilmfestival.org\/wp-json\/wp\/v2\/types\/page"}],"author":[{"embeddable":true,"href":"https:\/\/theamericanfrenchfilmfestival.org\/wp-json\/wp\/v2\/users\/4"}],"replies":[{"embeddable":true,"href":"https:\/\/theamericanfrenchfilmfestival.org\/wp-json\/wp\/v2\/comments?post=682"}],"version-history":[{"count":34,"href":"https:\/\/theamericanfrenchfilmfestival.org\/wp-json\/wp\/v2\/pages\/682\/revisions"}],"predecessor-version":[{"id":25449,"href":"https:\/\/theamericanfrenchfilmfestival.org\/wp-json\/wp\/v2\/pages\/682\/revisions\/25449"}],"up":[{"embeddable":true,"href":"https:\/\/theamericanfrenchfilmfestival.org\/wp-json\/wp\/v2\/pages\/20"}],"wp:attachment":[{"href":"https:\/\/theamericanfrenchfilmfestival.org\/wp-json\/wp\/v2\/media?parent=682"}],"curies":[{"name":"wp","href":"https:\/\/api.w.org\/{rel}","templated":true}]}}