{"id":660,"date":"2018-01-24T05:18:19","date_gmt":"2018-01-24T05:18:19","guid":{"rendered":"http:\/\/dev.theamericanfrenchfilmfestival.org\/?page_id=660"},"modified":"2026-02-19T23:24:16","modified_gmt":"2026-02-19T23:24:16","slug":"2015-awards","status":"publish","type":"page","link":"https:\/\/theamericanfrenchfilmfestival.org\/2022-winners\/2015-awards\/","title":{"rendered":"2015 Awards"},"content":{"rendered":"<div class=\"wpb-content-wrapper\">[vc_row][vc_column][mk_padding_divider][vc_column_text css=&#8221;.vc_custom_1652135332412{margin-bottom: 0px !important;}&#8221;]\n<h2>2015 AWARDS WINNERS<\/h2>\n[\/vc_column_text][vc_separator color=&#8221;custom&#8221; accent_color=&#8221;#004eef&#8221;][\/vc_column][\/vc_row][vc_row][vc_column width=&#8221;1\/2&#8243;][mk_padding_divider size=&#8221;20&#8243;][vc_column_text margin_bottom=&#8221;0&#8243; css=&#8221;.vc_custom_1771543454468{margin-bottom: 0px !important;}&#8221;]\n<h3>CINEMA<\/h3>\n<p><strong>Audience Award<\/strong><\/p>\n<p><a href=\"http:\/\/www.theamericanfrenchfilmfestival.org\/blind-date\/\">BLIND DATE (Un Peu, beaucoup, aveuglement)<br \/>\n<\/a>Directed by: Clovis Cornillac<br \/>\nWritten by:\u00a0 Lilou Fogli, Clovis Cornillac, Tristan Schulmann, Mathieu Oullion<\/p>\n<p><strong>Audience Special Prize<\/strong><\/p>\n<p><a href=\"https:\/\/theamericanfrenchfilmfestival.org\/2022-winners\/2015-awards\/once-in-a-lifetime\/\">ONCE IN A LIFETIME (Les H\u00e9ritiers)<br \/>\n<\/a>Directed by: Marie-Castille Mention-Schaar<br \/>\nWritten by: Ahmed Drame, Marie-Castille Mention-Schaar<\/p>\n<p><strong>Audience Special Mention<\/strong><\/p>\n<p><a href=\"https:\/\/theamericanfrenchfilmfestival.org\/2022-winners\/2015-awards\/memories\/\">MEMORIES (Les Souvenirs)<br \/>\n<\/a>Directed by: Jean-Paul Rouve<br \/>\nWritten by : Jean-Paul Rouve, David Foenkinos<\/p>\n<p><strong>LAFCA Critics Award<\/strong><\/p>\n<p><a href=\"https:\/\/theamericanfrenchfilmfestival.org\/2022-winners\/2015-awards\/the-last-hammer-blow\/\">THE LAST HAMMER BLOW (Le Dernier coup de marteau)<br \/>\n<\/a>Directed by: Alix Delaporte<br \/>\nWritten by : Alix Delaporte<\/p>\n<p><strong>LAFCA Critics Special Prize<\/strong><\/p>\n<p><a href=\"https:\/\/theamericanfrenchfilmfestival.org\/2022-winners\/2015-awards\/once-in-a-lifetime\/\">ONCE IN A LIFETIME (Les H\u00e9ritiers)<br \/>\n<\/a>Directed by: Marie-Castille Mention-Schaar<br \/>\nWritten by: Ahmed Drame, Marie-Castille Mention-Schaar<\/p>\n<p><strong>LAFCA Critics Special Mention<\/strong><\/p>\n<p><a href=\"https:\/\/theamericanfrenchfilmfestival.org\/2022-winners\/2015-awards\/number-one-fan\/\">NUMBER ONE FAN (Elle l\u2019adore)<br \/>\n<\/a>Directed by: Jeanne Herry<br \/>\nWritten by: Ga\u00eblle Mac\u00e9, Jeanne Herry<\/p>\n<p><strong>First Feature Award<\/strong><\/p>\n<p><a href=\"https:\/\/theamericanfrenchfilmfestival.org\/2022-winners\/2015-awards\/sk1\/\">SK1 (L\u2019Affaire SK1)<br \/>\n<\/a>Directed by: Fr\u00e9d\u00e9ric Tellier<br \/>\nWritten by: Fr\u00e9d\u00e9ric Tellier, David Oelhoffen<\/p>\n<p><strong>Coming Soon Award<\/strong><\/p>\n<p><a href=\"https:\/\/theamericanfrenchfilmfestival.org\/2022-winners\/2015-awards\/samba\/\">SAMBA<br \/>\n<\/a>Directed by: Olivier Nakache, Eric Toledano<br \/>\nWritten by:\u00a0Olivier Nakache, Eric Toledano<\/p>\n<p><strong>Documentary Award<\/strong><\/p>\n<p><a href=\"https:\/\/theamericanfrenchfilmfestival.org\/2022-winners\/2015-awards\/steak-r-evolution\/\">STEAK (R)EVOLUTION<br \/>\n<\/a>Directed by: Franck Ribi\u00e8re<br \/>\nWritten by: Franck Ribi\u00e8re, V\u00e9rane Fr\u00e9diani<\/p>\n<h3>TELEVISION<\/h3>\n<p><strong>TV Movie Award<\/strong><\/p>\n<p><a href=\"https:\/\/theamericanfrenchfilmfestival.org\/2022-winners\/2015-awards\/danbe\/\">DANBE (Danb\u00e9, la t\u00eate haute)<br \/>\n<\/a>Directed by: Bourlem Guerdjou<br \/>\nWritten by: Pierre Linhart, Bourlem Guerdjou<\/p>\n<p><strong>TV Series Award<\/strong><\/p>\n<p><a href=\"https:\/\/theamericanfrenchfilmfestival.org\/2022-winners\/2015-awards\/spiral\/\">SPIRAL (Engrenages) \u2013 Season 5<br \/>\n<\/a>Directed by: Fr\u00e9d\u00e9ric Jardin<br \/>\nWritten by\u00a0: Anne Landois, Simon Jablonka[\/vc_column_text][\/vc_column][vc_column width=&#8221;1\/2&#8243;][mk_padding_divider size=&#8221;20&#8243;][vc_column_text css=&#8221;.vc_custom_1652135351350{margin-bottom: 0px !important;}&#8221;]\n<h3>SHORT FILMS<\/h3>\n<p><strong>Short Film Jury Award<\/strong><\/p>\n<p>GROUNDED (Au Sol)<strong><br \/>\n<\/strong>Written and directed by: Alexis Michalik<br \/>\n<strong>Drama\/2014\/18\u201955<\/strong>\u00a0\u2022 DCP \u2022 1.77 \u2022 Dolby SR<br \/>\n<strong>Written and directed by<\/strong>: Alexis Michalik<br \/>\n<strong>Produced by<\/strong>: Mon Voisin Productions, Fulldawa Films<br \/>\n<a href=\"http:\/\/Fulldawa.com\">Fulldawa.com<\/a><br \/>\nOn her way to her mother\u2019s funeral, a woman is blocked at the airport, as she cannot find her baby\u2019s papers\u2026 (Presented with LA CHIENNE)<\/p>\n<p><strong>Jury Special Prize<\/strong><\/p>\n<p>CHAUD LAPIN<br \/>\n<strong>Animation\/2014\/5\u201924\u2019<\/strong>\u00a0\u2022 DCP \u2022 16\/9 \u2022 Dolby 5.1<br \/>\n<strong>Written &amp; directed by<\/strong>: Alexis Magaud, Soline B\u00e9juy Ma\u00ebl Berreur, G\u00e9raldine Gaston, Flora Andrivon.<br \/>\n<strong>Produced by<\/strong>: MOPA \u2013 L\u2019Ecole de la 3D<br \/>\n<a href=\"http:\/\/Ecole-mopa.fr\">Ecole-mopa.fr<\/a><br \/>\nThe apparently quiet life of a wild boar\/snake couple is disrupted by the intrusion of a rabbit (Presented with THE SEARCH)<\/p>\n<p><strong>Jury Short Film Special Mentions<\/strong><\/p>\n<p>MY SENSE OF MODESTY (O\u00f9 je mets ma pudeur?)<br \/>\n<strong>Drama\/2013\/20\u201930<\/strong>\u00a0\u2022 DCP \u2022 1.77 \u2022 Dolby 5.1<br \/>\n<strong>Written and directed by<\/strong>: S\u00e9bastien Bailly<br \/>\n<strong>Produced by<\/strong>: La Mer \u00e0 Boire Productions<br \/>\n<a href=\"http:\/\/Lamab-prod.fr\">Lamab-prod.fr<\/a><br \/>\nA student in Art History is going to have to remove her hijab for an oral exam (Presented with THE GATE)<\/p>\n<p>THE TESTICLE (Le Testicule)<br \/>\n<strong>Drama\/2015\/19\u2019<\/strong>\u00a0\u2022 DCP \u2022 1.85 \u2022 Dolby 5.1<br \/>\n<strong>Written and directed by<\/strong>: Emmanuel Poulain-Arnaud<br \/>\n<strong>Produced by<\/strong>: Fluxus Films<br \/>\nThirty-year-old Laurent gets dumped by his girlfriend and has to go back to his parents\u2019 home when he finds out he has testicular cancer.<br \/>\n(Presented with HYPPOCRATES, THE DAIRY OF A FRENCH DOCTOR<\/p>\n<p><strong>Short Film Audience Award<\/strong><\/p>\n<p>GROUNDED (Au Sol)<br \/>\nWritten and directed by: Alexis Michalik<br \/>\n<strong>Drama\/2014\/18\u201955<\/strong>\u00a0\u2022 DCP \u2022 1.77 \u2022 Dolby SR<br \/>\n<strong>Written and directed by<\/strong>: Alexis Michalik<br \/>\n<strong>Produced by<\/strong>: Mon Voisin Productions, Fulldawa Films<br \/>\n<a href=\"http:\/\/Fulldawa.com\">Fulldawa.com<\/a><br \/>\nOn her way to her mother\u2019s funeral, a woman is blocked at the airport, as she cannot find her baby\u2019s papers\u2026 (Presented with LA CHIENNE)<\/p>\n<p><strong>Audience Special Prize<\/strong><\/p>\n<p>SMART MONKEY<br \/>\n<strong>Animation\/2014\/17\u201954<\/strong>\u00a0\u2022 DCP \u2022 1.33 \u2022 Dolby 5.1<br \/>\n<strong>Written and directed by<\/strong>: Nicolas Pawlowski, Winshluss<br \/>\n<strong>Produced by<\/strong>: Je Suis Bien Content<br \/>\n<a href=\"http:\/\/www.jsbc.fr\/\">jsbc.fr<br \/>\n<\/a>In the Paleolithic jungle, a monkey faces dangerous predators. An epilogue reminds us that civilization was not founded on good feelings (Presented with BLIND DATE)<\/p>\n<p><strong>Audience Special Mention<\/strong><\/p>\n<p>WHO\u2019S UP? (Qui de nous deux?)<br \/>\n<strong>Comedy\/2015\/9\u201955<\/strong>\u00a0\u2022 DCP \u2022 2.39 \u2022 Dolby 5.1<br \/>\n<strong>Written and directed<\/strong>\u00a0<strong>by<\/strong>: Benjamin Bouhana<br \/>\n<strong>Produced by<\/strong>: Ten Films<br \/>\nDating the future woman of your life is an exciting experience, but only if it doesn\u2019t cost you a lot. (Presented with CAPRICE)[\/vc_column_text][\/vc_column][\/vc_row][vc_row][vc_column][vc_separator color=&#8221;custom&#8221; accent_color=&#8221;#004eef&#8221;][\/vc_column][\/vc_row]\n<\/div>","protected":false},"excerpt":{"rendered":"<p>[vc_row][vc_column][mk_padding_divider][vc_column_text css=&#8221;.vc_custom_1652135332412{margin-bottom: 0px !important;}&#8221;] 2015 AWARDS WINNERS [\/vc_column_text][vc_separator color=&#8221;custom&#8221; accent_color=&#8221;#004eef&#8221;][\/vc_column][\/vc_row][vc_row][vc_column width=&#8221;1\/2&#8243;][mk_padding_divider size=&#8221;20&#8243;][vc_column_text margin_bottom=&#8221;0&#8243; css=&#8221;.vc_custom_1771543454468{margin-bottom: 0px !important;}&#8221;] CINEMA Audience Award BLIND DATE (Un Peu, beaucoup, aveuglement) Directed by: Clovis Cornillac Written by:\u00a0 Lilou Fogli, Clovis Cornillac, Tristan Schulmann, Mathieu Oullion Audience Special Prize ONCE IN A LIFETIME (Les H\u00e9ritiers) Directed by: Marie-Castille Mention-Schaar Written by: Ahmed [&hellip;]<\/p>\n","protected":false},"author":4,"featured_media":0,"parent":635,"menu_order":0,"comment_status":"closed","ping_status":"closed","template":"","meta":{"footnotes":""},"class_list":["post-660","page","type-page","status-publish","hentry"],"_links":{"self":[{"href":"https:\/\/theamericanfrenchfilmfestival.org\/wp-json\/wp\/v2\/pages\/660","targetHints":{"allow":["GET"]}}],"collection":[{"href":"https:\/\/theamericanfrenchfilmfestival.org\/wp-json\/wp\/v2\/pages"}],"about":[{"href":"https:\/\/theamericanfrenchfilmfestival.org\/wp-json\/wp\/v2\/types\/page"}],"author":[{"embeddable":true,"href":"https:\/\/theamericanfrenchfilmfestival.org\/wp-json\/wp\/v2\/users\/4"}],"replies":[{"embeddable":true,"href":"https:\/\/theamericanfrenchfilmfestival.org\/wp-json\/wp\/v2\/comments?post=660"}],"version-history":[{"count":22,"href":"https:\/\/theamericanfrenchfilmfestival.org\/wp-json\/wp\/v2\/pages\/660\/revisions"}],"predecessor-version":[{"id":26342,"href":"https:\/\/theamericanfrenchfilmfestival.org\/wp-json\/wp\/v2\/pages\/660\/revisions\/26342"}],"up":[{"embeddable":true,"href":"https:\/\/theamericanfrenchfilmfestival.org\/wp-json\/wp\/v2\/pages\/635"}],"wp:attachment":[{"href":"https:\/\/theamericanfrenchfilmfestival.org\/wp-json\/wp\/v2\/media?parent=660"}],"curies":[{"name":"wp","href":"https:\/\/api.w.org\/{rel}","templated":true}]}}