{"id":635,"date":"2018-01-24T04:31:38","date_gmt":"2018-01-24T04:31:38","guid":{"rendered":"http:\/\/dev.theamericanfrenchfilmfestival.org\/?page_id=635"},"modified":"2024-11-05T20:52:15","modified_gmt":"2024-11-05T20:52:15","slug":"2022-winners","status":"publish","type":"page","link":"https:\/\/theamericanfrenchfilmfestival.org\/2022-winners\/","title":{"rendered":"2022 WINNERS"},"content":{"rendered":"<div class=\"wpb-content-wrapper\">[vc_row][vc_column][mk_padding_divider][vc_column_text css=&#8221;.vc_custom_1667259656378{margin-bottom: 0px !important;}&#8221;]\n<h2>2022 FESTIVAL AWARDS, HOLLYWOOD&#8217;S FAVORITE FRENCH FILMS &amp; SERIES<\/h2>\n[\/vc_column_text][vc_separator color=&#8221;custom&#8221; accent_color=&#8221;#d41953&#8243; css=&#8221;.vc_custom_1667671174702{margin-bottom: 10px !important;}&#8221;][vc_column_text css=&#8221;.vc_custom_1667670368145{margin-bottom: 0px !important;}&#8221;]\n<style type=\"text\/css\">\n#foogallery-gallery-13195 .fg-image { width: 180px; }\n#foogallery-gallery-13195 { --fg-gutter: 10px; }<\/style>\n\t\t\t<div class=\"foogallery foogallery-container foogallery-default foogallery-lightbox-foobox fg-center fg-m-col1 fg-default fg-ready fg-light fg-border-thin fg-shadow-outline fg-loading-default fg-loaded-fade-in fg-caption-hover fg-hover-fade fg-hover-zoom\" id=\"foogallery-gallery-13195\" data-foogallery=\"{&quot;item&quot;:{&quot;showCaptionTitle&quot;:true,&quot;showCaptionDescription&quot;:true},&quot;lazy&quot;:true}\" style=\"--fg-title-line-clamp: 0; --fg-description-line-clamp: 0;\" >\n\t<div class=\"fg-item fg-type-iframe fg-idle\"><figure class=\"fg-item-inner\"><a href=\"https:\/\/theamericanfrenchfilmfestival.org\/alice-guy-the-first-female-filmmaker\/\" target=\"_blank\" data-attachment-id=\"13197\" data-type=\"iframe\" class=\"fg-thumb\"><span class=\"fg-image-wrap\"><img decoding=\"async\" width=\"180\" height=\"180\" class=\"skip-lazy fg-image\" data-src-fg=\"https:\/\/theamericanfrenchfilmfestival.org\/wp-content\/uploads\/2022\/11\/tile-alice-guy.jpeg\" src=\"data:image\/svg+xml,%3Csvg%20xmlns%3D%22http%3A%2F%2Fwww.w3.org%2F2000%2Fsvg%22%20width%3D%22180%22%20height%3D%22180%22%20viewBox%3D%220%200%20180%20180%22%3E%3C%2Fsvg%3E\" loading=\"eager\"><\/span><span class=\"fg-image-overlay\"><\/span><\/a><\/figure><div class=\"fg-loader\"><\/div><\/div><div class=\"fg-item fg-type-iframe fg-idle\"><figure class=\"fg-item-inner\"><a href=\"https:\/\/theamericanfrenchfilmfestival.org\/short-films-2022\/\" target=\"_blank\" data-attachment-id=\"13198\" data-type=\"iframe\" class=\"fg-thumb\"><span class=\"fg-image-wrap\"><img decoding=\"async\" width=\"180\" height=\"180\" class=\"skip-lazy fg-image\" data-src-fg=\"https:\/\/theamericanfrenchfilmfestival.org\/wp-content\/uploads\/2022\/11\/tile-fairplay.jpeg\" src=\"data:image\/svg+xml,%3Csvg%20xmlns%3D%22http%3A%2F%2Fwww.w3.org%2F2000%2Fsvg%22%20width%3D%22180%22%20height%3D%22180%22%20viewBox%3D%220%200%20180%20180%22%3E%3C%2Fsvg%3E\" loading=\"eager\"><\/span><span class=\"fg-image-overlay\"><\/span><\/a><\/figure><div class=\"fg-loader\"><\/div><\/div><div class=\"fg-item fg-type-iframe fg-idle\"><figure class=\"fg-item-inner\"><a href=\"https:\/\/theamericanfrenchfilmfestival.org\/full-time\/\" target=\"_blank\" data-attachment-id=\"13199\" data-type=\"iframe\" class=\"fg-thumb\"><span class=\"fg-image-wrap\"><img decoding=\"async\" width=\"180\" height=\"180\" class=\"skip-lazy fg-image\" data-src-fg=\"https:\/\/theamericanfrenchfilmfestival.org\/wp-content\/uploads\/2022\/11\/tile-full-time.jpeg\" src=\"data:image\/svg+xml,%3Csvg%20xmlns%3D%22http%3A%2F%2Fwww.w3.org%2F2000%2Fsvg%22%20width%3D%22180%22%20height%3D%22180%22%20viewBox%3D%220%200%20180%20180%22%3E%3C%2Fsvg%3E\" loading=\"eager\"><\/span><span class=\"fg-image-overlay\"><\/span><\/a><\/figure><div class=\"fg-loader\"><\/div><\/div><div class=\"fg-item fg-type-iframe fg-idle\"><figure class=\"fg-item-inner\"><a href=\"https:\/\/theamericanfrenchfilmfestival.org\/rise\/\" data-attachment-id=\"13200\" data-type=\"iframe\" class=\"fg-thumb\"><span class=\"fg-image-wrap\"><img decoding=\"async\" width=\"180\" height=\"180\" class=\"skip-lazy fg-image\" data-src-fg=\"https:\/\/theamericanfrenchfilmfestival.org\/wp-content\/uploads\/2022\/11\/tile-rise.jpeg\" src=\"data:image\/svg+xml,%3Csvg%20xmlns%3D%22http%3A%2F%2Fwww.w3.org%2F2000%2Fsvg%22%20width%3D%22180%22%20height%3D%22180%22%20viewBox%3D%220%200%20180%20180%22%3E%3C%2Fsvg%3E\" loading=\"eager\"><\/span><span class=\"fg-image-overlay\"><\/span><\/a><\/figure><div class=\"fg-loader\"><\/div><\/div><div class=\"fg-item fg-type-iframe fg-idle\"><figure class=\"fg-item-inner\"><a href=\"https:\/\/theamericanfrenchfilmfestival.org\/soldiers\/\" data-attachment-id=\"13201\" data-type=\"iframe\" class=\"fg-thumb\"><span class=\"fg-image-wrap\"><img decoding=\"async\" width=\"180\" height=\"180\" class=\"skip-lazy fg-image\" data-src-fg=\"https:\/\/theamericanfrenchfilmfestival.org\/wp-content\/uploads\/2022\/11\/tile-soldiers.jpeg\" src=\"data:image\/svg+xml,%3Csvg%20xmlns%3D%22http%3A%2F%2Fwww.w3.org%2F2000%2Fsvg%22%20width%3D%22180%22%20height%3D%22180%22%20viewBox%3D%220%200%20180%20180%22%3E%3C%2Fsvg%3E\" loading=\"eager\"><\/span><span class=\"fg-image-overlay\"><\/span><\/a><\/figure><div class=\"fg-loader\"><\/div><\/div><div class=\"fg-item fg-type-iframe fg-idle\"><figure class=\"fg-item-inner\"><a href=\"https:\/\/theamericanfrenchfilmfestival.org\/the-worst-ones\/\" target=\"_blank\" data-attachment-id=\"13202\" data-type=\"iframe\" class=\"fg-thumb\"><span class=\"fg-image-wrap\"><img decoding=\"async\" width=\"180\" height=\"180\" class=\"skip-lazy fg-image\" data-src-fg=\"https:\/\/theamericanfrenchfilmfestival.org\/wp-content\/uploads\/2022\/11\/tile-the-worst-ones.jpeg\" src=\"data:image\/svg+xml,%3Csvg%20xmlns%3D%22http%3A%2F%2Fwww.w3.org%2F2000%2Fsvg%22%20width%3D%22180%22%20height%3D%22180%22%20viewBox%3D%220%200%20180%20180%22%3E%3C%2Fsvg%3E\" loading=\"eager\"><\/span><span class=\"fg-image-overlay\"><\/span><\/a><\/figure><div class=\"fg-loader\"><\/div><\/div><div class=\"fg-item fg-type-iframe fg-idle\"><figure class=\"fg-item-inner\"><a href=\"https:\/\/theamericanfrenchfilmfestival.org\/whats-wrong-with-my-family\/\" data-attachment-id=\"13203\" data-type=\"iframe\" class=\"fg-thumb\"><span class=\"fg-image-wrap\"><img decoding=\"async\" width=\"180\" height=\"180\" class=\"skip-lazy fg-image\" data-src-fg=\"https:\/\/theamericanfrenchfilmfestival.org\/wp-content\/uploads\/2022\/11\/tile-whats-wrong-with-my-family.jpeg\" src=\"data:image\/svg+xml,%3Csvg%20xmlns%3D%22http%3A%2F%2Fwww.w3.org%2F2000%2Fsvg%22%20width%3D%22180%22%20height%3D%22180%22%20viewBox%3D%220%200%20180%20180%22%3E%3C%2Fsvg%3E\" loading=\"eager\"><\/span><span class=\"fg-image-overlay\"><\/span><\/a><\/figure><div class=\"fg-loader\"><\/div><\/div><div class=\"fg-item fg-type-iframe fg-idle\"><figure class=\"fg-item-inner\"><a href=\"https:\/\/theamericanfrenchfilmfestival.org\/short-films-2022\/\" target=\"_blank\" data-attachment-id=\"13204\" data-type=\"iframe\" class=\"fg-thumb\"><span class=\"fg-image-wrap\"><img decoding=\"async\" width=\"180\" height=\"180\" class=\"skip-lazy fg-image\" data-src-fg=\"https:\/\/theamericanfrenchfilmfestival.org\/wp-content\/uploads\/2022\/11\/tile-women-of-vertue.jpeg\" src=\"data:image\/svg+xml,%3Csvg%20xmlns%3D%22http%3A%2F%2Fwww.w3.org%2F2000%2Fsvg%22%20width%3D%22180%22%20height%3D%22180%22%20viewBox%3D%220%200%20180%20180%22%3E%3C%2Fsvg%3E\" loading=\"eager\"><\/span><span class=\"fg-image-overlay\"><\/span><\/a><\/figure><div class=\"fg-loader\"><\/div><\/div><div class=\"fg-item fg-type-iframe fg-idle\"><figure class=\"fg-item-inner\"><a href=\"https:\/\/theamericanfrenchfilmfestival.org\/diary-of-a-fleeting-affair\/\" target=\"_blank\" data-attachment-id=\"13205\" data-type=\"iframe\" class=\"fg-thumb\"><span class=\"fg-image-wrap\"><img decoding=\"async\" width=\"180\" height=\"180\" class=\"skip-lazy fg-image\" data-src-fg=\"https:\/\/theamericanfrenchfilmfestival.org\/wp-content\/uploads\/2022\/11\/title-diary.jpeg\" src=\"data:image\/svg+xml,%3Csvg%20xmlns%3D%22http%3A%2F%2Fwww.w3.org%2F2000%2Fsvg%22%20width%3D%22180%22%20height%3D%22180%22%20viewBox%3D%220%200%20180%20180%22%3E%3C%2Fsvg%3E\" loading=\"eager\"><\/span><span class=\"fg-image-overlay\"><\/span><\/a><\/figure><div class=\"fg-loader\"><\/div><\/div><\/div>\n\n[\/vc_column_text][mk_padding_divider size=&#8221;10&#8243;][vc_separator color=&#8221;custom&#8221; accent_color=&#8221;#d41953&#8243;][\/vc_column][\/vc_row][vc_row][vc_column width=&#8221;1\/3&#8243;][vc_column_text css=&#8221;.vc_custom_1667419668991{margin-bottom: 0px !important;}&#8221;]\n<h3>CINEMA<\/h3>\n<p><strong>Audience Award:<\/strong><\/p>\n<p><a href=\"https:\/\/theamericanfrenchfilmfestival.org\/full-time\/\" target=\"_blank\" rel=\"noopener\">FULL TIME<\/a> \u2013 Written and Directed by \u00c9ric Gravel. US distributor: Music Box Films<\/p>\n<p><strong>Critics Award:<\/strong><br \/>\n<a href=\"https:\/\/theamericanfrenchfilmfestival.org\/diary-of-a-fleeting-affair\/\" target=\"_blank\" rel=\"noopener\">DIARY OF A FLEETING AFFAIR<\/a> \u2013 Written by Emmanuel Mouret and Pierre Giraud, Directed by Emmanuel Mouret.<\/p>\n<p><strong>American Students Award:<\/strong><\/p>\n<p><a href=\"https:\/\/theamericanfrenchfilmfestival.org\/rise\/\" target=\"_blank\" rel=\"noopener\">RISE<\/a> &#8211; Written by C\u00e9dric Klapisch and Santiago Amigorena, Directed by C\u00e9dric Klapisch. US Distributor: Blue Fox Entertainment<\/p>\n<p><strong>Best First Feature Award:<\/strong><\/p>\n<p><a href=\"https:\/\/theamericanfrenchfilmfestival.org\/the-worst-ones\/\" target=\"_blank\" rel=\"noopener\">THE WORST ONES<\/a> &#8211; \u00a0Written by Lise Akoka, Romane Gueret and \u00c9l\u00e9onore Gurrey, Directed by Lise Akoka and Romane Gueret. US Distributor: Kino Lorber[\/vc_column_text][\/vc_column][vc_column width=&#8221;1\/3&#8243; css=&#8221;.vc_custom_1667259068213{border-radius: 2px !important;}&#8221;][vc_column_text css=&#8221;.vc_custom_1667419714861{margin-bottom: 0px !important;}&#8221;]\n<h3>TELEVISION<\/h3>\n<p><strong>Best TV Movie Award:<\/strong><\/p>\n<p><a href=\"https:\/\/theamericanfrenchfilmfestival.org\/whats-wrong-with-my-family\/\" target=\"_blank\" rel=\"noopener\">WHAT\u2019S WRONG WITH MY FAMILY?<\/a> \u2013 Written by Marie Deshaires, Catherine Touzet and H\u00e9l\u00e8ne Angel, Directed by H\u00e9l\u00e8ne Angel<\/p>\n<p><strong>Best Series Award:<\/strong><\/p>\n<p><a href=\"https:\/\/theamericanfrenchfilmfestival.org\/soldiers\/\" target=\"_blank\" rel=\"noopener\">SOLDIERS<\/a> &#8211; Created and written by Thibaut Valetoux and Fr\u00e9d\u00e9ric Krivine, Directed by Jean-Philippe Amar<\/p>\n<h3>DOCUMENTARIES (CINEMA AND TELEVISION)<\/h3>\n<p><strong>Best Documentary Award:<\/strong><\/p>\n<p><a href=\"https:\/\/theamericanfrenchfilmfestival.org\/alice-guy-the-first-female-filmmaker\/\" target=\"_blank\" rel=\"noopener\">ALICE GUY, THE FIRST FEMALE FILMMAKER<\/a> &#8211; Written and Directed by Nathalie Masduraud and Val\u00e9rie Urrea<\/p>\n<h3>SHORT FILMS<\/h3>\n<p><strong>Audience Short Film Award:<\/strong><\/p>\n<p><a href=\"https:\/\/theamericanfrenchfilmfestival.org\/short-films-2022\/\" target=\"_blank\" rel=\"noopener\">WOMEN OF VERTUE<\/a> &#8211; Written and Directed by St\u00e9phanie Halfon<\/p>\n<p><strong>Jury Short Film Award:<\/strong><\/p>\n<p><a href=\"https:\/\/theamericanfrenchfilmfestival.org\/short-films-2022\/\" target=\"_blank\" rel=\"noopener\">FAIRPLAY<\/a> \u2013 Written by Zoel Aeschbacher and Gania Latroche, Directed by Zoel Aeschbacher[\/vc_column_text][\/vc_column][vc_column border_color=&#8221;#660084&#8243; width=&#8221;1\/3&#8243; css=&#8221;.vc_custom_1667259103613{background-color: rgba(102,0,132,0.12) !important;*background-color: rgb(102,0,132) !important;}&#8221;][mk_content_box heading=&#8221;2022 Awards Jurys&#8221;][vc_column_text css=&#8221;.vc_custom_1667258016190{margin-bottom: 0px !important;}&#8221;]<strong>Short Films Jury <\/strong><br \/>\nMaria Burton &#8211; DGA member<br \/>\nSandrine Faucher. USC Films School &#8211; Senior Director Talent Development, Festivals &amp; Distribution<br \/>\nMatt Rosen &#8211; Manager, Rain LA<br \/>\nMonique Sorgen &#8211; WGA Member<br \/>\nSeverine Tibi &#8211; Producer &#8211; Sons of Rigor<\/p>\n<p><strong>American Students Jury <\/strong><br \/>\nLilian Fromkin &#8211; Sierra Canyon School<br \/>\nAiden Gillenwater &#8211; Crespi High School<br \/>\nChris Payne &#8211; Whittier College<br \/>\nNatalia Riesgo &#8211; Pierce College<br \/>\nPayton Schetter &#8211; Viewpoint School<\/p>\n<p><strong>Los Angeles Film Critics Association -LAFCA- Critics Jury <\/strong><br \/>\nNicholas Bell<br \/>\nDavid Ehrenstein<br \/>\nLael Loewenstein<br \/>\nRyan Swen[\/vc_column_text][\/mk_content_box][\/vc_column][\/vc_row][vc_column][\/vc_column]\n<\/div>","protected":false},"excerpt":{"rendered":"<p>[vc_row][vc_column][mk_padding_divider][vc_column_text css=&#8221;.vc_custom_1667259656378{margin-bottom: 0px !important;}&#8221;] 2022 FESTIVAL AWARDS, HOLLYWOOD&#8217;S FAVORITE FRENCH FILMS &amp; SERIES [\/vc_column_text][vc_separator color=&#8221;custom&#8221; accent_color=&#8221;#d41953&#8243; css=&#8221;.vc_custom_1667671174702{margin-bottom: 10px !important;}&#8221;][vc_column_text css=&#8221;.vc_custom_1667670368145{margin-bottom: 0px !important;}&#8221;] [\/vc_column_text][mk_padding_divider size=&#8221;10&#8243;][vc_separator color=&#8221;custom&#8221; accent_color=&#8221;#d41953&#8243;][\/vc_column][\/vc_row][vc_row][vc_column width=&#8221;1\/3&#8243;][vc_column_text css=&#8221;.vc_custom_1667419668991{margin-bottom: 0px !important;}&#8221;] CINEMA Audience Award: FULL TIME \u2013 Written and Directed by \u00c9ric Gravel. US distributor: Music Box Films Critics Award: DIARY OF A FLEETING AFFAIR \u2013 [&hellip;]<\/p>\n","protected":false},"author":4,"featured_media":0,"parent":0,"menu_order":0,"comment_status":"closed","ping_status":"closed","template":"","meta":{"footnotes":""},"class_list":["post-635","page","type-page","status-publish","hentry"],"_links":{"self":[{"href":"https:\/\/theamericanfrenchfilmfestival.org\/wp-json\/wp\/v2\/pages\/635","targetHints":{"allow":["GET"]}}],"collection":[{"href":"https:\/\/theamericanfrenchfilmfestival.org\/wp-json\/wp\/v2\/pages"}],"about":[{"href":"https:\/\/theamericanfrenchfilmfestival.org\/wp-json\/wp\/v2\/types\/page"}],"author":[{"embeddable":true,"href":"https:\/\/theamericanfrenchfilmfestival.org\/wp-json\/wp\/v2\/users\/4"}],"replies":[{"embeddable":true,"href":"https:\/\/theamericanfrenchfilmfestival.org\/wp-json\/wp\/v2\/comments?post=635"}],"version-history":[{"count":38,"href":"https:\/\/theamericanfrenchfilmfestival.org\/wp-json\/wp\/v2\/pages\/635\/revisions"}],"predecessor-version":[{"id":19944,"href":"https:\/\/theamericanfrenchfilmfestival.org\/wp-json\/wp\/v2\/pages\/635\/revisions\/19944"}],"wp:attachment":[{"href":"https:\/\/theamericanfrenchfilmfestival.org\/wp-json\/wp\/v2\/media?parent=635"}],"curies":[{"name":"wp","href":"https:\/\/api.w.org\/{rel}","templated":true}]}}