{"id":5712,"date":"2019-09-30T01:09:06","date_gmt":"2019-09-30T01:09:06","guid":{"rendered":"https:\/\/theamericanfrenchfilmfestival.org\/?page_id=5712"},"modified":"2022-05-17T15:13:31","modified_gmt":"2022-05-17T15:13:31","slug":"2019-awards","status":"publish","type":"page","link":"https:\/\/theamericanfrenchfilmfestival.org\/2022-winners\/2019-awards\/","title":{"rendered":"2019 Awards"},"content":{"rendered":"<div class=\"wpb-content-wrapper\">[vc_row][vc_column][mk_padding_divider][vc_column_text css=&#8221;.vc_custom_1652134935821{margin-bottom: 0px !important;}&#8221;]\n<h2>2019 AWARDS WINNERS<\/h2>\n[\/vc_column_text][vc_separator color=&#8221;custom&#8221; accent_color=&#8221;#004eef&#8221;][vc_cta h2=&#8221;&#8221; h4=&#8221;PRESENTED IN ASSOCIATION WITH&#8221; color=&#8221;violet&#8221; css=&#8221;.vc_custom_1652800370438{background-color: #ffffff !important;}&#8221;]<img loading=\"lazy\" decoding=\"async\" class=\"alignleft wp-image-658 size-full\" src=\"https:\/\/theamericanfrenchfilmfestival.org\/wp-content\/uploads\/2018\/01\/lafca-130.jpg\" alt=\"\" width=\"130\" height=\"132\" \/><img loading=\"lazy\" decoding=\"async\" class=\"alignright wp-image-5729 size-full\" src=\"https:\/\/theamericanfrenchfilmfestival.org\/wp-content\/uploads\/2019\/09\/tritafilm-130-copy.jpg\" alt=\"\" width=\"168\" height=\"132\" \/>[\/vc_cta][vc_separator color=&#8221;custom&#8221; accent_color=&#8221;#004eef&#8221;][\/vc_column][\/vc_row][vc_row][vc_column width=&#8221;1\/2&#8243;][vc_column_text css=&#8221;.vc_custom_1652135008403{margin-bottom: 0px !important;}&#8221;]\n<h3>CINEMA<\/h3>\n<h5><strong>Audience Award<\/strong><u><\/u><\/h5>\n<p><a href=\"https:\/\/theamericanfrenchfilmfestival.org\/lost-my-body\/\">I LOST MY BODY (J&#8217;ai perdu mon corps)<\/a><strong><br \/>\nDirected by<\/strong>:\u00a0 J\u00e9r\u00e9my Clapin<br \/>\n<strong>Written by<\/strong>: J\u00e9r\u00e9my Clapin &amp; Guillaume Laurant<\/p>\n<h5><strong>Critics Award<\/strong><\/h5>\n<p>(In association with the Los Angeles Film Critics Association)<br \/>\n<a href=\"https:\/\/theamericanfrenchfilmfestival.org\/lost-my-body\/\">I LOST MY BODY (J&#8217;ai perdu mon corps)<\/a><strong><em><br \/>\n<\/em>Directed by<\/strong>:\u00a0 J\u00e9r\u00e9my Clapin<br \/>\n<strong>Written by<\/strong>: J\u00e9r\u00e9my Clapin &amp; Guillaume Laurant<\/p>\n<h5><strong>Best First Feature Award<\/strong><\/h5>\n<p><a href=\"https:\/\/theamericanfrenchfilmfestival.org\/les-miserables\/\">LES MISERABLES<\/a><strong><em><br \/>\n<\/em>Directed by<\/strong>: Ladj Ly<br \/>\n<strong>Written by<\/strong>: Ladj Ly &amp; Alexis Manenti<\/p>\n<h5><strong>American Students Award<\/strong><\/h5>\n<p><a href=\"https:\/\/theamericanfrenchfilmfestival.org\/cyrano-my-love\/\">CYRANO MY LOVE<\/a><strong><br \/>\nWritten &amp; Directed by<\/strong>: Alexis Michalik<br \/>\n<em>Based on his own play<\/em><\/p>\n<h5><strong>Best documentary Award<\/strong><\/h5>\n<p><a href=\"http:\/\/archive.colcoa.org\/colcoa\/2019\/cinema\/colcoa-cinema\/colcoa-documentaries\/forward\/index.html\">FORWARD (Demain est \u00e0 nous)<\/a><br \/>\n<strong>Directed by<\/strong>: Gilles de Maistre<br \/>\n<strong>Written by<\/strong>: Prune de Maistre[\/vc_column_text][\/vc_column][vc_column width=&#8221;1\/2&#8243;][vc_column_text css=&#8221;.vc_custom_1652134954235{margin-bottom: 0px !important;}&#8221;]\n<h3>TELEVISION<\/h3>\n<h5><strong>Best TV Movie Award<\/strong><\/h5>\n<p><a href=\"https:\/\/theamericanfrenchfilmfestival.org\/colcoa-television\/jacqueline-sauvage\/\">JACQUELINE SAUVAGE, IT WAS HIM OR ME (Jacqueline Sauvage, c&#8217;\u00e9tait lui ou moi)<\/a><br \/>\n<strong>Directed by<\/strong>: Yves Renier<br \/>\n<strong>Written by<\/strong>: Catherine Touzet, Marie Deshaires, Jean Faculete, Nagar Djavadi<\/p>\n<h5><strong>Best Series Award<\/strong><\/h5>\n<p><a href=\"https:\/\/theamericanfrenchfilmfestival.org\/colcoa-television\/the-inside-game\/\">THE INSIDE GAME (Jeux d&#8217;influence)<\/a><strong><br \/>\nDirected by<\/strong>: Jean-Xavier de Lestrade<br \/>\n<strong>Written by<\/strong>: Antoine Lacomblez, Jean-Xavier de Lestrade, Sophie Hiet, Pierre Linhart[\/vc_column_text][vc_column_text css=&#8221;.vc_custom_1652135019190{margin-bottom: 0px !important;}&#8221;]\n<h3>SHORTS<\/h3>\n<h5><strong>Best Short Film Award<\/strong><\/h5>\n<p><a href=\"https:\/\/archive.colcoa.org\/colcoa\/2019\/cinema\/colcoa-shorts\/index.html\">MY LADY OF THE CAMELLIA (Ma Dame au Camelia)<\/a><strong><br \/>\nWritten and directed by<\/strong>: Edouard Montoute<\/p>\n<h5><strong>Best Animation Short Award<\/strong><\/h5>\n<p><a href=\"https:\/\/archive.colcoa.org\/colcoa\/2019\/cinema\/colcoa-shorts\/index.html\">MEMORABLE<\/a><br \/>\n<strong>Written and directed by<\/strong>: Bruno Collet[\/vc_column_text][\/vc_column][\/vc_row][vc_row][vc_column][vc_separator color=&#8221;custom&#8221; accent_color=&#8221;#004eef&#8221;][\/vc_column][\/vc_row]\n<\/div>","protected":false},"excerpt":{"rendered":"<p>[vc_row][vc_column][mk_padding_divider][vc_column_text css=&#8221;.vc_custom_1652134935821{margin-bottom: 0px !important;}&#8221;] 2019 AWARDS WINNERS [\/vc_column_text][vc_separator color=&#8221;custom&#8221; accent_color=&#8221;#004eef&#8221;][vc_cta h2=&#8221;&#8221; h4=&#8221;PRESENTED IN ASSOCIATION WITH&#8221; color=&#8221;violet&#8221; css=&#8221;.vc_custom_1652800370438{background-color: #ffffff !important;}&#8221;][\/vc_cta][vc_separator color=&#8221;custom&#8221; accent_color=&#8221;#004eef&#8221;][\/vc_column][\/vc_row][vc_row][vc_column width=&#8221;1\/2&#8243;][vc_column_text css=&#8221;.vc_custom_1652135008403{margin-bottom: 0px !important;}&#8221;] CINEMA Audience Award I LOST MY BODY (J&#8217;ai perdu mon corps) Directed by:\u00a0 J\u00e9r\u00e9my Clapin Written by: J\u00e9r\u00e9my Clapin &amp; Guillaume Laurant Critics Award (In association with the Los Angeles [&hellip;]<\/p>\n","protected":false},"author":4,"featured_media":0,"parent":635,"menu_order":0,"comment_status":"closed","ping_status":"closed","template":"","meta":{"footnotes":""},"class_list":["post-5712","page","type-page","status-publish","hentry"],"_links":{"self":[{"href":"https:\/\/theamericanfrenchfilmfestival.org\/wp-json\/wp\/v2\/pages\/5712","targetHints":{"allow":["GET"]}}],"collection":[{"href":"https:\/\/theamericanfrenchfilmfestival.org\/wp-json\/wp\/v2\/pages"}],"about":[{"href":"https:\/\/theamericanfrenchfilmfestival.org\/wp-json\/wp\/v2\/types\/page"}],"author":[{"embeddable":true,"href":"https:\/\/theamericanfrenchfilmfestival.org\/wp-json\/wp\/v2\/users\/4"}],"replies":[{"embeddable":true,"href":"https:\/\/theamericanfrenchfilmfestival.org\/wp-json\/wp\/v2\/comments?post=5712"}],"version-history":[{"count":18,"href":"https:\/\/theamericanfrenchfilmfestival.org\/wp-json\/wp\/v2\/pages\/5712\/revisions"}],"predecessor-version":[{"id":5718,"href":"https:\/\/theamericanfrenchfilmfestival.org\/wp-json\/wp\/v2\/pages\/5712\/revisions\/5718"}],"up":[{"embeddable":true,"href":"https:\/\/theamericanfrenchfilmfestival.org\/wp-json\/wp\/v2\/pages\/635"}],"wp:attachment":[{"href":"https:\/\/theamericanfrenchfilmfestival.org\/wp-json\/wp\/v2\/media?parent=5712"}],"curies":[{"name":"wp","href":"https:\/\/api.w.org\/{rel}","templated":true}]}}