{"id":288,"date":"2018-01-20T21:42:16","date_gmt":"2018-01-20T21:42:16","guid":{"rendered":"http:\/\/dev.theamericanfrenchfilmfestival.org\/?page_id=288"},"modified":"2024-02-14T18:42:25","modified_gmt":"2024-02-14T18:42:25","slug":"archives-2021-index-html","status":"publish","type":"page","link":"https:\/\/theamericanfrenchfilmfestival.org\/about-us\/archives-2021-index-html\/","title":{"rendered":"2021 Colcoa Edition"},"content":{"rendered":"<div class=\"wpb-content-wrapper\">[vc_row][vc_column][mk_padding_divider size=&#8221;20&#8243;][vc_column_text css=&#8221;.vc_custom_1643134867800{margin-bottom: 0px !important;}&#8221;]\n<h2>2021 DELEGATION &amp; FILMS<\/h2>\n<p>Check out the <a href=\"https:\/\/archive.colcoa.org\/colcoa\/2021\/\" target=\"_blank\" rel=\"noopener\">2021 Edition website<\/a> for a detailed presentation of the program[\/vc_column_text][vc_separator color=&#8221;custom&#8221; accent_color=&#8221;#004eef&#8221;][vc_column_text css=&#8221;.vc_custom_1652818857764{margin-bottom: 0px !important;}&#8221;]\n<h4>DELEGATION<\/h4>\n[\/vc_column_text][\/vc_column][\/vc_row][vc_row][vc_column width=&#8221;1\/2&#8243;][vc_column_text css=&#8221;.vc_custom_1643151273682{margin-bottom: 0px !important;}&#8221;]Daphne Albert \u2013 Actor<br \/>\nLisa Azuelos \u2013 Writer, Director<br \/>\nMatt Bastard \u2013 Composer (Guest)<br \/>\nJacqueline Bisset &#8211; Actor<br \/>\nDamien Bonnard &#8211; Actor<br \/>\nAmine Bouhafa \u2013 Composer<br \/>\nLaure-Elizabeth Bourdaud \u2013 Writer (From Paris)<br \/>\nJR Bourne \u2013 Actor<br \/>\nVincent Ma\u00ebl Cardona \u2013 Writer, Director<br \/>\nJoe Dante \u2013 Director<br \/>\nJulie Delpy \u2013 Actor, Writer, Director, Producer<br \/>\nJennifer E. Gardner \u2013 Actor<br \/>\nNicole Garcia \u2013 Writer, Producer (From Paris)<br \/>\nOlivier Gauriat \u2013 Producer<br \/>\nJohanna Goldschmidt \u2013 Writer (From Paris)<br \/>\nTracy Gotoas \u2013 Actor<br \/>\nYann Gozlan \u2013 Writer, Director<br \/>\nElie Grappe \u2013 Writer, Director<br \/>\nSamir Guesmi \u2013 Actor, Writer, Director<br \/>\nTaylor Hackford \u2013 Director<br \/>\nChloe Hollings &#8211; Actor<br \/>\nPatrick Imbert \u2013 Writer, Director[\/vc_column_text][\/vc_column][vc_column width=&#8221;1\/2&#8243;][vc_column_text css=&#8221;.vc_custom_1643151331555{margin-bottom: 0px !important;}&#8221;]Jimmy Jean-Louis \u2013 Actor (Guest)<br \/>\nAja Naomi King &#8211;\u00a0 Actor (Guest)<br \/>\nAlexia Landeau \u2013 Actor<br \/>\nNolwenn Lemesle &#8211; Director<br \/>\nFanny Liatard \u2013 Writer, Director<br \/>\nRichard Lorber &#8211;\u00a0 Distributor<br \/>\nMichael Mann &#8211; Writer, Director<br \/>\nPhilippe Martin &#8211; Producer<br \/>\nNicolas Maury \u2013 Actor, Writer, Director<br \/>\nRaphael Perchet &#8211; Producer<br \/>\nTania Raymonde &#8211; Actor<br \/>\nHoward A. Rodman \u2013 Writer<br \/>\nKarim Saleh &#8211; Actor<br \/>\nFrancois Scippa-Kohn \u2013 distributor<br \/>\nTimm Sharp &#8211; Actor<br \/>\nDhruv Uday Singh \u2013 Actor<br \/>\nCarine Tardieu \u2013 Writer, Director (From Paris)<br \/>\nAaron Thomas \u2013 Writer<br \/>\nJ\u00e9r\u00e9my Trouilh \u2013 Writer, Director<br \/>\nFrancis Veber \u2013 Writer, Director<br \/>\nEmily Wagner \u2013 Actor<br \/>\nKyle Westphal &#8211; Distributor[\/vc_column_text][\/vc_column][\/vc_row][vc_row][vc_column][vc_separator color=&#8221;custom&#8221; accent_color=&#8221;#d41953&#8243;][vc_column_text css=&#8221;.vc_custom_1652818895002{margin-bottom: 0px !important;}&#8221;]\n<h4><span style=\"color: #b41e34;\">FILMS AND SERIES<\/span><\/h4>\n[\/vc_column_text][\/vc_column][\/vc_row][vc_row][vc_column width=&#8221;1\/2&#8243;][vc_column_text css=&#8221;.vc_custom_1652203532575{margin-bottom: 0px !important;}&#8221;]<strong>CINEMA<\/strong><\/p>\n<p><strong>ABOVE WATER<\/strong> (Marcher sur l\u2019eau)<br \/>\n<strong>Directed by:<\/strong>\u00a0A\u00efssa Ma\u00efga<br \/>\n<strong>Written by:<\/strong> A\u00efssa Ma\u00efga, Ariane Kirtley<br \/>\n<strong>North American Premiere<\/strong><\/p>\n<p><strong>A TALE OF LOVE AND DESIRE<\/strong> (Une histoire d\u2019amour et de d\u00e9sir)<br \/>\n<strong>Directed by:<\/strong> Leyla Bouzid<br \/>\n<strong>Written by:<\/strong>\u00a0Leyla Bouzid<br \/>\n<strong>West Coast Premiere<\/strong><\/p>\n<p><strong>ANOTHER WORLD<\/strong> (Un autre monde)<br \/>\n<strong>Directed by:<\/strong> St\u00e9phane Briz\u00e9<br \/>\n<strong>Written by:<\/strong> St\u00e9phane Briz\u00e9, Olivier Gorce<br \/>\n<strong>North American Premiere<\/strong><\/p>\n<p><strong>AUTHENTIK<\/strong> (Supr\u00eame)<br \/>\n<strong>Directed by:<\/strong>\u00a0Audrey Estrougo<br \/>\n<strong>Written by:<\/strong> Audrey Estrougo,\u00a0Marcia Romano, JoeyStarr, Kool Shen, DJ S<br \/>\n<strong>International\u00a0 Premiere<\/strong><\/p>\n<p><strong>BETWEEN TWO WORLDS<\/strong> (Ouistreham)<br \/>\nOpening Film<br \/>\n<strong>Directed by:<\/strong>\u00a0Emmanuel Carr\u00e8re<br \/>\n<strong>Written by:<\/strong>\u00a0Emmanuel Carr\u00e8re,\u00a0H\u00e9l\u00e8ne Devynck<br \/>\n<strong>Based on a Novel by:<\/strong> Florence Aubenas<br \/>\n<strong>North American Premiere<\/strong><\/p>\n<p><strong>BIRDS OF AMERICA<\/strong><br \/>\n<strong>Directed by:\u00a0<\/strong>Jacques L\u0153uille<br \/>\n<strong>Written by:\u00a0<\/strong>Jacques L\u0153uille<br \/>\n<strong>North American Premiere<\/strong><\/p>\n<p><strong>BLACK BOX<\/strong> (Bo\u00eete Noire)<br \/>\n<strong>Directed by:<\/strong>\u00a0Yann Gozlan,<br \/>\n<strong>Written by:<\/strong> Yann Gozlan, Nicolas Bouvet, J\u00e9r\u00e9mie Guez, Simon Moutairou<br \/>\n<strong>North American Premiere<\/strong><\/p>\n<p><strong>BLOODY ORANGES<\/strong> (Oranges Sanguines)<br \/>\n<strong>Directed by:<\/strong> Jean-Christophe Meurisse<br \/>\n<strong>Written by:<\/strong> Jean-Christophe Meurisse, Am\u00e9lie Philippe, Yohann Gloaguen<br \/>\n<strong>West Coast Premiere<\/strong><\/p>\n<p><strong>BYE BYE MORONS<\/strong> (Adieu les cons)<br \/>\n<strong>Directed by:<\/strong> Albert Dupontel<br \/>\n<strong>Written by<\/strong>: Albert Dupontel, Marcia Romano, Xavier Nemo<br \/>\n<strong>Los Angeles Premiere<\/strong><\/p>\n<p><strong>CAPTAIN CONAN<\/strong> (Capitaine Conan)<br \/>\n<strong>Directed by:<\/strong>\u00a0Bertrand Tavernier<br \/>\n<strong>Written by:<\/strong> Bertrand Tavernier, Jean Cosmos<br \/>\n<strong>Special Screening \u2013 Tribute to Bertrand Tavernier<\/strong><\/p>\n<p><strong>EIFFEL\u00a0<\/strong><br \/>\n<strong>Directed by:\u00a0<\/strong>Martin Bourboulon<br \/>\n<strong>Written by:<\/strong>\u00a0Caroline Bongrand, Thomas Bidegain, Martin Bourboulon, Natalie Carter, Martin Brossolet<br \/>\n<strong>North American Premiere<\/strong><\/p>\n<p><strong>FRANCE\u00a0<\/strong><br \/>\n<strong>Directed by:<\/strong> Bruno Dumont<br \/>\n<strong>Written by:<\/strong> Bruno Dumont<br \/>\n<strong>West Coast Premiere<\/strong><\/p>\n<p><strong>FRENCH TECH<\/strong> (Les 2 Alfred)<br \/>\n<strong>Directed by:<\/strong>\u00a0Bruno Podalyd\u00e8s<br \/>\n<strong>Written by:<\/strong> Bruno Podalyd\u00e8s, Denis Podalyd\u00e8s<br \/>\n<strong>North American Premiere<\/strong><\/p>\n<p><strong>FROM WHERE THEY STOOD<\/strong> (A Pas aveugles)<br \/>\n<strong>Directed by:<\/strong>\u00a0Christophe Cognet<br \/>\n<strong>Written by:<\/strong>\u00a0Christophe Cognet<br \/>\n<strong>North American Premiere<\/strong><\/p>\n<p><strong>GAGARINE<\/strong><br \/>\n<strong>Directed by:<\/strong>\u00a0Fanny Liatard,\u00a0J\u00e9r\u00e9my Trouilh<br \/>\n<strong>Written by:<\/strong> Fanny Liatard,\u00a0J\u00e9r\u00e9my Trouilh, Benjamin Charbit<br \/>\n<strong>West Coast Premiere<\/strong><\/p>\n<p><strong>GALLANT INDIES<\/strong> (Indes galantes)<br \/>\n<strong>Directed by:<\/strong>\u00a0Philippe B\u00e9ziat<br \/>\n<strong>Written by:<\/strong>\u00a0Philippe B\u00e9ziat<br \/>\n<strong>North American Premiere<\/strong><\/p>\n<p><strong>GANG OF FOUR<\/strong> (La Bande des quatre)<br \/>\n<strong>Directed by:<\/strong>\u00a0Jacques Rivette<br \/>\n<strong>Written by:<\/strong> Jacques Rivette, Pascal Bonitzer, Christine Laurent<br \/>\n<strong>International Premiere \u2013 Digitally Restored Version<\/strong><\/p>\n<p><strong>IBRAHIM<\/strong><br \/>\n<strong>Directed by:<\/strong> Samir Guesmi<br \/>\n<strong>Written by:<\/strong> Samir Guesmi, Camille Lugan, Sylvie Verheyde<br \/>\n<strong>West Coast Premiere<\/strong><\/p>\n<p><strong>JANE BY CHARLOTTE<\/strong> (Jane par Charlotte)<br \/>\n<strong>Directed by:<\/strong>\u00a0Charlotte Gainsbourg<br \/>\n<strong>Written by:<\/strong>\u00a0Charlotte Gainsbourg<br \/>\n<strong>West Coast Premiere<\/strong><\/p>\n<p><strong>LE MAGNIFIQUE<\/strong><br \/>\n<strong>Directed by:<\/strong> Philippe de Broca<br \/>\n<strong>Written by:<\/strong> Philippe de Broca, Francis Veber, Jean-Paul Rappeneau, Vittorio Caprioli<br \/>\n<strong>Special Screening \u2013 Homage to Jean-Paul Belmondo<\/strong><\/p>\n<p><strong>LITTLE GIRL<\/strong> (Petite fille)<br \/>\n<strong>Directed by:<\/strong>\u00a0S\u00e9bastien Lifshitz<br \/>\n<strong>Written by:<\/strong>\u00a0S\u00e9bastien Lifshitz<br \/>\n<strong>Special Screening \u2013 COLCOA Awards<\/strong><\/p>\n<p><strong>LOST ILLUSIONS<\/strong> (Illusions Perdues)<br \/>\n<strong>Directed by:<\/strong> Xavier Giannoli<br \/>\n<strong>Written by:<\/strong> Xavier Giannoli, Jacques Fieschi<br \/>\n<strong>North American Premiere<\/strong>[\/vc_column_text][\/vc_column][vc_column width=&#8221;1\/2&#8243;][vc_column_text css=&#8221;.vc_custom_1643151106518{margin-bottom: 0px !important;}&#8221;]<strong>LOVE AFFAIRS<\/strong> (Les Choses qu\u2019on dit, les choses qu\u2019on fait)<br \/>\n<strong>Directed by:<\/strong>\u00a0Emmanuel Mouret<br \/>\n<strong>Written by:<\/strong> Emmanuel Mouret<br \/>\n<strong>Los Angeles Premiere<\/strong><\/p>\n<p><strong>LOVE SONGS FOR TOUGH GUYS<\/strong> (Cette musique ne joue pour personne)<br \/>\n<strong>Directed by:<\/strong> Samuel Benchetrit<br \/>\n<strong>Written by:<\/strong> Samuel Benchetrit, Gabor Rassov<br \/>\n<strong>North American Premiere<\/strong><\/p>\n<p><strong>LOVERS<\/strong> (Amants)<br \/>\n<strong>Directed by:<\/strong>\u00a0Nicole Garcia<br \/>\n<strong>Written by:<\/strong> Jacques Fieschi, Nicole Garcia<br \/>\n<strong>North American Premiere<\/strong><\/p>\n<p><strong>MAGNETIC BEATS<\/strong> (Les Magn\u00e9tiques)<br \/>\nWinner D\u2019Ornano-Valenti Prize<br \/>\n<strong>Directed by:<\/strong> Vincent Ma\u00ebl Cardona<br \/>\n<strong>Written by:<\/strong> Vincent Ma\u00ebl Cardona, Romain Compingt, Chlo\u00e9 Larouchi, Catherine Paill\u00e9, Rose Philippon, Ma\u00ebl Le Garrec<br \/>\n<strong>North American Premiere<\/strong><\/p>\n<p><strong>MY BEST PART<\/strong> (Gar\u00e7on Chiffon)<br \/>\n<strong>Directed by:<\/strong>\u00a0Nicolas Maury<br \/>\n<strong>Written by:<\/strong> Nicolas Maury, Maud Ameline, Sophie Filli\u00e8res<br \/>\n<strong>West Coast Premiere<\/strong><\/p>\n<p><strong>NIGHT RIDE<\/strong> (La Nuit venue)<br \/>\n<strong>Directed by:<\/strong> Fr\u00e9d\u00e9ric Farrucci<br \/>\n<strong>Written by:<\/strong> Fr\u00e9d\u00e9ric Farrucci, Nicolas Journet, Benjamin Charbit, Laurette Polmanss<br \/>\n<strong>Special Screening \u2013 COLCOA Awards<\/strong><\/p>\n<p><strong>OLGA\u00a0<\/strong><br \/>\n<strong>Directed by:<\/strong> Elie Grappe<br \/>\n<strong>Written by:<\/strong> Elie Grappe,\u00a0Rapha\u00eblle Desplechin<br \/>\n<strong>North American Premiere<\/strong><\/p>\n<p><strong>ONODA, 10,000 NIGHTS IN THE JUNGLE<\/strong> (Onoda, 10000 nuits dans la jungle))<br \/>\n<strong>Directed by:<\/strong>\u00a0Arthur Harari<br \/>\n<strong>Written by:<\/strong> Arthur Harari, Vincent Poymiro<br \/>\n<strong>U.S. Premiere<\/strong><\/p>\n<p><strong>ROBUST<\/strong> (Robuste)<br \/>\n<strong>Directed by:<\/strong> Constance Meyer<br \/>\n<strong>Written by:<\/strong> Constance Meyer, Marcia Romano<br \/>\n<strong>North American Premiere<\/strong><\/p>\n<p><strong>SIMPLE PASSION<\/strong> (Passion Simple)<br \/>\n<strong>Directed by:<\/strong>\u00a0Danielle Arbid<br \/>\n<strong>Written by:<\/strong>\u00a0Danielle Arbid<br \/>\n<strong>West Coast Premiere<\/strong><\/p>\n<p><strong>THE BIG HIT<\/strong> (Un Triomphe)<br \/>\n<strong>Directed by:<\/strong>\u00a0Emmanuel Courcol<br \/>\n<strong>Written by:\u00a0<\/strong>Emmanuel Courcol, Thierry de Carbonni\u00e8res<br \/>\n<strong>West Coast Premiere<\/strong><\/p>\n<p><strong>THE DISCREET CHARM OF THE BOURGOISIE<\/strong> (Le Charme discret de la bourgeoisie)<br \/>\n<strong>Directed by:<\/strong> Luis Bu\u00f1uel<br \/>\n<strong>Written by:<\/strong> Luis Bu\u00f1uel, Jean-Claude Carri\u00e8re<br \/>\n<strong>Special Screening \u2013 Homage to Jean-Claude Carri\u00e8re<\/strong><\/p>\n<p><strong>THE JUDGE AND THE ASSASSIN<\/strong> (Le Juge et l\u2019assassin)<br \/>\n<strong>Directed by:\u00a0<\/strong>Bertrand Tavernier<br \/>\n<strong>Written by:<\/strong> Bertrand Tavernier, Jean Aurenche, Pierre Bost<br \/>\n<strong>Special Screening \u2013 Tribute to Bertrand Tavernier<\/strong><\/p>\n<p><strong>THE MAD WOMEN\u2019S BALL<\/strong> (Le Bal des folles)<br \/>\n<strong>Directed by:<\/strong>\u00a0M\u00e9lanie Laurent<br \/>\n<strong>Written by:<\/strong>\u00a0M\u00e9lanie Laurent, Christophe Deslandes, Julien Decoin<br \/>\n<strong>Based on a Novel by:<\/strong>\u00a0Victoria Mas<br \/>\n<strong>Theatrical U.S. Premiere \u2013 Special Screening COLCOA Awards<\/strong><\/p>\n<p><strong>THE NIGHT DOCTOR<\/strong> (M\u00e9decin de nuit)<br \/>\n<strong>Directed by:<\/strong>\u00a0Elie Wajeman<br \/>\n<strong>Written by:<\/strong>\u00a0Agn\u00e8s Feuvre, Elie Wajeman, Vincent Macaigne<br \/>\n<strong>U.S. Premiere<\/strong><\/p>\n<p><strong>THE RESTLESS<\/strong> (Les Intranquilles)<br \/>\n<strong>Directed by:\u00a0<\/strong>Joachim Lafosse<br \/>\n<strong>Written by:\u00a0<\/strong>Lou du Pontavice, Juliette Goudot, Anne-Lise Morin, Fran\u00e7ois Pirot, Chlo\u00e9 L\u00e9onil, Pablo Guarise<br \/>\n<strong>North American Premiere<\/strong><\/p>\n<p><strong>THE ROSE MAKER\u00a0<\/strong>(La Fine fleur)<br \/>\n<strong>Directed by:<\/strong>\u00a0Pierre Pinaud<br \/>\n<strong>Written by:\u00a0<\/strong>Pierre Pinaud, Fadette Drouard, Blandine Jet, Philippe Le Guay, Sarah Wikler<br \/>\n<strong>West Coast Premiere<\/strong><\/p>\n<p><strong>THE SUMMIT OF THE GODS<\/strong> (Le Sommet des Dieux)<br \/>\n<strong>Directed by:<\/strong> Patrick Imbert<br \/>\n<strong>Written by:\u00a0<\/strong>Jean-Charles Ostorero, Patrick Imbert, Magali Pouzol<br \/>\n<strong>Based on a Manga by:<\/strong>\u00a0Baku Yumemakura, Jir\u00f4 Taniguchi<br \/>\n<strong>Special Screening \u2013 COLCOA Awards<\/strong><\/p>\n<p><strong>THE UNSOPHISITCATED LADY<\/strong> (La Pi\u00e8ce rapport\u00e9e)<br \/>\n<strong>Directed by:<\/strong>\u00a0Antonin Peretjatko<br \/>\n<strong>Written by:<\/strong> Antonin Peretjatko<br \/>\n<strong>Based on a Novel by:<\/strong>\u00a0No\u00eblle Renaude<br \/>\n<strong>U.S. Premiere<\/strong><\/p>\n<p><strong>THE YOUNG LOVERS<\/strong> (Les Jeunes amants)<br \/>\n<strong>Directed by:\u00a0<\/strong>Carine Tardieu<br \/>\n<strong>Written by<\/strong>:\u00a0Carine Tardieu, Agn\u00e8s de Sacy, Solveig Anspach<br \/>\n<strong>North American Premiere<\/strong><\/p>\n<p><strong>TITANE\u00a0<\/strong><br \/>\n<strong>Directed by:<\/strong>\u00a0Julia Ducournau<br \/>\n<strong>Written by:<\/strong> Julia Ducournau<br \/>\n<strong>Special Screening \u2013 COLCOA Awards<\/strong>[\/vc_column_text][\/vc_column][\/vc_row][vc_row][vc_column][vc_separator color=&#8221;custom&#8221; accent_color=&#8221;#004eef&#8221;][\/vc_column][\/vc_row][vc_row][vc_column width=&#8221;1\/2&#8243;][vc_column_text css=&#8221;.vc_custom_1643151154382{margin-bottom: 0px !important;}&#8221;]TELEVISION<\/p>\n<p class=\"p1\"><b>ALL ABOUT YVES MONTAND <\/b>(Montand est a nous)<br \/>\n<b>Documentary<br \/>\n<\/b><span class=\"s1\"><b>Directed by:<\/b><\/span>\u00a0Yves Jeuland<br \/>\n<span class=\"s1\"><b>Written by:<\/b><\/span>\u00a0Yves Jeuland, Vincent Josse<br \/>\n<b>North American Premiere<\/b><\/p>\n<p class=\"p1\"><b>CLAIRE ANDRIEUX<br \/>\n<\/b><b>TV Movie|<br \/>\n<\/b><span class=\"s1\"><b>Directed by:<\/b><\/span>\u00a0Olivier Jahan<br \/>\n<span class=\"s1\"><b>Written by:<\/b><\/span>\u00a0Olivier Jahan, Diast\u00e8me<span class=\"s2\"><br \/>\n<b>North American Premiere<\/b><\/span><\/p>\n<p class=\"p1\"><b>GERMINAL <\/b><br \/>\n<b>TV Series \u2013 Season 1<br \/>\n<\/b><span class=\"s1\"><b>Directed by:<\/b><\/span>\u00a0David Hourr\u00e8gue<br \/>\n<span class=\"s1\"><b>Created by:<\/b><\/span>\u00a0Julien Lilti<br \/>\n<span class=\"s1\"><b>Written by:<\/b><\/span>\u00a0Julien Lilti, Lo\u00efc Barr\u00e8re, Samir Oubechou, Ch\u00e9rif Sa\u00efs, Cl\u00e9mence Lebatteux, Maud Garnier,\u00a0 M\u00e9lusine Laura Raynaud, Cheikna Sankar\u00e9<br \/>\n<b>North American Premiere<\/b><\/p>\n<p class=\"p1\"><b>HIGH INTELLECTUAL POTENTIAL <\/b>(H.I.P)<\/p>\n<p class=\"p1\"><b>TV Series \u2013 Season 1<br \/>\n<\/b><span class=\"s1\"><b>Directed by:<\/b><\/span>\u00a0Vincent Jamain, Laurent Tuel<br \/>\n<span class=\"s1\"><b>Created by:<\/b><\/span>\u00a0Nicolas Jean, Alice Chegaray-Breugnot, St\u00e9phane Carri\u00e9<br \/>\n<span class=\"s1\"><b>Written by:<\/b><\/span>\u00a0Alice Chegaray-Breugnot, St\u00e9phane Carri\u00e9, Nicolas Jean, Julien Anscutter, Soiliho Bodin, Marion Carnel, Nicolas Cl\u00e9ment, Charlene Gadan, Julie-Anna Grignon, Alexandra Julhiet, Laurent Vignon<br \/>\n<b>North American Premiere<\/b><\/p>\n<p class=\"p1\"><b>IN TREATMENT <\/b>(En Th\u00e9rapie)<br \/>\n<b>TV Series \u2013 Season 1<br \/>\n<\/b><span class=\"s1\"><b>Directed by:<\/b><\/span>\u00a0Olivier Nakache, \u00c9ric Toledano, Mathieu Vadepied, Pierre Salvadori, Nicolas Pariser<br \/>\n<span class=\"s1\"><b>Created by:<\/b><\/span>\u00a0Ya\u00ebl Fogiel, Laetitia Gonzalez, Hagai Levi, Olivier Nakache, \u00c9ric Toledano<br \/>\n<span class=\"s1\"><b>Written by:<\/b><\/span>\u00a0David Elka\u00efm, Vincent Poymiro, Pauline Gu\u00e9na, Alexandre Manneville, Nacim Mehtar, Olivier Nakache, \u00c9ric Toledano<br \/>\n<b>North American Premiere<\/b><\/p>\n<p class=\"p2\"><b>NONA AND HER DAUGHTERS <\/b>(Nona et ses filles)<br \/>\n<b>TV Series \u2013 Season 1<br \/>\n<\/b><span class=\"s1\"><b>Directed by:<\/b><\/span>\u00a0Val\u00e9rie Donzelli<br \/>\n<span class=\"s1\"><b>Written by:<\/b><\/span>\u00a0Val\u00e9rie Donzelli, Cl\u00e9mence Madeleine-Perdrillat<br \/>\n<span class=\"s1\"><b>Created by:<\/b><\/span>\u00a0Val\u00e9rie Donzelli, Cl\u00e9mence Madeleine-Perdrillat<br \/>\n<b>International Premiere<\/b><\/p>\n[\/vc_column_text][\/vc_column][vc_column width=&#8221;1\/2&#8243;][vc_column_text css=&#8221;.vc_custom_1643151162863{margin-bottom: 0px !important;}&#8221;]\n<p class=\"p1\"><b>ON THE VERGE<br \/>\n<\/b><b>TV Series \u2013 Season 1<br \/>\n<\/b><span class=\"s1\"><b>Directed by:<\/b><\/span>\u00a0Val\u00e9rie Donzelli<br \/>\n<span class=\"s1\"><b>Written by:<\/b><\/span>\u00a0Val\u00e9rie Donzelli, Cl\u00e9mence Madeleine-Perdrillat<br \/>\n<span class=\"s1\"><b>Created by:<\/b><\/span>\u00a0Val\u00e9rie Donzelli, Cl\u00e9mence Madeleine-Perdrillat<br \/>\n<b>Theatrical U.S. Premiere \u2013 Special Screening COLCOA Awards<\/b><\/p>\n<p class=\"p1\"><b>OWNING IT <\/b>(Les H\u00e9riti\u00e8res)<b><span class=\"Apple-converted-space\"><br \/>\n<\/span><\/b><span class=\"s2\"><b>TV Movie<i><br \/>\n<\/i><\/b><\/span><span class=\"s1\"><b>Directed by:<\/b><\/span>\u00a0Nolwenn Lemesle<br \/>\n<span class=\"s1\"><b>Written by:<\/b><\/span>\u00a0Johanna Goldschmidt, Laure-Elisabeth Bourdaud<br \/>\n<b>North American Premiere<\/b><\/p>\n<p class=\"p1\"><b>PARIS POLICE 1900<br \/>\n<\/b><b>TV series \u2013 Season 1<br \/>\n<\/b><span class=\"s1\"><b>Directed by:<\/b><\/span>\u00a0Fabien Nury, Julien Despaux, Fr\u00e9d\u00e9ric Balekdjian<br \/>\n<span class=\"s1\"><b>Created by:<\/b><\/span>\u00a0Fabien Nury<br \/>\n<span class=\"s1\"><b>Written by:<\/b><\/span>\u00a0Fabien Nury, Benjamin Adam, Alain Ayroles, Thibault Valetoux<br \/>\n<b>North American Premiere<\/b><\/p>\n<p class=\"p2\"><span class=\"s2\"><b>RAINING CATS AND DOGS<\/b>\u00a0(Temps de chien)<br \/>\n<b>TV Movie<br \/>\n<\/b><\/span><span class=\"s1\"><b>Directed by:<\/b><\/span>\u00a0Edouard Deluc<br \/>\n<span class=\"s1\"><b>Written by:<\/b><\/span>\u00a0Edouard Deluc, Chlo\u00e9 Larouchi, Laura Piani<br \/>\n<b>Special Screening \u2013 COLCOA Awards<\/b><\/p>\n<p class=\"p1\"><b>THE OPERA <\/b>(L\u2019Op\u00e9ra)<br \/>\n<b>TV Series \u2013 Season 1<br \/>\n<\/b><span class=\"s1\"><b>Directed by:<\/b><\/span>\u00a0St\u00e9phane Demoustier, C\u00e9cile Ducrocq, Inti Calfat, Dirk Verheye, La\u00efla Marrakchi<br \/>\n<span class=\"s1\"><b>Created by:<\/b><\/span>\u00a0C\u00e9cile Ducrocq, Benjamin Adams<br \/>\n<span class=\"s1\"><b>Written by:<\/b><\/span>\u00a0C\u00e9cile Ducrocq, Benjamin Adams, Simon Jablonka<br \/>\n<b>North American Premiere<\/b><\/p>\n<p class=\"p1\"><b>WHAT ARE WE GOING TO DO WITH JACQUES? \u00a0<\/b>(Qu\u2019est ce qu\u2019on va faire de Jacques?)<br \/>\n<b>TV Movie<i><br \/>\n<\/i><\/b><span class=\"s1\"><b>Directed by:<\/b><\/span><span class=\"s3\">\u00a0Marie Garel-Weiss<br \/>\n<\/span><span class=\"s1\"><b>Written by:<\/b><\/span><span class=\"s3\">\u00a0Pierre Chosson, Hedi Sassi, Marie Garel-Weiss<\/span><br \/>\n<b>International Premiere<\/b><\/p>\n[\/vc_column_text][\/vc_column][\/vc_row][vc_row][vc_column][mk_padding_divider][vc_separator color=&#8221;custom&#8221; accent_color=&#8221;#004eef&#8221;][\/vc_column][\/vc_row]\n<\/div>","protected":false},"excerpt":{"rendered":"<p>[vc_row][vc_column][mk_padding_divider size=&#8221;20&#8243;][vc_column_text css=&#8221;.vc_custom_1643134867800{margin-bottom: 0px !important;}&#8221;] 2021 DELEGATION &amp; FILMS Check out the 2021 Edition website for a detailed presentation of the program[\/vc_column_text][vc_separator color=&#8221;custom&#8221; accent_color=&#8221;#004eef&#8221;][vc_column_text css=&#8221;.vc_custom_1652818857764{margin-bottom: 0px !important;}&#8221;] DELEGATION [\/vc_column_text][\/vc_column][\/vc_row][vc_row][vc_column width=&#8221;1\/2&#8243;][vc_column_text css=&#8221;.vc_custom_1643151273682{margin-bottom: 0px !important;}&#8221;]Daphne Albert \u2013 Actor Lisa Azuelos \u2013 Writer, Director Matt Bastard \u2013 Composer (Guest) Jacqueline Bisset &#8211; Actor Damien Bonnard &#8211; Actor Amine [&hellip;]<\/p>\n","protected":false},"author":4,"featured_media":0,"parent":9,"menu_order":0,"comment_status":"closed","ping_status":"closed","template":"","meta":{"footnotes":""},"class_list":["post-288","page","type-page","status-publish","hentry"],"_links":{"self":[{"href":"https:\/\/theamericanfrenchfilmfestival.org\/wp-json\/wp\/v2\/pages\/288","targetHints":{"allow":["GET"]}}],"collection":[{"href":"https:\/\/theamericanfrenchfilmfestival.org\/wp-json\/wp\/v2\/pages"}],"about":[{"href":"https:\/\/theamericanfrenchfilmfestival.org\/wp-json\/wp\/v2\/types\/page"}],"author":[{"embeddable":true,"href":"https:\/\/theamericanfrenchfilmfestival.org\/wp-json\/wp\/v2\/users\/4"}],"replies":[{"embeddable":true,"href":"https:\/\/theamericanfrenchfilmfestival.org\/wp-json\/wp\/v2\/comments?post=288"}],"version-history":[{"count":52,"href":"https:\/\/theamericanfrenchfilmfestival.org\/wp-json\/wp\/v2\/pages\/288\/revisions"}],"predecessor-version":[{"id":15815,"href":"https:\/\/theamericanfrenchfilmfestival.org\/wp-json\/wp\/v2\/pages\/288\/revisions\/15815"}],"up":[{"embeddable":true,"href":"https:\/\/theamericanfrenchfilmfestival.org\/wp-json\/wp\/v2\/pages\/9"}],"wp:attachment":[{"href":"https:\/\/theamericanfrenchfilmfestival.org\/wp-json\/wp\/v2\/media?parent=288"}],"curies":[{"name":"wp","href":"https:\/\/api.w.org\/{rel}","templated":true}]}}