{"id":282,"date":"2018-01-20T21:41:17","date_gmt":"2018-01-20T21:41:17","guid":{"rendered":"http:\/\/dev.theamericanfrenchfilmfestival.org\/?page_id=282"},"modified":"2025-10-21T17:14:24","modified_gmt":"2025-10-21T17:14:24","slug":"the-team","status":"publish","type":"page","link":"https:\/\/theamericanfrenchfilmfestival.org\/about-us\/the-team\/","title":{"rendered":"The Team"},"content":{"rendered":"<div class=\"wpb-content-wrapper\">[vc_row][vc_column][mk_padding_divider][vc_column_text css=&#8221;.vc_custom_1659386170840{margin-bottom: 0px !important;}&#8221;]\n<h2 style=\"text-align: justify;\">THE TEAM<\/h2>\n[\/vc_column_text][\/vc_column][\/vc_row][vc_row][vc_column][vc_column_text css=&#8221;.vc_custom_1732155978372{margin-bottom: 0px !important;}&#8221;]<span class=\"nortxt\"><strong>EXECUTIVE PRODUCER AND ARTISTIC DIRECTOR<\/strong><br \/>\n<strong>Fran\u00e7ois Truffart<\/strong><\/span><\/p>\n<p style=\"text-align: justify;\">After completing a Master degree in Economics and Politics in Paris (<em>Dauphine University<\/em>), Fran\u00e7ois Truffart was Cultural Attach\u00e9 in charge of the promotion of French cinema and television programs at the French Embassy in Hungary (Budapest), Japan (Tokyo) and the United States (Los Angeles) from 1991 to 2001. In 2001, he joined the Cannes Film Festival to become Director of <em>La\u00a0Cin\u00e9fondation.\u00a0<\/em>From 2003 to 2004, he was the U.S. representative of the\u00a0<em>Cannes Film Market<\/em>. He has been in charge of programming for <em>The American\u00a0French Film Festival<\/em> since 2004 and has been assigned Executive Producer of the event in 2007.<br \/>\n<span class=\"nortxt\">He is the author of <em>Le Guide des Televisions en Europe<\/em>, published by Bayard Press in 1991.<br \/>\n<\/span><span class=\"nortxt\">Francois Truffart was honored by the French government with the order of\u00a0<em>Chevalier des Arts et des Lettres.<\/em><\/span><\/p>\n<p><span class=\"nortxt\"><strong>DEPUTY DIRECTOR<br \/>\nAnouchka Van Riel<\/strong><\/span><\/p>\n<p style=\"text-align: justify;\">Anouchka grew up in a multicultural family in Alsace, a region which has belonged alternately to France and Germany throughout history. She is passionate about art and people of all kinds and loves to build connections and relationships between people, countries, and cultures using the universal language of art. She started her career in finance in Los Angeles at Vivendi Universal\u2019s gaming division where she was responsible for analyzing US movie franchises (Ice Age 2, Scarface, Eragon\u2026) and evaluating new publishing and distribution deals reporting to the French parent company Vivendi. She has worked at The American French Film Festival to promote French artists and their films in the United States since 2004. She also produces documentary films at the intersection of social justice and pop culture, including the BBC feature Kate Nash: Underestimate The Girl, and recently The Unmaking Of A College, a Zeitgeist\/Kino Lorber release.<br \/>\nShe graduated from ESCP Europe and studied at the Indian Institute of Management Ahmedabad as well as UCLA.<br \/>\nShe is a member of the PGA.<\/p>\n<p><strong>CREATIVE DIRECTION<br \/>\nJ\u00e9r\u00f4me Curchod, <a href=\"https:\/\/www.thebonusroom.com\" target=\"_blank\" rel=\"noopener\">The Bonus Room<\/a><\/strong><\/p>\n<p style=\"text-align: justify;\">Born in Lausanne, Switzerland, and living in Los Angeles since 1993, J\u00e9r\u00f4me Curchod worked for many years as creative director of a series of art and music publications (<em>RayGun, Bikini, huH<\/em>). He then focused his design interests toward the field of event promotion, working with a number of music and film festivals, including\u00a0 <em>The American\u00a0 French Film Festival<\/em> and <em>HollyShorts<\/em>, in Los Angeles, as well as <em>Cin\u00e9ma Tous Ecrans<\/em>, in Geneva. He is currently designing a book on Switzerland, documenting its history as a set for film productions, dating back to painted backdrops of the swiss Alps in Laurel and Hardy silent features.<\/p>\n[\/vc_column_text][vc_separator color=&#8221;custom&#8221; accent_color=&#8221;#004eef&#8221;][\/vc_column][\/vc_row][vc_row][vc_column width=&#8221;1\/2&#8243;][mk_padding_divider size=&#8221;20&#8243;][vc_column_text css=&#8221;.vc_custom_1760369618714{margin-bottom: 0px !important;}&#8221;]Director of Development &amp; Opening Night Event Manager<br \/>\n<strong>Christiane Kirsch White<\/strong><\/p>\n<p>Sr Coordinator<br \/>\n<strong>Melanie Steinmann<\/strong><\/p>\n<p>Coordinator<br \/>\n<strong>Arthur Mc Millan<\/strong><\/p>\n<p>Website Design &amp; Management, TAFFF Library<br \/>\n<strong>Bruno Rony<\/strong><\/p>\n<p>Box Office Manager &amp; Centerpiece Screening Event Manager<br \/>\n<strong>Melanie Poehner<\/strong><\/p>\n<p>Box Office Assistants<br \/>\n<strong>Canelle Boughton<\/strong><br \/>\n<strong>Heather Hottman<\/strong><br \/>\n<strong>Film Department<\/strong><br \/>\n<strong>Laurence Ma<\/strong><\/p>\n<p>Theater Manager &amp; Volunteers Manager<br \/>\n<strong>Matthew Clark<\/strong><\/p>\n<p>Theatre Management Melville Theater<br \/>\n<strong>Adrean Barrios<\/strong><br \/>\n<strong>Leslie Haggege<\/strong><\/p>\n<p>Press Relations<br \/>\n<strong>Patricia Frith (Los Angeles)<\/strong><\/p>\n<p>Social Media Manager &amp; Outreach Manager<br \/>\n<strong>Jennifer Casadessus<\/strong><\/p>\n<p>Film Note Writer<br \/>\n<strong>Rosemary Ricchio<\/strong><\/p>\n<p>Talent Coordinator<br \/>\n<strong>Ilar Parsa<\/strong><\/p>\n<p>Transport Coordinators<br \/>\n<strong>Ilar Parsa<\/strong><br \/>\n<strong>Sasha Vogel<\/strong><\/p>\n<p>Festival Photographer<br \/>\n<strong>Philip Guerette<\/strong><\/p>\n<p>TAFFF TALK Production<br \/>\n<strong>Olivier Gauriat, Producer<\/strong><br \/>\n<strong>Didier Allouch, Journalist<\/strong><br \/>\n<strong>Adelaide Rocherolle<\/strong><\/p>\n<p>TAFFF TV<br \/>\n<strong>Lo\u00efc Pialat<\/strong><\/p>\n<p>Q&amp;A Video Team<br \/>\n<strong>Maria Corso, Producer<\/strong><br \/>\n<strong>Nate Hosseini, Camera Op<\/strong><br \/>\n<strong>Will Cook, Camera Op<\/strong><br \/>\n<strong>Hailey Otero, Media Manager\/ AC<\/strong><br \/>\n<strong>Dylan Walsh, Editor<\/strong><br \/>\n<strong>Mirjam Maier, Editor<\/strong>[\/vc_column_text][\/vc_column][vc_column width=&#8221;1\/2&#8243;][mk_padding_divider size=&#8221;20&#8243;][vc_column_text css=&#8221;.vc_custom_1761066862097{margin-bottom: 0px !important;}&#8221;]Production Design<br \/>\n<strong>Jessie Chen<\/strong><\/p>\n<p>Production Manager<br \/>\n<strong>Rui Xu<\/strong><\/p>\n<p>Lighting Designer<br \/>\n<strong>Pei Yu Lai<\/strong><\/p>\n<p>Art Director<br \/>\n<strong>Suzy Schofield<\/strong><\/p>\n<p>Interpreters<br \/>\n<strong>Yolanda Gilot<br \/>\nNanette Gobel<\/strong><\/p>\n<p>AFP Photographers<br \/>\n<strong>Val\u00e9rie Macon<\/strong><br \/>\n<strong>Chris Delmas<\/strong><\/p>\n<p>Transportation<br \/>\n<strong>Bradly Clark<\/strong><br \/>\n<strong>Elena Heuz\u00e9<br \/>\nGiorgia Renosto<br \/>\n<\/strong><strong>Wade Sheeler<\/strong><br \/>\n<strong>Sarah Niver<\/strong><br \/>\n<strong>Dean Wong<\/strong><\/p>\n<p>IN FRANCE<br \/>\nFestival Paris Office \/ Franco-American Cultural Fund<br \/>\n<strong>Julie Garcia<\/strong><br \/>\n<strong>Antoine Klein<\/strong><br \/>\n<strong>Louis Hallonet<\/strong><\/p>\n<p>Press Relations<br \/>\n<strong>Claire Vorger (Paris)<\/strong><\/p>\n<p>ADVISORY PROGRAM COMMITTEE<br \/>\n<strong>Peter Debruge, <\/strong>Chief Critic Variety<br \/>\n<strong>Gwen Deglise, <\/strong>American Cinematheque<br \/>\n<strong>Anne Takahashi, <\/strong>Unifrance<br \/>\n<strong>Amy Nicholson, <\/strong>Critic<\/p>\n<p>THE FESTIVAL PARTNERS REPRESENTATIVES<br \/>\n(Franco-American Cultural Fund)<br \/>\n<strong>Louis Hallonet<\/strong>, SACEM\/ FCFA<br \/>\n<strong>Julie Garcia,<\/strong> SACEM\/ FCFA<br \/>\n<strong>Abigail Erickson<\/strong>, MPA<br \/>\n<strong>Annemie Neuckermans<\/strong>, MPA<br \/>\n<strong>Antoine Klein,<\/strong> SACEM<br \/>\n<strong>Andrea Scott,<\/strong> DGA<br \/>\n<strong>Tiffany L. Slater<\/strong>, WGAW<\/p>\n<p><strong>THE FESTIVAL SUPPORTERS<br \/>\nAdrien Frier<\/strong>, French Consul General in Los Angeles<br \/>\n<strong>Olivier Tournaud<\/strong>, French Embassy in the United States, Villa Albertine<br \/>\n<strong>Lise de Sablet<\/strong>, French Embassy in the United States, Villa Albertine<br \/>\n<strong>Gaetan Bruel<\/strong>, CNC<br \/>\n<strong>Daphne Lora<\/strong>, Film France &#8211; CNC[\/vc_column_text][\/vc_column][\/vc_row][vc_row][vc_column][mk_padding_divider][vc_separator color=&#8221;custom&#8221; accent_color=&#8221;#004eef&#8221;][\/vc_column][\/vc_row]\n<\/div>","protected":false},"excerpt":{"rendered":"<p>[vc_row][vc_column][mk_padding_divider][vc_column_text css=&#8221;.vc_custom_1659386170840{margin-bottom: 0px !important;}&#8221;] THE TEAM [\/vc_column_text][\/vc_column][\/vc_row][vc_row][vc_column][vc_column_text css=&#8221;.vc_custom_1732155978372{margin-bottom: 0px !important;}&#8221;]EXECUTIVE PRODUCER AND ARTISTIC DIRECTOR Fran\u00e7ois Truffart After completing a Master degree in Economics and Politics in Paris (Dauphine University), Fran\u00e7ois Truffart was Cultural Attach\u00e9 in charge of the promotion of French cinema and television programs at the French Embassy in Hungary (Budapest), Japan (Tokyo) and [&hellip;]<\/p>\n","protected":false},"author":4,"featured_media":0,"parent":9,"menu_order":0,"comment_status":"closed","ping_status":"closed","template":"","meta":{"footnotes":""},"class_list":["post-282","page","type-page","status-publish","hentry"],"_links":{"self":[{"href":"https:\/\/theamericanfrenchfilmfestival.org\/wp-json\/wp\/v2\/pages\/282","targetHints":{"allow":["GET"]}}],"collection":[{"href":"https:\/\/theamericanfrenchfilmfestival.org\/wp-json\/wp\/v2\/pages"}],"about":[{"href":"https:\/\/theamericanfrenchfilmfestival.org\/wp-json\/wp\/v2\/types\/page"}],"author":[{"embeddable":true,"href":"https:\/\/theamericanfrenchfilmfestival.org\/wp-json\/wp\/v2\/users\/4"}],"replies":[{"embeddable":true,"href":"https:\/\/theamericanfrenchfilmfestival.org\/wp-json\/wp\/v2\/comments?post=282"}],"version-history":[{"count":47,"href":"https:\/\/theamericanfrenchfilmfestival.org\/wp-json\/wp\/v2\/pages\/282\/revisions"}],"predecessor-version":[{"id":25096,"href":"https:\/\/theamericanfrenchfilmfestival.org\/wp-json\/wp\/v2\/pages\/282\/revisions\/25096"}],"up":[{"embeddable":true,"href":"https:\/\/theamericanfrenchfilmfestival.org\/wp-json\/wp\/v2\/pages\/9"}],"wp:attachment":[{"href":"https:\/\/theamericanfrenchfilmfestival.org\/wp-json\/wp\/v2\/media?parent=282"}],"curies":[{"name":"wp","href":"https:\/\/api.w.org\/{rel}","templated":true}]}}