{"id":24244,"date":"2025-09-22T01:18:02","date_gmt":"2025-09-22T01:18:02","guid":{"rendered":"https:\/\/theamericanfrenchfilmfestival.org\/?page_id=24244"},"modified":"2025-09-30T23:36:01","modified_gmt":"2025-09-30T23:36:01","slug":"2025-next-wave-spotlight","status":"publish","type":"page","link":"https:\/\/theamericanfrenchfilmfestival.org\/2025-next-wave-spotlight\/","title":{"rendered":"NEXT WAVE SPOTLIGHT"},"content":{"rendered":"<div class=\"wpb-content-wrapper\">[vc_row][vc_column][mk_padding_divider][vc_column_text css=&#8221;.vc_custom_1758914123674{margin-bottom: 0px !important;}&#8221;]\n<h2>NEXT WAVE SPOTLIGHT<\/h2>\n<div>\n<p>Academy Award winners Justine Triet and Michel Hazanavicius, Academy Award nominees Ladj Ly and Ziad Doueiri, along with M\u00e9lanie Laurent, Ma\u00efwenn, \u00c9ric Toledano &amp; Olivier Nakache, Bruno Dumont, Guillaume Canet, Emmanuel Mouret, Yann Gozlan, St\u00e9phane Briz\u00e9\u2026for 29 years, the festival has introduced future renowned French talent to Hollywood. In 2025, discover a new generation of\u00a0 talented and inspired French filmmakers. Make sure these ten outstanding first or second films selected at TAFFF 2025 are on your must-see list!<\/p>\n<\/div>\n[\/vc_column_text][vc_separator color=&#8221;custom&#8221; border_width=&#8221;2&#8243; accent_color=&#8221;#d41953&#8243;][\/vc_column][\/vc_row][vc_row][vc_column][mk_padding_divider][\/vc_column][\/vc_row][vc_row][vc_column width=&#8221;1\/5&#8243;][mk_image src=&#8221;https:\/\/theamericanfrenchfilmfestival.org\/wp-content\/uploads\/2025\/09\/baise-en-ville.jpg&#8221; image_width=&#8221;250&#8243; frame_style=&#8221;gray_border&#8221; link=&#8221;https:\/\/theamericanfrenchfilmfestival.org\/baise-en-ville&#8221; target=&#8221;_blank&#8221; title=&#8221;BAISE-EN-VILLE&#8221; caption_location=&#8221;outside-image&#8221; align=&#8221;center&#8221;][\/vc_column][vc_column width=&#8221;1\/5&#8243;][mk_image src=&#8221;https:\/\/theamericanfrenchfilmfestival.org\/wp-content\/uploads\/2025\/09\/cassandre.jpg&#8221; image_width=&#8221;250&#8243; frame_style=&#8221;gray_border&#8221; link=&#8221;https:\/\/www.theamericanfrenchfilmfestival.org\/cassandre&#8221; target=&#8221;_blank&#8221; title=&#8221;CASSANDRE&#8221; caption_location=&#8221;outside-image&#8221; align=&#8221;center&#8221;][\/vc_column][vc_column width=&#8221;1\/5&#8243;][mk_image src=&#8221;https:\/\/theamericanfrenchfilmfestival.org\/wp-content\/uploads\/2025\/09\/driftinglaurent.jpg&#8221; image_width=&#8221;250&#8243; frame_style=&#8221;gray_border&#8221; link=&#8221;https:\/\/www.theamericanfrenchfilmfestival.org\/drifting-laurent&#8221; target=&#8221;_blank&#8221; title=&#8221;DRIFTING LAURENT&#8221; caption_location=&#8221;outside-image&#8221; align=&#8221;center&#8221;][\/vc_column][vc_column width=&#8221;1\/5&#8243;][mk_image src=&#8221;https:\/\/theamericanfrenchfilmfestival.org\/wp-content\/uploads\/2025\/09\/trial-by-fire.jpg&#8221; image_width=&#8221;250&#8243; frame_style=&#8221;gray_border&#8221; link=&#8221;https:\/\/www.theamericanfrenchfilmfestival.org\/hearts-on-fire&#8221; target=&#8221;_blank&#8221; title=&#8221;HEARTS ON FIRE&#8221; caption_location=&#8221;outside-image&#8221; align=&#8221;center&#8221;][\/vc_column][vc_column width=&#8221;1\/5&#8243;][mk_image src=&#8221;https:\/\/theamericanfrenchfilmfestival.org\/wp-content\/uploads\/2025\/09\/love-me-tender.jpg&#8221; image_width=&#8221;250&#8243; frame_style=&#8221;gray_border&#8221; link=&#8221;https:\/\/www.theamericanfrenchfilmfestival.org\/love-me-tender&#8221; target=&#8221;_blank&#8221; title=&#8221;LOVE ME TENDER&#8221; caption_location=&#8221;outside-image&#8221; align=&#8221;center&#8221;][\/vc_column][\/vc_row][vc_row][vc_column width=&#8221;1\/5&#8243;][mk_image src=&#8221;https:\/\/theamericanfrenchfilmfestival.org\/wp-content\/uploads\/2025\/07\/nino_120x160_eng_web_hd-yi-chou.jpg&#8221; image_width=&#8221;250&#8243; frame_style=&#8221;gray_border&#8221; link=&#8221;https:\/\/www.theamericanfrenchfilmfestival.org\/nino&#8221; target=&#8221;_blank&#8221; title=&#8221;NINO&#8221; caption_location=&#8221;outside-image&#8221; align=&#8221;center&#8221;][\/vc_column][vc_column width=&#8221;1\/5&#8243;][mk_image src=&#8221;https:\/\/theamericanfrenchfilmfestival.org\/wp-content\/uploads\/2025\/09\/silent-rebellion.jpeg&#8221; image_width=&#8221;250&#8243; frame_style=&#8221;gray_border&#8221; link=&#8221;https:\/\/theamericanfrenchfilmfestival.org\/silent-rebellion&#8221; target=&#8221;_blank&#8221; title=&#8221;SILENT REBELLION&#8221; caption_location=&#8221;outside-image&#8221; align=&#8221;center&#8221;][\/vc_column][vc_column width=&#8221;1\/5&#8243;][mk_image src=&#8221;https:\/\/theamericanfrenchfilmfestival.org\/wp-content\/uploads\/2025\/09\/summer-beats-fr.jpg&#8221; image_width=&#8221;250&#8243; frame_style=&#8221;gray_border&#8221; link=&#8221;https:\/\/www.theamericanfrenchfilmfestival.org\/summer-beats&#8221; target=&#8221;_blank&#8221; title=&#8221;SUMMER BEATS&#8221; caption_location=&#8221;outside-image&#8221; align=&#8221;center&#8221;][\/vc_column][vc_column width=&#8221;1\/5&#8243;][mk_image src=&#8221;https:\/\/theamericanfrenchfilmfestival.org\/wp-content\/uploads\/2025\/09\/the-girl-in-the-snow.jpg&#8221; image_width=&#8221;250&#8243; frame_style=&#8221;gray_border&#8221; link=&#8221;https:\/\/www.theamericanfrenchfilmfestival.org\/the-girl-in-the-snow&#8221; target=&#8221;_blank&#8221; title=&#8221;THE GIRL IN THE SNOW&#8221; caption_location=&#8221;outside-image&#8221; align=&#8221;center&#8221;][\/vc_column][vc_column width=&#8221;1\/5&#8243;][mk_image src=&#8221;https:\/\/theamericanfrenchfilmfestival.org\/wp-content\/uploads\/2025\/07\/the-wonderers-600&#215;800-eng.jpg&#8221; image_width=&#8221;250&#8243; frame_style=&#8221;gray_border&#8221; link=&#8221;https:\/\/www.theamericanfrenchfilmfestival.org\/the-wonderers&#8221; target=&#8221;_blank&#8221; title=&#8221;THE WONDERERS&#8221; caption_location=&#8221;outside-image&#8221; align=&#8221;center&#8221;][\/vc_column][\/vc_row]\n<\/div>","protected":false},"excerpt":{"rendered":"<p>[vc_row][vc_column][mk_padding_divider][vc_column_text css=&#8221;.vc_custom_1758914123674{margin-bottom: 0px !important;}&#8221;] NEXT WAVE SPOTLIGHT Academy Award winners Justine Triet and Michel Hazanavicius, Academy Award nominees Ladj Ly and Ziad Doueiri, along with M\u00e9lanie Laurent, Ma\u00efwenn, \u00c9ric Toledano &amp; Olivier Nakache, Bruno Dumont, Guillaume Canet, Emmanuel Mouret, Yann Gozlan, St\u00e9phane Briz\u00e9\u2026for 29 years, the festival has introduced future renowned French talent to Hollywood. [&hellip;]<\/p>\n","protected":false},"author":4,"featured_media":0,"parent":0,"menu_order":0,"comment_status":"closed","ping_status":"closed","template":"","meta":{"footnotes":""},"class_list":["post-24244","page","type-page","status-publish","hentry"],"_links":{"self":[{"href":"https:\/\/theamericanfrenchfilmfestival.org\/wp-json\/wp\/v2\/pages\/24244","targetHints":{"allow":["GET"]}}],"collection":[{"href":"https:\/\/theamericanfrenchfilmfestival.org\/wp-json\/wp\/v2\/pages"}],"about":[{"href":"https:\/\/theamericanfrenchfilmfestival.org\/wp-json\/wp\/v2\/types\/page"}],"author":[{"embeddable":true,"href":"https:\/\/theamericanfrenchfilmfestival.org\/wp-json\/wp\/v2\/users\/4"}],"replies":[{"embeddable":true,"href":"https:\/\/theamericanfrenchfilmfestival.org\/wp-json\/wp\/v2\/comments?post=24244"}],"version-history":[{"count":14,"href":"https:\/\/theamericanfrenchfilmfestival.org\/wp-json\/wp\/v2\/pages\/24244\/revisions"}],"predecessor-version":[{"id":24790,"href":"https:\/\/theamericanfrenchfilmfestival.org\/wp-json\/wp\/v2\/pages\/24244\/revisions\/24790"}],"wp:attachment":[{"href":"https:\/\/theamericanfrenchfilmfestival.org\/wp-json\/wp\/v2\/media?parent=24244"}],"curies":[{"name":"wp","href":"https:\/\/api.w.org\/{rel}","templated":true}]}}