{"id":24182,"date":"2025-09-22T13:40:03","date_gmt":"2025-09-22T13:40:03","guid":{"rendered":"https:\/\/theamericanfrenchfilmfestival.org\/?page_id=24182"},"modified":"2025-10-03T23:47:04","modified_gmt":"2025-10-03T23:47:04","slug":"at-work","status":"publish","type":"page","link":"https:\/\/theamericanfrenchfilmfestival.org\/at-work\/","title":{"rendered":"AT WORK"},"content":{"rendered":"<div class=\"wpb-content-wrapper\">[vc_row][vc_column][mk_padding_divider][vc_column_text css=&#8221;.vc_custom_1758240187328{margin-bottom: 0px !important;}&#8221;]\n<h1 style=\"text-align: center;\">AT WORK<\/h1>\n<h2 style=\"text-align: center;\">(A pied d&#8217;oeuvre)<\/h2>\n<h2 style=\"text-align: center;\"><\/h2>\n<h2 style=\"text-align: center;\"><\/h2>\n<p>&nbsp;<\/p>\n<h2 style=\"text-align: center;\"><\/h2>\n[\/vc_column_text][vc_separator color=&#8221;custom&#8221; css=&#8221;&#8221; accent_color=&#8221;#660084&#8243;][\/vc_column][\/vc_row][vc_row][vc_column width=&#8221;1\/3&#8243;][mk_content_box heading=&#8221;CINEMA COMPETITION &#8211; NEW HORIZONS&#8221;][vc_column_text css=&#8221;.vc_custom_1758754634828{margin-bottom: 0px !important;}&#8221;]\n<p style=\"text-align: center;\">TRUFFAUT THEATER<\/p>\n<h3 style=\"text-align: center;\">Drama, Comedy<\/h3>\n[\/vc_column_text][\/mk_content_box][\/vc_column][vc_column width=&#8221;1\/3&#8243;][mk_custom_box corner_radius=&#8221;15&#8243; bg_color=&#8221;#dbcce2&#8243;][vc_column_text css=&#8221;.vc_custom_1759535222854{margin-bottom: 0px !important;}&#8221;]\n<p style=\"text-align: center;\"><strong>MONDAY NOVEMBER 3<\/strong><br \/>\n6:15 pm (Screening ends at 7:55 pm)<br \/>\n<strong>Followed by a conversation with writer-director Val\u00e9rie Donzelli<\/strong><\/p>\n[\/vc_column_text][\/mk_custom_box][mk_padding_divider size=&#8221;10&#8243;][mk_image src=&#8221;https:\/\/theamericanfrenchfilmfestival.org\/wp-content\/uploads\/2022\/09\/order-tickets.jpg&#8221; image_size=&#8221;full&#8221; link=&#8221;https:\/\/theamericanfrenchfilmfestival.eventive.org\/schedule\/68d7aac672c07dc758e9f2dc&#8221; target=&#8221;_blank&#8221; align=&#8221;center&#8221;][\/vc_column][vc_column width=&#8221;1\/3&#8243;][mk_content_box heading=&#8221;PRESENTED IN ASSOCIATION WITH:&#8221;][vc_column_text css=&#8221;.vc_custom_1758863616452{margin-bottom: 0px !important;}&#8221;]\n<p style=\"text-align: center;\">Kinology<br \/>\nFrance T\u00e9l\u00e9visions<\/p>\n[\/vc_column_text][\/mk_content_box][\/vc_column][\/vc_row][vc_row][vc_column][mk_padding_divider size=&#8221;20&#8243;][vc_separator color=&#8221;custom&#8221; border_width=&#8221;2&#8243; css=&#8221;&#8221; accent_color=&#8221;#ea1300&#8243;][\/vc_column][\/vc_row][vc_row][vc_column width=&#8221;1\/2&#8243;][vc_column_text css=&#8221;.vc_custom_1759534965670{margin-bottom: 0px !important;}&#8221;]<strong><span style=\"color: #ea1300;\">US Premiere <\/span><\/strong><span style=\"font-weight: 400;\">|\u00a0France |\u00a02026\u00a0|\u00a0Drama, Comedy |\u00a092\u00a0min\u00a0|\u00a0In French with English subtitles |<br \/>\n<strong><span style=\"color: #ea1300;\"> <span style=\"color: #333333;\">Winner Best Screenplay 2025 Venice film festival<\/span><\/span><\/strong> <\/span><span style=\"font-weight: 400;\"><br \/>\n<\/span><b>Directed by: <\/b><span style=\"font-weight: 400;\">Val\u00e9rie Donzelli,\u00a0<\/span><span style=\"font-weight: 400;\"><br \/>\n<\/span><b>Written by: <\/b><span style=\"font-weight: 400;\">Val\u00e9rie Donzelli,\u00a0Gilles Marchand<\/span><span style=\"font-weight: 400;\"><br \/>\n<\/span><b>Based on the Book by:<\/b> <span style=\"font-weight: 400;\">Franck Court\u00e8s<\/span><span style=\"font-weight: 400;\"><br \/>\n<\/span><b>Produced by: <\/b><span style=\"font-weight: 400;\">Alain Goldman (Pitchipo\u00ef Productions), France 2 Cin\u00e9ma<br \/>\n<\/span><b>Cinematography:\u00a0<\/b><span style=\"font-weight: 400;\">Irina Lubtchansky<\/span><span style=\"font-weight: 400;\"><br \/>\n<\/span><b>Original Score: <\/b><span style=\"font-weight: 400;\">Jean-Michel Bernard<br \/>\n<\/span><b>Film Editing:<\/b><span style=\"font-weight: 400;\"> Pauline Gaillard<br \/>\n<\/span><b>Cast:<\/b> <span style=\"font-weight: 400;\">Bastien Bouillon (Paul Marquet),\u00a0Virginie Ledoyen (Alice),\u00a0 Andr\u00e9 Marcon (the father), Val\u00e9rie Donzelli , Marie Rivi\u00e8re, Claude Perron, Philippe Katerine<\/span><span style=\"font-weight: 400;\"><br \/>\n<\/span><b>International Sales: <\/b><span style=\"font-weight: 400;\">Kinology<\/span><\/p>\n<p style=\"text-align: right;\"><strong><span style=\"color: #ea1300;\">\u00a0<\/span><\/strong><strong><span style=\"color: #660084;\">Synopsis<\/span><\/strong><\/p>\n<p style=\"text-align: justify;\"><span style=\"font-weight: 400;\">Paul used to make a decent living as a photographer, but has given that up to become a writer. &#8220;Remaining a writer,&#8221; he says, &#8220;was another story.&#8221; When his ex-wife and kids move to Montreal, Paul crashes in a borrowed basement hovel to focus on just that, doing menial odd jobs just to scrape by. Named <\/span><b>Best Screenplay<\/b> <b>at this year&#8217;s<\/b> <b>Venice Film Festival<\/b><span style=\"font-weight: 400;\">, <\/span><b><i>At Work<\/i><\/b><span style=\"font-weight: 400;\"> recounts the workaday tale of a struggling artist \u2013 determined to find meaning in his work and desperately clutching his freedom with both hands \u2013 with elegance and touching simplicity. The film also offers a peek into the harsh reality of life in a gig economy.<\/span><\/p>\n<p style=\"text-align: right;\"><strong><span style=\"color: #ea1300;\">\u00a0<\/span><\/strong><strong style=\"text-align: right;\"><span style=\"color: #660084;\">Director&#8217;s biography<\/span><\/strong><\/p>\n<p style=\"text-align: justify;\"><span style=\"font-weight: 400;\">Writer\/director <\/span><b>Val\u00e9rie Donzelli<\/b><span style=\"font-weight: 400;\"> launched her career as an actor in the title role of Sandrine Veysset\u2019s <\/span><i><span style=\"font-weight: 400;\">Martha Martha<\/span><\/i><span style=\"font-weight: 400;\"> (2001), which premiered at the Cannes Director\u2019s Fortnight.\u00a0 She has since appeared in more than 70 films, including Anne Fontaine\u2019s <\/span><i><span style=\"font-weight: 400;\">In His Hands<\/span><\/i><span style=\"font-weight: 400;\"> (COLCOA 2006) and the TV series <\/span><i><span style=\"font-weight: 400;\">Clara Sheller<\/span><\/i><span style=\"font-weight: 400;\"> (2005).\u00a0 She made her feature directorial debut with <\/span><i><span style=\"font-weight: 400;\">Queen of Hearts<\/span><\/i><span style=\"font-weight: 400;\"> (2009), which was presented in Locarno. Her second feature, <\/span><i><span style=\"font-weight: 400;\">Declaration of War<\/span><\/i><span style=\"font-weight: 400;\"> (2011), premiered in Cannes and went on to become a critical and box-office hit. That was followed by the TV series <\/span><i><span style=\"font-weight: 400;\">Nona and Her Daughters<\/span><\/i> <span style=\"font-weight: 400;\">(COLCOA 2021), <\/span><i><span style=\"font-weight: 400;\">Just the Two of Us<\/span><\/i><span style=\"font-weight: 400;\"> (TAFFF 2023), and the feature documentary <\/span><i><span style=\"font-weight: 400;\">Rue du Conservatoire<\/span><\/i><span style=\"font-weight: 400;\"> (2024). <\/span><b><i>At Work<\/i><\/b><span style=\"font-weight: 400;\"> premiered in this year&#8217;s Venice Film Festival, where it garnered the Golden Osella for Best Screenplay and the Premio Fondazione Fai Persona Lavoro Ambiente Award for the Treatment of Work-related Issues.<\/span><\/p>\n<p><strong><span style=\"color: #ea1300;\">\u00a0<\/span><\/strong>[\/vc_column_text][\/vc_column][vc_column width=&#8221;1\/2&#8243;][mk_image src=&#8221;https:\/\/theamericanfrenchfilmfestival.org\/wp-content\/uploads\/2025\/09\/screenshot-2025-09-28-at-10.00.31.png&#8221; image_size=&#8221;full&#8221; link=&#8221;https:\/\/theamericanfrenchfilmfestival.org\/win-a-trip-to-paris\/&#8221; target=&#8221;_blank&#8221; align=&#8221;center&#8221;][mk_image src=&#8221;https:\/\/theamericanfrenchfilmfestival.org\/wp-content\/uploads\/2025\/09\/at-work.jpg&#8221; image_size=&#8221;full&#8221; frame_style=&#8221;gray_border&#8221; caption_location=&#8221;outside-image&#8221; align=&#8221;center&#8221;][\/vc_column][\/vc_row][vc_row][vc_column][vc_column_text]\n[\/vc_column_text][\/vc_column][\/vc_row]\n<\/div>","protected":false},"excerpt":{"rendered":"<p>[vc_row][vc_column][mk_padding_divider][vc_column_text css=&#8221;.vc_custom_1758240187328{margin-bottom: 0px !important;}&#8221;] AT WORK (A pied d&#8217;oeuvre) &nbsp; [\/vc_column_text][vc_separator color=&#8221;custom&#8221; css=&#8221;&#8221; accent_color=&#8221;#660084&#8243;][\/vc_column][\/vc_row][vc_row][vc_column width=&#8221;1\/3&#8243;][mk_content_box heading=&#8221;CINEMA COMPETITION &#8211; NEW HORIZONS&#8221;][vc_column_text css=&#8221;.vc_custom_1758754634828{margin-bottom: 0px !important;}&#8221;] TRUFFAUT THEATER Drama, Comedy [\/vc_column_text][\/mk_content_box][\/vc_column][vc_column width=&#8221;1\/3&#8243;][mk_custom_box corner_radius=&#8221;15&#8243; bg_color=&#8221;#dbcce2&#8243;][vc_column_text css=&#8221;.vc_custom_1759535222854{margin-bottom: 0px !important;}&#8221;] MONDAY NOVEMBER 3 6:15 pm (Screening ends at 7:55 pm) Followed by a conversation with writer-director Val\u00e9rie Donzelli [\/vc_column_text][\/mk_custom_box][mk_padding_divider size=&#8221;10&#8243;][mk_image src=&#8221;https:\/\/theamericanfrenchfilmfestival.org\/wp-content\/uploads\/2022\/09\/order-tickets.jpg&#8221; [&hellip;]<\/p>\n","protected":false},"author":4,"featured_media":0,"parent":0,"menu_order":0,"comment_status":"closed","ping_status":"closed","template":"","meta":{"footnotes":""},"class_list":["post-24182","page","type-page","status-publish","hentry"],"_links":{"self":[{"href":"https:\/\/theamericanfrenchfilmfestival.org\/wp-json\/wp\/v2\/pages\/24182","targetHints":{"allow":["GET"]}}],"collection":[{"href":"https:\/\/theamericanfrenchfilmfestival.org\/wp-json\/wp\/v2\/pages"}],"about":[{"href":"https:\/\/theamericanfrenchfilmfestival.org\/wp-json\/wp\/v2\/types\/page"}],"author":[{"embeddable":true,"href":"https:\/\/theamericanfrenchfilmfestival.org\/wp-json\/wp\/v2\/users\/4"}],"replies":[{"embeddable":true,"href":"https:\/\/theamericanfrenchfilmfestival.org\/wp-json\/wp\/v2\/comments?post=24182"}],"version-history":[{"count":13,"href":"https:\/\/theamericanfrenchfilmfestival.org\/wp-json\/wp\/v2\/pages\/24182\/revisions"}],"predecessor-version":[{"id":24944,"href":"https:\/\/theamericanfrenchfilmfestival.org\/wp-json\/wp\/v2\/pages\/24182\/revisions\/24944"}],"wp:attachment":[{"href":"https:\/\/theamericanfrenchfilmfestival.org\/wp-json\/wp\/v2\/media?parent=24182"}],"curies":[{"name":"wp","href":"https:\/\/api.w.org\/{rel}","templated":true}]}}