{"id":23810,"date":"2025-09-22T16:36:52","date_gmt":"2025-09-22T16:36:52","guid":{"rendered":"https:\/\/theamericanfrenchfilmfestival.org\/?page_id=23810"},"modified":"2025-10-02T06:08:33","modified_gmt":"2025-10-02T06:08:33","slug":"silent-rebellion","status":"publish","type":"page","link":"https:\/\/theamericanfrenchfilmfestival.org\/silent-rebellion\/","title":{"rendered":"SILENT REBELLION"},"content":{"rendered":"<div class=\"wpb-content-wrapper\">[vc_row][vc_column][mk_padding_divider][vc_column_text css=&#8221;.vc_custom_1757004719282{margin-bottom: 0px !important;}&#8221;]\n<h1 style=\"text-align: center;\">SILENT REBELLION<\/h1>\n<h2 style=\"text-align: center;\">(A bras-le-corps)<\/h2>\n<h2 style=\"text-align: center;\"><\/h2>\n<h2 style=\"text-align: center;\"><\/h2>\n<p>&nbsp;<\/p>\n<h2 style=\"text-align: center;\"><\/h2>\n[\/vc_column_text][vc_separator color=&#8221;custom&#8221; css=&#8221;&#8221; accent_color=&#8221;#660084&#8243;][\/vc_column][\/vc_row][vc_row][vc_column width=&#8221;1\/3&#8243;][mk_content_box heading=&#8221;CINEMA COMPETITION &#8211; NEW WAVE SPOTLIGHT&#8221;][vc_column_text css=&#8221;.vc_custom_1758558975143{margin-bottom: 0px !important;}&#8221;]\n<p style=\"text-align: center;\">TRUFFAUT THEATER<\/p>\n<h3 style=\"text-align: center;\">DRAMA, HISTORY<\/h3>\n[\/vc_column_text][\/mk_content_box][mk_padding_divider][\/vc_column][vc_column width=&#8221;1\/3&#8243;][mk_custom_box corner_radius=&#8221;15&#8243; bg_color=&#8221;#dbcce2&#8243;][vc_column_text css=&#8221;.vc_custom_1758559004229{margin-bottom: 0px !important;}&#8221;]\n<p style=\"text-align: center;\"><strong>WEDNESDAY OCTOBER 29<\/strong><br \/>\n1:00 pm (Screening ends at 2:40 pm)<\/p>\n[\/vc_column_text][\/mk_custom_box][mk_padding_divider size=&#8221;10&#8243;][mk_image src=&#8221;https:\/\/theamericanfrenchfilmfestival.org\/wp-content\/uploads\/2022\/09\/order-tickets.jpg&#8221; image_size=&#8221;full&#8221; link=&#8221;https:\/\/theamericanfrenchfilmfestival.eventive.org\/schedule\/68d79ef4a29aea8c6f5a7998&#8243; target=&#8221;_blank&#8221; align=&#8221;center&#8221;][\/vc_column][vc_column width=&#8221;1\/3&#8243;][mk_content_box heading=&#8221;PRESENTED IN ASSOCIATION WITH:&#8221;][vc_column_text css=&#8221;.vc_custom_1758903531784{margin-bottom: 0px !important;}&#8221;]\n<p style=\"text-align: center;\">Salaud Morisset<\/p>\n[\/vc_column_text][\/mk_content_box][\/vc_column][\/vc_row][vc_row][vc_column][mk_padding_divider size=&#8221;20&#8243;][vc_separator color=&#8221;custom&#8221; border_width=&#8221;2&#8243; css=&#8221;&#8221; accent_color=&#8221;#ea1300&#8243;][\/vc_column][\/vc_row][vc_row][vc_column width=&#8221;1\/2&#8243;][vc_column_text css=&#8221;.vc_custom_1758170467525{margin-bottom: 0px !important;}&#8221;]<strong><span style=\"color: #ea1300;\">Special Screening<\/span><\/strong> <span style=\"font-weight: 400;\">| Switzerland, Belgium, French | 2026 | Drama, History | 96 min | In French with English subtitles <\/span><span style=\"font-weight: 400;\"><br \/>\n<b><br \/>\nDirected by: <\/b>Marie-Elsa Sgualdo<br \/>\n<\/span><b>Written by: <\/b><span style=\"font-weight: 400;\">Marie-Elsa Sgualdo, Nadine Lamari<\/span><span style=\"font-weight: 400;\"><br \/>\n<\/span><b>Produced by: <\/b><span style=\"font-weight: 400;\">Elena Tatti &amp; Nicolas Wittwer <\/span><span style=\"font-weight: 400;\">(Box Productions), Julie Esparbes (H<\/span><span style=\"font-weight: 400;\">\u00e9<\/span><span style=\"font-weight: 400;\">licotronc), Fabrice Pr<\/span><span style=\"font-weight: 400;\">\u00e9<\/span><span style=\"font-weight: 400;\">el-Cl<\/span><span style=\"font-weight: 400;\">\u00e9<\/span><span style=\"font-weight: 400;\">ach &amp; Emmanuelle Latourrette (Offshore)<br \/>\n<\/span><b>Cinematography:\u00a0<\/b><span style=\"font-weight: 400;\">Beno\u00eet Dervaux<br \/>\n<\/span><b>Original Score: <\/b><span style=\"font-weight: 400;\">Nicolas Rabaeus<br \/>\n<\/span><b>Film Editing:<\/b><span style=\"font-weight: 400;\"> Karin Sudan<br \/>\n<\/span><b>Cast:<\/b> <span style=\"font-weight: 400;\">Lila Gueneau (Emma), Sasha Gravat (Colette),\u00a0Sandrine Blancke (Alice), Cyril Metzger (Louis), Aur\u00e9lia Petit (\u00c9lise), Gr\u00e9goire Colin (Pastor Robert), Thomas Doret (Paul), Rapha\u00ebl Thiery (peasant 1)<\/span><span style=\"font-weight: 400;\"><br \/>\n<\/span><b>International Sales: <\/b><span style=\"font-weight: 400;\">Salaud Morrisset<\/span><\/p>\n<p style=\"text-align: right;\"><strong><span style=\"color: #660084;\">Synopsis<\/span><\/strong><\/p>\n<p style=\"text-align: justify;\"><span style=\"font-weight: 400;\">Switzerland, 1943. <\/span><b>Marie-Elsa Sgualdo<\/b><span style=\"font-weight: 400;\">&#8216;s restrained debut feature begins with the rape of a teenage girl who gets pregnant, but that&#8217;s where the clich\u00e9s end. Emma lives in a rural Protestant village teeming with hypocrisy \u2014 both moral and political. Set against the backdrop of WWII, at a time when Switzerland, hiding behind a veil of &#8220;neutrality&#8221;, refuses to take a stance and willingly turns Jews over to the Nazis, Emma&#8217;s exquisite story is one of making choices, quiet acts of defiance, and courageously taking a stand, be it societal or personal. Most of all, it&#8217;s a sublime, plain-spoken story of female emancipation.<\/span><\/p>\n<p style=\"text-align: right;\"><strong><span style=\"color: #660084;\">Director&#8217;s biography<\/span><\/strong><\/p>\n<p style=\"text-align: justify;\"><span style=\"font-weight: 400;\">Swiss filmmaker <\/span><b>Marie-Elsa Sgualdo<\/b><span style=\"font-weight: 400;\"> studied fine arts and design in Geneva and holds a Master&#8217;s degree in theater from the Brussels INSAS. <\/span><span style=\"font-weight: 400;\">Her first short, <\/span><i><span style=\"font-weight: 400;\">Vas-y je t&#8217;aime<\/span><\/i><span style=\"font-weight: 400;\"> (2009), was screened in Locarno. She went on to write and direct three more shorts: <\/span><i><span style=\"font-weight: 400;\">Bam Tchak<\/span><\/i><span style=\"font-weight: 400;\"> (2010); <\/span><i><span style=\"font-weight: 400;\">On the Beach<\/span><\/i><span style=\"font-weight: 400;\"> (2012), which garnered the Bayard d\u2019or for Best Short Film at FIFF Namur; and <\/span><i><span style=\"font-weight: 400;\">You Can&#8217;t Do Everything at Once, But You Can Leave Everything at Once<\/span><\/i><span style=\"font-weight: 400;\"> (2013), which was selected for the Cannes Directors Fortnight and screened at fifty more festivals. <\/span><b><i>Silent Rebellion<\/i><\/b><span style=\"font-weight: 400;\">, her first feature, premiered in the Venezia Spotlight section of this year&#8217;s Venice Film Festival.<\/span><\/p>\n[\/vc_column_text][\/vc_column][vc_column width=&#8221;1\/2&#8243;][mk_image src=&#8221;https:\/\/theamericanfrenchfilmfestival.org\/wp-content\/uploads\/2025\/09\/screenshot-2025-09-28-at-10.00.31.png&#8221; image_size=&#8221;full&#8221; link=&#8221;https:\/\/theamericanfrenchfilmfestival.org\/win-a-trip-to-paris\/&#8221; target=&#8221;_blank&#8221; align=&#8221;center&#8221;][mk_image src=&#8221;https:\/\/theamericanfrenchfilmfestival.org\/wp-content\/uploads\/2025\/09\/silent-rebellion.jpeg&#8221; image_size=&#8221;full&#8221; frame_style=&#8221;gray_border&#8221; align=&#8221;center&#8221;][\/vc_column][\/vc_row][vc_row][vc_column][vc_column_text]\n[\/vc_column_text][\/vc_column][\/vc_row]\n<\/div>","protected":false},"excerpt":{"rendered":"<p>[vc_row][vc_column][mk_padding_divider][vc_column_text css=&#8221;.vc_custom_1757004719282{margin-bottom: 0px !important;}&#8221;] SILENT REBELLION (A bras-le-corps) &nbsp; [\/vc_column_text][vc_separator color=&#8221;custom&#8221; css=&#8221;&#8221; accent_color=&#8221;#660084&#8243;][\/vc_column][\/vc_row][vc_row][vc_column width=&#8221;1\/3&#8243;][mk_content_box heading=&#8221;CINEMA COMPETITION &#8211; NEW WAVE SPOTLIGHT&#8221;][vc_column_text css=&#8221;.vc_custom_1758558975143{margin-bottom: 0px !important;}&#8221;] TRUFFAUT THEATER DRAMA, HISTORY [\/vc_column_text][\/mk_content_box][mk_padding_divider][\/vc_column][vc_column width=&#8221;1\/3&#8243;][mk_custom_box corner_radius=&#8221;15&#8243; bg_color=&#8221;#dbcce2&#8243;][vc_column_text css=&#8221;.vc_custom_1758559004229{margin-bottom: 0px !important;}&#8221;] WEDNESDAY OCTOBER 29 1:00 pm (Screening ends at 2:40 pm) [\/vc_column_text][\/mk_custom_box][mk_padding_divider size=&#8221;10&#8243;][mk_image src=&#8221;https:\/\/theamericanfrenchfilmfestival.org\/wp-content\/uploads\/2022\/09\/order-tickets.jpg&#8221; image_size=&#8221;full&#8221; link=&#8221;https:\/\/theamericanfrenchfilmfestival.eventive.org\/schedule\/68d79ef4a29aea8c6f5a7998&#8243; target=&#8221;_blank&#8221; align=&#8221;center&#8221;][\/vc_column][vc_column width=&#8221;1\/3&#8243;][mk_content_box heading=&#8221;PRESENTED IN ASSOCIATION [&hellip;]<\/p>\n","protected":false},"author":4,"featured_media":0,"parent":0,"menu_order":0,"comment_status":"closed","ping_status":"closed","template":"","meta":{"footnotes":""},"class_list":["post-23810","page","type-page","status-publish","hentry"],"_links":{"self":[{"href":"https:\/\/theamericanfrenchfilmfestival.org\/wp-json\/wp\/v2\/pages\/23810","targetHints":{"allow":["GET"]}}],"collection":[{"href":"https:\/\/theamericanfrenchfilmfestival.org\/wp-json\/wp\/v2\/pages"}],"about":[{"href":"https:\/\/theamericanfrenchfilmfestival.org\/wp-json\/wp\/v2\/types\/page"}],"author":[{"embeddable":true,"href":"https:\/\/theamericanfrenchfilmfestival.org\/wp-json\/wp\/v2\/users\/4"}],"replies":[{"embeddable":true,"href":"https:\/\/theamericanfrenchfilmfestival.org\/wp-json\/wp\/v2\/comments?post=23810"}],"version-history":[{"count":10,"href":"https:\/\/theamericanfrenchfilmfestival.org\/wp-json\/wp\/v2\/pages\/23810\/revisions"}],"predecessor-version":[{"id":24841,"href":"https:\/\/theamericanfrenchfilmfestival.org\/wp-json\/wp\/v2\/pages\/23810\/revisions\/24841"}],"wp:attachment":[{"href":"https:\/\/theamericanfrenchfilmfestival.org\/wp-json\/wp\/v2\/media?parent=23810"}],"curies":[{"name":"wp","href":"https:\/\/api.w.org\/{rel}","templated":true}]}}