{"id":23648,"date":"2025-08-27T15:23:26","date_gmt":"2025-08-27T15:23:26","guid":{"rendered":"https:\/\/theamericanfrenchfilmfestival.org\/?page_id=23648"},"modified":"2025-10-03T22:51:22","modified_gmt":"2025-10-03T22:51:22","slug":"the-richest-woman-in-the-world","status":"publish","type":"page","link":"https:\/\/theamericanfrenchfilmfestival.org\/the-richest-woman-in-the-world\/","title":{"rendered":"THE RICHEST WOMAN IN THE WORLD"},"content":{"rendered":"<div class=\"wpb-content-wrapper\">[vc_row][vc_column][mk_padding_divider][vc_column_text css=&#8221;.vc_custom_1756308110980{margin-bottom: 0px !important;}&#8221;]\n<h1 style=\"text-align: center;\">THE RICHEST WOMAN IN THE WORLD<\/h1>\n<h1 style=\"text-align: center;\">(La Femme la plus riche du monde)<\/h1>\n<h2 style=\"text-align: center;\"><\/h2>\n<h2 style=\"text-align: center;\"><\/h2>\n<p>&nbsp;<\/p>\n<h2 style=\"text-align: center;\"><\/h2>\n[\/vc_column_text][vc_separator color=&#8221;custom&#8221; css=&#8221;&#8221; accent_color=&#8221;#660084&#8243;][\/vc_column][\/vc_row][vc_row][vc_column width=&#8221;1\/3&#8243;][mk_content_box heading=&#8221;CINEMA COMPETITION&#8221;][vc_column_text css=&#8221;.vc_custom_1757192949498{margin-bottom: 0px !important;}&#8221;]\n<p style=\"text-align: center;\">RENOIR THEATER<\/p>\n<h3 style=\"text-align: center;\">Comedy, Drama<\/h3>\n[\/vc_column_text][\/mk_content_box][\/vc_column][vc_column width=&#8221;1\/3&#8243;][mk_custom_box corner_radius=&#8221;15&#8243; bg_color=&#8221;#dbcce2&#8243;][vc_column_text css=&#8221;.vc_custom_1759531879789{margin-bottom: 0px !important;}&#8221;]\n<p style=\"text-align: center;\"><strong>FRIDAY OCTOBER 31<\/strong><br \/>\n8:00 pm (Screening ends at 10:10 pm)<br \/>\n<strong>Followed by a conversation with writer\/director Thierry Klifa &amp; writer C\u00e9dric Anger<\/strong><\/p>\n[\/vc_column_text][\/mk_custom_box][mk_padding_divider size=&#8221;10&#8243;][mk_image src=&#8221;https:\/\/theamericanfrenchfilmfestival.org\/wp-content\/uploads\/2022\/09\/order-tickets.jpg&#8221; image_size=&#8221;full&#8221; link=&#8221;https:\/\/theamericanfrenchfilmfestival.eventive.org\/schedule\/68d7a33bac76e13d63a16112&#8243; target=&#8221;_blank&#8221; align=&#8221;center&#8221;][\/vc_column][vc_column width=&#8221;1\/3&#8243;][mk_content_box heading=&#8221;PRESENTED IN ASSOCIATION WITH:&#8221;][vc_column_text css=&#8221;.vc_custom_1758903505626{margin-bottom: 0px !important;}&#8221;]\n<p style=\"text-align: center;\">Playtime<\/p>\n[\/vc_column_text][\/mk_content_box][\/vc_column][\/vc_row][vc_row][vc_column][mk_padding_divider size=&#8221;20&#8243;][vc_separator color=&#8221;custom&#8221; border_width=&#8221;2&#8243; css=&#8221;&#8221; accent_color=&#8221;#ea1300&#8243;][\/vc_column][\/vc_row][vc_row][vc_column width=&#8221;1\/2&#8243;][vc_column_text css=&#8221;.vc_custom_1757722795114{margin-bottom: 0px !important;}&#8221;]<strong><span style=\"color: #ea1300;\">North American Premiere<\/span><\/strong> <span style=\"font-weight: 400;\">|\u00a0France, Belgium |\u00a02025\u00a0|\u00a0Comedy, Drama |\u00a0123\u00a0min\u00a0|\u00a0In French with English subtitles<\/span> <span style=\"font-weight: 400;\"><br \/>\n<b><br \/>\nDirected by: <\/b>Thierry Klifa<br \/>\n<\/span><b>Written by: <\/b><span style=\"font-weight: 400;\">Thierry Klifa,\u00a0C\u00e9dric Anger, Jacques Fieschi<\/span><span style=\"font-weight: 400;\"><br \/>\n<\/span><b>Produced by: <\/b><span style=\"font-weight: 400;\">Mathias Rubin (R<\/span><span style=\"font-weight: 400;\">\u00e9<\/span><span style=\"font-weight: 400;\">cifilms), Ronald Chammah (Les Films du Cam<\/span><span style=\"font-weight: 400;\">\u00e9<\/span><span style=\"font-weight: 400;\">lia), Jacques-Henri Bronckart &amp; Tatjana Kozar (Versus Production)<br \/>\n<\/span><b>Cinematography:\u00a0<\/b><span style=\"font-weight: 400;\">Hichame Alaoui<\/span><span style=\"font-weight: 400;\">\u00e9<br \/>\n<\/span><b>Original Score: <\/b><span style=\"font-weight: 400;\">Alex Beaupain<br \/>\n<\/span><b>Film Editing:<\/b><span style=\"font-weight: 400;\"> Chantal Hymans<br \/>\n<\/span><b>Cast:<\/b> <span style=\"font-weight: 400;\">Isabelle Huppert (Marianne Farr<\/span><span style=\"font-weight: 400;\">\u00e8<\/span><span style=\"font-weight: 400;\">re), Laurent Lafitte (Pierre-Alain), Marina Fo\u00efs (Fr\u00e9d\u00e9rique),<\/span><b>\u00a0<\/b><span style=\"font-weight: 400;\">Andr\u00e9 Marcon (Guy Farr<\/span><span style=\"font-weight: 400;\">\u00e8<\/span><span style=\"font-weight: 400;\">re), Rapha\u00ebl Personnaz (Jer\u00f4me), Mathieu Demy (Jean-Marc), Joseph Olivennes (Rapha\u00ebl), Anne Brochet (Betsy)<\/span><b><br \/>\n<\/b><b>International Sales: <\/b><span style=\"font-weight: 400;\">Playtime<\/span><\/p>\n<p style=\"text-align: right;\"><strong><span style=\"color: #660084;\">Synopsis<\/span><\/strong><\/p>\n<p style=\"text-align: justify;\"><span style=\"font-weight: 400;\">Marianne \u2014 literally <\/span><i><span style=\"font-weight: 400;\">the<\/span><\/i><span style=\"font-weight: 400;\"> richest woman in the world \u2014 is smitten by flamboyant photographer Pierre-Alain at first sight. Immediately inseparable, the twosome soon arouse family suspicions when the younger man begins spinning his web, monopolizing Marianne&#8217;s life&#8230; and progressively siphoning her vast wealth. An appropriately blas\u00e9 Isabelle Huppert and a deliciously over-the-top Laurent Lafitte lead a superb ensemble cast in this fictionalized re-telling of the infamous 2010 Bettencourt scandal, in which heiress Liliane Bettencourt so generously gifted many millions to her prot\u00e9g\u00e9, Fran\u00e7ois-Marie Banier.\u00a0<\/span><\/p>\n<p style=\"text-align: right;\"><strong><span style=\"color: #660084;\">Director&#8217;s biography<\/span><\/strong><\/p>\n<p style=\"text-align: justify;\"><span style=\"font-weight: 400;\">Journalist-turned-filmmaker <\/span><b>Thierry Klifa<\/b><span style=\"font-weight: 400;\"> began his career interviewing actors and directors for <\/span><i><span style=\"font-weight: 400;\">Studio<\/span><\/i><span style=\"font-weight: 400;\"> magazine. He made his first short, <\/span><i><span style=\"font-weight: 400;\">Emilie est partie<\/span><\/i><span style=\"font-weight: 400;\">, featuring screen legend Danielle Darrieux, in 2001. He went on to direct five features,<\/span><i><span style=\"font-weight: 400;\"> Une vie \u00e0 t&#8217;attendre <\/span><\/i><span style=\"font-weight: 400;\">(2004)<\/span><i><span style=\"font-weight: 400;\">; Family Hero <\/span><\/i><span style=\"font-weight: 400;\">(COLCOA 2007)<\/span><i><span style=\"font-weight: 400;\">, His<\/span><\/i> <i><span style=\"font-weight: 400;\">Mother&#8217;s Eyes<\/span><\/i><span style=\"font-weight: 400;\"> (COLCOA 2011), <\/span><i><span style=\"font-weight: 400;\">All That Divides Us<\/span><\/i><span style=\"font-weight: 400;\"> (2017), and <\/span><i><span style=\"font-weight: 400;\">Rachel&#8217;s Game<\/span><\/i><span style=\"font-weight: 400;\"> (2023). His documentaries include <\/span><i><span style=\"font-weight: 400;\">30 ans de C\u00e9sar<\/span><\/i><span style=\"font-weight: 400;\"> (2005) and <\/span><i><span style=\"font-weight: 400;\">Andr\u00e9 T\u00e9chin\u00e9, cin\u00e9aste insoumis<\/span><\/i><span style=\"font-weight: 400;\"> (2019). <\/span><b>The Richest Woman in the World<\/b><span style=\"font-weight: 400;\"> premiered Out of Competition at this year&#8217;s Cannes Film Festival.<\/span><\/p>\n[\/vc_column_text][\/vc_column][vc_column width=&#8221;1\/2&#8243;][mk_image src=&#8221;https:\/\/theamericanfrenchfilmfestival.org\/wp-content\/uploads\/2025\/09\/screenshot-2025-09-28-at-10.00.31.png&#8221; image_size=&#8221;full&#8221; link=&#8221;https:\/\/theamericanfrenchfilmfestival.org\/win-a-trip-to-paris\/&#8221; target=&#8221;_blank&#8221; align=&#8221;center&#8221;][mk_image src=&#8221;https:\/\/theamericanfrenchfilmfestival.org\/wp-content\/uploads\/2025\/09\/the-richest-woman-in-the-world.jpg&#8221; image_size=&#8221;full&#8221; frame_style=&#8221;gray_border&#8221; align=&#8221;center&#8221;][\/vc_column][\/vc_row][vc_row][vc_column][vc_column_text]\n[\/vc_column_text][\/vc_column][\/vc_row]\n<\/div>","protected":false},"excerpt":{"rendered":"<p>[vc_row][vc_column][mk_padding_divider][vc_column_text css=&#8221;.vc_custom_1756308110980{margin-bottom: 0px !important;}&#8221;] THE RICHEST WOMAN IN THE WORLD (La Femme la plus riche du monde) &nbsp; [\/vc_column_text][vc_separator color=&#8221;custom&#8221; css=&#8221;&#8221; accent_color=&#8221;#660084&#8243;][\/vc_column][\/vc_row][vc_row][vc_column width=&#8221;1\/3&#8243;][mk_content_box heading=&#8221;CINEMA COMPETITION&#8221;][vc_column_text css=&#8221;.vc_custom_1757192949498{margin-bottom: 0px !important;}&#8221;] RENOIR THEATER Comedy, Drama [\/vc_column_text][\/mk_content_box][\/vc_column][vc_column width=&#8221;1\/3&#8243;][mk_custom_box corner_radius=&#8221;15&#8243; bg_color=&#8221;#dbcce2&#8243;][vc_column_text css=&#8221;.vc_custom_1759531879789{margin-bottom: 0px !important;}&#8221;] FRIDAY OCTOBER 31 8:00 pm (Screening ends at 10:10 pm) Followed by a conversation with writer\/director [&hellip;]<\/p>\n","protected":false},"author":4,"featured_media":0,"parent":0,"menu_order":0,"comment_status":"closed","ping_status":"closed","template":"","meta":{"footnotes":""},"class_list":["post-23648","page","type-page","status-publish","hentry"],"_links":{"self":[{"href":"https:\/\/theamericanfrenchfilmfestival.org\/wp-json\/wp\/v2\/pages\/23648","targetHints":{"allow":["GET"]}}],"collection":[{"href":"https:\/\/theamericanfrenchfilmfestival.org\/wp-json\/wp\/v2\/pages"}],"about":[{"href":"https:\/\/theamericanfrenchfilmfestival.org\/wp-json\/wp\/v2\/types\/page"}],"author":[{"embeddable":true,"href":"https:\/\/theamericanfrenchfilmfestival.org\/wp-json\/wp\/v2\/users\/4"}],"replies":[{"embeddable":true,"href":"https:\/\/theamericanfrenchfilmfestival.org\/wp-json\/wp\/v2\/comments?post=23648"}],"version-history":[{"count":13,"href":"https:\/\/theamericanfrenchfilmfestival.org\/wp-json\/wp\/v2\/pages\/23648\/revisions"}],"predecessor-version":[{"id":24919,"href":"https:\/\/theamericanfrenchfilmfestival.org\/wp-json\/wp\/v2\/pages\/23648\/revisions\/24919"}],"wp:attachment":[{"href":"https:\/\/theamericanfrenchfilmfestival.org\/wp-json\/wp\/v2\/media?parent=23648"}],"curies":[{"name":"wp","href":"https:\/\/api.w.org\/{rel}","templated":true}]}}