{"id":23498,"date":"2025-08-21T16:07:42","date_gmt":"2025-08-21T16:07:42","guid":{"rendered":"https:\/\/theamericanfrenchfilmfestival.org\/?page_id=23498"},"modified":"2025-10-02T06:21:07","modified_gmt":"2025-10-02T06:21:07","slug":"the-piano-accident","status":"publish","type":"page","link":"https:\/\/theamericanfrenchfilmfestival.org\/the-piano-accident\/","title":{"rendered":"THE PIANO ACCIDENT"},"content":{"rendered":"<div class=\"wpb-content-wrapper\">[vc_row][vc_column][mk_padding_divider][vc_column_text css=&#8221;.vc_custom_1755792306880{margin-bottom: 0px !important;}&#8221;]\n<h1 style=\"text-align: center;\">THE PIANO ACCIDENT<\/h1>\n<h2 style=\"text-align: center;\">(L&#8217;Accident de Piano)<\/h2>\n<h2 style=\"text-align: center;\"><\/h2>\n<h2 style=\"text-align: center;\"><\/h2>\n<h2 style=\"text-align: center;\"><\/h2>\n<p>&nbsp;<\/p>\n<h2 style=\"text-align: center;\"><\/h2>\n[\/vc_column_text][vc_separator color=&#8221;custom&#8221; css=&#8221;&#8221; accent_color=&#8221;#660084&#8243;][\/vc_column][\/vc_row][vc_row][vc_column width=&#8221;1\/3&#8243;][mk_content_box heading=&#8221;CINEMA COMPETITION &#8211; NEW HORIZONS&#8221;][vc_column_text css=&#8221;.vc_custom_1757192784683{margin-bottom: 0px !important;}&#8221;]\n<p style=\"text-align: center;\">RENOIR THEATER<\/p>\n<h3 style=\"text-align: center;\">Comedy, Drama<\/h3>\n[\/vc_column_text][\/mk_content_box][\/vc_column][vc_column width=&#8221;1\/3&#8243;][mk_custom_box corner_radius=&#8221;15&#8243; bg_color=&#8221;#dbcce2&#8243;][vc_column_text css=&#8221;.vc_custom_1758568232623{margin-bottom: 0px !important;}&#8221;]\n<p style=\"text-align: center;\"><strong>FRIDAY OCTOBER 31<\/strong><br \/>\n10:35 pm<\/p>\n[\/vc_column_text][\/mk_custom_box][mk_padding_divider size=&#8221;10&#8243;][mk_image src=&#8221;https:\/\/theamericanfrenchfilmfestival.org\/wp-content\/uploads\/2022\/09\/order-tickets.jpg&#8221; image_size=&#8221;full&#8221; link=&#8221;https:\/\/theamericanfrenchfilmfestival.eventive.org\/schedule\/68d7a488d1f02cbef0f8de6d&#8221; target=&#8221;_blank&#8221; align=&#8221;center&#8221;][\/vc_column][vc_column width=&#8221;1\/3&#8243;][mk_content_box heading=&#8221;PRESENTED IN ASSOCIATION WITH:&#8221;][vc_column_text css=&#8221;.vc_custom_1758903408114{margin-bottom: 0px !important;}&#8221;]\n<p style=\"text-align: center;\">Lucky Number<\/p>\n[\/vc_column_text][\/mk_content_box][\/vc_column][\/vc_row][vc_row][vc_column][mk_padding_divider size=&#8221;20&#8243;][vc_separator color=&#8221;custom&#8221; border_width=&#8221;2&#8243; css=&#8221;&#8221; accent_color=&#8221;#ea1300&#8243;][\/vc_column][\/vc_row][vc_row][vc_column width=&#8221;1\/2&#8243;][vc_column_text css=&#8221;.vc_custom_1757202699794{margin-bottom: 0px !important;}&#8221;]<strong><span style=\"color: #ea1300;\">West Coast Premiere <\/span><\/strong>|\u00a0France |\u00a02025\u00a0|\u00a0Dark Comedy |\u00a088\u00a0min\u00a0|\u00a0In French with English subtitles |<\/p>\n<p><strong>Directed by: <\/strong>Quentin Dupieux<br \/>\n<strong>Written by: <\/strong>Quentin Dupieux<br \/>\n<strong>Produced by: <\/strong>Hugo S\u00e9lignac, Antoine Lafon &amp; Nicolas Dumont (Chi-Fou-Mi Productions), Arte France Cin\u00e9ma, Auvergne-Rhone-Alpes Cin\u00e9ma<br \/>\n<strong>Cinematography:\u00a0<\/strong>Quentin Dupieux<strong><br \/>\n<\/strong><strong>Original Score: <\/strong>Quentin Dupieux<br \/>\n<strong>Film Editing:<\/strong> Quentin Dupieux<br \/>\n<strong>Cast:<\/strong> Ad\u00e8le Exarchopoulos (Magalie Moreau),\u00a0J\u00e9r\u00f4me Commandeur (Patrick Balandras),\u00a0Sandrine Kiberlain (Simone Herzog), Karim Leklou (Rom\u00e9o), Gabin Visona (Karim), Georgia Scalliet (Julia Balandras)<br \/>\n<strong>International Sales: <\/strong>Lucky Number<\/p>\n<p style=\"text-align: right;\"><strong><span style=\"color: #660084;\">Synopsis<\/span><\/strong><\/p>\n<p style=\"text-align: justify;\">Social-media sensation Magalie Moreau, famous for posting shocking videos of herself on the internet, decides to lie low in a swanky mountain chalet following a mysterious accident that occurs during her most recent video shoot. However, her peaceful retreat is disrupted when a pushy journalist begins to blackmail her. Director <strong>Quentin Dupieux<\/strong> is back with another ferociously dark comedy, featuring a go-for-broke performance by the amazing <strong>Ad\u00e8le Exarchopoulos<\/strong>, and training his keen comic eye on the excesses, emptiness and celebrity culture of our modern world. In the words of the absurdist-filmmaker-par-excellence himself, &#8220;<em><strong>The Piano Accident<\/strong><\/em>\u00a0is no more absurd than real life.&#8221;<\/p>\n<p style=\"text-align: right;\"><strong><span style=\"color: #660084;\">Director&#8217;s biography<\/span><\/strong><\/p>\n<p style=\"text-align: justify;\">Iconoclastic French filmmaker, electronic musician, and DJ<strong> Quentin Dupieux<\/strong> began making short films at the age of 18 and has gone on to direct fourteen pretty surreal features. He not only writes and directs them all; he shoots and edits them, as well&#8230; and for many years even composed their scores. His earliest features \u2014 his breakout film <em>Rubber<\/em> (2010); <em>Wrong<\/em> (2012), which premiered in Sundance; <em>Wrong Cops<\/em> (2013), which premiered in Cannes; and <em>Reality<\/em>\u00a0(2014), which premiered in Venice \u2014 were all produced in the United States. His French productions include <em>Keep an Eye Out<\/em> (2018); <em>Deerskin<\/em> (COLCOA 2019), that year&#8217;s opening film at the Cannes Director&#8217;s Fortnight; <em>Mandibles<\/em>\u00a0(2020), screened out of competition in Cannes; <em>Incredible But True<\/em>\u00a0(2022); <em>Smoking Causes Coughing<\/em> (2022); <em>Yannick<\/em> (2023); Daaaaaali! (2024), which also premiered in Venice; and <em>The Second Act<\/em> (TAFFF 2024), the opening film of last year&#8217;s Cannes Film Festival. <strong><em>The Piano Accident<\/em><\/strong> was released to great acclaim in France in July.<\/p>\n[\/vc_column_text][\/vc_column][vc_column width=&#8221;1\/2&#8243;][mk_image src=&#8221;https:\/\/theamericanfrenchfilmfestival.org\/wp-content\/uploads\/2025\/09\/screenshot-2025-09-28-at-10.00.31.png&#8221; image_size=&#8221;full&#8221; link=&#8221;https:\/\/theamericanfrenchfilmfestival.org\/win-a-trip-to-paris\/&#8221; target=&#8221;_blank&#8221; align=&#8221;center&#8221;][mk_image src=&#8221;https:\/\/theamericanfrenchfilmfestival.org\/wp-content\/uploads\/2025\/09\/the-piano-accident.jpg&#8221; image_size=&#8221;full&#8221; frame_style=&#8221;gray_border&#8221; align=&#8221;center&#8221;][\/vc_column][\/vc_row][vc_row][vc_column][vc_column_text]\n[\/vc_column_text][\/vc_column][\/vc_row]\n<\/div>","protected":false},"excerpt":{"rendered":"<p>[vc_row][vc_column][mk_padding_divider][vc_column_text css=&#8221;.vc_custom_1755792306880{margin-bottom: 0px !important;}&#8221;] THE PIANO ACCIDENT (L&#8217;Accident de Piano) &nbsp; [\/vc_column_text][vc_separator color=&#8221;custom&#8221; css=&#8221;&#8221; accent_color=&#8221;#660084&#8243;][\/vc_column][\/vc_row][vc_row][vc_column width=&#8221;1\/3&#8243;][mk_content_box heading=&#8221;CINEMA COMPETITION &#8211; NEW HORIZONS&#8221;][vc_column_text css=&#8221;.vc_custom_1757192784683{margin-bottom: 0px !important;}&#8221;] RENOIR THEATER Comedy, Drama [\/vc_column_text][\/mk_content_box][\/vc_column][vc_column width=&#8221;1\/3&#8243;][mk_custom_box corner_radius=&#8221;15&#8243; bg_color=&#8221;#dbcce2&#8243;][vc_column_text css=&#8221;.vc_custom_1758568232623{margin-bottom: 0px !important;}&#8221;] FRIDAY OCTOBER 31 10:35 pm [\/vc_column_text][\/mk_custom_box][mk_padding_divider size=&#8221;10&#8243;][mk_image src=&#8221;https:\/\/theamericanfrenchfilmfestival.org\/wp-content\/uploads\/2022\/09\/order-tickets.jpg&#8221; image_size=&#8221;full&#8221; link=&#8221;https:\/\/theamericanfrenchfilmfestival.eventive.org\/schedule\/68d7a488d1f02cbef0f8de6d&#8221; target=&#8221;_blank&#8221; align=&#8221;center&#8221;][\/vc_column][vc_column width=&#8221;1\/3&#8243;][mk_content_box heading=&#8221;PRESENTED IN ASSOCIATION WITH:&#8221;][vc_column_text css=&#8221;.vc_custom_1758903408114{margin-bottom: 0px !important;}&#8221;] [&hellip;]<\/p>\n","protected":false},"author":4,"featured_media":0,"parent":0,"menu_order":0,"comment_status":"closed","ping_status":"closed","template":"","meta":{"footnotes":""},"class_list":["post-23498","page","type-page","status-publish","hentry"],"_links":{"self":[{"href":"https:\/\/theamericanfrenchfilmfestival.org\/wp-json\/wp\/v2\/pages\/23498","targetHints":{"allow":["GET"]}}],"collection":[{"href":"https:\/\/theamericanfrenchfilmfestival.org\/wp-json\/wp\/v2\/pages"}],"about":[{"href":"https:\/\/theamericanfrenchfilmfestival.org\/wp-json\/wp\/v2\/types\/page"}],"author":[{"embeddable":true,"href":"https:\/\/theamericanfrenchfilmfestival.org\/wp-json\/wp\/v2\/users\/4"}],"replies":[{"embeddable":true,"href":"https:\/\/theamericanfrenchfilmfestival.org\/wp-json\/wp\/v2\/comments?post=23498"}],"version-history":[{"count":13,"href":"https:\/\/theamericanfrenchfilmfestival.org\/wp-json\/wp\/v2\/pages\/23498\/revisions"}],"predecessor-version":[{"id":24856,"href":"https:\/\/theamericanfrenchfilmfestival.org\/wp-json\/wp\/v2\/pages\/23498\/revisions\/24856"}],"wp:attachment":[{"href":"https:\/\/theamericanfrenchfilmfestival.org\/wp-json\/wp\/v2\/media?parent=23498"}],"curies":[{"name":"wp","href":"https:\/\/api.w.org\/{rel}","templated":true}]}}