{"id":23247,"date":"2025-08-03T15:18:02","date_gmt":"2025-08-03T15:18:02","guid":{"rendered":"https:\/\/theamericanfrenchfilmfestival.org\/?page_id=23247"},"modified":"2025-10-03T23:05:54","modified_gmt":"2025-10-03T23:05:54","slug":"love-me-tender","status":"publish","type":"page","link":"https:\/\/theamericanfrenchfilmfestival.org\/love-me-tender\/","title":{"rendered":"LOVE ME TENDER"},"content":{"rendered":"<div class=\"wpb-content-wrapper\">[vc_row][vc_column][mk_padding_divider][vc_column_text css=&#8221;.vc_custom_1754234259383{margin-bottom: 0px !important;}&#8221;]\n<h1 style=\"text-align: center;\">LOVE ME TENDER<\/h1>\n<h2 style=\"text-align: center;\"><\/h2>\n<h2 style=\"text-align: center;\"><\/h2>\n<h2 style=\"text-align: center;\"><\/h2>\n<p>&nbsp;<\/p>\n<h2 style=\"text-align: center;\"><\/h2>\n[\/vc_column_text][vc_separator color=&#8221;custom&#8221; css=&#8221;&#8221; accent_color=&#8221;#660084&#8243;][\/vc_column][\/vc_row][vc_row][vc_column width=&#8221;1\/3&#8243;][mk_content_box heading=&#8221;CINEMA COMPETITION &#8211; NEXT WAVE SPOTLIGHT&#8221;][vc_column_text css=&#8221;.vc_custom_1758560640802{margin-bottom: 0px !important;}&#8221;]\n<p style=\"text-align: center;\">TRUFFAUT THEATER<\/p>\n<h3 style=\"text-align: center;\">Drama<\/h3>\n[\/vc_column_text][\/mk_content_box][\/vc_column][vc_column width=&#8221;1\/3&#8243;][mk_custom_box corner_radius=&#8221;15&#8243; bg_color=&#8221;#dbcce2&#8243;][vc_column_text css=&#8221;.vc_custom_1759532739351{margin-bottom: 0px !important;}&#8221;]\n<p style=\"text-align: center;\"><strong>WEDNESDAY OCTOBER 29<\/strong><br \/>\nScreening starts at 8:50 pm<br \/>\n<strong>Followed by a conversation with writer\/director Anna Cazenave Cambet<\/strong><\/p>\n[\/vc_column_text][\/mk_custom_box][mk_padding_divider size=&#8221;10&#8243;][mk_image src=&#8221;https:\/\/theamericanfrenchfilmfestival.org\/wp-content\/uploads\/2022\/09\/order-tickets.jpg&#8221; image_size=&#8221;full&#8221; link=&#8221;https:\/\/theamericanfrenchfilmfestival.eventive.org\/schedule\/68d7a1073344a1c797b60021&#8243; target=&#8221;_blank&#8221; align=&#8221;center&#8221;][\/vc_column][vc_column width=&#8221;1\/3&#8243;][mk_content_box heading=&#8221;PRESENTED IN ASSOCIATION WITH:&#8221;][vc_column_text css=&#8221;.vc_custom_1758902752188{margin-bottom: 0px !important;}&#8221;]\n<p style=\"text-align: center;\">Be For Films<br \/>\nFrance T\u00e9l\u00e9visions<\/p>\n[\/vc_column_text][\/mk_content_box][\/vc_column][\/vc_row][vc_row][vc_column][mk_padding_divider size=&#8221;20&#8243;][vc_separator color=&#8221;custom&#8221; border_width=&#8221;2&#8243; css=&#8221;&#8221; accent_color=&#8221;#ea1300&#8243;][\/vc_column][\/vc_row][vc_row][vc_column width=&#8221;1\/2&#8243;][vc_column_text css=&#8221;.vc_custom_1756929676154{margin-bottom: 0px !important;}&#8221;]<strong><span style=\"color: #ea1300;\">North American Premiere<\/span><\/strong> <span style=\"font-weight: 400;\">|\u00a0France |\u00a02025\u00a0|\u00a0Drama |\u00a0133\u00a0min\u00a0|\u00a0In French with English subtitles<\/span><\/p>\n<p><b>Directed by: <\/b><span style=\"font-weight: 400;\">Anna Cazenave Cambet<\/span><span style=\"font-weight: 400;\"><br \/>\n<\/span><b>Written by: <\/b><span style=\"font-weight: 400;\">Anna Cazenave Cambet<\/span><span style=\"font-weight: 400;\"><br \/>\n<\/span><b>Based on the Book by<\/b><span style=\"font-weight: 400;\">: <\/span><span style=\"font-weight: 400;\">Constance Debr\u00e9<\/span><span style=\"font-weight: 400;\"><br \/>\n<\/span><b>Produced by: <\/b><span style=\"font-weight: 400;\">Rapha\u00eblle Delauche &amp; Nicolas Sanfaute\u00a0(Novoprod), France 2 Cin<\/span><span style=\"font-weight: 400;\">\u00e9<\/span><span style=\"font-weight: 400;\">ma<br \/>\n<\/span><b>Cinematography:\u00a0<\/b><span style=\"font-weight: 400;\">Kristy Baboul<br \/>\n<\/span><b>Original Score: <\/b><span style=\"font-weight: 400;\">Maxence Duss\u00e8re<br \/>\n<\/span><b>Film Editing:<\/b><span style=\"font-weight: 400;\"> Joris Laquittant<br \/>\n<\/span><b>Cast:<\/b> <span style=\"font-weight: 400;\">Vicky Krieps (Cl\u00e9mence),\u00a0Antoine Reinartz (Laurent),\u00a0Monia Chokri (Sarah), Viggo Ferreira-Redier (Paul), Ji-Min Park (Victoire), Salif Ciss\u00e9 (the psychiatrist expert), F\u00e9odor Atkine (the father), Aur\u00e9lia Petit (the mediator)<br \/>\n<\/span><b>International Sales: <\/b><span style=\"font-weight: 400;\">Be For Films<\/span><\/p>\n<p style=\"text-align: right;\"><strong><span style=\"color: #660084;\">Synopsis<\/span><\/strong><\/p>\n<p><span style=\"font-weight: 400;\">Divorced and literally glowing in her new-found sexual freedom, Cl\u00e9mence is ebullient as she leaves a Paris swimming pool to meet her happy-go-lucky ex, Laurent, to make an announcement: she&#8217;s now into women. But Laurent is not as laid-back as he seems and quickly turns the tables on her and their hitherto amicable joint custody agreement. Vicky Krieps turns in another luminous, powerhouse performance in <\/span><b>Anna Cazenave Cambet<\/b><span style=\"font-weight: 400;\">&#8216;s adaptation of Constance Debr\u00e9&#8217;s autobiographical novel, plunging us into the complex moral dilemmas implicit in society&#8217;s searing either\/or notions of motherhood vs. self-fulfillment.<\/span><\/p>\n<p style=\"text-align: right;\"><strong><span style=\"color: #660084;\">Director&#8217;s Biography<\/span><\/strong><\/p>\n<p><span style=\"font-weight: 400;\">A graduate of the La F\u00e9mis film school in Paris, <\/span><b>Anna Cazenave Cambet<\/b><span style=\"font-weight: 400;\"> wrote and directed her first short, <\/span><i><span style=\"font-weight: 400;\">Gabber Lover<\/span><\/i><span style=\"font-weight: 400;\">, in 2016, which snagged the Short Film Queer Palm in Cannes, the VFF Young Talent Award at the Munich Film Festival, and the Jury Award for Best Student Live-Action Short at the Palm Springs International Short Fest. That was followed by the short <\/span><i><span style=\"font-weight: 400;\">lemanja c\u0153ur oc\u00e9an<\/span><\/i><span style=\"font-weight: 400;\"> (2017). Her first feature, <\/span><i><span style=\"font-weight: 400;\">Gold for Dogs<\/span><\/i><span style=\"font-weight: 400;\"> (2020) was screened in the Critics&#8217; Week section in Cannes. <\/span><b><i>Love Me Tender<\/i><\/b><span style=\"font-weight: 400;\">, her second feature, premi\u00e8red in the Un Certain Regard section of this year&#8217;s Cannes Film Festival.<\/span>[\/vc_column_text][\/vc_column][vc_column width=&#8221;1\/2&#8243;][mk_image src=&#8221;https:\/\/theamericanfrenchfilmfestival.org\/wp-content\/uploads\/2025\/09\/screenshot-2025-09-28-at-10.00.31.png&#8221; image_size=&#8221;full&#8221; link=&#8221;https:\/\/theamericanfrenchfilmfestival.org\/win-a-trip-to-paris\/&#8221; target=&#8221;_blank&#8221; align=&#8221;center&#8221;][mk_image src=&#8221;https:\/\/theamericanfrenchfilmfestival.org\/wp-content\/uploads\/2025\/09\/love-me-tender.jpg&#8221; image_size=&#8221;full&#8221; frame_style=&#8221;gray_border&#8221; align=&#8221;center&#8221;][\/vc_column][\/vc_row][vc_row][vc_column][vc_column_text]\n[\/vc_column_text][\/vc_column][\/vc_row]\n<\/div>","protected":false},"excerpt":{"rendered":"<p>[vc_row][vc_column][mk_padding_divider][vc_column_text css=&#8221;.vc_custom_1754234259383{margin-bottom: 0px !important;}&#8221;] LOVE ME TENDER &nbsp; [\/vc_column_text][vc_separator color=&#8221;custom&#8221; css=&#8221;&#8221; accent_color=&#8221;#660084&#8243;][\/vc_column][\/vc_row][vc_row][vc_column width=&#8221;1\/3&#8243;][mk_content_box heading=&#8221;CINEMA COMPETITION &#8211; NEXT WAVE SPOTLIGHT&#8221;][vc_column_text css=&#8221;.vc_custom_1758560640802{margin-bottom: 0px !important;}&#8221;] TRUFFAUT THEATER Drama [\/vc_column_text][\/mk_content_box][\/vc_column][vc_column width=&#8221;1\/3&#8243;][mk_custom_box corner_radius=&#8221;15&#8243; bg_color=&#8221;#dbcce2&#8243;][vc_column_text css=&#8221;.vc_custom_1759532739351{margin-bottom: 0px !important;}&#8221;] WEDNESDAY OCTOBER 29 Screening starts at 8:50 pm Followed by a conversation with writer\/director Anna Cazenave Cambet [\/vc_column_text][\/mk_custom_box][mk_padding_divider size=&#8221;10&#8243;][mk_image src=&#8221;https:\/\/theamericanfrenchfilmfestival.org\/wp-content\/uploads\/2022\/09\/order-tickets.jpg&#8221; image_size=&#8221;full&#8221; link=&#8221;https:\/\/theamericanfrenchfilmfestival.eventive.org\/schedule\/68d7a1073344a1c797b60021&#8243; target=&#8221;_blank&#8221; [&hellip;]<\/p>\n","protected":false},"author":4,"featured_media":0,"parent":0,"menu_order":0,"comment_status":"closed","ping_status":"closed","template":"","meta":{"footnotes":""},"class_list":["post-23247","page","type-page","status-publish","hentry"],"_links":{"self":[{"href":"https:\/\/theamericanfrenchfilmfestival.org\/wp-json\/wp\/v2\/pages\/23247","targetHints":{"allow":["GET"]}}],"collection":[{"href":"https:\/\/theamericanfrenchfilmfestival.org\/wp-json\/wp\/v2\/pages"}],"about":[{"href":"https:\/\/theamericanfrenchfilmfestival.org\/wp-json\/wp\/v2\/types\/page"}],"author":[{"embeddable":true,"href":"https:\/\/theamericanfrenchfilmfestival.org\/wp-json\/wp\/v2\/users\/4"}],"replies":[{"embeddable":true,"href":"https:\/\/theamericanfrenchfilmfestival.org\/wp-json\/wp\/v2\/comments?post=23247"}],"version-history":[{"count":19,"href":"https:\/\/theamericanfrenchfilmfestival.org\/wp-json\/wp\/v2\/pages\/23247\/revisions"}],"predecessor-version":[{"id":24932,"href":"https:\/\/theamericanfrenchfilmfestival.org\/wp-json\/wp\/v2\/pages\/23247\/revisions\/24932"}],"wp:attachment":[{"href":"https:\/\/theamericanfrenchfilmfestival.org\/wp-json\/wp\/v2\/media?parent=23247"}],"curies":[{"name":"wp","href":"https:\/\/api.w.org\/{rel}","templated":true}]}}