{"id":23185,"date":"2025-07-28T17:02:54","date_gmt":"2025-07-28T17:02:54","guid":{"rendered":"https:\/\/theamericanfrenchfilmfestival.org\/?page_id=23185"},"modified":"2025-10-03T23:03:36","modified_gmt":"2025-10-03T23:03:36","slug":"drugged-and-abused-no-more-shame","status":"publish","type":"page","link":"https:\/\/theamericanfrenchfilmfestival.org\/drugged-and-abused-no-more-shame\/","title":{"rendered":"DRUGGED AND ABUSED: NO MORE SHAME"},"content":{"rendered":"<div class=\"wpb-content-wrapper\">[vc_row][vc_column][mk_padding_divider][vc_column_text css=&#8221;.vc_custom_1757371689307{margin-bottom: 0px !important;}&#8221;]\n<h1 style=\"text-align: center;\">DRUGGED AND ABUSED: NO MORE SHAME<\/h1>\n<h2 style=\"text-align: center;\">(Soumission chimique: Pour que la honte change de camp)<\/h2>\n<h2 style=\"text-align: center;\"><\/h2>\n<h2 style=\"text-align: center;\"><\/h2>\n<h2 style=\"text-align: center;\"><\/h2>\n<p>&nbsp;<\/p>\n<h2 style=\"text-align: center;\"><\/h2>\n[\/vc_column_text][vc_separator color=&#8221;custom&#8221; css=&#8221;&#8221; accent_color=&#8221;#660084&#8243;][\/vc_column][\/vc_row][vc_row][vc_column width=&#8221;1\/3&#8243;][mk_content_box heading=&#8221;TELEVISION &amp; DOCUMENTARY COMPETITION&#8221;][vc_column_text css=&#8221;.vc_custom_1757463218917{margin-bottom: 0px !important;}&#8221;]\n<p style=\"text-align: center;\">MELVILLE THEATER<\/p>\n<h3 style=\"text-align: center;\">Documentary<\/h3>\n[\/vc_column_text][\/mk_content_box][\/vc_column][vc_column width=&#8221;1\/3&#8243;][mk_custom_box corner_radius=&#8221;15&#8243; bg_color=&#8221;#dbcce2&#8243;][vc_column_text css=&#8221;.vc_custom_1758580113953{margin-bottom: 0px !important;}&#8221;]\n<p style=\"text-align: center;\"><strong>WEDNESDAY OCTOBER 29<br \/>\n<\/strong>2:50pm (Screening ends at 4:30 pm)<br \/>\n<strong>FRIDAY OCTOBER 31<\/strong><br \/>\n9:00 am (Screening ends at 10:40 am)<br \/>\n<strong>SATURDAY NOVEMBER 1<\/strong><br \/>\n3:10 pm (Screening ends at 4:50 pm)<br \/>\n<strong>SUNDAY NOVEMBER 2<\/strong><br \/>\n1:10 pm (Screening ends at 3:00 pm)<\/p>\n[\/vc_column_text][\/mk_custom_box][mk_padding_divider size=&#8221;10&#8243;][\/vc_column][vc_column width=&#8221;1\/3&#8243;][mk_content_box heading=&#8221;PRESENTED IN ASSOCIATION WITH:&#8221;][vc_column_text css=&#8221;.vc_custom_1759532614956{margin-bottom: 0px !important;}&#8221;]\n<p class=\"p1\" style=\"text-align: center;\">Studio TF1<br \/>\nFrance T\u00e9l\u00e9visions<br \/>\nInternational Documentary Association<\/p>\n[\/vc_column_text][\/mk_content_box][\/vc_column][\/vc_row][vc_row][vc_column][mk_padding_divider size=&#8221;20&#8243;][vc_separator color=&#8221;custom&#8221; border_width=&#8221;2&#8243; css=&#8221;&#8221; accent_color=&#8221;#ea1300&#8243;][\/vc_column][\/vc_row][vc_row][vc_column width=&#8221;1\/2&#8243;][vc_column_text css=&#8221;.vc_custom_1758287786869{margin-bottom: 0px !important;}&#8221;]<strong><span style=\"color: #ea1300;\">North American Premiere <\/span><\/strong>| France | 2025 | Documentary | 95 min | In French with English subtitles<br \/>\n<strong><br \/>\nDirected by: <\/strong>Linda Bendali<br \/>\n<strong>Written by: <\/strong>Linda Bendali, Andr\u00e9a Rawlins-Gaston<br \/>\n<strong>Produced by: <\/strong>Andr\u00e9a Rawlins-Gaston, Patrice Lorton (Capa Presse), France T\u00e9l\u00e9visions<br \/>\n<strong>Cinematography:\u00a0<\/strong>Benjamin Celier<br \/>\n<strong>Original Score: <\/strong>Thomas Dappelo<br \/>\n<strong>Film Editing:<\/strong> Luc Golfin, Luc Belmondo<br \/>\n<strong>Cast:<\/strong> Gis\u00e8le Pelicot, Caroline Darian, Dominique Pelicot<br \/>\n<strong>International Sales: <\/strong>Studio TF1<br \/>\n<strong>Original Broadcast:<\/strong> France 2, January 2025<\/p>\n<p style=\"text-align: right;\"><strong><span style=\"color: #660084;\">Synopsis<\/span><\/strong><\/p>\n<p style=\"text-align: justify;\">In December 2024, Dominique Pelicot and 49 other men were famously convicted of rape in a trial that sent shockwaves through France and beyond. Over a period of ten years, Dominique had solicited some 70 strangers to sexually assault his drugged and unconscious wife, Gis\u00e8le, who has since become an icon of extraordinary strength and courage the world over. Coming to grips with that horrific truth, their daughter Caroline has worked tirelessly to raise public awareness of the shocking reality of a widespread scourge of drug-facilitated rape in France and to recount the similar stories of other victims, in a bold attempt to shift the shame of rape from victim to perpetrator.<\/p>\n<p style=\"text-align: right;\"><strong><span style=\"color: #660084;\">Director&#8217;s biography<\/span><\/strong><\/p>\n<p style=\"text-align: justify;\">Investigative journalist and documentary filmmaker <strong>Linda Bendali<\/strong> has conducted many investigations and directed numerous episodes for French TV series, including <em>Histoire Imm\u00e9diate<\/em> (2014), <em>Lundi en histoires<\/em> (2015), <em>Sp\u00e9cial Investigation<\/em> (2015), <em>Le doc du dimanche<\/em> (2016), <em>Crisis Unit<\/em> (2017-2018), and <em>La case du si\u00e8cle<\/em> (2021). She has also written and directed the TV documentary feature <em>Paris sportifs, les bookmakers raflent la mise<\/em> (2023).<\/p>\n[\/vc_column_text][\/vc_column][vc_column width=&#8221;1\/2&#8243;][mk_image src=&#8221;https:\/\/theamericanfrenchfilmfestival.org\/wp-content\/uploads\/2025\/09\/screenshot-2025-09-28-at-10.07.49.png&#8221; image_size=&#8221;full&#8221; link=&#8221;https:\/\/theamericanfrenchfilmfestival.org\/win-a-cruise-for-two-in-europe\/&#8221; target=&#8221;_blank&#8221; align=&#8221;center&#8221;][mk_image src=&#8221;https:\/\/theamericanfrenchfilmfestival.org\/wp-content\/uploads\/2025\/08\/drugged-and-abused-no-more-shame_poster_70x100_def-edwige-christin.jpg&#8221; image_size=&#8221;full&#8221; frame_style=&#8221;gray_border&#8221; align=&#8221;center&#8221;][\/vc_column][\/vc_row]\n<\/div>","protected":false},"excerpt":{"rendered":"<p>[vc_row][vc_column][mk_padding_divider][vc_column_text css=&#8221;.vc_custom_1757371689307{margin-bottom: 0px !important;}&#8221;] DRUGGED AND ABUSED: NO MORE SHAME (Soumission chimique: Pour que la honte change de camp) &nbsp; [\/vc_column_text][vc_separator color=&#8221;custom&#8221; css=&#8221;&#8221; accent_color=&#8221;#660084&#8243;][\/vc_column][\/vc_row][vc_row][vc_column width=&#8221;1\/3&#8243;][mk_content_box heading=&#8221;TELEVISION &amp; DOCUMENTARY COMPETITION&#8221;][vc_column_text css=&#8221;.vc_custom_1757463218917{margin-bottom: 0px !important;}&#8221;] MELVILLE THEATER Documentary [\/vc_column_text][\/mk_content_box][\/vc_column][vc_column width=&#8221;1\/3&#8243;][mk_custom_box corner_radius=&#8221;15&#8243; bg_color=&#8221;#dbcce2&#8243;][vc_column_text css=&#8221;.vc_custom_1758580113953{margin-bottom: 0px !important;}&#8221;] WEDNESDAY OCTOBER 29 2:50pm (Screening ends at 4:30 pm) FRIDAY OCTOBER 31 9:00 [&hellip;]<\/p>\n","protected":false},"author":4,"featured_media":0,"parent":0,"menu_order":0,"comment_status":"closed","ping_status":"closed","template":"","meta":{"footnotes":""},"class_list":["post-23185","page","type-page","status-publish","hentry"],"_links":{"self":[{"href":"https:\/\/theamericanfrenchfilmfestival.org\/wp-json\/wp\/v2\/pages\/23185","targetHints":{"allow":["GET"]}}],"collection":[{"href":"https:\/\/theamericanfrenchfilmfestival.org\/wp-json\/wp\/v2\/pages"}],"about":[{"href":"https:\/\/theamericanfrenchfilmfestival.org\/wp-json\/wp\/v2\/types\/page"}],"author":[{"embeddable":true,"href":"https:\/\/theamericanfrenchfilmfestival.org\/wp-json\/wp\/v2\/users\/4"}],"replies":[{"embeddable":true,"href":"https:\/\/theamericanfrenchfilmfestival.org\/wp-json\/wp\/v2\/comments?post=23185"}],"version-history":[{"count":22,"href":"https:\/\/theamericanfrenchfilmfestival.org\/wp-json\/wp\/v2\/pages\/23185\/revisions"}],"predecessor-version":[{"id":24929,"href":"https:\/\/theamericanfrenchfilmfestival.org\/wp-json\/wp\/v2\/pages\/23185\/revisions\/24929"}],"wp:attachment":[{"href":"https:\/\/theamericanfrenchfilmfestival.org\/wp-json\/wp\/v2\/media?parent=23185"}],"curies":[{"name":"wp","href":"https:\/\/api.w.org\/{rel}","templated":true}]}}