{"id":23100,"date":"2025-07-21T20:34:14","date_gmt":"2025-07-21T20:34:14","guid":{"rendered":"https:\/\/theamericanfrenchfilmfestival.org\/?page_id=23100"},"modified":"2025-10-02T06:26:50","modified_gmt":"2025-10-02T06:26:50","slug":"summer-beats","status":"publish","type":"page","link":"https:\/\/theamericanfrenchfilmfestival.org\/summer-beats\/","title":{"rendered":"SUMMER BEATS"},"content":{"rendered":"<div class=\"wpb-content-wrapper\">[vc_row][vc_column][mk_padding_divider][vc_column_text css=&#8221;.vc_custom_1753379654035{margin-bottom: 0px !important;}&#8221;]\n<h1 style=\"text-align: center;\">SUMMER BEATS<\/h1>\n<h2 style=\"text-align: center;\">(Ma Fr\u00e8re)<\/h2>\n<h2 style=\"text-align: center;\"><\/h2>\n<h2 style=\"text-align: center;\"><\/h2>\n<h2 style=\"text-align: center;\"><\/h2>\n<h2 style=\"text-align: center;\"><\/h2>\n<p>&nbsp;<\/p>\n<h2 style=\"text-align: center;\"><\/h2>\n[\/vc_column_text][vc_separator color=&#8221;custom&#8221; css=&#8221;&#8221; accent_color=&#8221;#660084&#8243;][\/vc_column][\/vc_row][vc_row][vc_column width=&#8221;1\/3&#8243;][mk_content_box heading=&#8221;CINEMA COMPETITION &#8211; NEXT WAVE SPOTLIGHT&#8221;][vc_column_text css=&#8221;.vc_custom_1757290427150{margin-bottom: 0px !important;}&#8221;]\n<p style=\"text-align: center;\">RENOIR THEATER<\/p>\n<h3 style=\"text-align: center;\">Drama, Comedy<\/h3>\n[\/vc_column_text][\/mk_content_box][\/vc_column][vc_column width=&#8221;1\/3&#8243;][mk_custom_box corner_radius=&#8221;15&#8243; bg_color=&#8221;#dbcce2&#8243;][vc_column_text css=&#8221;.vc_custom_1758579111303{margin-bottom: 0px !important;}&#8221;]\n<p style=\"text-align: center;\"><strong>SUNDAY NOVEMBER 2<\/strong><br \/>\n11:00 am (Screening ends at 12:55 pm)<\/p>\n[\/vc_column_text][\/mk_custom_box][mk_padding_divider size=&#8221;10&#8243;][mk_image src=&#8221;https:\/\/theamericanfrenchfilmfestival.org\/wp-content\/uploads\/2022\/09\/order-tickets.jpg&#8221; image_size=&#8221;full&#8221; link=&#8221;https:\/\/theamericanfrenchfilmfestival.eventive.org\/schedule\/68d7a9d61567b1c166f09a6f&#8221; target=&#8221;_blank&#8221; align=&#8221;center&#8221;][\/vc_column][vc_column width=&#8221;1\/3&#8243;][mk_content_box heading=&#8221;PRESENTED IN ASSOCIATION WITH:&#8221;][vc_column_text css=&#8221;.vc_custom_1758903745116{margin-bottom: 0px !important;}&#8221;]\n<p style=\"text-align: center;\">StudioCanal<\/p>\n[\/vc_column_text][\/mk_content_box][\/vc_column][\/vc_row][vc_row][vc_column][mk_padding_divider size=&#8221;20&#8243;][vc_separator color=&#8221;custom&#8221; border_width=&#8221;2&#8243; css=&#8221;&#8221; accent_color=&#8221;#ea1300&#8243;][\/vc_column][\/vc_row][vc_row][vc_column width=&#8221;1\/2&#8243;][vc_column_text css=&#8221;.vc_custom_1758402388628{margin-bottom: 0px !important;}&#8221;]<strong><span style=\"color: #ea1300;\">Los Angeles\u00a0 Premiere<\/span><\/strong> <span style=\"font-weight: 400;\">| France | 2026 | Drama, Comedy | 112 min | In French with English subtitles<br \/>\n<\/span><span style=\"font-weight: 400;\"><br \/>\n<b>Directed by: <\/b>Lise Akoka, Romane Gueret<\/span><br \/>\n<b>Written by: <\/b><span style=\"font-weight: 400;\">Lise Akoka, Romane Gueret, Catherine Paill\u00e9<\/span><span style=\"font-weight: 400;\"><br \/>\n<\/span><b>Produced by: <\/b><span style=\"font-weight: 400;\">Jean Dathanat &amp; Pierre Grimaux (Superstructure), Auvergne-Rh\u00f4ne-Alpes Cin\u00e9ma, France 3 Cin\u00e9ma<\/span><br \/>\n<b>Cinematography:\u00a0<\/b><span style=\"font-weight: 400;\">Jean-Fran\u00e7ois Hensgens<\/span><br \/>\n<b>Film Editing:<\/b><span style=\"font-weight: 400;\"> Albertine Lastera<\/span><br \/>\n<b>Cast:<\/b> <span style=\"font-weight: 400;\">Shirel Nataf (Sha\u00ef),\u00a0Fanta Kebe (Djeneba),\u00a0Zakaria-Tayeb Lazab (Isma\u00ebl), Mouctar Diawara (Aladi), Idir Azougli (Youssef), Suzanne de Baecque (Bereng\u00e8re), Amel Bent (Sabrina), Yuming Hey (Na\u00ebl) <\/span><span style=\"font-weight: 400;\"><br \/>\n<\/span><b>International Sales: <\/b><span style=\"font-weight: 400;\">StudioCanal<\/span><\/p>\n<p style=\"text-align: right;\"><strong><span style=\"color: #660084;\">Synopsis<\/span><\/strong><\/p>\n<p style=\"text-align: justify;\"><span style=\"font-weight: 400;\">Shai and Djeneba have always been besties, growing up together in the rough-and-tumble outer-city housing projects of Paris. Now 19, the two headstrong young women get jobs as camp counselors supervising a rambunctious brood of kids at a summer camp in the Dr\u00f4me. Each grappling with her own personal psychodrama \u2013 be it a doomed first love or a painful, abusive family background \u2013 the girls suddenly find their lifelong friendship put to the test. Directors <\/span><b>Romane Gueret<\/b><span style=\"font-weight: 400;\"> and <\/span><b>Lise Akoka<\/b><span style=\"font-weight: 400;\">, who wowed TAFFF audiences with their first feature, <\/span><i><span style=\"font-weight: 400;\">The Worst Ones<\/span><\/i><span style=\"font-weight: 400;\">, in 2022, are back with a poignant coming-of-age film chock-a-block with irreverent dialogue and (as the French title suggests) a healthy helping of colorful, quick-witted ghetto slang.<\/span><\/p>\n<p style=\"text-align: right;\"><strong><span style=\"color: #660084;\">Directors&#8217; Biographies<\/span><\/strong><\/p>\n<p style=\"text-align: justify;\"><span style=\"font-weight: 400;\">Sorbonne cinema-studies graduate <\/span><b>Romane Gueret<\/b><span style=\"font-weight: 400;\"> began her career as an assistant director, casting assistant and camerawoman. <\/span><b>Lise Akoka<\/b><span style=\"font-weight: 400;\"> studied psychology and acting before becoming a casting director and children&#8217;s acting coach. The two women met in 2014, while casting a feature film.\u00a0In 2015, they co-directed the short film\u00a0<\/span><i><span style=\"font-weight: 400;\">Chasse<\/span><\/i><span style=\"font-weight: 400;\">\u00a0<\/span><i><span style=\"font-weight: 400;\">Royale<\/span><\/i><span style=\"font-weight: 400;\">, which won the Illy Prize at the 2016 Cannes Directors&#8217; Fortnight, was nominated for a C\u00e9sar Award for Best Short Film and snagged two prizes at COLCOA in 2017. They went on to co-direct\u00a0the documentary\u00a0<\/span><i><span style=\"font-weight: 400;\">Allez gar\u00e7on!<\/span><\/i><span style=\"font-weight: 400;\">\u00a0for Canal+ (2018), and the web series <\/span><i><span style=\"font-weight: 400;\">Tu pr\u00e9f\u00e8res<\/span><\/i><span style=\"font-weight: 400;\"> (2020), which premiered at the Sundance Film Festival and aired on Arte. <\/span><i><span style=\"font-weight: 400;\">The Worst Ones<\/span><\/i><span style=\"font-weight: 400;\">, their first feature,\u00a0was named Best Film of the <\/span><span style=\"font-weight: 400;\">Un Certain Regard section of<\/span><span style=\"font-weight: 400;\"> the 2022 Cannes Film Festival, won Best Film awards at Cineuropa and the Angoul\u00e8me Film Festival, as well as the TAFFF 2022 Best First Film Award, and was nominated for two C\u00e9sar Awards. <\/span><b><i>Summer Beats<\/i><\/b><span style=\"font-weight: 400;\"> premiered in the Cannes Premiere section of this year&#8217;s Cannes Film Festival and will be released in France in January 2026.<\/span><\/p>\n[\/vc_column_text][\/vc_column][vc_column width=&#8221;1\/2&#8243;][mk_image src=&#8221;https:\/\/theamericanfrenchfilmfestival.org\/wp-content\/uploads\/2025\/09\/screenshot-2025-09-28-at-10.00.31.png&#8221; image_size=&#8221;full&#8221; link=&#8221;https:\/\/theamericanfrenchfilmfestival.org\/win-a-trip-to-paris\/&#8221; target=&#8221;_blank&#8221; align=&#8221;center&#8221;][mk_image src=&#8221;https:\/\/theamericanfrenchfilmfestival.org\/wp-content\/uploads\/2025\/09\/summer-beats-fr.jpg&#8221; image_size=&#8221;full&#8221; frame_style=&#8221;gray_border&#8221; align=&#8221;center&#8221;][\/vc_column][\/vc_row][vc_row][vc_column][vc_column_text]\n[\/vc_column_text][\/vc_column][\/vc_row]\n<\/div>","protected":false},"excerpt":{"rendered":"<p>[vc_row][vc_column][mk_padding_divider][vc_column_text css=&#8221;.vc_custom_1753379654035{margin-bottom: 0px !important;}&#8221;] SUMMER BEATS (Ma Fr\u00e8re) &nbsp; [\/vc_column_text][vc_separator color=&#8221;custom&#8221; css=&#8221;&#8221; accent_color=&#8221;#660084&#8243;][\/vc_column][\/vc_row][vc_row][vc_column width=&#8221;1\/3&#8243;][mk_content_box heading=&#8221;CINEMA COMPETITION &#8211; NEXT WAVE SPOTLIGHT&#8221;][vc_column_text css=&#8221;.vc_custom_1757290427150{margin-bottom: 0px !important;}&#8221;] RENOIR THEATER Drama, Comedy [\/vc_column_text][\/mk_content_box][\/vc_column][vc_column width=&#8221;1\/3&#8243;][mk_custom_box corner_radius=&#8221;15&#8243; bg_color=&#8221;#dbcce2&#8243;][vc_column_text css=&#8221;.vc_custom_1758579111303{margin-bottom: 0px !important;}&#8221;] SUNDAY NOVEMBER 2 11:00 am (Screening ends at 12:55 pm) [\/vc_column_text][\/mk_custom_box][mk_padding_divider size=&#8221;10&#8243;][mk_image src=&#8221;https:\/\/theamericanfrenchfilmfestival.org\/wp-content\/uploads\/2022\/09\/order-tickets.jpg&#8221; image_size=&#8221;full&#8221; link=&#8221;https:\/\/theamericanfrenchfilmfestival.eventive.org\/schedule\/68d7a9d61567b1c166f09a6f&#8221; target=&#8221;_blank&#8221; align=&#8221;center&#8221;][\/vc_column][vc_column width=&#8221;1\/3&#8243;][mk_content_box heading=&#8221;PRESENTED IN ASSOCIATION [&hellip;]<\/p>\n","protected":false},"author":4,"featured_media":0,"parent":0,"menu_order":0,"comment_status":"closed","ping_status":"closed","template":"","meta":{"footnotes":""},"class_list":["post-23100","page","type-page","status-publish","hentry"],"_links":{"self":[{"href":"https:\/\/theamericanfrenchfilmfestival.org\/wp-json\/wp\/v2\/pages\/23100","targetHints":{"allow":["GET"]}}],"collection":[{"href":"https:\/\/theamericanfrenchfilmfestival.org\/wp-json\/wp\/v2\/pages"}],"about":[{"href":"https:\/\/theamericanfrenchfilmfestival.org\/wp-json\/wp\/v2\/types\/page"}],"author":[{"embeddable":true,"href":"https:\/\/theamericanfrenchfilmfestival.org\/wp-json\/wp\/v2\/users\/4"}],"replies":[{"embeddable":true,"href":"https:\/\/theamericanfrenchfilmfestival.org\/wp-json\/wp\/v2\/comments?post=23100"}],"version-history":[{"count":19,"href":"https:\/\/theamericanfrenchfilmfestival.org\/wp-json\/wp\/v2\/pages\/23100\/revisions"}],"predecessor-version":[{"id":24865,"href":"https:\/\/theamericanfrenchfilmfestival.org\/wp-json\/wp\/v2\/pages\/23100\/revisions\/24865"}],"wp:attachment":[{"href":"https:\/\/theamericanfrenchfilmfestival.org\/wp-json\/wp\/v2\/media?parent=23100"}],"curies":[{"name":"wp","href":"https:\/\/api.w.org\/{rel}","templated":true}]}}