{"id":23010,"date":"2025-07-18T15:07:18","date_gmt":"2025-07-18T15:07:18","guid":{"rendered":"https:\/\/theamericanfrenchfilmfestival.org\/?page_id=23010"},"modified":"2025-10-02T06:26:12","modified_gmt":"2025-10-02T06:26:12","slug":"sirat","status":"publish","type":"page","link":"https:\/\/theamericanfrenchfilmfestival.org\/sirat\/","title":{"rendered":"SIR\u00c2T"},"content":{"rendered":"<div class=\"wpb-content-wrapper\">[vc_row][vc_column][mk_padding_divider][vc_column_text css=&#8221;.vc_custom_1752851234193{margin-bottom: 0px !important;}&#8221;]\n<h1 style=\"text-align: center;\">SIR\u00c2T<\/h1>\n<h2 style=\"text-align: center;\"><\/h2>\n<h2 style=\"text-align: center;\"><\/h2>\n<h2 style=\"text-align: center;\"><\/h2>\n<p>&nbsp;<\/p>\n<h2 style=\"text-align: center;\"><\/h2>\n[\/vc_column_text][vc_separator color=&#8221;custom&#8221; css=&#8221;&#8221; accent_color=&#8221;#660084&#8243;][\/vc_column][\/vc_row][vc_row][vc_column width=&#8221;1\/3&#8243;][mk_content_box heading=&#8221;CINEMA COMPETITION &#8211; SPAIN ENTRY FOR BEST INTERNATIONAL FILM, ACADEMY AWARDS 2026&#8243;][vc_column_text css=&#8221;.vc_custom_1758577987958{margin-bottom: 0px !important;}&#8221;]\n<p style=\"text-align: center;\">TRUFFAUT THEATER<\/p>\n<h3 style=\"text-align: center;\">Drama<\/h3>\n[\/vc_column_text][\/mk_content_box][\/vc_column][vc_column width=&#8221;1\/3&#8243;][mk_custom_box corner_radius=&#8221;15&#8243; bg_color=&#8221;#dbcce2&#8243;][vc_column_text css=&#8221;.vc_custom_1758577973500{margin-bottom: 0px !important;}&#8221;]\n<p style=\"text-align: center;\"><strong>SATURDAY NOVEMBER 1<\/strong><br \/>\n10:00 pm<\/p>\n[\/vc_column_text][\/mk_custom_box][mk_padding_divider size=&#8221;10&#8243;][mk_image src=&#8221;https:\/\/theamericanfrenchfilmfestival.org\/wp-content\/uploads\/2022\/09\/order-tickets.jpg&#8221; image_size=&#8221;full&#8221; link=&#8221;https:\/\/theamericanfrenchfilmfestival.eventive.org\/schedule\/68d7a97900c0708630ce7efa&#8221; target=&#8221;_blank&#8221; align=&#8221;center&#8221;][\/vc_column][vc_column width=&#8221;1\/3&#8243;][mk_content_box heading=&#8221;PRESENTED IN ASSOCIATION WITH:&#8221;][vc_column_text css=&#8221;.vc_custom_1758903578983{margin-bottom: 0px !important;}&#8221;]\n<p style=\"text-align: center;\">Neon<br \/>\nThe Match Factory<\/p>\n[\/vc_column_text][\/mk_content_box][\/vc_column][\/vc_row][vc_row][vc_column][mk_padding_divider size=&#8221;20&#8243;][vc_separator color=&#8221;custom&#8221; border_width=&#8221;2&#8243; css=&#8221;&#8221; accent_color=&#8221;#ea1300&#8243;][\/vc_column][\/vc_row][vc_row][vc_column width=&#8221;1\/2&#8243;][vc_column_text css=&#8221;.vc_custom_1758328129492{margin-bottom: 0px !important;}&#8221;]<strong><span style=\"color: #ea1300;\">Special Screening <\/span><\/strong>| Spain, France | 2025 | Drama | 115 min | In Spanish &amp; in French with English subtitles, in English | Spain\u2019s Official Entry for Best International Feature \u2013 Academy Award 2026 |17+<\/p>\n<p><strong>Directed by: <\/strong>\u00d3liver Laxe<br \/>\n<strong>Written by: <\/strong>\u00d3liver Laxe,\u00a0Santiago Fillol<br \/>\n<strong>Produced by: <\/strong>Pedro Almod\u00f3var, Agust\u00edn Almod\u00f3var &amp; Esther Garc\u00eda (El Deseo), Mani Mortazavi &amp; Andrea Queralt (4 A 4 Productions), Domingo Corral (Moviestar Plus+), Xavit Font (Filmes da Ermida), C\u00e9sar Pardi\u00f1as, \u00d3liver Laxe, Arte France Cin\u00e9ma<br \/>\n<strong>Cinematography:\u00a0<\/strong>Mauro Herce<br \/>\n<strong>Original Score: <\/strong>Kangding Ray<br \/>\n<strong>Film Editing:<\/strong> <strong>Crist\u00f3bal Fern\u00e1ndez<br \/>\n<\/strong><strong>Cast:<\/strong> Sergi L\u00f3pez (Louis),\u00a0Bruno N\u00fa\u00f1ez Arjona (Est\u00e9ban),\u00a0Richard Bellamy (Bigui), Stefania Gadda (Stef), Joshua Liam Henderson (Josh), Tonin Janvier (Tonin), Jade Oukid (Jade)<br \/>\n<strong>International Sales: <\/strong>The Match Factory<br \/>\n<strong>US Distributor:<\/strong> Neon<\/p>\n<p style=\"text-align: right;\"><strong><span style=\"color: #660084;\">Synopsis<\/span><\/strong><\/p>\n<p style=\"text-align: justify;\">A mammoth wall of speakers rises up against an ochre backdrop of towering cliffs in the Moroccan desert. A thumping bassline rises and a rave dance party, chockablock with techno-nomads, suddenly erupts. Enter a stricken Luis, his young son in tow and handing out flyers in search of his missing daughter. Thus begins <strong>\u00d3liver Laxe<\/strong>&#8216;s suspenseful, apocalyptic, truly spectacular existential odyssey, featuring a stunning performance by Sergi L\u00f3pez and a cast of non-professional actors. \u201cIs this what the end of the world feels like?,\u201d one character asks. \u201cIt\u2019s been the end of the world for a long time,\u201d another replies.\u00a0<em>(Given its extreme violence, this film is recommended for those over 17 years of age.)<\/em><\/p>\n<p style=\"text-align: right;\"><strong><span style=\"color: #660084;\">Director&#8217;s biography<\/span><\/strong><\/p>\n<p style=\"text-align: justify;\"><strong>\u00d3liver Laxe<\/strong> is a French-born Spanish writer, director and actor of Galician\u00a0ancestry. After writing and directing three short films, he made his first feature, <em>You Are All Captains<\/em>, which premiered in the Director&#8217;s Fortnight section of the 2010 Cannes Film Festival, where it received the FIPRESCI Prize. His second feature, <em>Mimosas<\/em> (2016), filmed in the Atlas Mountains, won the Nespresso Grand Prize in the Critics&#8217; Week section in Cannes, the Golden Pyramid at the Cairo International Film Festival, a Grand Jury Award at the Seville European Film Festival, a Special Jury Prize at the Taipei Film Festival, and a Lumi\u00e8re Award for Best French-Language Film. His third feature, <em>Fire Will Come <\/em>(2019), was selected for the Un Certain Regard section in Cannes, earning the Jury Prize, as well as nabbing a Best European Film Gaudi Award, a Goya Award for Best Director, and a Golden Alexander at the Thessaloniki Film Festival. <strong><em>Sir\u00e2t<\/em><\/strong>, his fourth feature, premiered in Competition at this year&#8217;s Cannes Film Festival, where it won the Special Jury Prize.<\/p>\n[\/vc_column_text][\/vc_column][vc_column width=&#8221;1\/2&#8243;][mk_image src=&#8221;https:\/\/theamericanfrenchfilmfestival.org\/wp-content\/uploads\/2025\/09\/screenshot-2025-09-28-at-10.00.31.png&#8221; image_size=&#8221;full&#8221; link=&#8221;https:\/\/theamericanfrenchfilmfestival.org\/win-a-trip-to-paris\/&#8221; target=&#8221;_blank&#8221; align=&#8221;center&#8221;][mk_image src=&#8221;https:\/\/theamericanfrenchfilmfestival.org\/wp-content\/uploads\/2025\/09\/sirat.jpg&#8221; image_size=&#8221;full&#8221; frame_style=&#8221;gray_border&#8221; align=&#8221;center&#8221;][\/vc_column][\/vc_row][vc_row][vc_column][vc_column_text]\n[\/vc_column_text][\/vc_column][\/vc_row]\n<\/div>","protected":false},"excerpt":{"rendered":"<p>[vc_row][vc_column][mk_padding_divider][vc_column_text css=&#8221;.vc_custom_1752851234193{margin-bottom: 0px !important;}&#8221;] SIR\u00c2T &nbsp; [\/vc_column_text][vc_separator color=&#8221;custom&#8221; css=&#8221;&#8221; accent_color=&#8221;#660084&#8243;][\/vc_column][\/vc_row][vc_row][vc_column width=&#8221;1\/3&#8243;][mk_content_box heading=&#8221;CINEMA COMPETITION &#8211; SPAIN ENTRY FOR BEST INTERNATIONAL FILM, ACADEMY AWARDS 2026&#8243;][vc_column_text css=&#8221;.vc_custom_1758577987958{margin-bottom: 0px !important;}&#8221;] TRUFFAUT THEATER Drama [\/vc_column_text][\/mk_content_box][\/vc_column][vc_column width=&#8221;1\/3&#8243;][mk_custom_box corner_radius=&#8221;15&#8243; bg_color=&#8221;#dbcce2&#8243;][vc_column_text css=&#8221;.vc_custom_1758577973500{margin-bottom: 0px !important;}&#8221;] SATURDAY NOVEMBER 1 10:00 pm [\/vc_column_text][\/mk_custom_box][mk_padding_divider size=&#8221;10&#8243;][mk_image src=&#8221;https:\/\/theamericanfrenchfilmfestival.org\/wp-content\/uploads\/2022\/09\/order-tickets.jpg&#8221; image_size=&#8221;full&#8221; link=&#8221;https:\/\/theamericanfrenchfilmfestival.eventive.org\/schedule\/68d7a97900c0708630ce7efa&#8221; target=&#8221;_blank&#8221; align=&#8221;center&#8221;][\/vc_column][vc_column width=&#8221;1\/3&#8243;][mk_content_box heading=&#8221;PRESENTED IN ASSOCIATION WITH:&#8221;][vc_column_text css=&#8221;.vc_custom_1758903578983{margin-bottom: 0px [&hellip;]<\/p>\n","protected":false},"author":4,"featured_media":0,"parent":0,"menu_order":0,"comment_status":"closed","ping_status":"closed","template":"","meta":{"footnotes":""},"class_list":["post-23010","page","type-page","status-publish","hentry"],"_links":{"self":[{"href":"https:\/\/theamericanfrenchfilmfestival.org\/wp-json\/wp\/v2\/pages\/23010","targetHints":{"allow":["GET"]}}],"collection":[{"href":"https:\/\/theamericanfrenchfilmfestival.org\/wp-json\/wp\/v2\/pages"}],"about":[{"href":"https:\/\/theamericanfrenchfilmfestival.org\/wp-json\/wp\/v2\/types\/page"}],"author":[{"embeddable":true,"href":"https:\/\/theamericanfrenchfilmfestival.org\/wp-json\/wp\/v2\/users\/4"}],"replies":[{"embeddable":true,"href":"https:\/\/theamericanfrenchfilmfestival.org\/wp-json\/wp\/v2\/comments?post=23010"}],"version-history":[{"count":13,"href":"https:\/\/theamericanfrenchfilmfestival.org\/wp-json\/wp\/v2\/pages\/23010\/revisions"}],"predecessor-version":[{"id":24864,"href":"https:\/\/theamericanfrenchfilmfestival.org\/wp-json\/wp\/v2\/pages\/23010\/revisions\/24864"}],"wp:attachment":[{"href":"https:\/\/theamericanfrenchfilmfestival.org\/wp-json\/wp\/v2\/media?parent=23010"}],"curies":[{"name":"wp","href":"https:\/\/api.w.org\/{rel}","templated":true}]}}