{"id":22967,"date":"2025-07-16T14:24:49","date_gmt":"2025-07-16T14:24:49","guid":{"rendered":"https:\/\/theamericanfrenchfilmfestival.org\/?page_id=22967"},"modified":"2025-10-03T18:40:39","modified_gmt":"2025-10-03T18:40:39","slug":"nino","status":"publish","type":"page","link":"https:\/\/theamericanfrenchfilmfestival.org\/nino\/","title":{"rendered":"NINO"},"content":{"rendered":"<div class=\"wpb-content-wrapper\">[vc_row][vc_column][mk_padding_divider][vc_column_text css=&#8221;.vc_custom_1752675876764{margin-bottom: 0px !important;}&#8221;]\n<h1 style=\"text-align: center;\">NINO<\/h1>\n<h2 style=\"text-align: center;\"><\/h2>\n<h2 style=\"text-align: center;\"><\/h2>\n<h2 style=\"text-align: center;\"><\/h2>\n<h2 style=\"text-align: center;\"><\/h2>\n<p>&nbsp;<\/p>\n<h2 style=\"text-align: center;\"><\/h2>\n[\/vc_column_text][vc_separator color=&#8221;custom&#8221; accent_color=&#8221;#ea1300&#8243;][\/vc_column][\/vc_row][vc_row][vc_column width=&#8221;1\/3&#8243;][mk_content_box heading=&#8221;CINEMA COMPETITION &#8211; NEXT WAVE SPOTLIGHT&#8221;][vc_column_text css=&#8221;.vc_custom_1757289504291{margin-bottom: 0px !important;}&#8221;]\n<p style=\"text-align: center;\">RENOIR THEATER<\/p>\n<h3 style=\"text-align: center;\">Drama<\/h3>\n[\/vc_column_text][\/mk_content_box][\/vc_column][vc_column width=&#8221;1\/3&#8243;][mk_custom_box corner_radius=&#8221;15&#8243; bg_color=&#8221;#dbcce2&#8243;][vc_column_text css=&#8221;.vc_custom_1759516837350{margin-bottom: 0px !important;}&#8221;]\n<p style=\"text-align: center;\"><strong>SATURDAY NOVEMBER 1<\/strong><br \/>\n11:00am (Screening ends at 12:40 pm)<br \/>\n<strong>Followed by a conversation with writer\/director <\/strong><strong>Pauline Loqu\u00e8s<\/strong><\/p>\n[\/vc_column_text][\/mk_custom_box][mk_padding_divider size=&#8221;10&#8243;][mk_image src=&#8221;https:\/\/theamericanfrenchfilmfestival.org\/wp-content\/uploads\/2022\/09\/order-tickets.jpg&#8221; image_size=&#8221;full&#8221; link=&#8221;https:\/\/theamericanfrenchfilmfestival.eventive.org\/schedule\/68d7a4f0a29aea8c6f5aaffc&#8221; target=&#8221;_blank&#8221; align=&#8221;center&#8221;][\/vc_column][vc_column width=&#8221;1\/3&#8243;][mk_content_box heading=&#8221;PRESENTED IN ASSOCIATION WITH:&#8221;][vc_column_text css=&#8221;.vc_custom_1758902941410{margin-bottom: 0px !important;}&#8221;]\n<p style=\"text-align: center;\">The Party Sales<br \/>\nFrance T\u00e9l\u00e9visions<\/p>\n[\/vc_column_text][\/mk_content_box][\/vc_column][\/vc_row][vc_row][vc_column][mk_padding_divider size=&#8221;20&#8243;][vc_separator color=&#8221;custom&#8221; accent_color=&#8221;#ea1300&#8243;][\/vc_column][\/vc_row][vc_row][vc_column width=&#8221;1\/2&#8243;][vc_column_text css=&#8221;.vc_custom_1756929714884{margin-bottom: 0px !important;}&#8221;]<strong><span style=\"color: #ea1300;\">US Premiere<\/span><\/strong> <span style=\"font-weight: 400;\">|\u00a0France |\u00a02025\u00a0|\u00a0Drama |\u00a096\u00a0min\u00a0|\u00a0In French with English subtitles <\/span><\/p>\n<p><b>Directed by: <\/b>Pauline Loqu\u00e8s<br \/>\n<b>Written by: <\/b><span style=\"font-weight: 400;\">Pauline Loqu\u00e8s, Maud Ameline<\/span><span style=\"font-weight: 400;\"><br \/>\n<\/span><b>Produced by: <\/b><span style=\"font-weight: 400;\">Sandra Da Fonseca, Bertrand Gore &amp; Nathalie Mesuret (Blue Monday Productions), Auvergne-Rh\u00f4ne-Alpes Cin\u00e9ma, France 2 Cin\u00e9ma<br \/>\n<\/span><b>Cinematography:\u00a0<\/b><span style=\"font-weight: 400;\">Lucie Baudinaud<br \/>\n<\/span><b>Film Editing:<\/b><span style=\"font-weight: 400;\"> Cl\u00e9mence Diard<br \/>\n<\/span><b>Cast:<\/b> <span style=\"font-weight: 400;\">Th\u00e9odore Pellerin (Nino),\u00a0William Lebghil (Sofian),\u00a0Salom\u00e9 Dewaels (Zo<\/span><span style=\"font-weight: 400;\">\u00e9<\/span><span style=\"font-weight: 400;\">), Jeanne Balibar (the mother), Camille Rutherford (Camille), Estelle Meyer (Lina), Mathieu Amalric (the man in public baths), Balthazar Billaud (Solal)<br \/>\n<\/span><b>International Sales: <\/b><span style=\"font-weight: 400;\">The Party Film Sales<\/span><span style=\"font-weight: 400;\">\u00a0<\/span><\/p>\n<p style=\"text-align: right;\"><strong><span style=\"color: #660084;\">Synopsis<\/span><\/strong><\/p>\n<p style=\"text-align: justify;\"><span style=\"font-weight: 400;\">Diagnosed with throat cancer on the eve of his 29th birthday, then inadvertently locked out of his apartment, Nino spends three days walking the streets of Paris, processing the ramifications of that seismic revelation, and struggling with how to even share that news with his loved ones. <\/span><b>Pauline Loqu\u00e8s<\/b><span style=\"font-weight: 400;\">&#8216;s quiet, elegantly restrained first feature packs an unexpected emotional punch, and boasts a remarkably rich, nuanced performance by Canadian actor Th\u00e9odore Pellerin, who deservedly walked off with the Louis Roederer Foundation Rising Star Award at this year&#8217;s Cannes Film Festival.<\/span><\/p>\n<p style=\"text-align: right;\"><strong><span style=\"color: #660084;\">Director&#8217;s Biography<\/span><\/strong><\/p>\n<p style=\"text-align: justify;\"><b>Pauline Loqu\u00e8s<\/b><span style=\"font-weight: 400;\"> wrote and directed her first short film, <\/span><i><span style=\"font-weight: 400;\">La vie de jeune fille<\/span><\/i><span style=\"font-weight: 400;\">, in 2018. She has since worked as a writer on TV talk shows <\/span><i><span style=\"font-weight: 400;\">6 \u00e0 la maison<\/span><\/i><span style=\"font-weight: 400;\"> (2020) and <\/span><i><span style=\"font-weight: 400;\">Quelle \u00e9poque !<\/span><\/i><span style=\"font-weight: 400;\"> (2024). <\/span><b><i>Nino<\/i><\/b><span style=\"font-weight: 400;\">, her first feature, premiered in the Critics&#8217; Week section of this year&#8217;s Cannes Film Festival. It was awarded the D\u2019Ornano-Valenti Prize, honoring the best French first film of the year, with the support of the Franco-American Cultural Fund, by<\/span><span style=\"font-weight: 400;\"> a\u00a0jury of Anglo-Saxon journalists<\/span><span style=\"font-weight: 400;\"> at the 2025 Deauville American Film Festival.<\/span><\/p>\n[\/vc_column_text][\/vc_column][vc_column width=&#8221;1\/2&#8243;][mk_image src=&#8221;https:\/\/theamericanfrenchfilmfestival.org\/wp-content\/uploads\/2025\/09\/screenshot-2025-09-28-at-10.00.31.png&#8221; image_size=&#8221;full&#8221; link=&#8221;https:\/\/theamericanfrenchfilmfestival.org\/win-a-trip-to-paris\/&#8221; target=&#8221;_blank&#8221; align=&#8221;center&#8221;][mk_image src=&#8221;https:\/\/theamericanfrenchfilmfestival.org\/wp-content\/uploads\/2025\/07\/nino_120x160_eng_web_hd-yi-chou.jpg&#8221; image_size=&#8221;full&#8221; frame_style=&#8221;gray_border&#8221; align=&#8221;center&#8221;][\/vc_column][\/vc_row][vc_row][vc_column][vc_column_text]\n[\/vc_column_text][\/vc_column][\/vc_row]\n<\/div>","protected":false},"excerpt":{"rendered":"<p>[vc_row][vc_column][mk_padding_divider][vc_column_text css=&#8221;.vc_custom_1752675876764{margin-bottom: 0px !important;}&#8221;] NINO &nbsp; [\/vc_column_text][vc_separator color=&#8221;custom&#8221; accent_color=&#8221;#ea1300&#8243;][\/vc_column][\/vc_row][vc_row][vc_column width=&#8221;1\/3&#8243;][mk_content_box heading=&#8221;CINEMA COMPETITION &#8211; NEXT WAVE SPOTLIGHT&#8221;][vc_column_text css=&#8221;.vc_custom_1757289504291{margin-bottom: 0px !important;}&#8221;] RENOIR THEATER Drama [\/vc_column_text][\/mk_content_box][\/vc_column][vc_column width=&#8221;1\/3&#8243;][mk_custom_box corner_radius=&#8221;15&#8243; bg_color=&#8221;#dbcce2&#8243;][vc_column_text css=&#8221;.vc_custom_1759516837350{margin-bottom: 0px !important;}&#8221;] SATURDAY NOVEMBER 1 11:00am (Screening ends at 12:40 pm) Followed by a conversation with writer\/director Pauline Loqu\u00e8s [\/vc_column_text][\/mk_custom_box][mk_padding_divider size=&#8221;10&#8243;][mk_image src=&#8221;https:\/\/theamericanfrenchfilmfestival.org\/wp-content\/uploads\/2022\/09\/order-tickets.jpg&#8221; image_size=&#8221;full&#8221; link=&#8221;https:\/\/theamericanfrenchfilmfestival.eventive.org\/schedule\/68d7a4f0a29aea8c6f5aaffc&#8221; target=&#8221;_blank&#8221; align=&#8221;center&#8221;][\/vc_column][vc_column width=&#8221;1\/3&#8243;][mk_content_box heading=&#8221;PRESENTED [&hellip;]<\/p>\n","protected":false},"author":4,"featured_media":0,"parent":0,"menu_order":0,"comment_status":"closed","ping_status":"closed","template":"","meta":{"footnotes":""},"class_list":["post-22967","page","type-page","status-publish","hentry"],"_links":{"self":[{"href":"https:\/\/theamericanfrenchfilmfestival.org\/wp-json\/wp\/v2\/pages\/22967","targetHints":{"allow":["GET"]}}],"collection":[{"href":"https:\/\/theamericanfrenchfilmfestival.org\/wp-json\/wp\/v2\/pages"}],"about":[{"href":"https:\/\/theamericanfrenchfilmfestival.org\/wp-json\/wp\/v2\/types\/page"}],"author":[{"embeddable":true,"href":"https:\/\/theamericanfrenchfilmfestival.org\/wp-json\/wp\/v2\/users\/4"}],"replies":[{"embeddable":true,"href":"https:\/\/theamericanfrenchfilmfestival.org\/wp-json\/wp\/v2\/comments?post=22967"}],"version-history":[{"count":14,"href":"https:\/\/theamericanfrenchfilmfestival.org\/wp-json\/wp\/v2\/pages\/22967\/revisions"}],"predecessor-version":[{"id":24911,"href":"https:\/\/theamericanfrenchfilmfestival.org\/wp-json\/wp\/v2\/pages\/22967\/revisions\/24911"}],"wp:attachment":[{"href":"https:\/\/theamericanfrenchfilmfestival.org\/wp-json\/wp\/v2\/media?parent=22967"}],"curies":[{"name":"wp","href":"https:\/\/api.w.org\/{rel}","templated":true}]}}