{"id":22965,"date":"2025-07-16T14:23:37","date_gmt":"2025-07-16T14:23:37","guid":{"rendered":"https:\/\/theamericanfrenchfilmfestival.org\/?page_id=22965"},"modified":"2025-10-08T16:01:18","modified_gmt":"2025-10-08T16:01:18","slug":"baise-en-ville","status":"publish","type":"page","link":"https:\/\/theamericanfrenchfilmfestival.org\/baise-en-ville\/","title":{"rendered":"BAISE-EN-VILLE"},"content":{"rendered":"<div class=\"wpb-content-wrapper\">[vc_row][vc_column][mk_padding_divider][vc_column_text css=&#8221;.vc_custom_1755452924605{margin-bottom: 0px !important;}&#8221;]\n<h1 style=\"text-align: center;\">\u00a0BAISE-EN-VILLE<\/h1>\n<h2 style=\"text-align: center;\"><\/h2>\n[\/vc_column_text][mk_padding_divider size=&#8221;20&#8243;][vc_separator color=&#8221;custom&#8221; css=&#8221;&#8221; accent_color=&#8221;#660084&#8243;][\/vc_column][\/vc_row][vc_row][vc_column width=&#8221;1\/3&#8243;][mk_content_box heading=&#8221;CINEMA COMPETITION &#8211; NEXT WAVE SPOTLIGHT&#8221;][vc_column_text css=&#8221;.vc_custom_1757264491001{margin-bottom: 0px !important;}&#8221;]\n<p style=\"text-align: center;\">RENOIR THEATER<\/p>\n<h3 style=\"text-align: center;\">Comedy<\/h3>\n[\/vc_column_text][\/mk_content_box][\/vc_column][vc_column width=&#8221;1\/3&#8243;][mk_custom_box corner_radius=&#8221;15&#8243; bg_color=&#8221;#dbcce2&#8243;][vc_column_text css=&#8221;.vc_custom_1759413014033{margin-bottom: 0px !important;}&#8221;]\n<p style=\"text-align: center;\"><strong>SATURDAY NOVEMBER<\/strong> 1<br \/>\n11:00 am (Screening ends at 12:40 pm)<br \/>\n<strong>Followed by a conversation with writer\/director Martin Jauvat<\/strong><\/p>\n[\/vc_column_text][\/mk_custom_box][mk_padding_divider size=&#8221;10&#8243;][mk_image src=&#8221;https:\/\/theamericanfrenchfilmfestival.org\/wp-content\/uploads\/2022\/09\/order-tickets.jpg&#8221; image_size=&#8221;full&#8221; link=&#8221;https:\/\/theamericanfrenchfilmfestival.eventive.org\/schedule\/68d7a534aa39a34e982cf941&#8243; target=&#8221;_blank&#8221; align=&#8221;center&#8221;][\/vc_column][vc_column width=&#8221;1\/3&#8243;][mk_content_box heading=&#8221;PRESENTED IN ASSOCIATION WITH:&#8221;][vc_column_text css=&#8221;.vc_custom_1758863570869{margin-bottom: 0px !important;}&#8221;]\n<p style=\"text-align: center;\">Ecce Films<br \/>\nFrance T\u00e9l\u00e9visions<\/p>\n[\/vc_column_text][\/mk_content_box][\/vc_column][\/vc_row][vc_row][vc_column][mk_padding_divider size=&#8221;20&#8243;][vc_separator color=&#8221;custom&#8221; border_width=&#8221;2&#8243; css=&#8221;&#8221; accent_color=&#8221;#ea1300&#8243;][\/vc_column][\/vc_row][vc_row][vc_column width=&#8221;1\/2&#8243;][vc_column_text css=&#8221;.vc_custom_1759939256369{margin-bottom: 0px !important;}&#8221;]<strong><span style=\"color: #ea1300;\">US Premiere<\/span><\/strong> <span style=\"font-weight: 400;\">|\u00a0France |\u00a02026\u00a0|\u00a0Comedy |\u00a094\u00a0min\u00a0|\u00a0In French with English subtitles <\/span><\/p>\n<p><b>Directed by: <\/b><span style=\"font-weight: 400;\">Martin Jauvat<\/span><br \/>\n<b>Written by: <\/b><span style=\"font-weight: 400;\">Martin Jauvat<\/span><span style=\"font-weight: 400;\"><br \/>\n<\/span><b>Produced by: <\/b><span style=\"font-weight: 400;\">Emmanuel Chaumet (Ecce Films), France 2 Cin\u00e9ma<\/span><br \/>\n<b>Cinematography:\u00a0<\/b><span style=\"font-weight: 400;\">Vincent Peugnet<\/span><br \/>\n<b>Original Score: <\/b><span style=\"font-weight: 400;\">Pierre III<\/span><br \/>\n<b>Film Editing:<\/b><span style=\"font-weight: 400;\"> Jules Coudignac<\/span><br \/>\n<b>Cast:<\/b> <span style=\"font-weight: 400;\">Martin Jauvat (Sprite),\u00a0Emmanuelle Bercot (Marie-Charlotte),\u00a0William Lebghil (Walid), S\u00e9bastien Chassagne (Ricco), Ana\u00efde Rozam (Safia), Annabelle Lengronne (Laura), G\u00e9raldine Pailhas (Sprite\u2019s mother), Michel Hazanavicius (Sprite\u2019s father), Mahaut Adam (Mathilde), Eva Huault (Eva)<\/span><span style=\"font-weight: 400;\"><br \/>\n<\/span><b>International Sales: <\/b><span style=\"font-weight: 400;\">Ecce Films<\/span><\/p>\n<p style=\"text-align: right;\"><strong><span style=\"color: #660084;\">Synopsis<\/span><\/strong><\/p>\n<p style=\"text-align: justify;\"><span style=\"font-weight: 400;\">Twenty-five-year-old Sprite, has only two months left to get his driver&#8217;s license, but doesn&#8217;t have the cash for the necessary driving lessons. So he gets a job working for Allo Nettoyo, a post-party, all-night cleaning service in the Paris suburbs. But without a license, he has one hell of a time getting from town to town on public transportation. So his driving instructor (the ever-fearless Emmanuelle Bercot, with her ever-perfect comic timing) turns him onto the tried-and-true &#8220;baise-en-ville&#8221; technique, which involves hooking up with local girls on dating apps and crashing at their places. However, shy Sprite is no Don Juan and struggles with assuming that role.<\/span><\/p>\n<p style=\"text-align: right;\"><strong><span style=\"color: #660084;\">Director&#8217;s Biography<\/span><\/strong><\/p>\n<p style=\"text-align: justify;\"><span style=\"font-weight: 400;\">Autodidact writer\/director\/actor <\/span><b>Martin Jauvat<\/b><span style=\"font-weight: 400;\"> began by directing and producing his own shorts in his hometown of Chelles, an eastern suburb of Paris, and <\/span><span style=\"font-weight: 400;\">frequently performs in short films, including most of his own<\/span><span style=\"font-weight: 400;\">. <\/span><span style=\"font-weight: 400;\">His first professionally-produced short,\u00a0<\/span><i><span style=\"font-weight: 400;\">The Blood in the Vein<\/span><\/i><span style=\"font-weight: 400;\"> (2021),<\/span><i><span style=\"font-weight: 400;\">\u00a0<\/span><\/i><span style=\"font-weight: 400;\">was selected to be screened at several film festivals, including the 2022 C\u00e9sar short-film competition. His first feature film,\u00a0<\/span><i><span style=\"font-weight: 400;\">Grand Paris<\/span><\/i><span style=\"font-weight: 400;\">, was presented in the ACID program at the 2022 Cannes Film Festival. <\/span><b><i>Baise-en-ville<\/i><\/b><span style=\"font-weight: 400;\">, his second feature, won the 2024 Prix de la Cr\u00e9ation from the Gan Foundation for Cinema, and premiered in the Critic&#8217;s Week section of this year&#8217;s Cannes Film Festival. It will be released in France on January 28, 2026.<\/span><\/p>\n[\/vc_column_text][\/vc_column][vc_column width=&#8221;1\/2&#8243;][mk_image src=&#8221;https:\/\/theamericanfrenchfilmfestival.org\/wp-content\/uploads\/2025\/09\/screenshot-2025-09-28-at-10.00.31.png&#8221; image_size=&#8221;full&#8221; link=&#8221;https:\/\/theamericanfrenchfilmfestival.org\/win-a-trip-to-paris\/&#8221; target=&#8221;_blank&#8221; align=&#8221;center&#8221;][mk_image src=&#8221;https:\/\/theamericanfrenchfilmfestival.org\/wp-content\/uploads\/2025\/10\/baise-en-ville-affichefinale.jpg&#8221; image_size=&#8221;full&#8221; frame_style=&#8221;gray_border&#8221; align=&#8221;center&#8221;][\/vc_column][\/vc_row][vc_row][vc_column][vc_column_text]\n[\/vc_column_text][\/vc_column][\/vc_row]\n<\/div>","protected":false},"excerpt":{"rendered":"<p>[vc_row][vc_column][mk_padding_divider][vc_column_text css=&#8221;.vc_custom_1755452924605{margin-bottom: 0px !important;}&#8221;] \u00a0BAISE-EN-VILLE [\/vc_column_text][mk_padding_divider size=&#8221;20&#8243;][vc_separator color=&#8221;custom&#8221; css=&#8221;&#8221; accent_color=&#8221;#660084&#8243;][\/vc_column][\/vc_row][vc_row][vc_column width=&#8221;1\/3&#8243;][mk_content_box heading=&#8221;CINEMA COMPETITION &#8211; NEXT WAVE SPOTLIGHT&#8221;][vc_column_text css=&#8221;.vc_custom_1757264491001{margin-bottom: 0px !important;}&#8221;] RENOIR THEATER Comedy [\/vc_column_text][\/mk_content_box][\/vc_column][vc_column width=&#8221;1\/3&#8243;][mk_custom_box corner_radius=&#8221;15&#8243; bg_color=&#8221;#dbcce2&#8243;][vc_column_text css=&#8221;.vc_custom_1759413014033{margin-bottom: 0px !important;}&#8221;] SATURDAY NOVEMBER 1 11:00 am (Screening ends at 12:40 pm) Followed by a conversation with writer\/director Martin Jauvat [\/vc_column_text][\/mk_custom_box][mk_padding_divider size=&#8221;10&#8243;][mk_image src=&#8221;https:\/\/theamericanfrenchfilmfestival.org\/wp-content\/uploads\/2022\/09\/order-tickets.jpg&#8221; image_size=&#8221;full&#8221; link=&#8221;https:\/\/theamericanfrenchfilmfestival.eventive.org\/schedule\/68d7a534aa39a34e982cf941&#8243; target=&#8221;_blank&#8221; align=&#8221;center&#8221;][\/vc_column][vc_column [&hellip;]<\/p>\n","protected":false},"author":4,"featured_media":0,"parent":0,"menu_order":0,"comment_status":"closed","ping_status":"closed","template":"","meta":{"footnotes":""},"class_list":["post-22965","page","type-page","status-publish","hentry"],"_links":{"self":[{"href":"https:\/\/theamericanfrenchfilmfestival.org\/wp-json\/wp\/v2\/pages\/22965","targetHints":{"allow":["GET"]}}],"collection":[{"href":"https:\/\/theamericanfrenchfilmfestival.org\/wp-json\/wp\/v2\/pages"}],"about":[{"href":"https:\/\/theamericanfrenchfilmfestival.org\/wp-json\/wp\/v2\/types\/page"}],"author":[{"embeddable":true,"href":"https:\/\/theamericanfrenchfilmfestival.org\/wp-json\/wp\/v2\/users\/4"}],"replies":[{"embeddable":true,"href":"https:\/\/theamericanfrenchfilmfestival.org\/wp-json\/wp\/v2\/comments?post=22965"}],"version-history":[{"count":23,"href":"https:\/\/theamericanfrenchfilmfestival.org\/wp-json\/wp\/v2\/pages\/22965\/revisions"}],"predecessor-version":[{"id":24960,"href":"https:\/\/theamericanfrenchfilmfestival.org\/wp-json\/wp\/v2\/pages\/22965\/revisions\/24960"}],"wp:attachment":[{"href":"https:\/\/theamericanfrenchfilmfestival.org\/wp-json\/wp\/v2\/media?parent=22965"}],"curies":[{"name":"wp","href":"https:\/\/api.w.org\/{rel}","templated":true}]}}