{"id":22910,"date":"2025-07-11T17:11:39","date_gmt":"2025-07-11T17:11:39","guid":{"rendered":"https:\/\/theamericanfrenchfilmfestival.org\/?page_id=22910"},"modified":"2025-10-13T16:46:50","modified_gmt":"2025-10-13T16:46:50","slug":"colors-of-time","status":"publish","type":"page","link":"https:\/\/theamericanfrenchfilmfestival.org\/colors-of-time\/","title":{"rendered":"COLORS OF TIME"},"content":{"rendered":"<div class=\"wpb-content-wrapper\">[vc_row][vc_column][mk_padding_divider][vc_column_text css=&#8221;.vc_custom_1757463601186{margin-bottom: 0px !important;}&#8221;]\n<h1 style=\"text-align: center;\">COLORS OF TIME<\/h1>\n<h2 style=\"text-align: center;\">(La Venue de l&#8217;avenir)<\/h2>\n<h2 style=\"text-align: center;\"><\/h2>\n<h2 style=\"text-align: center;\"><\/h2>\n<p>&nbsp;<\/p>\n<h2 style=\"text-align: center;\"><\/h2>\n[\/vc_column_text][vc_separator color=&#8221;custom&#8221; css=&#8221;&#8221; accent_color=&#8221;#660084&#8243;][\/vc_column][\/vc_row][vc_row][vc_column width=&#8221;1\/3&#8243;][mk_content_box heading=&#8221;CINEMA COMPETITION&#8221;][vc_column_text css=&#8221;.vc_custom_1757610209625{margin-bottom: 0px !important;}&#8221;]\n<p style=\"text-align: center;\">RENOIR THEATER<\/p>\n<h3 style=\"text-align: center;\">\u00a0Comedy, Drama<\/h3>\n[\/vc_column_text][\/mk_content_box][\/vc_column][vc_column width=&#8221;1\/3&#8243;][mk_custom_box corner_radius=&#8221;15&#8243; bg_color=&#8221;#dbcce2&#8243;][vc_column_text css=&#8221;.vc_custom_1760373969956{margin-bottom: 0px !important;}&#8221;]\n<p style=\"text-align: center;\"><strong>WEDNESDAY OCTOBER 29<\/strong><br \/>\nScreening starts at 8:30 pm<br \/>\n<strong>Followed by a conversation with writer-director Cedric Klapisch,<br \/>\nproducer Bruno L\u00e9vy &amp; composer Rob<\/strong><\/p>\n[\/vc_column_text][\/mk_custom_box][mk_padding_divider size=&#8221;10&#8243;][mk_image src=&#8221;https:\/\/theamericanfrenchfilmfestival.org\/wp-content\/uploads\/2022\/09\/order-tickets.jpg&#8221; image_size=&#8221;full&#8221; link=&#8221;https:\/\/theamericanfrenchfilmfestival.eventive.org\/schedule\/68d7a08bdc9cc3de5fcd5b68&#8243; target=&#8221;_blank&#8221; align=&#8221;center&#8221;][\/vc_column][vc_column width=&#8221;1\/3&#8243;][mk_content_box heading=&#8221;PRESENTED IN ASSOCIATION WITH:&#8221;][vc_column_text css=&#8221;.vc_custom_1758863521764{margin-bottom: 0px !important;}&#8221;]\n<p style=\"text-align: center;\">StudioCanal<br \/>\nAlliance Fran\u00e7aise de Los Angeles<br \/>\nFrance T\u00e9l\u00e9visions<\/p>\n[\/vc_column_text][\/mk_content_box][\/vc_column][\/vc_row][vc_row][vc_column][mk_padding_divider size=&#8221;20&#8243;][vc_separator color=&#8221;custom&#8221; border_width=&#8221;2&#8243; css=&#8221;&#8221; accent_color=&#8221;#ea1300&#8243;][\/vc_column][\/vc_row][vc_row][vc_column width=&#8221;1\/2&#8243;][vc_column_text css=&#8221;.vc_custom_1757463614238{margin-bottom: 0px !important;}&#8221;]<strong><span style=\"color: #ea1300;\">US Premiere<\/span><\/strong> |\u00a0France |\u00a02025\u00a0|\u00a0Comedy, Drama |\u00a0126\u00a0min\u00a0|\u00a0In French with English subtitles<\/p>\n<p><strong>Directed by: <\/strong>C\u00e9dric Klapisch<br \/>\n<strong>Written by: <\/strong>C\u00e9dric Klapisch, Santiago Amigorena<br \/>\n<strong>Produced by: <\/strong>Bruno L\u00e9vy &amp; C\u00e9dric Klapisch (Ce Qui Me Meut), Ga\u00ebtan David (La Companie Cin\u00e9matographique), Andr\u00e9 Logie (Panache Productions), France 2 Cin\u00e9ma<br \/>\n<strong>Cinematography:\u00a0<\/strong>Alexis Kavyrchine<strong><br \/>\n<\/strong><strong>Original Score: <\/strong>Rob<br \/>\n<strong>Film Editing:<\/strong> Anne-Sophie Bion<br \/>\n<strong>Cast:<\/strong> Suzanne Lindon (Ad\u00e8le), Abraham Wapler (Seb), Vincent Macaigne (Guy), Julia Piaton (C\u00e9line), Zinedine Soualem (Abdel), Paul Kircher (Anatole), Vassili Schneider (Lucien), Sara Giraudeau (Odette), C\u00e9cile de France (Calixte), Fran\u00e7ois Berl\u00e9and (Victor Hugo), Philippine Leroy-Beaulieu (Sarah Bernhardt), Olivier Gourmet (Claude Monet), Ra\u00efka Hazanavicius (Rose)<br \/>\n<strong>International Sales: <\/strong>StudioCanal<\/p>\n<p style=\"text-align: right;\"><strong><span style=\"color: #660084;\">Synopsis<\/span><\/strong><\/p>\n<p style=\"text-align: justify;\">A group of strangers, all descendants of a woman named Ad\u00e8le Meunier, are gathered in Normandy. The town would like to purchase her long-abandoned property, and four &#8220;cousins&#8221; are tasked with overseeing the transaction. Thus begins a genealogical journey into the past, taking us to 1895 Paris, with the City of Light on the brink of an industrial and cultural revolution. Aptly entitled &#8220;The Coming of the Future&#8221; in French, <strong><em>Colors of Time<\/em><\/strong> literally plunges us into a moment in time when Parisian creativity is at its apex&#8230; when not only electricity and technology, but photography and Impressionism in painting and music are creating a spark that&#8217;s about to erupt into a movement far beyond anyone&#8217;s expectations. <strong>C\u00e9dric Klapisch<\/strong>&#8216;s endearing new comedy is nothing less than a soul-stirring, time-traveling \u2013 at times, hallucinogenic \u2013 trip for lovers of the arts everywhere.<\/p>\n<p style=\"text-align: right;\"><strong><span style=\"color: #660084;\">Director&#8217;s Biography<\/span><\/strong><\/p>\n<p style=\"text-align: justify;\">Writer\/director <strong>C\u00e9dric Klapisch<\/strong> shot his first short, <em>In Transit<\/em>, as a graduate student at New York University in 1986.\u00a0 His second short, <em>Ce qui me meut<\/em>, nabbed a C\u00e9sar nomination and the Best Short Film Award from French Cinema Critics. In 1992, <em>Little Nothings<\/em> was nominated for a Best First Feature C\u00e9sar Award. Klapisch has gone on to write and direct fifteen features, including <em>Family Resemblances<\/em> (1996), which garnered three C\u00e9sar Awards, including one for Best Screenplay. He is perhaps best known for his<em> Spanish Apartment<\/em> (2002)\/ <em>Russian Dolls<\/em> (2005)\/ <em>Chinese Puzzle<\/em> (COLCOA 2014) trilogy, and its Amazon series sequel, <em>Greek Salad<\/em> (2023). His most recent features include <em>Someone, Somewhere<\/em> (COLCOA 2019) and <em>Rise<\/em> (TAFFF 2022). Clearly a TAFFF regular, Klapisch&#8217;s work was honored with a COLCOA Spotlight retrospective in 2014. He was also showrunner on the first season of the Netflix series <em>Call My Agent!<\/em> (COLCOA 2016) and directed a &#8220;playfully updated&#8221; production of Mozart&#8217;s <em>The Magic Flute<\/em> at the Th\u00e9\u00e2tre des Champs-\u00c9lys\u00e9es in 2023. <strong><em>Colors of Time<\/em><\/strong> premiered out-of-competition at this year&#8217;s Cannes Film Festival.<\/p>\n[\/vc_column_text][\/vc_column][vc_column width=&#8221;1\/2&#8243;][mk_image src=&#8221;https:\/\/theamericanfrenchfilmfestival.org\/wp-content\/uploads\/2025\/09\/screenshot-2025-09-28-at-10.00.31.png&#8221; image_size=&#8221;full&#8221; link=&#8221;https:\/\/theamericanfrenchfilmfestival.org\/win-a-trip-to-paris\/&#8221; align=&#8221;center&#8221;][mk_image src=&#8221;https:\/\/theamericanfrenchfilmfestival.org\/wp-content\/uploads\/2025\/08\/colours-of-time_poster-blanche-darcy-de-moltke.jpg&#8221; image_size=&#8221;full&#8221; frame_style=&#8221;gray_border&#8221; align=&#8221;center&#8221;][\/vc_column][\/vc_row][vc_row][vc_column][vc_column_text]\n[\/vc_column_text][\/vc_column][\/vc_row]\n<\/div>","protected":false},"excerpt":{"rendered":"<p>[vc_row][vc_column][mk_padding_divider][vc_column_text css=&#8221;.vc_custom_1757463601186{margin-bottom: 0px !important;}&#8221;] COLORS OF TIME (La Venue de l&#8217;avenir) &nbsp; [\/vc_column_text][vc_separator color=&#8221;custom&#8221; css=&#8221;&#8221; accent_color=&#8221;#660084&#8243;][\/vc_column][\/vc_row][vc_row][vc_column width=&#8221;1\/3&#8243;][mk_content_box heading=&#8221;CINEMA COMPETITION&#8221;][vc_column_text css=&#8221;.vc_custom_1757610209625{margin-bottom: 0px !important;}&#8221;] RENOIR THEATER \u00a0Comedy, Drama [\/vc_column_text][\/mk_content_box][\/vc_column][vc_column width=&#8221;1\/3&#8243;][mk_custom_box corner_radius=&#8221;15&#8243; bg_color=&#8221;#dbcce2&#8243;][vc_column_text css=&#8221;.vc_custom_1760373969956{margin-bottom: 0px !important;}&#8221;] WEDNESDAY OCTOBER 29 Screening starts at 8:30 pm Followed by a conversation with writer-director Cedric Klapisch, producer Bruno L\u00e9vy &amp; composer Rob [&hellip;]<\/p>\n","protected":false},"author":4,"featured_media":0,"parent":0,"menu_order":0,"comment_status":"closed","ping_status":"closed","template":"","meta":{"footnotes":""},"class_list":["post-22910","page","type-page","status-publish","hentry"],"_links":{"self":[{"href":"https:\/\/theamericanfrenchfilmfestival.org\/wp-json\/wp\/v2\/pages\/22910","targetHints":{"allow":["GET"]}}],"collection":[{"href":"https:\/\/theamericanfrenchfilmfestival.org\/wp-json\/wp\/v2\/pages"}],"about":[{"href":"https:\/\/theamericanfrenchfilmfestival.org\/wp-json\/wp\/v2\/types\/page"}],"author":[{"embeddable":true,"href":"https:\/\/theamericanfrenchfilmfestival.org\/wp-json\/wp\/v2\/users\/4"}],"replies":[{"embeddable":true,"href":"https:\/\/theamericanfrenchfilmfestival.org\/wp-json\/wp\/v2\/comments?post=22910"}],"version-history":[{"count":26,"href":"https:\/\/theamericanfrenchfilmfestival.org\/wp-json\/wp\/v2\/pages\/22910\/revisions"}],"predecessor-version":[{"id":25014,"href":"https:\/\/theamericanfrenchfilmfestival.org\/wp-json\/wp\/v2\/pages\/22910\/revisions\/25014"}],"wp:attachment":[{"href":"https:\/\/theamericanfrenchfilmfestival.org\/wp-json\/wp\/v2\/media?parent=22910"}],"curies":[{"name":"wp","href":"https:\/\/api.w.org\/{rel}","templated":true}]}}