{"id":22895,"date":"2025-07-09T16:10:42","date_gmt":"2025-07-09T16:10:42","guid":{"rendered":"https:\/\/theamericanfrenchfilmfestival.org\/?page_id=22895"},"modified":"2025-10-03T23:07:28","modified_gmt":"2025-10-03T23:07:28","slug":"nouvelle-vague","status":"publish","type":"page","link":"https:\/\/theamericanfrenchfilmfestival.org\/nouvelle-vague\/","title":{"rendered":"NOUVELLE VAGUE"},"content":{"rendered":"<div class=\"wpb-content-wrapper\">[vc_row][vc_column][mk_padding_divider][vc_column_text css=&#8221;.vc_custom_1752077436843{margin-bottom: 0px !important;}&#8221;]\n<h1 style=\"text-align: center;\">NOUVELLE VAGUE<\/h1>\n<h2 style=\"text-align: center;\"><\/h2>\n<h2 style=\"text-align: center;\"><\/h2>\n<h2 style=\"text-align: center;\"><\/h2>\n<h2 style=\"text-align: center;\"><\/h2>\n<p>&nbsp;<\/p>\n<h2 style=\"text-align: center;\"><\/h2>\n[\/vc_column_text][vc_separator color=&#8221;custom&#8221; css=&#8221;&#8221; accent_color=&#8221;#660084&#8243;][\/vc_column][\/vc_row][vc_row][vc_column width=&#8221;1\/3&#8243;][mk_content_box heading=&#8221;CINEMA COMPETITION &#8211; CENTERPIECE SCREENING &amp; RECEPTION&#8221;][vc_column_text css=&#8221;.vc_custom_1757289705908{margin-bottom: 0px !important;}&#8221;]\n<p style=\"text-align: center;\">RENOIR\u00a0 &amp; TRUFFAUT THEATERS<\/p>\n<h3 style=\"text-align: center;\">Comedy<\/h3>\n[\/vc_column_text][\/mk_content_box][\/vc_column][vc_column width=&#8221;1\/3&#8243;][mk_custom_box corner_radius=&#8221;15&#8243; padding_vertical=&#8221;20&#8243; bg_color=&#8221;#dbcce2&#8243;][vc_column_text css=&#8221;.vc_custom_1759532846818{margin-bottom: 0px !important;}&#8221;]\n<p style=\"text-align: center;\"><strong>THURSDAY OCTOBER 30<\/strong><br \/>\nScreening at 6:00 pm<br \/>\nReception at 8:30 pm<br \/>\n<strong><em>Followed by a conversation with<br \/>\nRichard Linklater, <\/em><\/strong><br \/>\n<strong><em>&amp; actors Guillaume\u00a0 Marbeck and Zoey Deutch<\/em><\/strong><\/p>\n[\/vc_column_text][\/mk_custom_box][mk_image src=&#8221;https:\/\/theamericanfrenchfilmfestival.org\/wp-content\/uploads\/2022\/09\/order-tickets.jpg&#8221; image_size=&#8221;full&#8221; link=&#8221;https:\/\/theamericanfrenchfilmfestival.eventive.org\/schedule\/68b76e612800b241755aec3b&#8221; target=&#8221;_blank&#8221; align=&#8221;center&#8221;][\/vc_column][vc_column width=&#8221;1\/3&#8243;][mk_content_box heading=&#8221;CO-PRESENTED WITH:&#8221;][vc_column_text css=&#8221;.vc_custom_1758903037633{margin-bottom: 0px !important;}&#8221;]\n<p style=\"text-align: center;\"><strong><span style=\"color: #ea1300;\">NETFLIX<br \/>\n<\/span><\/strong><br \/>\n<em>In association with<\/em><br \/>\n<em>Champagne Louis Roederer<\/em><\/p>\n[\/vc_column_text][\/mk_content_box][\/vc_column][\/vc_row][vc_row][vc_column][mk_padding_divider size=&#8221;20&#8243;][vc_separator color=&#8221;custom&#8221; border_width=&#8221;2&#8243; css=&#8221;&#8221; accent_color=&#8221;#ea1300&#8243;][\/vc_column][\/vc_row][vc_row][vc_column width=&#8221;1\/2&#8243;][vc_column_text css=&#8221;.vc_custom_1754528821014{margin-bottom: 0px !important;}&#8221;][\/vc_column_text][vc_column_text css=&#8221;.vc_custom_1755729084384{margin-bottom: 0px !important;}&#8221;]<strong><span style=\"color: #ea1300;\">Los Angeles Premiere<\/span><\/strong> <span style=\"font-weight: 400;\">|\u00a0France |\u00a02025\u00a0|\u00a0Comedy |\u00a0105\u00a0min\u00a0|\u00a0In French with English subtitles | <\/span><\/p>\n<p><b>Directed by: <\/b>Richard Linklater<br \/>\n<b>Written by: <\/b><span style=\"font-weight: 400;\">Vince Palmo,\u00a0Holly Gent Palmo, <\/span><span style=\"font-weight: 400;\">Mich\u00e8le Halberstadt, Laetitia Masson <\/span><span style=\"font-weight: 400;\"><br \/>\n<\/span><b>Produced by: <\/b><span style=\"font-weight: 400;\">Laurent P<\/span><span style=\"font-weight: 400;\">\u00e9<\/span><span style=\"font-weight: 400;\">tin, Mich<\/span><span style=\"font-weight: 400;\">\u00e8<\/span><span style=\"font-weight: 400;\">le P<\/span><span style=\"font-weight: 400;\">\u00e9<\/span><span style=\"font-weight: 400;\">tin (ARP Selection)<br \/>\n<\/span><b>Cinematography:\u00a0<\/b><span style=\"font-weight: 400;\">David Chambille<\/span><span style=\"font-weight: 400;\"><br \/>\n<\/span><b>Film Editing:<\/b><span style=\"font-weight: 400;\"> Catherine Schwartz<br \/>\n<\/span><b>Cast:<\/b> <span style=\"font-weight: 400;\">Guillaume Marbeck (Jean-Luc Godard),\u00a0Zoey Deutch (Jean Seberg),\u00a0Aubry Dullin (Jean-Paul Belmondo), <\/span><span style=\"font-weight: 400;\">Bruno Dreyf\u00fcrst (Georges de Beauregard), Benjamin Cl\u00e9ry (Pierre Rissient), Matthieu Penchinat (Raoul Coutard), Pauline Belle (Suzon Faye), Adrien Rouyard (Fran\u00e7ois Truffaut)<br \/>\n<\/span><b>International Sales: <\/b><span style=\"font-weight: 400;\">Goodfellas<br \/>\n<\/span><b>US Distributor: <\/b><span style=\"font-weight: 400;\">Netflix<br \/>\n<\/span><b>US Release Date:<\/b><span style=\"font-weight: 400;\"> October 31, 2025<\/span><\/p>\n<p style=\"text-align: right;\"><strong><span style=\"color: #660084;\">Synopsis<\/span><\/strong><\/p>\n<p style=\"text-align: justify;\"><b><i>Nouvelle\u00a0Vague\u00a0<\/i><\/b><span style=\"font-weight: 400;\">is Oscar-nominated director <\/span><b>Richard Linklater\u2019<\/b><span style=\"font-weight: 400;\">s love letter to the spellbinding magic of French cinema, reimagining the making of Jean-Luc Godard\u2019s revolutionary\u00a0<\/span><i><span style=\"font-weight: 400;\">Breathless,\u00a0<\/span><\/i><span style=\"font-weight: 400;\">which ultimately cemented Godard as a pioneer of the French New Wave. As critic-turned-director Godard makes and breaks the rules, a mix of fresh faces and daring talents \u2014 including Zoey Deutch as Jean Seberg, Aubry Dullin as Jean-Paul Belmondo, and Guillaume Marbeck as Godard himself \u2014 bring his spontaneous, electric film to life. Capturing the youthful dynamism and creative chaos at the heart of one of the world\u2019s most beloved and influential movies,\u00a0<\/span><i><span style=\"font-weight: 400;\">Nouvelle\u00a0Vague<\/span><\/i><span style=\"font-weight: 400;\">\u00a0transports us to the streets of 1959 Paris for an ode to the power of cinema to transform our lives.<\/span><\/p>\n<p style=\"text-align: right;\"><strong><span style=\"color: #660084;\">Director&#8217;s Biography<\/span><\/strong><\/p>\n<p style=\"text-align: justify;\"><b>Richard Linklater<\/b> has directed twenty-six feature length films, garnering much acclaim, as well as five Academy\u00a0Award nominations, two Golden Globe Awards and two BAFTA Awards, including BAFTA\u2019 Best Film Award for\u00a0<i>Boyhood<\/i>. His credits include <i>Slacker<\/i>, <i>Dazed and Confused<\/i>, and <i>Before Sunset<\/i> to recent projects\u00a0<i>Apollo 10 1\/2: A Space Age Childhood<\/i> and <i>Hit Man<\/i>. His latest film, <b><i>Nouvelle Vague<\/i><\/b>, premiered this year in competition at the Cannes Film Festival, and has already cemented its status as one of France\u2019s leading Academy Award contenders.\u00a0TAFFF is proud to present <strong><em>Nouvelle Vague<\/em><\/strong> as a\u00a0centerpiece film of the festival.<\/p>\n[\/vc_column_text][\/vc_column][vc_column width=&#8221;1\/2&#8243;][mk_image src=&#8221;https:\/\/theamericanfrenchfilmfestival.org\/wp-content\/uploads\/2025\/09\/screenshot-2025-09-28-at-10.00.31.png&#8221; image_size=&#8221;full&#8221; link=&#8221;https:\/\/theamericanfrenchfilmfestival.org\/win-a-trip-to-paris\/&#8221; target=&#8221;_blank&#8221; align=&#8221;center&#8221;][mk_image src=&#8221;https:\/\/theamericanfrenchfilmfestival.org\/wp-content\/uploads\/2025\/08\/nouvelle-vague-3-1.jpg&#8221; image_size=&#8221;full&#8221; frame_style=&#8221;gray_border&#8221; align=&#8221;center&#8221;][\/vc_column][\/vc_row][vc_row][vc_column][vc_column_text]\n[\/vc_column_text][\/vc_column][\/vc_row]\n<\/div>","protected":false},"excerpt":{"rendered":"<p>[vc_row][vc_column][mk_padding_divider][vc_column_text css=&#8221;.vc_custom_1752077436843{margin-bottom: 0px !important;}&#8221;] NOUVELLE VAGUE &nbsp; [\/vc_column_text][vc_separator color=&#8221;custom&#8221; css=&#8221;&#8221; accent_color=&#8221;#660084&#8243;][\/vc_column][\/vc_row][vc_row][vc_column width=&#8221;1\/3&#8243;][mk_content_box heading=&#8221;CINEMA COMPETITION &#8211; CENTERPIECE SCREENING &amp; RECEPTION&#8221;][vc_column_text css=&#8221;.vc_custom_1757289705908{margin-bottom: 0px !important;}&#8221;] RENOIR\u00a0 &amp; TRUFFAUT THEATERS Comedy [\/vc_column_text][\/mk_content_box][\/vc_column][vc_column width=&#8221;1\/3&#8243;][mk_custom_box corner_radius=&#8221;15&#8243; padding_vertical=&#8221;20&#8243; bg_color=&#8221;#dbcce2&#8243;][vc_column_text css=&#8221;.vc_custom_1759532846818{margin-bottom: 0px !important;}&#8221;] THURSDAY OCTOBER 30 Screening at 6:00 pm Reception at 8:30 pm Followed by a conversation with Richard Linklater, &amp; actors [&hellip;]<\/p>\n","protected":false},"author":4,"featured_media":0,"parent":0,"menu_order":0,"comment_status":"closed","ping_status":"closed","template":"","meta":{"footnotes":""},"class_list":["post-22895","page","type-page","status-publish","hentry"],"_links":{"self":[{"href":"https:\/\/theamericanfrenchfilmfestival.org\/wp-json\/wp\/v2\/pages\/22895","targetHints":{"allow":["GET"]}}],"collection":[{"href":"https:\/\/theamericanfrenchfilmfestival.org\/wp-json\/wp\/v2\/pages"}],"about":[{"href":"https:\/\/theamericanfrenchfilmfestival.org\/wp-json\/wp\/v2\/types\/page"}],"author":[{"embeddable":true,"href":"https:\/\/theamericanfrenchfilmfestival.org\/wp-json\/wp\/v2\/users\/4"}],"replies":[{"embeddable":true,"href":"https:\/\/theamericanfrenchfilmfestival.org\/wp-json\/wp\/v2\/comments?post=22895"}],"version-history":[{"count":32,"href":"https:\/\/theamericanfrenchfilmfestival.org\/wp-json\/wp\/v2\/pages\/22895\/revisions"}],"predecessor-version":[{"id":24933,"href":"https:\/\/theamericanfrenchfilmfestival.org\/wp-json\/wp\/v2\/pages\/22895\/revisions\/24933"}],"wp:attachment":[{"href":"https:\/\/theamericanfrenchfilmfestival.org\/wp-json\/wp\/v2\/media?parent=22895"}],"curies":[{"name":"wp","href":"https:\/\/api.w.org\/{rel}","templated":true}]}}