{"id":22856,"date":"2025-07-05T15:10:53","date_gmt":"2025-07-05T15:10:53","guid":{"rendered":"https:\/\/theamericanfrenchfilmfestival.org\/?page_id=22856"},"modified":"2025-10-02T06:18:09","modified_gmt":"2025-10-02T06:18:09","slug":"the-residence","status":"publish","type":"page","link":"https:\/\/theamericanfrenchfilmfestival.org\/the-residence\/","title":{"rendered":"THE RESIDENCE"},"content":{"rendered":"<div class=\"wpb-content-wrapper\">[vc_row][vc_column][mk_padding_divider][vc_column_text css=&#8221;.vc_custom_1751728248771{margin-bottom: 0px !important;}&#8221;]\n<h1 style=\"text-align: center;\">THE RESIDENCE<\/h1>\n<h2 style=\"text-align: center;\">(Dalloway)<\/h2>\n<h2 style=\"text-align: center;\"><\/h2>\n<h2 style=\"text-align: center;\"><\/h2>\n<h2 style=\"text-align: center;\"><\/h2>\n<p>&nbsp;<\/p>\n<h2 style=\"text-align: center;\"><\/h2>\n[\/vc_column_text][vc_separator color=&#8221;custom&#8221; css=&#8221;&#8221; accent_color=&#8221;#660084&#8243;][\/vc_column][\/vc_row][vc_row][vc_column width=&#8221;1\/3&#8243;][mk_content_box heading=&#8221;CINEMA COMPETITION&#8221;][vc_column_text css=&#8221;.vc_custom_1757291403395{margin-bottom: 0px !important;}&#8221;]\n<p style=\"text-align: center;\">RENOIR THEATER<\/p>\n<h3 style=\"text-align: center;\">Thriller, Drama,<br \/>\nSci-Fi<\/h3>\n[\/vc_column_text][\/mk_content_box][\/vc_column][vc_column width=&#8221;1\/3&#8243;][mk_custom_box corner_radius=&#8221;15&#8243; bg_color=&#8221;#dbcce2&#8243;][vc_column_text css=&#8221;.vc_custom_1758567210337{margin-bottom: 0px !important;}&#8221;]\n<p style=\"text-align: center;\"><strong>FRIDAY OCTOBER 31<\/strong><br \/>\n5:00 pm (Screening ends at 6:55 pm)<\/p>\n[\/vc_column_text][\/mk_custom_box][mk_padding_divider size=&#8221;10&#8243;][mk_image src=&#8221;https:\/\/theamericanfrenchfilmfestival.org\/wp-content\/uploads\/2022\/09\/order-tickets.jpg&#8221; image_size=&#8221;full&#8221; link=&#8221;https:\/\/theamericanfrenchfilmfestival.eventive.org\/schedule\/68d7a29b597aa4d2c4e3a1c4&#8243; target=&#8221;_blank&#8221; align=&#8221;center&#8221;][\/vc_column][vc_column width=&#8221;1\/3&#8243;][mk_content_box heading=&#8221;PRESENTED IN ASSOCIATION WITH:&#8221;][vc_column_text css=&#8221;.vc_custom_1758903468471{margin-bottom: 0px !important;}&#8221;]\n<p style=\"text-align: center;\">Gaumont<\/p>\n[\/vc_column_text][\/mk_content_box][\/vc_column][\/vc_row][vc_row][vc_column][mk_padding_divider size=&#8221;20&#8243;][vc_separator color=&#8221;custom&#8221; border_width=&#8221;2&#8243; css=&#8221;&#8221; accent_color=&#8221;#ea1300&#8243;][\/vc_column][\/vc_row][vc_row][vc_column width=&#8221;1\/2&#8243;][vc_column_text css=&#8221;.vc_custom_1757521612076{margin-bottom: 0px !important;}&#8221;]<strong><span style=\"color: #ea1300;\">North American Premiere<\/span><\/strong> |\u00a0France |\u00a02025\u00a0|\u00a0Thriller, Drama, Sci-Fi |\u00a0110\u00a0min\u00a0|\u00a0In French with English subtitles<\/p>\n<p><strong>Directed by: <\/strong>Yann Gozlan<br \/>\n<strong>Written by: <\/strong>Yann Gozlan, Nicolas Bouvet-Levrard, Thomas Kruithof<br \/>\n<strong>Based on the Book by:<\/strong> Tatiana De Rosnay<br \/>\n<strong>Produced by: <\/strong>Nicolas &amp; \u00c9ric Altmayer (Mandarin &amp; Compagnie), Sidonie Dumas (Gaumont), Ga\u00ebtan David (La Compagnie Cin\u00e9matographique), Andr\u00e9 Logie (Panache Productions)<br \/>\n<strong>Cinematography:\u00a0<\/strong>Manu Dacosse<br \/>\n<strong>Original Score: <\/strong>Philippe Rombi<br \/>\n<strong>Film Editing:<\/strong> Valentin F\u00e9ron<br \/>\n<strong>Cast:<\/strong> C\u00e9cile de France (Clarissa Katsef),\u00a0Lars Mikkelsen (Jim Perrier), Anna Mouglalis (Anne Dewinter), Fr\u00e9d\u00e9ric Pierrot (Antoine), Freya Mavor (Mia White), Myl\u00e8ne Farmer (Dalloway)<br \/>\n<strong>International Sales: <\/strong>Gaumont<\/p>\n<p style=\"text-align: right;\"><strong><span style=\"color: #660084;\">Synopsis<\/span><\/strong><\/p>\n<p style=\"text-align: justify;\">Struggling with protracted writer&#8217;s block, young-adult novelist Clarissa Katsef is hoping her stint at a prestigious artist&#8217;s residency will unblock her literary muse and help her transition into the world of non-fiction. But she gradually becomes uneasy, and more and more paranoid, with the increasingly intrusive presence of her AI &#8220;virtual assistant&#8221;, Dalloway, who quickly begins to overstep personal boundaries. <strong>Yann Gozlan<\/strong>&#8216;s psychological thriller explores the ethical and practical ramifications of the future of artificial intelligence and the intrinsically human domain of creativity. But it&#8217;s C\u00e9cile de France&#8217;s fearless (practically one-woman) performance that will keep you pinned to your seat.<\/p>\n<p style=\"text-align: right;\"><strong><span style=\"color: #660084;\">Director&#8217;s Biography<\/span><\/strong><\/p>\n<p style=\"text-align: justify;\">A TAFFF regular, writer-director <strong>Yann Gozlan<\/strong> turned his back on economics early on, began making experimental films in video and Super8, then went on to write and direct two shorts, <em>Pellis<\/em> (2004) and <em>\u00c9cho<\/em> (2006). His first feature, the horror film <em>Caged<\/em> (2010), nabbed Best Film and Best Actress Awards at Screamfest in L.A.\u00a0 He followed that with a string of psychological thrillers: <em>A Perfect Man<\/em> (opening film, COLCOA 2015); <em>Burn Out<\/em> (COLCOA 2018); <em>Black Box<\/em> (COLCOA, 2021), which was nominated for five C\u00e9sar Awards; and <em>Visions<\/em> (2023).\u00a0 He also served as co-writer on Thomas Kruithof\u2019s chilling espionage thriller, <em>The Eavesdropper<\/em> (COLCOA 2017). <strong><em>The Residence<\/em><\/strong> premiered as a Midnight Screening of this year&#8217;s Cannes Film Festival.<\/p>\n[\/vc_column_text][\/vc_column][vc_column width=&#8221;1\/2&#8243;][mk_image src=&#8221;https:\/\/theamericanfrenchfilmfestival.org\/wp-content\/uploads\/2025\/09\/screenshot-2025-09-28-at-10.00.31.png&#8221; image_size=&#8221;full&#8221; link=&#8221;https:\/\/theamericanfrenchfilmfestival.org\/win-a-trip-to-paris\/&#8221; target=&#8221;_blank&#8221; align=&#8221;center&#8221;][mk_image src=&#8221;https:\/\/theamericanfrenchfilmfestival.org\/wp-content\/uploads\/2025\/08\/dalloway_120x160-hd-eva-duriez.jpg&#8221; image_size=&#8221;full&#8221; frame_style=&#8221;gray_border&#8221; align=&#8221;center&#8221;][\/vc_column][\/vc_row][vc_row][vc_column][vc_column_text]\n[\/vc_column_text][\/vc_column][\/vc_row]\n<\/div>","protected":false},"excerpt":{"rendered":"<p>[vc_row][vc_column][mk_padding_divider][vc_column_text css=&#8221;.vc_custom_1751728248771{margin-bottom: 0px !important;}&#8221;] THE RESIDENCE (Dalloway) &nbsp; [\/vc_column_text][vc_separator color=&#8221;custom&#8221; css=&#8221;&#8221; accent_color=&#8221;#660084&#8243;][\/vc_column][\/vc_row][vc_row][vc_column width=&#8221;1\/3&#8243;][mk_content_box heading=&#8221;CINEMA COMPETITION&#8221;][vc_column_text css=&#8221;.vc_custom_1757291403395{margin-bottom: 0px !important;}&#8221;] RENOIR THEATER Thriller, Drama, Sci-Fi [\/vc_column_text][\/mk_content_box][\/vc_column][vc_column width=&#8221;1\/3&#8243;][mk_custom_box corner_radius=&#8221;15&#8243; bg_color=&#8221;#dbcce2&#8243;][vc_column_text css=&#8221;.vc_custom_1758567210337{margin-bottom: 0px !important;}&#8221;] FRIDAY OCTOBER 31 5:00 pm (Screening ends at 6:55 pm) [\/vc_column_text][\/mk_custom_box][mk_padding_divider size=&#8221;10&#8243;][mk_image src=&#8221;https:\/\/theamericanfrenchfilmfestival.org\/wp-content\/uploads\/2022\/09\/order-tickets.jpg&#8221; image_size=&#8221;full&#8221; link=&#8221;https:\/\/theamericanfrenchfilmfestival.eventive.org\/schedule\/68d7a29b597aa4d2c4e3a1c4&#8243; target=&#8221;_blank&#8221; align=&#8221;center&#8221;][\/vc_column][vc_column width=&#8221;1\/3&#8243;][mk_content_box heading=&#8221;PRESENTED IN ASSOCIATION WITH:&#8221;][vc_column_text css=&#8221;.vc_custom_1758903468471{margin-bottom: 0px !important;}&#8221;] [&hellip;]<\/p>\n","protected":false},"author":4,"featured_media":0,"parent":0,"menu_order":0,"comment_status":"closed","ping_status":"closed","template":"","meta":{"footnotes":""},"class_list":["post-22856","page","type-page","status-publish","hentry"],"_links":{"self":[{"href":"https:\/\/theamericanfrenchfilmfestival.org\/wp-json\/wp\/v2\/pages\/22856","targetHints":{"allow":["GET"]}}],"collection":[{"href":"https:\/\/theamericanfrenchfilmfestival.org\/wp-json\/wp\/v2\/pages"}],"about":[{"href":"https:\/\/theamericanfrenchfilmfestival.org\/wp-json\/wp\/v2\/types\/page"}],"author":[{"embeddable":true,"href":"https:\/\/theamericanfrenchfilmfestival.org\/wp-json\/wp\/v2\/users\/4"}],"replies":[{"embeddable":true,"href":"https:\/\/theamericanfrenchfilmfestival.org\/wp-json\/wp\/v2\/comments?post=22856"}],"version-history":[{"count":13,"href":"https:\/\/theamericanfrenchfilmfestival.org\/wp-json\/wp\/v2\/pages\/22856\/revisions"}],"predecessor-version":[{"id":24852,"href":"https:\/\/theamericanfrenchfilmfestival.org\/wp-json\/wp\/v2\/pages\/22856\/revisions\/24852"}],"wp:attachment":[{"href":"https:\/\/theamericanfrenchfilmfestival.org\/wp-json\/wp\/v2\/media?parent=22856"}],"curies":[{"name":"wp","href":"https:\/\/api.w.org\/{rel}","templated":true}]}}