{"id":22795,"date":"2025-07-02T17:58:06","date_gmt":"2025-07-02T17:58:06","guid":{"rendered":"https:\/\/theamericanfrenchfilmfestival.org\/?page_id=22795"},"modified":"2025-10-02T06:25:08","modified_gmt":"2025-10-02T06:25:08","slug":"connemara","status":"publish","type":"page","link":"https:\/\/theamericanfrenchfilmfestival.org\/connemara\/","title":{"rendered":"CONNEMARA"},"content":{"rendered":"<div class=\"wpb-content-wrapper\">[vc_row][vc_column][mk_padding_divider][vc_column_text css=&#8221;.vc_custom_1751479082892{margin-bottom: 0px !important;}&#8221;]\n<h1 style=\"text-align: center;\">CONNEMARA<\/h1>\n<h2 style=\"text-align: center;\"><\/h2>\n<h2 style=\"text-align: center;\"><\/h2>\n<h2 style=\"text-align: center;\"><\/h2>\n<h2 style=\"text-align: center;\"><\/h2>\n<h2 style=\"text-align: center;\"><\/h2>\n<p>&nbsp;<\/p>\n<h2 style=\"text-align: center;\"><\/h2>\n[\/vc_column_text][vc_separator color=&#8221;custom&#8221; css=&#8221;&#8221; accent_color=&#8221;#660084&#8243;][\/vc_column][\/vc_row][vc_row][vc_column width=&#8221;1\/3&#8243;][mk_content_box heading=&#8221;CINEMA COMPETITION&#8221;][vc_column_text css=&#8221;.vc_custom_1758577522305{margin-bottom: 0px !important;}&#8221;]\n<p style=\"text-align: center;\">TRUFFAUT THEATER<\/p>\n<h3 style=\"text-align: center;\">Drama, Romance<\/h3>\n[\/vc_column_text][\/mk_content_box][\/vc_column][vc_column width=&#8221;1\/3&#8243;][mk_custom_box corner_radius=&#8221;15&#8243; bg_color=&#8221;#dbcce2&#8243;][vc_column_text css=&#8221;.vc_custom_1758577580354{margin-bottom: 0px !important;}&#8221;]\n<p style=\"text-align: center;\"><strong>SATURDAY NOVEMBER 1<\/strong><br \/>\n7:35 pm (Screening ends at 9:25 pm)<br \/>\n<strong>Followed by a conversation with writer\/director Alex Lutz<\/strong><\/p>\n[\/vc_column_text][\/mk_custom_box][mk_padding_divider size=&#8221;10&#8243;][mk_image src=&#8221;https:\/\/theamericanfrenchfilmfestival.org\/wp-content\/uploads\/2022\/09\/order-tickets.jpg&#8221; image_size=&#8221;full&#8221; link=&#8221;https:\/\/theamericanfrenchfilmfestival.eventive.org\/schedule\/68d7a7b692b8dcd08097da15&#8243; target=&#8221;_blank&#8221; align=&#8221;center&#8221;][\/vc_column][vc_column width=&#8221;1\/3&#8243;][mk_content_box heading=&#8221;PRESENTED IN ASSOCIATION WITH:&#8221;][vc_column_text css=&#8221;.vc_custom_1758863723783{margin-bottom: 0px !important;}&#8221;]\n<p style=\"text-align: center;\">StudioCanal<\/p>\n[\/vc_column_text][\/mk_content_box][\/vc_column][\/vc_row][vc_row][vc_column][mk_padding_divider size=&#8221;20&#8243;][vc_separator color=&#8221;custom&#8221; border_width=&#8221;2&#8243; css=&#8221;&#8221; accent_color=&#8221;#ea1300&#8243;][\/vc_column][\/vc_row][vc_row][vc_column width=&#8221;1\/2&#8243;][vc_column_text css=&#8221;.vc_custom_1757521661492{margin-bottom: 0px !important;}&#8221;]<strong><span style=\"color: #ea1300;\">North American Premiere<\/span><\/strong> <span style=\"font-weight: 400;\">| France | 2025 | Drama, Romance | 105 min | In French with English subtitles |<\/span><\/p>\n<p><span style=\"font-weight: 400;\"><b>Directed by: <\/b>Alex Lutz<br \/>\n<\/span><b>Written by: <\/b><span style=\"font-weight: 400;\">Alex Lutz,\u00a0Am\u00e9lia Guyader, Hadrien Bichet<\/span><span style=\"font-weight: 400;\"><br \/>\n<\/span><b>Based on the Book by:<\/b><span style=\"font-weight: 400;\"> Nicolas Mathieu<\/span><span style=\"font-weight: 400;\"><br \/>\n<\/span><b>Produced by: <\/b><span style=\"font-weight: 400;\">Emmanuel Georges &amp; Brigitte Ducottet (Supermouche Productions), Edouard de Vesinne (Incognita)<br \/>\n<\/span><b>Cinematography:\u00a0<\/b><span style=\"font-weight: 400;\">\u00c9ponine Momenceau<br \/>\n<\/span><b>Original Score: <\/b><span style=\"font-weight: 400;\">Vincent Blanchard<br \/>\n<\/span><b>Film Editing:<\/b><span style=\"font-weight: 400;\"> Margot Meynier<br \/>\n<\/span><b>Cast:<\/b> <span style=\"font-weight: 400;\">M\u00e9lanie Thierry (H\u00e9l\u00e8ne) ,\u00a0Bastien Bouillon (Christophe),\u00a0Jacques Gamblin (G\u00e9rard), Eliot Giraud (Gabriel), Bruno Sanches (Marco), Alexandre Auvergne (Greg), Johanna Lauraire (Clara), Elisa Beauchamp (Mouche), Gr\u00e9gory Montel (Philippe)<\/span><span style=\"font-weight: 400;\"><br \/>\n<\/span><b>International Sales: <\/b><span style=\"font-weight: 400;\">StudioCanal<\/span><\/p>\n<p style=\"text-align: right;\"><strong><span style=\"color: #660084;\">Synopsis<\/span><\/strong><\/p>\n<p style=\"text-align: justify;\"><span style=\"font-weight: 400;\">H\u00e9l\u00e8ne&#8217;s picture-perfect life and brilliant career come crashing down around her when she suddenly suffers a burnout. Feeling stuck, unfulfilled and restless, she and her family move back to her hometown&#8230; where she runs into Christophe, her high school crush, who has never left. <\/span><b>Alex<\/b> <b>Lutz<\/b><span style=\"font-weight: 400;\">&#8216;s exquisitely layered adaptation of <\/span><span style=\"font-weight: 400;\">Goncourt\u2013winning author Nicolas Mathieu&#8217;s novel is a bewitching pas de deux by two consummate actors, plunging us into a world of regret and desire, past and present, longing and social divisions, and the choices that shape people&#8217;s lives.<\/span><\/p>\n<p style=\"text-align: right;\"><strong><span style=\"color: #660084;\">Director&#8217;s Biography<\/span><\/strong><\/p>\n<p style=\"text-align: justify;\"><b>Alex Lutz<\/b><span style=\"font-weight: 400;\"> is an accomplished stage and screen actor, theater and film director, screenwriter, playwright, and novelist. He began his career on stage, winning two Moli\u00e8re Awards for Comedy in 2016 and 2020. His numerous acting credits include Michel Hazanavicius&#8217;s <\/span><i><span style=\"font-weight: 400;\">OSS 117: Lost in Rio<\/span><\/i><span style=\"font-weight: 400;\"> (COLCOA 2009) and Pascal Bonitzer&#8217;s <\/span><i><span style=\"font-weight: 400;\">Auction<\/span><\/i><span style=\"font-weight: 400;\"> (TAFFF 2024), as well as the TV series <\/span><i><span style=\"font-weight: 400;\">Catherine et Liliane<\/span><\/i><span style=\"font-weight: 400;\"> (2012-2019), <\/span><i><span style=\"font-weight: 400;\">Baron Noir<\/span><\/i><span style=\"font-weight: 400;\"> (2020), <\/span><i><span style=\"font-weight: 400;\">Becoming Karl Lagerfeld<\/span><\/i><span style=\"font-weight: 400;\"> (TAFFF 2024), and <\/span><i><span style=\"font-weight: 400;\">\u00c7a, c&#8217;est Paris !<\/span><\/i><span style=\"font-weight: 400;\"> (TAFFF 2024). Lutz has previously written and directed four feature films, in which he has also starred: <\/span><i><span style=\"font-weight: 400;\">Le talent de mes amis<\/span><\/i><span style=\"font-weight: 400;\"> (2015); the mockumentary <\/span><i><span style=\"font-weight: 400;\">Guy<\/span><\/i><span style=\"font-weight: 400;\"> (2018), for which he won both C\u00e9sar and Lumi\u00e8re Awards for Best Actor, and C\u00e9sar nominations for Best Original Screenplay and Best Film; the TV movie <\/span><i><span style=\"font-weight: 400;\">La vengeance au triple galop<\/span><\/i><span style=\"font-weight: 400;\"> (2021); and <\/span><i><span style=\"font-weight: 400;\">Strangers by Night<\/span><\/i><span style=\"font-weight: 400;\"> (2023). <\/span><b><i>Connemara<\/i><\/b><span style=\"font-weight: 400;\">, which premiered at the 2025 Cannes Film Festival, was released in France in September, is the first film directed by Alex Lutz in which he doesn&#8217;t appear.<\/span><\/p>\n[\/vc_column_text][\/vc_column][vc_column width=&#8221;1\/2&#8243;][mk_image src=&#8221;https:\/\/theamericanfrenchfilmfestival.org\/wp-content\/uploads\/2025\/09\/screenshot-2025-09-28-at-10.00.31.png&#8221; image_size=&#8221;full&#8221; link=&#8221;https:\/\/theamericanfrenchfilmfestival.org\/win-a-trip-to-paris\/&#8221; target=&#8221;_blank&#8221; align=&#8221;center&#8221;][mk_image src=&#8221;https:\/\/theamericanfrenchfilmfestival.org\/wp-content\/uploads\/2025\/10\/connemara-eng.png&#8221; image_size=&#8221;full&#8221; frame_style=&#8221;gray_border&#8221; align=&#8221;center&#8221;][\/vc_column][\/vc_row][vc_row][vc_column][vc_column_text]\n[\/vc_column_text][\/vc_column][\/vc_row]\n<\/div>","protected":false},"excerpt":{"rendered":"<p>[vc_row][vc_column][mk_padding_divider][vc_column_text css=&#8221;.vc_custom_1751479082892{margin-bottom: 0px !important;}&#8221;] CONNEMARA &nbsp; [\/vc_column_text][vc_separator color=&#8221;custom&#8221; css=&#8221;&#8221; accent_color=&#8221;#660084&#8243;][\/vc_column][\/vc_row][vc_row][vc_column width=&#8221;1\/3&#8243;][mk_content_box heading=&#8221;CINEMA COMPETITION&#8221;][vc_column_text css=&#8221;.vc_custom_1758577522305{margin-bottom: 0px !important;}&#8221;] TRUFFAUT THEATER Drama, Romance [\/vc_column_text][\/mk_content_box][\/vc_column][vc_column width=&#8221;1\/3&#8243;][mk_custom_box corner_radius=&#8221;15&#8243; bg_color=&#8221;#dbcce2&#8243;][vc_column_text css=&#8221;.vc_custom_1758577580354{margin-bottom: 0px !important;}&#8221;] SATURDAY NOVEMBER 1 7:35 pm (Screening ends at 9:25 pm) Followed by a conversation with writer\/director Alex Lutz [\/vc_column_text][\/mk_custom_box][mk_padding_divider size=&#8221;10&#8243;][mk_image src=&#8221;https:\/\/theamericanfrenchfilmfestival.org\/wp-content\/uploads\/2022\/09\/order-tickets.jpg&#8221; image_size=&#8221;full&#8221; link=&#8221;https:\/\/theamericanfrenchfilmfestival.eventive.org\/schedule\/68d7a7b692b8dcd08097da15&#8243; target=&#8221;_blank&#8221; align=&#8221;center&#8221;][\/vc_column][vc_column width=&#8221;1\/3&#8243;][mk_content_box heading=&#8221;PRESENTED IN [&hellip;]<\/p>\n","protected":false},"author":4,"featured_media":0,"parent":0,"menu_order":0,"comment_status":"closed","ping_status":"closed","template":"","meta":{"footnotes":""},"class_list":["post-22795","page","type-page","status-publish","hentry"],"_links":{"self":[{"href":"https:\/\/theamericanfrenchfilmfestival.org\/wp-json\/wp\/v2\/pages\/22795","targetHints":{"allow":["GET"]}}],"collection":[{"href":"https:\/\/theamericanfrenchfilmfestival.org\/wp-json\/wp\/v2\/pages"}],"about":[{"href":"https:\/\/theamericanfrenchfilmfestival.org\/wp-json\/wp\/v2\/types\/page"}],"author":[{"embeddable":true,"href":"https:\/\/theamericanfrenchfilmfestival.org\/wp-json\/wp\/v2\/users\/4"}],"replies":[{"embeddable":true,"href":"https:\/\/theamericanfrenchfilmfestival.org\/wp-json\/wp\/v2\/comments?post=22795"}],"version-history":[{"count":15,"href":"https:\/\/theamericanfrenchfilmfestival.org\/wp-json\/wp\/v2\/pages\/22795\/revisions"}],"predecessor-version":[{"id":24862,"href":"https:\/\/theamericanfrenchfilmfestival.org\/wp-json\/wp\/v2\/pages\/22795\/revisions\/24862"}],"wp:attachment":[{"href":"https:\/\/theamericanfrenchfilmfestival.org\/wp-json\/wp\/v2\/media?parent=22795"}],"curies":[{"name":"wp","href":"https:\/\/api.w.org\/{rel}","templated":true}]}}