{"id":22783,"date":"2025-07-02T16:54:34","date_gmt":"2025-07-02T16:54:34","guid":{"rendered":"https:\/\/theamericanfrenchfilmfestival.org\/?page_id=22783"},"modified":"2025-10-03T22:52:23","modified_gmt":"2025-10-03T22:52:23","slug":"the-lost-station-girls","status":"publish","type":"page","link":"https:\/\/theamericanfrenchfilmfestival.org\/the-lost-station-girls\/","title":{"rendered":"THE LOST STATION GIRLS"},"content":{"rendered":"<div class=\"wpb-content-wrapper\">[vc_row][vc_column][mk_padding_divider][vc_column_text css=&#8221;.vc_custom_1757007359483{margin-bottom: 0px !important;}&#8221;]\n<h1 style=\"text-align: center;\">THE LOST STATION GIRLS<\/h1>\n<h2 style=\"text-align: center;\">(Les Disparues de la gare)<\/h2>\n<h2 style=\"text-align: center;\"><\/h2>\n[\/vc_column_text][mk_padding_divider size=&#8221;20&#8243;][vc_separator color=&#8221;custom&#8221; css=&#8221;&#8221; accent_color=&#8221;#660084&#8243;][\/vc_column][\/vc_row][vc_row][vc_column width=&#8221;1\/3&#8243;][mk_content_box heading=&#8221;TELEVISION COMPETITION&#8221;][vc_column_text css=&#8221;.vc_custom_1757291123078{margin-bottom: 0px !important;}&#8221;]\n<p style=\"text-align: center;\">RENOIR THEATER<\/p>\n<h3 style=\"text-align: center;\">Crime, Thriller,<br \/>\nDrama<\/h3>\n[\/vc_column_text][\/mk_content_box][\/vc_column][vc_column width=&#8221;1\/3&#8243;][mk_custom_box corner_radius=&#8221;15&#8243; bg_color=&#8221;#dbcce2&#8243;][vc_column_text css=&#8221;.vc_custom_1759531941020{margin-bottom: 0px !important;}&#8221;]\n<p style=\"text-align: center;\"><strong>FRIDAY OCTOBER 31<\/strong><br \/>\n8:30 pm (Screening ends at 10:05 pm)<br \/>\n<span style=\"color: #333333;\"><strong>Followed by a conversation with actors Camille Razat &amp; Hugo Becker<\/strong><\/span><\/p>\n[\/vc_column_text][\/mk_custom_box][mk_padding_divider size=&#8221;10&#8243;][mk_image src=&#8221;https:\/\/theamericanfrenchfilmfestival.org\/wp-content\/uploads\/2022\/09\/order-tickets.jpg&#8221; image_size=&#8221;full&#8221; link=&#8221;https:\/\/theamericanfrenchfilmfestival.eventive.org\/schedule\/68d7a43dd1f02cbef0f8cbf7&#8243; target=&#8221;_blank&#8221; align=&#8221;center&#8221;][\/vc_column][vc_column width=&#8221;1\/3&#8243;][mk_content_box heading=&#8221;PRESENTED IN ASSOCIATION WITH:&#8221;][vc_column_text css=&#8221;.vc_custom_1758904291024{margin-bottom: 0px !important;}&#8221;]\n<p style=\"text-align: center;\">Disney+<\/p>\n[\/vc_column_text][\/mk_content_box][\/vc_column][\/vc_row][vc_row][vc_column][mk_padding_divider size=&#8221;20&#8243;][vc_separator color=&#8221;custom&#8221; border_width=&#8221;2&#8243; css=&#8221;&#8221; accent_color=&#8221;#ea1300&#8243;][\/vc_column][\/vc_row][vc_row][vc_column width=&#8221;1\/2&#8243;][vc_column_text css=&#8221;.vc_custom_1757291214085{margin-bottom: 0px !important;}&#8221;]<strong><span style=\"color: #ea1300;\">Special Screening <\/span><\/strong><span style=\"font-weight: 400;\">| TV Series | France |\u00a02025\u00a0|\u00a0Crime, Thriller, Drama |<br \/>\n6 x <\/span><span style=\"font-weight: 400;\">\u00a0<\/span><span style=\"font-weight: 400;\">52\u00a0min | Episodes 1 &amp; 2 | In French with English subtitles\u00a0<\/span><\/p>\n<p><b>Directed by: <\/b><span style=\"font-weight: 400;\">Virginie Sauveur<br \/>\n<\/span><b>Created by:<\/b> <span style=\"font-weight: 400;\">Ga\u00eblle Bellan<br \/>\n<\/span><b>Written by:<\/b><span style=\"font-weight: 400;\"> Ga\u00eblle Bellan, with the collaboration of Mehdi Ouahab<br \/>\n<\/span><b>Produced by<\/b><span style=\"font-weight: 400;\">: Pierre Laugier &amp; <\/span><span style=\"font-weight: 400;\">Anthony Lancret<\/span><span style=\"font-weight: 400;\"> (<\/span><span style=\"font-weight: 400;\">Itin<\/span><span style=\"font-weight: 400;\">\u00e9<\/span><span style=\"font-weight: 400;\">raire Productions)<br \/>\n<\/span><b>Cinematography:<\/b> <span style=\"font-weight: 400;\">David Ciccodicola<\/span><span style=\"font-weight: 400;\"><br \/>\n<\/span><b>Original Score:<\/b><span style=\"font-weight: 400;\">\u00a0Saycet<br \/>\n<\/span><b>Film Editing:<\/b> <span style=\"font-weight: 400;\">Jo\u00ebl Jacovella, <\/span><span style=\"font-weight: 400;\">Linda B\u00e9chat-Naud<br \/>\n<\/span><b>Cast:<\/b> <span style=\"font-weight: 400;\">Camille Razat (Flore Robin),\u00a0Hugo Becker (Frank Vidal),\u00a0Patrick Timsit (F\u00e9lix Sabueso), M\u00e9lanie Doutey (Marie-Jos\u00e9e Andujar), <\/span><span style=\"font-weight: 400;\">K\u00e9vin Aza\u00efs (Arnaud Cholet), Yannick Choirat (Chief of Police Pi\u00e9tri)<br \/>\n<\/span><b>International Distribution:<\/b><span style=\"font-weight: 400;\"> Disney+ <\/span><span style=\"font-weight: 400;\"><br \/>\n<\/span><b>Original Broadcasting:<\/b><span style=\"font-weight: 400;\"> Disney+ (France) &amp; Hulu (USA) (2025)<\/span><\/p>\n<p style=\"text-align: right;\"><strong><span style=\"color: #660084;\">Synopsis<\/span><\/strong><\/p>\n<p style=\"text-align: justify;\"><span style=\"font-weight: 400;\">Between 1995 and 2001, in the South of France, a teenage girl disappears and three young women are murdered near the Perpignan train station. Their faces appear in newspapers, earning them the name \u201cThe Lost Station Girls.\u201d Flore Robin (Camille Razat), a young investigator, begins her career in the police on the very day the first victim is found. She must team up with police captain Franck Vidal and her mentor F\u00e9lix Sabueso. Meanwhile, the mother of the first missing girl holds on to the hope of finding her daughter, in this twenty-year-long extraordinary investigation inspired by a true story.<\/span><\/p>\n<p style=\"text-align: right;\"><strong><span style=\"color: #660084;\">Director&#8217;s biography<\/span><\/strong><\/p>\n<p style=\"text-align: justify;\"><span style=\"font-weight: 400;\">Series creator <\/span><b>Ga\u00eblle Bellan<\/b><span style=\"font-weight: 400;\"> has numerous television writing credits to her name. She has cowritten scripts for two TV movies, Denis Malleval&#8217;s <\/span><i><span style=\"font-weight: 400;\">Un petit mensonge<\/span><\/i><span style=\"font-weight: 400;\"> (2009) and Fr\u00e9d\u00e9ric Tellier&#8217;s <\/span><i><span style=\"font-weight: 400;\">The Robin Hood of the Poor<\/span><\/i><span style=\"font-weight: 400;\"> (2011), as well as Tellier&#8217;s theatrical feature <\/span><i><span style=\"font-weight: 400;\">Goliath<\/span><\/i><span style=\"font-weight: 400;\"> (2022). She&#8217;s written for the award-winning series <\/span><i><span style=\"font-weight: 400;\">Spiral<\/span><\/i><span style=\"font-weight: 400;\"> (2017), <\/span><i><span style=\"font-weight: 400;\">The Bureau<\/span><\/i><span style=\"font-weight: 400;\"> (2018) and <\/span><i><span style=\"font-weight: 400;\">Everything Is Fine<\/span><\/i><span style=\"font-weight: 400;\"> (TAFFF 2023), and co-created the miniseries <\/span><i><span style=\"font-weight: 400;\">The Promise<\/span><\/i><span style=\"font-weight: 400;\"> (2020). Director <\/span><b>Virginie Sauveur<\/b><span style=\"font-weight: 400;\"> has written and directed the TV movies <\/span><i><span style=\"font-weight: 400;\">Quelques jours entre nous<\/span><\/i><span style=\"font-weight: 400;\"> (2003), <\/span><i><span style=\"font-weight: 400;\">Celle qui reste<\/span><\/i><span style=\"font-weight: 400;\"> (2005) and directed <\/span><i><span style=\"font-weight: 400;\">La veuve tatou\u00e9e<\/span><\/i><span style=\"font-weight: 400;\"> (2008). She&#8217;s directed episodes of the series <\/span><i><span style=\"font-weight: 400;\">Spiral<\/span><\/i><span style=\"font-weight: 400;\"> (2012), <\/span><i><span style=\"font-weight: 400;\">Virage Nord<\/span><\/i><span style=\"font-weight: 400;\"> (2015), and <\/span><i><span style=\"font-weight: 400;\">The Crimson Rivers<\/span><\/i><span style=\"font-weight: 400;\"> (2018). In 2018, she and Bellan co-wrote the TV movie <\/span><i><span style=\"font-weight: 400;\">The Age of the Stateless<\/span><\/i><span style=\"font-weight: 400;\">, which Sauveur also directed. Her first feature film was <\/span><i><span style=\"font-weight: 400;\">Magnificat<\/span><\/i><span style=\"font-weight: 400;\"> (2023), starring Karin Viard and Fran\u00e7ois Berl\u00e9and.\u00a0<\/span><\/p>\n[\/vc_column_text][\/vc_column][vc_column width=&#8221;1\/2&#8243;][mk_image src=&#8221;https:\/\/theamericanfrenchfilmfestival.org\/wp-content\/uploads\/2025\/09\/screenshot-2025-09-28-at-10.07.49.png&#8221; image_size=&#8221;full&#8221; link=&#8221;https:\/\/theamericanfrenchfilmfestival.org\/win-a-cruise-for-two-in-europe\/&#8221; target=&#8221;_blank&#8221; align=&#8221;center&#8221;][mk_image src=&#8221;https:\/\/theamericanfrenchfilmfestival.org\/wp-content\/uploads\/2025\/09\/theloststationgirls.jpg&#8221; image_size=&#8221;full&#8221; frame_style=&#8221;gray_border&#8221; align=&#8221;center&#8221;][\/vc_column][\/vc_row][vc_row][vc_column][vc_column_text]\n[\/vc_column_text][\/vc_column][\/vc_row]\n<\/div>","protected":false},"excerpt":{"rendered":"<p>[vc_row][vc_column][mk_padding_divider][vc_column_text css=&#8221;.vc_custom_1757007359483{margin-bottom: 0px !important;}&#8221;] THE LOST STATION GIRLS (Les Disparues de la gare) [\/vc_column_text][mk_padding_divider size=&#8221;20&#8243;][vc_separator color=&#8221;custom&#8221; css=&#8221;&#8221; accent_color=&#8221;#660084&#8243;][\/vc_column][\/vc_row][vc_row][vc_column width=&#8221;1\/3&#8243;][mk_content_box heading=&#8221;TELEVISION COMPETITION&#8221;][vc_column_text css=&#8221;.vc_custom_1757291123078{margin-bottom: 0px !important;}&#8221;] RENOIR THEATER Crime, Thriller, Drama [\/vc_column_text][\/mk_content_box][\/vc_column][vc_column width=&#8221;1\/3&#8243;][mk_custom_box corner_radius=&#8221;15&#8243; bg_color=&#8221;#dbcce2&#8243;][vc_column_text css=&#8221;.vc_custom_1759531941020{margin-bottom: 0px !important;}&#8221;] FRIDAY OCTOBER 31 8:30 pm (Screening ends at 10:05 pm) Followed by a conversation with actors Camille Razat &amp; [&hellip;]<\/p>\n","protected":false},"author":4,"featured_media":0,"parent":0,"menu_order":0,"comment_status":"closed","ping_status":"closed","template":"","meta":{"footnotes":""},"class_list":["post-22783","page","type-page","status-publish","hentry"],"_links":{"self":[{"href":"https:\/\/theamericanfrenchfilmfestival.org\/wp-json\/wp\/v2\/pages\/22783","targetHints":{"allow":["GET"]}}],"collection":[{"href":"https:\/\/theamericanfrenchfilmfestival.org\/wp-json\/wp\/v2\/pages"}],"about":[{"href":"https:\/\/theamericanfrenchfilmfestival.org\/wp-json\/wp\/v2\/types\/page"}],"author":[{"embeddable":true,"href":"https:\/\/theamericanfrenchfilmfestival.org\/wp-json\/wp\/v2\/users\/4"}],"replies":[{"embeddable":true,"href":"https:\/\/theamericanfrenchfilmfestival.org\/wp-json\/wp\/v2\/comments?post=22783"}],"version-history":[{"count":17,"href":"https:\/\/theamericanfrenchfilmfestival.org\/wp-json\/wp\/v2\/pages\/22783\/revisions"}],"predecessor-version":[{"id":24920,"href":"https:\/\/theamericanfrenchfilmfestival.org\/wp-json\/wp\/v2\/pages\/22783\/revisions\/24920"}],"wp:attachment":[{"href":"https:\/\/theamericanfrenchfilmfestival.org\/wp-json\/wp\/v2\/media?parent=22783"}],"curies":[{"name":"wp","href":"https:\/\/api.w.org\/{rel}","templated":true}]}}