{"id":22779,"date":"2025-07-02T16:50:29","date_gmt":"2025-07-02T16:50:29","guid":{"rendered":"https:\/\/theamericanfrenchfilmfestival.org\/?page_id=22779"},"modified":"2025-10-21T02:44:02","modified_gmt":"2025-10-21T02:44:02","slug":"the-deal","status":"publish","type":"page","link":"https:\/\/theamericanfrenchfilmfestival.org\/the-deal\/","title":{"rendered":"THE DEAL"},"content":{"rendered":"<div class=\"wpb-content-wrapper\">[vc_row][vc_column][mk_padding_divider][vc_column_text css=&#8221;.vc_custom_1761014366589{margin-bottom: 0px !important;}&#8221;]\n<h1><\/h1>\n<h1 style=\"text-align: center;\">THE DEAL<\/h1>\n<h3 style=\"text-align: center;\">(Dans l&#8217;ombre, tout se n\u00e9gocie)<\/h3>\n<h2 style=\"text-align: center;\"><\/h2>\n<h2 style=\"text-align: center;\"><\/h2>\n<p>&nbsp;<\/p>\n<h2 style=\"text-align: center;\"><\/h2>\n[\/vc_column_text][mk_padding_divider size=&#8221;20&#8243;][vc_separator color=&#8221;custom&#8221; css=&#8221;&#8221; accent_color=&#8221;#660084&#8243;][\/vc_column][\/vc_row][vc_row][vc_column width=&#8221;1\/3&#8243;][mk_content_box heading=&#8221;TELEVISION COMPETITION&#8221;][vc_column_text css=&#8221;.vc_custom_1758559953327{margin-bottom: 0px !important;}&#8221;]\n<p style=\"text-align: center;\">MELVILLE THEATER<\/p>\n<h3 style=\"text-align: center;\">Political Thriller<\/h3>\n[\/vc_column_text][\/mk_content_box][\/vc_column][vc_column width=&#8221;1\/3&#8243;][mk_custom_box corner_radius=&#8221;15&#8243; bg_color=&#8221;#dbcce2&#8243;][vc_column_text css=&#8221;.vc_custom_1760810124401{margin-bottom: 0px !important;}&#8221;]\n<p style=\"text-align: center;\"><strong>WEDNESDAY OCTOBER 29<\/strong><br \/>\n4:45 pm (Screening ends at 6:25 pm)<br \/>\n<em>Followed by a conversation with actor Anthony Azizi<\/em><br \/>\n<strong>FRIDAY OCTOBER 31<\/strong><br \/>\n3:00 pm ( Screening ends at 4:40 pm)<br \/>\n<em>Followed by a conversation with actor Anthony Azizi<\/em><br \/>\n<strong>SATURDAY NOVEMBER 1<\/strong><br \/>\n5:15 pm (Screening ends at 7:05 pm)<br \/>\n<em>Followed by a conversation with actor Anthony Azizi<\/em><br \/>\n<strong>MONDAY NOVEMBER 3<\/strong><br \/>\n8:30 pm<\/p>\n[\/vc_column_text][\/mk_custom_box][mk_padding_divider size=&#8221;10&#8243;][\/vc_column][vc_column width=&#8221;1\/3&#8243;][mk_content_box heading=&#8221;PRESENTED IN ASSOCIATION WITH:&#8221;][vc_column_text css=&#8221;.vc_custom_1758904133671{margin-bottom: 0px !important;}&#8221;]\n<p style=\"text-align: center;\">Gaumont<\/p>\n[\/vc_column_text][\/mk_content_box][\/vc_column][\/vc_row][vc_row][vc_column][mk_padding_divider size=&#8221;20&#8243;][vc_separator color=&#8221;custom&#8221; border_width=&#8221;2&#8243; css=&#8221;&#8221; accent_color=&#8221;#ea1300&#8243;][\/vc_column][\/vc_row][vc_row][vc_column width=&#8221;1\/2&#8243;][vc_column_text css=&#8221;.vc_custom_1760370274101{margin-bottom: 0px !important;}&#8221;]<strong><span style=\"color: #ea1300;\">North American Premiere<\/span><\/strong>\u00a0| TV Series | France, Switzerland, Luxembourg\u00a0|\u00a02025\u00a0|\u00a0Political Thriller |\u00a06 x 52\u00a0min | Episodes 1 &amp; 2 | In English. In French &amp; Persian with English subtitles<\/p>\n<p><strong>Directed by:<\/strong> Jean-St\u00e9phane Bron<br \/>\n<strong>Created by:<\/strong> Alice Winocour,\u00a0Jean-St\u00e9phane Bron<br \/>\n<strong>Written by:<\/strong> Alice Winocour,\u00a0Jean-St\u00e9phane Bron, Eug\u00e8ne Riousse, Julien Lacombe, St\u00e9phane Mitchell, Valentine Monteil<br \/>\n<strong>Produced by:<\/strong> Philippe Martin &amp; David Thion (Les Films Pell\u00e9as), Isabelle Degeorges, Cl\u00e9mentine Vaudaux &amp; Sidonie Dumas (Gaumont), Fr\u00e9d\u00e9ric Mermoud, Ursula Meier, Jean-St\u00e9phane Bron &amp; Lionel Baier (Bande \u00e0 Part), Jacques-Henri Bronckart &amp; Tatjana Kozar (Versus Production), Christel Henon &amp; Lilian Eche (Bidibul Productions), RTS, Arte France Cin\u00e9ma.<br \/>\n<strong>Cinematography:<\/strong> Adrien Bertolle<br \/>\n<strong>Original Score:<\/strong>\u00a0Amine Bouhafa, Christian Garcia-Gaucher, Gast Waltzing<br \/>\n<strong>Film Editing:<\/strong> Sarah Anderson, Jean-Baptiste Morin<br \/>\n<strong>Cast:<\/strong> Veerle Baetens (Alexandra Weiss),\u00a0Juliet Stevenson (Cindy Cohen),\u00a0Anthony Azizi (Moshem Madavi), Alexander Behrang Keshtkar (Ali Katibi), Sam Crane (Andrew Porter), Max Hubacher (Olivier Dayer), Arash Marandi (Payam Sanjabi), Andr\u00e9 Marcon (Walter Brunner)<br \/>\n<strong>International Sales:<\/strong> Gaumont<br \/>\n<strong>Original Broadcasting:<\/strong> Arte (Date TBA)<\/p>\n<p style=\"text-align: right;\"><strong><span style=\"color: #660084;\">Synopsis<\/span><\/strong><\/p>\n<p style=\"text-align: justify;\">ARTE&#8217;s upcoming miniseries <em>The Deal<\/em> could not be more timely. Set against the backdrop of 2015 Iran Nuclear Agreement negotiations in Geneva, its fictionalized plot follows would-be-Swiss diplomat Alexandra Weiss through her tense first days on the job, as she unexpectedly takes the reins of what is considered the &#8220;last chance round&#8221; of tough deal-brokering between U.S. government representatives and their Iranian counterparts. Yet remaining neutral becomes even more difficult when Alexandra&#8217;s former lover suddenly turns up as Iran&#8217;s expert nuclear engineer. Then the Mossad appears, adding a soup\u00e7on of espionage to the mix&#8230; Highly suspenseful and briskly told, the tale also features a standout performance by immense British stage and screen actress Juliet Stevenson (<em>Truly, Madly, Deeply<\/em>) as dynamo U.S. Under Secretary of State, Cindy Cohen.<\/p>\n<p style=\"text-align: right;\"><strong><span style=\"color: #660084;\">Creators&#8217; Biographies<\/span><\/strong><\/p>\n<p style=\"text-align: justify;\">Director\/showrunner <strong>Jean-St\u00e9phane Bron<\/strong> has written, produced and directed numerous award-winning documentaries, features and mini-series. His first theatrical documentary,\u00a0<em>Corn in Parliament<\/em> (2003), was a major box-office hit in Switzerland. In 2006, he made his first narrative feature,\u00a0<em>My Brother Is Getting Married<\/em>. That was followed by <em>Cleveland Versus Wall Street<\/em>, (2010), which premiered at the Cannes Director&#8217;s Fortnight. In 2009, he co-founded the production company Bande \u00e0 Part Films with fellow Swiss directors Ursula Meier, Lionel Baier and Fr\u00e9d\u00e9ric Mermoud.<\/p>\n<p style=\"text-align: justify;\"><strong>Alice Winocour<\/strong> has directed three short films and wrote the script for Vladimir Perisic&#8217;s Serbian feature <em>Ordinary People<\/em> (2009). Her own first feature, <em>Augustine<\/em>, was presented at the 2012 Cannes Film Festival Critics&#8217; Week and premiered at COLCOA in 2013.\u00a0Her second feature, <em>Maryland<\/em>, was screened in the 2015 Un Certain Regard section in Cannes. She co-wrote the script for Deniz Gamze Erg\u00fcven&#8217;s <em>Mustang<\/em> (2015), which premiered in Cannes and was selected as the French entry for that year&#8217;s Best Foreign Language Film Oscar. Her feature <em>Proxima<\/em> premiered at the 2019 Toronto International Film Festival, and her upcoming feature, <em>Coutures<\/em>, starring Angelina Jolie, will be released in 2025.<\/p>\n[\/vc_column_text][\/vc_column][vc_column width=&#8221;1\/2&#8243;][mk_image src=&#8221;https:\/\/theamericanfrenchfilmfestival.org\/wp-content\/uploads\/2025\/09\/screenshot-2025-09-28-at-10.07.49.png&#8221; image_size=&#8221;full&#8221; link=&#8221;https:\/\/theamericanfrenchfilmfestival.org\/win-a-cruise-for-two-in-europe\/&#8221; target=&#8221;_blank&#8221; align=&#8221;center&#8221;][mk_image src=&#8221;https:\/\/theamericanfrenchfilmfestival.org\/wp-content\/uploads\/2025\/09\/the-deal.jpg&#8221; image_size=&#8221;full&#8221; frame_style=&#8221;gray_border&#8221; align=&#8221;center&#8221;][\/vc_column][\/vc_row][vc_row][vc_column][vc_column_text]\n[\/vc_column_text][\/vc_column][\/vc_row]\n<\/div>","protected":false},"excerpt":{"rendered":"<p>[vc_row][vc_column][mk_padding_divider][vc_column_text css=&#8221;.vc_custom_1761014366589{margin-bottom: 0px !important;}&#8221;] THE DEAL (Dans l&#8217;ombre, tout se n\u00e9gocie) &nbsp; [\/vc_column_text][mk_padding_divider size=&#8221;20&#8243;][vc_separator color=&#8221;custom&#8221; css=&#8221;&#8221; accent_color=&#8221;#660084&#8243;][\/vc_column][\/vc_row][vc_row][vc_column width=&#8221;1\/3&#8243;][mk_content_box heading=&#8221;TELEVISION COMPETITION&#8221;][vc_column_text css=&#8221;.vc_custom_1758559953327{margin-bottom: 0px !important;}&#8221;] MELVILLE THEATER Political Thriller [\/vc_column_text][\/mk_content_box][\/vc_column][vc_column width=&#8221;1\/3&#8243;][mk_custom_box corner_radius=&#8221;15&#8243; bg_color=&#8221;#dbcce2&#8243;][vc_column_text css=&#8221;.vc_custom_1760810124401{margin-bottom: 0px !important;}&#8221;] WEDNESDAY OCTOBER 29 4:45 pm (Screening ends at 6:25 pm) Followed by a conversation with actor Anthony Azizi FRIDAY OCTOBER 31 [&hellip;]<\/p>\n","protected":false},"author":4,"featured_media":0,"parent":0,"menu_order":0,"comment_status":"closed","ping_status":"closed","template":"","meta":{"footnotes":""},"class_list":["post-22779","page","type-page","status-publish","hentry"],"_links":{"self":[{"href":"https:\/\/theamericanfrenchfilmfestival.org\/wp-json\/wp\/v2\/pages\/22779","targetHints":{"allow":["GET"]}}],"collection":[{"href":"https:\/\/theamericanfrenchfilmfestival.org\/wp-json\/wp\/v2\/pages"}],"about":[{"href":"https:\/\/theamericanfrenchfilmfestival.org\/wp-json\/wp\/v2\/types\/page"}],"author":[{"embeddable":true,"href":"https:\/\/theamericanfrenchfilmfestival.org\/wp-json\/wp\/v2\/users\/4"}],"replies":[{"embeddable":true,"href":"https:\/\/theamericanfrenchfilmfestival.org\/wp-json\/wp\/v2\/comments?post=22779"}],"version-history":[{"count":27,"href":"https:\/\/theamericanfrenchfilmfestival.org\/wp-json\/wp\/v2\/pages\/22779\/revisions"}],"predecessor-version":[{"id":25092,"href":"https:\/\/theamericanfrenchfilmfestival.org\/wp-json\/wp\/v2\/pages\/22779\/revisions\/25092"}],"wp:attachment":[{"href":"https:\/\/theamericanfrenchfilmfestival.org\/wp-json\/wp\/v2\/media?parent=22779"}],"curies":[{"name":"wp","href":"https:\/\/api.w.org\/{rel}","templated":true}]}}