{"id":22773,"date":"2025-07-02T16:45:02","date_gmt":"2025-07-02T16:45:02","guid":{"rendered":"https:\/\/theamericanfrenchfilmfestival.org\/?page_id=22773"},"modified":"2025-10-16T17:15:03","modified_gmt":"2025-10-16T17:15:03","slug":"blessed-be-sixtine-2","status":"publish","type":"page","link":"https:\/\/theamericanfrenchfilmfestival.org\/blessed-be-sixtine-2\/","title":{"rendered":"BLESSED BE SIXTINE"},"content":{"rendered":"<div class=\"wpb-content-wrapper\">[vc_row][vc_column][mk_padding_divider][vc_column_text css=&#8221;.vc_custom_1751474973855{margin-bottom: 0px !important;}&#8221;]\n<h1 style=\"text-align: center;\">BLESSED BE SIXTINE<\/h1>\n<h2 style=\"text-align: center;\">(B\u00e9nie soit Sixtine)<\/h2>\n<h2 style=\"text-align: center;\"><\/h2>\n<h2 style=\"text-align: center;\"><\/h2>\n<h2 style=\"text-align: center;\"><\/h2>\n<p>&nbsp;<\/p>\n<h2 style=\"text-align: center;\"><\/h2>\n[\/vc_column_text][mk_padding_divider size=&#8221;20&#8243;][vc_separator color=&#8221;custom&#8221; css=&#8221;&#8221; accent_color=&#8221;#660084&#8243;][\/vc_column][\/vc_row][vc_row][vc_column width=&#8221;1\/3&#8243;][mk_content_box heading=&#8221;TELEVISION COMPETITION&#8221;][vc_column_text css=&#8221;.vc_custom_1758564964900{margin-bottom: 0px !important;}&#8221;]\n<p style=\"text-align: center;\">MELVILLE THEATER<\/p>\n<h3 style=\"text-align: center;\">Drama<\/h3>\n[\/vc_column_text][\/mk_content_box][\/vc_column][vc_column width=&#8221;1\/3&#8243;][mk_custom_box corner_radius=&#8221;15&#8243; bg_color=&#8221;#dbcce2&#8243;][vc_column_text css=&#8221;.vc_custom_1760634900118{margin-bottom: 0px !important;}&#8221;]\n<p style=\"text-align: center;\"><strong>FRIDAY OCTOBER 31<\/strong><br \/>\n8:15 pm (Screening ends at 10:00 pm)<br \/>\n<strong>SATURDAY NOVEMBER 1<\/strong><br \/>\n10:00 pm<br \/>\n<strong>SUNDAY NOVEMBER 2<\/strong><br \/>\n11:10 am (Screening ends at 12:55 pm)<br \/>\n<strong>MONDAY NOVEMBER 3<br \/>\n<\/strong>10:05 pm<\/p>\n[\/vc_column_text][\/mk_custom_box][mk_padding_divider size=&#8221;10&#8243;][\/vc_column][vc_column width=&#8221;1\/3&#8243;][mk_content_box heading=&#8221;PRESENTED IN ASSOCIATION WITH:&#8221;][vc_column_text css=&#8221;.vc_custom_1758904068385{margin-bottom: 0px !important;}&#8221;]\n<p style=\"text-align: center;\">Mediawan<br \/>\nFrance T\u00e9l\u00e9visions<\/p>\n[\/vc_column_text][\/mk_content_box][\/vc_column][\/vc_row][vc_row][vc_column][mk_padding_divider size=&#8221;20&#8243;][vc_separator color=&#8221;custom&#8221; border_width=&#8221;2&#8243; css=&#8221;&#8221; accent_color=&#8221;#ea1300&#8243;][\/vc_column][\/vc_row][vc_row][vc_column width=&#8221;1\/2&#8243;][vc_column_text css=&#8221;.vc_custom_1758720519260{margin-bottom: 0px !important;}&#8221;]<strong><span style=\"color: #ea1300;\">North American Premiere<\/span><\/strong> |\u00a0France\u00a0|\u00a02025\u00a0|\u00a0Drama |\u00a098\u00a0min\u00a0|\u00a0In French with English subtitles<\/p>\n<p><strong>Directed by: <\/strong>Sophie Reine<strong><br \/>\nWritten by: <\/strong>Dominique Garnier,\u00a0Zo\u00e9 Galeron, Maylis Adh\u00e9mar<br \/>\n<strong>Based on the Book by:<\/strong> Maylis Adh\u00e9mar<br \/>\n<strong>Produced by: <\/strong>Thomas Anargyros, Nicolas de Saint Meleuc &amp; Sabine Barth\u00e9l\u00e9my (Storia Television), France T\u00e9l\u00e9visions<br \/>\n<strong>Cinematography:\u00a0<\/strong>Quentin de Lamarzelle<br \/>\n<strong>Original Score: <\/strong>Audrey Isma\u00ebl, Olivier Coursier<br \/>\n<strong>Film Editing: <\/strong>Matthieu Lamotte<br \/>\n<strong>Cast: <\/strong>Capucine Valmary (Sixtine),\u00a0Val\u00e9rie Karsenti (Madeleine),\u00a0Guilaine Londez (Muriel), Adrien Dewitte (Pierre-Louis Sue de la Garde), Barbara Probst (Lydie), Patrick Azam (Bruno), Benjamin Duc (Alexis), Mathieu Lourdel (Jacques), Sarah Suco (Agn\u00e8s)<br \/>\n<strong>International Sales: <\/strong>Mediawan Rights<br \/>\n<strong>Original Broadcast: <\/strong>France 2 (February 2025)<\/p>\n<p style=\"text-align: right;\"><strong><span style=\"color: #660084;\">Synopsis<\/span><\/strong><\/p>\n<p style=\"text-align: justify;\">Demure art history student Sixtine meets Pierre-Louis through mutual friends. They fall in love, marry and are soon expecting a baby. It&#8217;s only then that she begins to discover that her wealthy in-laws are right-wing nationalists and her husband is an active member of a fundamentalist Catholic sect. Tensions escalate, violent altercations ensue, and Sixtine is suddenly trapped in the fascist world she&#8217;s married into. Her only choice is to escape with her baby&#8230; but it&#8217;s not so easy to disappear. Adapted from Maylis Adh\u00e9mar&#8217;s award-winning first novel, the TV movie boasts a fine performance by Capucine Valmary, who nabbed the Most Promising Actress Award at the La Rochelle TV Film Festival.<\/p>\n<p style=\"text-align: right;\"><strong><span style=\"color: #660084;\">Director&#8217;s Biography<\/span><\/strong><\/p>\n<p style=\"text-align: justify;\">A former art history student herself, director <strong>Sophie Reine<\/strong> is also an accomplished film editor and won a C\u00e9sar Award for Best Editing for her work on Remi Bezan\u00e7on&#8217;s <em>The First Day of the Rest of Your <\/em><em>Life<\/em> (COLCOA 2009). Her extensive editing credits include Samuel Benchetrit&#8217;s <em>I Always Wanted to Be a Gangster<\/em> (2007), Laurent Cantet&#8217;s <em>Foxfire<\/em> (2012), Michel Gondry&#8217;s <em>Is the Man Who Is Tall Happy? <\/em>(2013), C\u00e9dric Jimenez&#8217;s <em>The Connection<\/em> (2014), Jack Thorne&#8217;s miniseries <em>The Eddy<\/em> (2020), Audrey Estrougo&#8217;s <em>Supr\u00eames<\/em> (COLCOA 2021), Ira Sachs&#8217;s <em>Frankie<\/em> (2019) and <em>Passages<\/em> (2023). She directed her first short in 2010 and her first feature, <em>Cigarettes et chocolat chaud<\/em>, in 2016, which was nominated for a C\u00e9sar Award for Best First Film. She has since directed four episodes of the series <em>Weekend Family<\/em> (2022).<\/p>\n[\/vc_column_text][\/vc_column][vc_column width=&#8221;1\/2&#8243;][mk_image src=&#8221;https:\/\/theamericanfrenchfilmfestival.org\/wp-content\/uploads\/2025\/09\/screenshot-2025-09-28-at-10.07.49.png&#8221; image_size=&#8221;full&#8221; link=&#8221;https:\/\/theamericanfrenchfilmfestival.org\/win-a-cruise-for-two-in-europe\/&#8221; target=&#8221;_blank&#8221; align=&#8221;center&#8221;][mk_image src=&#8221;https:\/\/theamericanfrenchfilmfestival.org\/wp-content\/uploads\/2025\/09\/blessed-be-sixtine.jpg&#8221; image_size=&#8221;full&#8221; frame_style=&#8221;gray_border&#8221; align=&#8221;center&#8221;][\/vc_column][\/vc_row][vc_row][vc_column][vc_column_text]\n[\/vc_column_text][\/vc_column][\/vc_row]\n<\/div>","protected":false},"excerpt":{"rendered":"<p>[vc_row][vc_column][mk_padding_divider][vc_column_text css=&#8221;.vc_custom_1751474973855{margin-bottom: 0px !important;}&#8221;] BLESSED BE SIXTINE (B\u00e9nie soit Sixtine) &nbsp; [\/vc_column_text][mk_padding_divider size=&#8221;20&#8243;][vc_separator color=&#8221;custom&#8221; css=&#8221;&#8221; accent_color=&#8221;#660084&#8243;][\/vc_column][\/vc_row][vc_row][vc_column width=&#8221;1\/3&#8243;][mk_content_box heading=&#8221;TELEVISION COMPETITION&#8221;][vc_column_text css=&#8221;.vc_custom_1758564964900{margin-bottom: 0px !important;}&#8221;] MELVILLE THEATER Drama [\/vc_column_text][\/mk_content_box][\/vc_column][vc_column width=&#8221;1\/3&#8243;][mk_custom_box corner_radius=&#8221;15&#8243; bg_color=&#8221;#dbcce2&#8243;][vc_column_text css=&#8221;.vc_custom_1760634900118{margin-bottom: 0px !important;}&#8221;] FRIDAY OCTOBER 31 8:15 pm (Screening ends at 10:00 pm) SATURDAY NOVEMBER 1 10:00 pm SUNDAY NOVEMBER 2 11:10 am (Screening ends at [&hellip;]<\/p>\n","protected":false},"author":4,"featured_media":0,"parent":0,"menu_order":0,"comment_status":"closed","ping_status":"closed","template":"","meta":{"footnotes":""},"class_list":["post-22773","page","type-page","status-publish","hentry"],"_links":{"self":[{"href":"https:\/\/theamericanfrenchfilmfestival.org\/wp-json\/wp\/v2\/pages\/22773","targetHints":{"allow":["GET"]}}],"collection":[{"href":"https:\/\/theamericanfrenchfilmfestival.org\/wp-json\/wp\/v2\/pages"}],"about":[{"href":"https:\/\/theamericanfrenchfilmfestival.org\/wp-json\/wp\/v2\/types\/page"}],"author":[{"embeddable":true,"href":"https:\/\/theamericanfrenchfilmfestival.org\/wp-json\/wp\/v2\/users\/4"}],"replies":[{"embeddable":true,"href":"https:\/\/theamericanfrenchfilmfestival.org\/wp-json\/wp\/v2\/comments?post=22773"}],"version-history":[{"count":18,"href":"https:\/\/theamericanfrenchfilmfestival.org\/wp-json\/wp\/v2\/pages\/22773\/revisions"}],"predecessor-version":[{"id":25067,"href":"https:\/\/theamericanfrenchfilmfestival.org\/wp-json\/wp\/v2\/pages\/22773\/revisions\/25067"}],"wp:attachment":[{"href":"https:\/\/theamericanfrenchfilmfestival.org\/wp-json\/wp\/v2\/media?parent=22773"}],"curies":[{"name":"wp","href":"https:\/\/api.w.org\/{rel}","templated":true}]}}