{"id":22771,"date":"2025-07-02T16:42:56","date_gmt":"2025-07-02T16:42:56","guid":{"rendered":"https:\/\/theamericanfrenchfilmfestival.org\/?page_id=22771"},"modified":"2025-10-26T21:40:56","modified_gmt":"2025-10-26T21:40:56","slug":"all-the-blue-in-the-sky","status":"publish","type":"page","link":"https:\/\/theamericanfrenchfilmfestival.org\/all-the-blue-in-the-sky\/","title":{"rendered":"ALL THE BLUE IN THE SKY"},"content":{"rendered":"<div class=\"wpb-content-wrapper\">[vc_row][vc_column][mk_padding_divider][vc_column_text css=&#8221;.vc_custom_1755452861555{margin-bottom: 0px !important;}&#8221;]\n<h1 style=\"text-align: center;\">ALL THE BLUE IN THE SKY<\/h1>\n<h2 style=\"text-align: center;\">(Tout le bleu du ciel)<\/h2>\n<h2 style=\"text-align: center;\"><\/h2>\n<h2 style=\"text-align: center;\"><\/h2>\n<p>&nbsp;<\/p>\n<h2 style=\"text-align: center;\"><\/h2>\n[\/vc_column_text][vc_separator color=&#8221;custom&#8221; css=&#8221;&#8221; accent_color=&#8221;#660084&#8243;][\/vc_column][\/vc_row][vc_row][vc_column width=&#8221;1\/3&#8243;][mk_content_box heading=&#8221;TELEVISION COMPETITION&#8221;][vc_column_text css=&#8221;.vc_custom_1758560326968{margin-bottom: 0px !important;}&#8221;]\n<p style=\"text-align: center;\">MELVILLE THEATER<\/p>\n<h3 style=\"text-align: center;\">Drama, Romance<\/h3>\n[\/vc_column_text][\/mk_content_box][\/vc_column][vc_column width=&#8221;1\/3&#8243;][mk_custom_box corner_radius=&#8221;15&#8243; bg_color=&#8221;#dbcce2&#8243;][vc_column_text css=&#8221;.vc_custom_1761514797406{margin-bottom: 0px !important;}&#8221;]\n<p style=\"text-align: center;\"><strong>WEDNESDAY OCTOBER 29<\/strong><br \/>\n8:00 pm (Screening ends at 9:45 pm)<br \/>\n<strong>Presented by actor Hugo Becker<\/strong><br \/>\n<strong>FRIDAY OCTOBER 31<\/strong><br \/>\n10:55 am (Screening ends at 12:35 om)<br \/>\n<strong>SUNDAY NOVEMBER 2<\/strong><br \/>\n5:15 pm (Screening ends at 7:00 pm)<br \/>\n<strong>MONDAY NOVEMBER 3<\/strong><br \/>\n9:00 am (Screening ends at 10:45 am)<\/p>\n[\/vc_column_text][\/mk_custom_box][mk_padding_divider size=&#8221;10&#8243;][\/vc_column][vc_column width=&#8221;1\/3&#8243;][mk_content_box heading=&#8221;PRESENTED IN ASSOCIATION WITH:&#8221;][vc_column_text css=&#8221;.vc_custom_1758904021882{margin-bottom: 0px !important;}&#8221;]\n<p style=\"text-align: center;\">Film &amp; Picture<\/p>\n[\/vc_column_text][\/mk_content_box][\/vc_column][\/vc_row][vc_row][vc_column][mk_padding_divider size=&#8221;20&#8243;][vc_separator color=&#8221;custom&#8221; border_width=&#8221;2&#8243; css=&#8221;&#8221; accent_color=&#8221;#ea1300&#8243;][\/vc_column][\/vc_row][vc_row][vc_column width=&#8221;1\/2&#8243;][vc_column_text css=&#8221;.vc_custom_1758287726901{margin-bottom: 0px !important;}&#8221;]<strong><span style=\"color: #ea1300;\">North American Premiere <\/span><\/strong>| France | 2025 | Drama, Romance | 97 min | In French with English subtitles<\/p>\n<p><strong>Directed by: <\/strong>Maurice Barth\u00e9lemy<strong><br \/>\nWritten by: <\/strong>Claire Lemar\u00e9chal<br \/>\n<strong>Based on the Book by:<\/strong> M\u00e9lissa Da Costa<br \/>\n<strong>Produced by: <\/strong>Caroline Solanillas &amp; Laurent Ceccaldi (En Voiture Simone), Nathalie Toulza Madar (TF1 Films Productions), Netflix France<br \/>\n<strong>Cinematography:\u00a0<\/strong>Laurent Machuel<br \/>\n<strong>Original Score: <\/strong>Emilie Gassin, Benjamin Violet<br \/>\n<strong>Film Editing: <\/strong>Kako Kelber<br \/>\n<strong>Cast: <\/strong>Camille Lou (Joanne),\u00a0Hugo Becker (\u00c9mile),\u00a0Marie Denarnaud (Isabelle), Jeannine Vissac (Myrtille), Karine Monneau (Anne),<br \/>\nNelly Lawson (Chlo\u00e9), Kevin Garnichat (S\u00e9bastian)<br \/>\n<strong>International Sales: <\/strong>Film &amp; Picture<br \/>\n<strong>Original Broadcast: <\/strong>TF1, Netflix France (January 2025)<\/p>\n<p>&nbsp;<\/p>\n<p style=\"text-align: right;\"><strong><span style=\"color: #660084;\">Synopsis<\/span><\/strong><\/p>\n<p style=\"text-align: justify;\">&#8220;Young man with early-onset Alzheimer&#8217;s wants to take off. Seeks travel companion for his final excursion. Itinerary to be determined together. Length of trip: one year, tops, as per doctor&#8217;s estimate. Possibly shorter.&#8221; That&#8217;s the personals ad 26-year-old \u00c9mile posts. Joanne responds. And two strangers set off in an orange van for the Pyrenees. Based on Melissa Da Costa&#8217;s break-out best-selling novel, <strong><em>All the Blue in the Sky<\/em><\/strong> launches us on a road trip that takes some unpredictable twists and turns, and illustrates small moments of great dignity and mutual respect in the face of the inevitable. A surprisingly moving tale sensitively told.<\/p>\n<p>&nbsp;<\/p>\n<p style=\"text-align: right;\"><strong><span style=\"color: #660084;\">Director&#8217;s Biography<\/span><\/strong><\/p>\n<p style=\"text-align: justify;\">Born in Bolivia, director <strong>Maurice Barth\u00e9lemy<\/strong> began his career as an actor with a special flair for comedy, studying at the Cours Florent, joining the Robin des Bois theater company, and appearing in numerous films and TV series. In 2001, he co-wrote the script for Alain Chabat&#8217;s comic feature <em>RRRrrrr!!!<\/em>, in which he also performed. He wrote and directed his first feature, <em>Casablanca Driver<\/em>, in 2004. That was followed by <em>Papa<\/em> (COLCOA 2006), <em>Low Cost<\/em> (COLCOA 2011), <em>Pas <\/em><em>tr\u00e8s normales activit\u00e9s<\/em> (2013), <em>Les Ex<\/em> (2017) and two episodes of the TV series <em>Peplum<\/em> (2019). Barth\u00e9lemy&#8217;s offbeat, often self-deprecating humor is also evident in his two novels, <em>J&#8217;ai pass\u00e9 ma vie \u00e0 chercher l&#8217;ouvre-bo\u00eetes<\/em> (2001) and <em>Fort comme un hypersensible<\/em> (2021).<\/p>\n[\/vc_column_text][\/vc_column][vc_column width=&#8221;1\/2&#8243;][mk_image src=&#8221;https:\/\/theamericanfrenchfilmfestival.org\/wp-content\/uploads\/2025\/09\/screenshot-2025-09-28-at-10.07.49.png&#8221; image_size=&#8221;full&#8221; link=&#8221;https:\/\/theamericanfrenchfilmfestival.org\/win-a-cruise-for-two-in-europe\/&#8221; target=&#8221;_blank&#8221; align=&#8221;center&#8221;][mk_image src=&#8221;https:\/\/theamericanfrenchfilmfestival.org\/wp-content\/uploads\/2025\/09\/all-the-blue-in-the-sky.jpg&#8221; image_size=&#8221;full&#8221; frame_style=&#8221;gray_border&#8221; align=&#8221;center&#8221;][\/vc_column][\/vc_row][vc_row][vc_column][vc_column_text]\n[\/vc_column_text][\/vc_column][\/vc_row]\n<\/div>","protected":false},"excerpt":{"rendered":"<p>[vc_row][vc_column][mk_padding_divider][vc_column_text css=&#8221;.vc_custom_1755452861555{margin-bottom: 0px !important;}&#8221;] ALL THE BLUE IN THE SKY (Tout le bleu du ciel) &nbsp; [\/vc_column_text][vc_separator color=&#8221;custom&#8221; css=&#8221;&#8221; accent_color=&#8221;#660084&#8243;][\/vc_column][\/vc_row][vc_row][vc_column width=&#8221;1\/3&#8243;][mk_content_box heading=&#8221;TELEVISION COMPETITION&#8221;][vc_column_text css=&#8221;.vc_custom_1758560326968{margin-bottom: 0px !important;}&#8221;] MELVILLE THEATER Drama, Romance [\/vc_column_text][\/mk_content_box][\/vc_column][vc_column width=&#8221;1\/3&#8243;][mk_custom_box corner_radius=&#8221;15&#8243; bg_color=&#8221;#dbcce2&#8243;][vc_column_text css=&#8221;.vc_custom_1761514797406{margin-bottom: 0px !important;}&#8221;] WEDNESDAY OCTOBER 29 8:00 pm (Screening ends at 9:45 pm) Presented by actor Hugo Becker FRIDAY OCTOBER 31 [&hellip;]<\/p>\n","protected":false},"author":4,"featured_media":0,"parent":0,"menu_order":0,"comment_status":"closed","ping_status":"closed","template":"","meta":{"footnotes":""},"class_list":["post-22771","page","type-page","status-publish","hentry"],"_links":{"self":[{"href":"https:\/\/theamericanfrenchfilmfestival.org\/wp-json\/wp\/v2\/pages\/22771","targetHints":{"allow":["GET"]}}],"collection":[{"href":"https:\/\/theamericanfrenchfilmfestival.org\/wp-json\/wp\/v2\/pages"}],"about":[{"href":"https:\/\/theamericanfrenchfilmfestival.org\/wp-json\/wp\/v2\/types\/page"}],"author":[{"embeddable":true,"href":"https:\/\/theamericanfrenchfilmfestival.org\/wp-json\/wp\/v2\/users\/4"}],"replies":[{"embeddable":true,"href":"https:\/\/theamericanfrenchfilmfestival.org\/wp-json\/wp\/v2\/comments?post=22771"}],"version-history":[{"count":23,"href":"https:\/\/theamericanfrenchfilmfestival.org\/wp-json\/wp\/v2\/pages\/22771\/revisions"}],"predecessor-version":[{"id":25122,"href":"https:\/\/theamericanfrenchfilmfestival.org\/wp-json\/wp\/v2\/pages\/22771\/revisions\/25122"}],"wp:attachment":[{"href":"https:\/\/theamericanfrenchfilmfestival.org\/wp-json\/wp\/v2\/media?parent=22771"}],"curies":[{"name":"wp","href":"https:\/\/api.w.org\/{rel}","templated":true}]}}