{"id":22761,"date":"2025-07-02T16:31:16","date_gmt":"2025-07-02T16:31:16","guid":{"rendered":"https:\/\/theamericanfrenchfilmfestival.org\/?page_id=22761"},"modified":"2025-10-02T06:23:05","modified_gmt":"2025-10-02T06:23:05","slug":"bon-voyage-marie","status":"publish","type":"page","link":"https:\/\/theamericanfrenchfilmfestival.org\/bon-voyage-marie\/","title":{"rendered":"BON VOYAGE MARIE"},"content":{"rendered":"<div class=\"wpb-content-wrapper\">[vc_row][vc_column][mk_padding_divider][vc_column_text css=&#8221;.vc_custom_1755453026869{margin-bottom: 0px !important;}&#8221;]\n<h1 style=\"text-align: center;\">BON VOYAGE MARIE<\/h1>\n<h2 style=\"text-align: center;\">(On ira)<\/h2>\n<h2 style=\"text-align: center;\"><\/h2>\n<h2 style=\"text-align: center;\"><\/h2>\n<p>&nbsp;<\/p>\n<h2 style=\"text-align: center;\"><\/h2>\n[\/vc_column_text][vc_separator color=&#8221;custom&#8221; css=&#8221;&#8221; accent_color=&#8221;#660084&#8243;][\/vc_column][\/vc_row][vc_row][vc_column width=&#8221;1\/3&#8243;][mk_content_box heading=&#8221;CINEMA COMPETITION&#8221;][vc_column_text css=&#8221;.vc_custom_1757264939552{margin-bottom: 0px !important;}&#8221;]\n<p style=\"text-align: center;\">RENOIR THEATER<\/p>\n<h3 style=\"text-align: center;\">Comedy, Drama<\/h3>\n[\/vc_column_text][\/mk_content_box][\/vc_column][vc_column width=&#8221;1\/3&#8243;][mk_custom_box corner_radius=&#8221;15&#8243; bg_color=&#8221;#dbcce2&#8243;][vc_column_text css=&#8221;.vc_custom_1758577054472{margin-bottom: 0px !important;}&#8221;]\n<p style=\"text-align: center;\"><strong>SATURDAY NOVEMBER 1<\/strong><br \/>\n1:45 pm (Screening ends at 3:30 pm)<br \/>\n<strong>Followed by a conversation with writer\/director Enya Baroux<\/strong><\/p>\n[\/vc_column_text][\/mk_custom_box][mk_padding_divider size=&#8221;10&#8243;][mk_image src=&#8221;https:\/\/theamericanfrenchfilmfestival.org\/wp-content\/uploads\/2022\/09\/order-tickets.jpg&#8221; image_size=&#8221;full&#8221; link=&#8221;https:\/\/theamericanfrenchfilmfestival.eventive.org\/schedule\/68d7a5ca335d2013663ed089&#8243; target=&#8221;_blank&#8221; align=&#8221;center&#8221;][\/vc_column][vc_column width=&#8221;1\/3&#8243;][mk_content_box heading=&#8221;PRESENTED IN ASSOCIATION WITH:&#8221;][vc_column_text css=&#8221;.vc_custom_1758863333382{margin-bottom: 0px !important;}&#8221;]\n<p style=\"text-align: center;\">Ginger &amp; Fed<\/p>\n[\/vc_column_text][\/mk_content_box][\/vc_column][\/vc_row][vc_row][vc_column][mk_padding_divider size=&#8221;20&#8243;][vc_separator color=&#8221;custom&#8221; border_width=&#8221;2&#8243; css=&#8221;&#8221; accent_color=&#8221;#ea1300&#8243;][\/vc_column][\/vc_row][vc_row][vc_column width=&#8221;1\/2&#8243;][vc_column_text css=&#8221;.vc_custom_1756929486433{margin-bottom: 0px !important;}&#8221;]<strong><span style=\"color: #ea1300;\">US Premiere<\/span><\/strong> |\u00a0France |\u00a02025\u00a0|\u00a0Comedy, Drama |\u00a097\u00a0min\u00a0|\u00a0In French with English subtitles<\/p>\n<p><strong>Directed by: <\/strong>Enya Baroux<br \/>\n<strong>Written by: <\/strong>Enya Baroux,\u00a0Martin Darondeau, Philippe Barri\u00e8re<br \/>\n<strong>Produced by: <\/strong>Yves Darondeau &amp; Emmanuel Priou\u00a0(Bonne Pioche Cin\u00e9ma), Martin Darondeau (Carnaval Productions), Nathalie Algazi (La Voie Lact\u00e9e), Bastien Sirodot &amp; Clo\u00e9 Garbay (Umedia), Laurent Jacobs<br \/>\n<strong>Cinematography:\u00a0Hugo Paturel<br \/>\n<\/strong><strong>Original Score: <\/strong>Dom La Nena<br \/>\n<strong>Film Editing:<\/strong> Baptiste Ribrault<br \/>\n<strong>Cast:<\/strong> H\u00e9l\u00e8ne Vincent (Marie),\u00a0Pierre Lottin (Rudy),\u00a0David Ayala (Bruno), Juliette Gasquet (Anna), Gabin Visona (Diego), Henock Cortes (Yago), Brigitte Aubry (Simone), Fanny Outeiro (the doctor)<strong><br \/>\n<\/strong><strong>International Sales: <\/strong>Ginger &amp; Fed<\/p>\n<p style=\"text-align: right;\"><strong><span style=\"color: #660084;\">Synopsis<\/span><\/strong><\/p>\n<p><span style=\"font-weight: 400;\">Sick of being sick, 80-year-old Marie has an alternative plan. In remission for eight years, her cancer is back and has now reached stage four. She&#8217;s definitely not going to spend her final days in chemotherapy. Not again. So she ropes Rudy, an unsuspecting eldercare worker, into driving her to Switzerland for an assisted suicide procedure. Yet she can&#8217;t bring herself to tell her son or her granddaughter the truth. What ensues is a tragicomic, heartfelt, dysfunctional-family road trip with as many laughs as tears. And the chemistry between actors H\u00e9l\u00e8ne Vincent and Pierre Lottin \u2014 reunited after Fran\u00e7ois Ozon&#8217;s 2024 <\/span><i><span style=\"font-weight: 400;\">When Fall Is Coming<\/span><\/i><span style=\"font-weight: 400;\"> \u2014 is, as ever, a pleasure to behold.<\/span><\/p>\n<p style=\"text-align: right;\"><strong><span style=\"color: #660084;\">Director&#8217;s Biography<\/span><\/strong><\/p>\n<p style=\"text-align: justify;\"><span style=\"font-weight: 400;\">The daughter of comic-turned-filmmaker Olivier Baroux, <\/span><b>Enya Baroux <\/b><span style=\"font-weight: 400;\">began her career as an actress, appearing in 24 episodes of the series <\/span><i><span style=\"font-weight: 400;\">Studio Bagel<\/span><\/i><span style=\"font-weight: 400;\"> (2015-2025) and Fran\u00e7ois Descraques&#8217; feature <\/span><i><span style=\"font-weight: 400;\">The Visitor from the Future<\/span><\/i><span style=\"font-weight: 400;\"> (2022). She wrote and directed three shorts of her own, then co-wrote and co-directed <\/span><i><span style=\"font-weight: 400;\">Cache-Cash<\/span><\/i><span style=\"font-weight: 400;\"> (2019) with Martin Darondeau, which won two prizes at the Meudon Short Film Festival. The twosome went on to co-direct the Canal+ short-form series <\/span><i><span style=\"font-weight: 400;\">Fleur bleue<\/span><\/i><span style=\"font-weight: 400;\"> (2024-2025). <\/span><b><i>Bon Voyage, Marie<\/i><\/b><span style=\"font-weight: 400;\">, her first feature, premiered at this year&#8217;s Festival de l&#8217;Alpe d&#8217;Huez, where H\u00e9l\u00e8ne Vincent and Juliette Gasquet shared the Best Actress Award.<\/span><\/p>\n[\/vc_column_text][\/vc_column][vc_column width=&#8221;1\/2&#8243;][mk_image src=&#8221;https:\/\/theamericanfrenchfilmfestival.org\/wp-content\/uploads\/2025\/09\/screenshot-2025-09-28-at-10.00.31.png&#8221; image_size=&#8221;full&#8221; link=&#8221;https:\/\/theamericanfrenchfilmfestival.org\/win-a-trip-to-paris\/&#8221; target=&#8221;_blank&#8221; align=&#8221;center&#8221;][mk_image src=&#8221;https:\/\/theamericanfrenchfilmfestival.org\/wp-content\/uploads\/2025\/07\/bon-voyage-marie_on-ira_poster_120-carine.jpg&#8221; image_size=&#8221;full&#8221; frame_style=&#8221;gray_border&#8221; align=&#8221;center&#8221;][\/vc_column][\/vc_row][vc_row][vc_column][vc_column_text]\n[\/vc_column_text][\/vc_column][\/vc_row]\n<\/div>","protected":false},"excerpt":{"rendered":"<p>[vc_row][vc_column][mk_padding_divider][vc_column_text css=&#8221;.vc_custom_1755453026869{margin-bottom: 0px !important;}&#8221;] BON VOYAGE MARIE (On ira) &nbsp; [\/vc_column_text][vc_separator color=&#8221;custom&#8221; css=&#8221;&#8221; accent_color=&#8221;#660084&#8243;][\/vc_column][\/vc_row][vc_row][vc_column width=&#8221;1\/3&#8243;][mk_content_box heading=&#8221;CINEMA COMPETITION&#8221;][vc_column_text css=&#8221;.vc_custom_1757264939552{margin-bottom: 0px !important;}&#8221;] RENOIR THEATER Comedy, Drama [\/vc_column_text][\/mk_content_box][\/vc_column][vc_column width=&#8221;1\/3&#8243;][mk_custom_box corner_radius=&#8221;15&#8243; bg_color=&#8221;#dbcce2&#8243;][vc_column_text css=&#8221;.vc_custom_1758577054472{margin-bottom: 0px !important;}&#8221;] SATURDAY NOVEMBER 1 1:45 pm (Screening ends at 3:30 pm) Followed by a conversation with writer\/director Enya Baroux [\/vc_column_text][\/mk_custom_box][mk_padding_divider size=&#8221;10&#8243;][mk_image src=&#8221;https:\/\/theamericanfrenchfilmfestival.org\/wp-content\/uploads\/2022\/09\/order-tickets.jpg&#8221; image_size=&#8221;full&#8221; link=&#8221;https:\/\/theamericanfrenchfilmfestival.eventive.org\/schedule\/68d7a5ca335d2013663ed089&#8243; target=&#8221;_blank&#8221; [&hellip;]<\/p>\n","protected":false},"author":4,"featured_media":0,"parent":0,"menu_order":0,"comment_status":"closed","ping_status":"closed","template":"","meta":{"footnotes":""},"class_list":["post-22761","page","type-page","status-publish","hentry"],"_links":{"self":[{"href":"https:\/\/theamericanfrenchfilmfestival.org\/wp-json\/wp\/v2\/pages\/22761","targetHints":{"allow":["GET"]}}],"collection":[{"href":"https:\/\/theamericanfrenchfilmfestival.org\/wp-json\/wp\/v2\/pages"}],"about":[{"href":"https:\/\/theamericanfrenchfilmfestival.org\/wp-json\/wp\/v2\/types\/page"}],"author":[{"embeddable":true,"href":"https:\/\/theamericanfrenchfilmfestival.org\/wp-json\/wp\/v2\/users\/4"}],"replies":[{"embeddable":true,"href":"https:\/\/theamericanfrenchfilmfestival.org\/wp-json\/wp\/v2\/comments?post=22761"}],"version-history":[{"count":16,"href":"https:\/\/theamericanfrenchfilmfestival.org\/wp-json\/wp\/v2\/pages\/22761\/revisions"}],"predecessor-version":[{"id":24859,"href":"https:\/\/theamericanfrenchfilmfestival.org\/wp-json\/wp\/v2\/pages\/22761\/revisions\/24859"}],"wp:attachment":[{"href":"https:\/\/theamericanfrenchfilmfestival.org\/wp-json\/wp\/v2\/media?parent=22761"}],"curies":[{"name":"wp","href":"https:\/\/api.w.org\/{rel}","templated":true}]}}