{"id":18375,"date":"2024-08-25T20:50:10","date_gmt":"2024-08-25T20:50:10","guid":{"rendered":"https:\/\/theamericanfrenchfilmfestival.org\/?page_id=18375"},"modified":"2024-10-08T22:49:28","modified_gmt":"2024-10-08T22:49:28","slug":"zorro","status":"publish","type":"page","link":"https:\/\/theamericanfrenchfilmfestival.org\/zorro\/","title":{"rendered":"ZORRO"},"content":{"rendered":"<div class=\"wpb-content-wrapper\">[vc_row][vc_column][mk_padding_divider][vc_column_text css=&#8221;.vc_custom_1725558080069{margin-bottom: 0px !important;}&#8221;]\n<h1 style=\"text-align: center;\">ZORRO<\/h1>\n[\/vc_column_text][mk_padding_divider size=&#8221;20&#8243;][vc_separator color=&#8221;custom&#8221; accent_color=&#8221;#ea1300&#8243;][\/vc_column][\/vc_row][vc_row][vc_column width=&#8221;1\/3&#8243;][vc_column_text css=&#8221;.vc_custom_1727397626893{margin-bottom: 0px !important;}&#8221;]\n<p style=\"text-align: center;\"><strong>TELEVISION COMPETITION<br \/>\n<\/strong>TRUFFAUT THEATRE<br \/>\n<strong>Series &#8211; Adventure, Action, Comedy, Romance<\/strong><strong> \u2013 Episodes 1 &amp; 2<\/strong><\/p>\n[\/vc_column_text][\/vc_column][vc_column width=&#8221;1\/3&#8243;][vc_column_text css=&#8221;.vc_custom_1728427754541{margin-bottom: 0px !important;}&#8221;]\n<p style=\"text-align: center;\"><strong>SUNDAY NOVEMBER 3<\/strong><br \/>\n4:40 pm (Screening ends at 6:00 pm)<br \/>\n<strong>Followed by a conversation with co-author Benjamin Charbit\u00a0<\/strong><\/p>\n[\/vc_column_text][mk_padding_divider size=&#8221;10&#8243;][mk_image src=&#8221;https:\/\/theamericanfrenchfilmfestival.org\/wp-content\/uploads\/2022\/09\/order-tickets.jpg&#8221; image_size=&#8221;full&#8221; link=&#8221;https:\/\/theamericanfrenchfilmfestival.eventive.org\/schedule\/66fd139f585375007c1e339e&#8221; align=&#8221;center&#8221;][\/vc_column][vc_column width=&#8221;1\/3&#8243;][vc_column_text css=&#8221;.vc_custom_1728249467388{margin-bottom: 0px !important;}&#8221;]\n<p class=\"p1\" style=\"text-align: center;\"><b>Presented in association with:<br \/>\n<\/b>France TV Distribution<br \/>\nFrance T\u00e9l\u00e9visions<br \/>\nParamount +<br \/>\nWomen In Film<br \/>\nTITRAFILM<\/p>\n[\/vc_column_text][\/vc_column][\/vc_row][vc_row][vc_column][mk_padding_divider size=&#8221;20&#8243;][vc_separator color=&#8221;custom&#8221; accent_color=&#8221;#ea1300&#8243;][\/vc_column][\/vc_row][vc_row][vc_column width=&#8221;1\/2&#8243;][vc_column_text css=&#8221;.vc_custom_1727199218516{margin-bottom: 0px !important;}&#8221;]<strong><span style=\"color: #ea1300;\">North American Premiere<\/span><\/strong> | TV Series | France, Germany, Italy\u00a0|\u00a02024\u00a0|\u00a0Adventure, Action, Comedy, Romance |\u00a08 x 52\u00a0min | Episodes 1 &amp; 2 | In French with English subtitles<\/p>\n<p><strong>Directed by:<\/strong> Jean-Baptiste Saurel, \u00c9milie Noblet<br \/>\n<strong>Created and Written by:<\/strong> Benjamin Charbit, No\u00e9 Debr\u00e9, Emmanuel Poulain-Arnaud<br \/>\n<strong>Produced by:<\/strong> Marc Dujardin (Le Collectif 64), Andr\u00e9 Logie and Ga\u00ebtan David (Panache Productions), Julien Seul (Bien S\u00fbr Productions), Paramount+, France T\u00e9l\u00e9visions<br \/>\n<strong>Cinematography:<\/strong>\u00a0Antony Diaz, Aur\u00e9lien Marra<br \/>\n<strong>Film Editing:<\/strong>\u00a0Cl\u00e9mence Carr\u00e9, Vincent Delorme, Camille Delprat, Baptiste Ribrault<br \/>\n<strong>Original Score:<\/strong>\u00a0Julie Rou\u00e9<br \/>\n<strong>Cast:<\/strong> Jean Dujardin (Diego de la Vega, Zorro),\u00a0Audrey Dana (Gabriella de la Vega), Salvatore Ficarra (Bernardo), Gr\u00e9gory Gadebois (Sgt. Garcia), Baltasar Espinach (Naka\u00ef), Andr\u00e9 Dussolier (Don Alejandro),\u00a0Eric Elmosnino (Don Emmanuel)<br \/>\n<strong>International Sales:<\/strong> France TV Distribution<br \/>\n<strong>Original Broadcast:<\/strong> Paramount+, France 2<\/p>\n<p><span style=\"font-weight: 400;\">\u00a0<\/span>The year is 1821. Don Diego de la Vega is elected mayor of Los Angeles, eager to improve his beloved city. However, the city faces financial problems and his powers as mayor are not nearly enough to fight the rampant injustice. He hasn&#8217;t pulled out his Zorro costume in 20 years, but this certainly seems like the moment. Nevertheless, Diego struggles to balance his dual identity, which is now straining his relationship with his wife Gabriella, who is not privy to his secret life. Can Diego salvage his marriage and his sanity amidst the chaos? Starring the inimitable, Oscar-winning Jean Dujardin at his comic, swashbuckling best!<\/p>\n<p style=\"text-align: justify;\"><strong>Benjamin Charbit<\/strong> has written or co-written numerous features, including Laure de Clermont-Tonnerre&#8217;s <em>The Mustang<\/em> (2019), Val\u00e9rie Donzelli&#8217;s <em>Notre Dame<\/em> (2019), Fr\u00e9d\u00e9ric Farrucci&#8217;s <em>Night Ride<\/em> (COLCOA 2021), Fanny Liatard&#8217;s and J\u00e9r\u00e9my Trouilh&#8217;s <em>Gagarine<\/em> (COLCOA 2021), Gad Elmaleh&#8217;s <em>Stay with Us<\/em> (2022), and Bertrand Bonello&#8217;s <em>The Beast <\/em>(2023). <strong>No\u00e9 Debr\u00e9<\/strong> has written or co-written numerous feature-length screenplays, including Thomas Bidegain&#8217;s <em>Les Cowboys<\/em> (2015); Jacques Audiard&#8217;s <em>Dheepan<\/em> (2015 Palme d&#8217;Or winner), Yvan Attal&#8217;s <em>Le Brio<\/em> (COLCOA 2017 Critics Award winner), Romain Gavras&#8217;s <em>The World Is Yours<\/em> (2018), and Michel Hazanavicius&#8217;s <em>The Lost Prince <\/em>(2020). He first collaborated with Benjamin Charbit on the script for H\u00e9l\u00e9na Klotz&#8217;s <em>Spirit of Ecstasy<\/em> (2023). D\u00e9br\u00e9 also created the series <em>Parlement<\/em> (2020), directing two of its episodes, and wrote and directed the feature film <em>A Nice Jewish Boy<\/em> (TAFFF 2024).<br \/>\nDirector <strong>\u00c9milie Noblet<\/strong>\u2019s 2013 thesis film, <em>Trucs de gosse<\/em>, garnered several festival prizes in France. She served as director of photography on L\u00e9onor Seraille\u2019s feature, <em>Montparnasse Bienven\u00fce <\/em>(COLCOA 2018), which won the 2017 Cam\u00e9ra d\u2019Or in Cannes. Noblet went on to direct the pilot of <em>Irresponsable<\/em> and episodes of the TV series <em>Demain si j\u2019y suis<\/em> and <em>Loulou<\/em>. She also directed the first season of <em>Mental <\/em>(COLCOA 2019), the TV Movie version of <em>Loulou<\/em> and the feature film <em>Bis Repetita<\/em> (2024). Director <strong>Jean-Baptiste Saurel<\/strong> is known for several award-winning short films, including <em>2morrow Far Away<\/em> (2013), <em>Aquabike<\/em> (2015), and <em>Retrosex<\/em> (2016). His comedy <em>Zenithal<\/em> (2024), his first feature, was released in France this summer.<\/p>\n[\/vc_column_text][\/vc_column][vc_column width=&#8221;1\/2&#8243;][mk_image src=&#8221;https:\/\/theamericanfrenchfilmfestival.org\/wp-content\/uploads\/2024\/09\/zorro-4-scaled.jpg&#8221; image_size=&#8221;full&#8221; frame_style=&#8221;gray_border&#8221; align=&#8221;center&#8221;][\/vc_column][\/vc_row][vc_row][vc_column][vc_column_text]\n[\/vc_column_text][\/vc_column][\/vc_row]\n<\/div>","protected":false},"excerpt":{"rendered":"<p>[vc_row][vc_column][mk_padding_divider][vc_column_text css=&#8221;.vc_custom_1725558080069{margin-bottom: 0px !important;}&#8221;] ZORRO [\/vc_column_text][mk_padding_divider size=&#8221;20&#8243;][vc_separator color=&#8221;custom&#8221; accent_color=&#8221;#ea1300&#8243;][\/vc_column][\/vc_row][vc_row][vc_column width=&#8221;1\/3&#8243;][vc_column_text css=&#8221;.vc_custom_1727397626893{margin-bottom: 0px !important;}&#8221;] TELEVISION COMPETITION TRUFFAUT THEATRE Series &#8211; Adventure, Action, Comedy, Romance \u2013 Episodes 1 &amp; 2 [\/vc_column_text][\/vc_column][vc_column width=&#8221;1\/3&#8243;][vc_column_text css=&#8221;.vc_custom_1728427754541{margin-bottom: 0px !important;}&#8221;] SUNDAY NOVEMBER 3 4:40 pm (Screening ends at 6:00 pm) Followed by a conversation with co-author Benjamin Charbit\u00a0 [\/vc_column_text][mk_padding_divider size=&#8221;10&#8243;][mk_image src=&#8221;https:\/\/theamericanfrenchfilmfestival.org\/wp-content\/uploads\/2022\/09\/order-tickets.jpg&#8221; image_size=&#8221;full&#8221; [&hellip;]<\/p>\n","protected":false},"author":4,"featured_media":0,"parent":0,"menu_order":0,"comment_status":"closed","ping_status":"closed","template":"","meta":{"footnotes":""},"class_list":["post-18375","page","type-page","status-publish","hentry"],"_links":{"self":[{"href":"https:\/\/theamericanfrenchfilmfestival.org\/wp-json\/wp\/v2\/pages\/18375","targetHints":{"allow":["GET"]}}],"collection":[{"href":"https:\/\/theamericanfrenchfilmfestival.org\/wp-json\/wp\/v2\/pages"}],"about":[{"href":"https:\/\/theamericanfrenchfilmfestival.org\/wp-json\/wp\/v2\/types\/page"}],"author":[{"embeddable":true,"href":"https:\/\/theamericanfrenchfilmfestival.org\/wp-json\/wp\/v2\/users\/4"}],"replies":[{"embeddable":true,"href":"https:\/\/theamericanfrenchfilmfestival.org\/wp-json\/wp\/v2\/comments?post=18375"}],"version-history":[{"count":23,"href":"https:\/\/theamericanfrenchfilmfestival.org\/wp-json\/wp\/v2\/pages\/18375\/revisions"}],"predecessor-version":[{"id":19763,"href":"https:\/\/theamericanfrenchfilmfestival.org\/wp-json\/wp\/v2\/pages\/18375\/revisions\/19763"}],"wp:attachment":[{"href":"https:\/\/theamericanfrenchfilmfestival.org\/wp-json\/wp\/v2\/media?parent=18375"}],"curies":[{"name":"wp","href":"https:\/\/api.w.org\/{rel}","templated":true}]}}