{"id":17311,"date":"2024-07-13T23:58:12","date_gmt":"2024-07-13T23:58:12","guid":{"rendered":"https:\/\/theamericanfrenchfilmfestival.org\/?page_id=17311"},"modified":"2024-10-20T18:16:41","modified_gmt":"2024-10-20T18:16:41","slug":"becoming-karl-lagerfeld-1","status":"publish","type":"page","link":"https:\/\/theamericanfrenchfilmfestival.org\/becoming-karl-lagerfeld-1\/","title":{"rendered":"BECOMING KARL LAGERFELD"},"content":{"rendered":"<div class=\"wpb-content-wrapper\">[vc_row][vc_column][mk_padding_divider][vc_column_text css=&#8221;.vc_custom_1727912047294{margin-bottom: 0px !important;}&#8221;]\n<h1 style=\"text-align: center;\">BECOMING KARL LAGERFELD<\/h1>\n<h2 style=\"text-align: center;\"><\/h2>\n[\/vc_column_text][mk_padding_divider size=&#8221;20&#8243;][vc_separator color=&#8221;custom&#8221; accent_color=&#8221;#ea1300&#8243;][\/vc_column][\/vc_row][vc_row][vc_column width=&#8221;1\/3&#8243;][vc_column_text css=&#8221;.vc_custom_1727371213006{margin-bottom: 0px !important;}&#8221;]\n<p style=\"text-align: center;\"><strong>TELEVISION COMPETITION<br \/>\n<\/strong>TRUFFAUT THEATRE<br \/>\n<strong>Series, Biopic \/ Drama, Episodes 1 &amp; 2<\/strong><\/p>\n[\/vc_column_text][mk_image src=&#8221;https:\/\/theamericanfrenchfilmfestival.org\/wp-content\/uploads\/2018\/03\/free-sn-rsvp-1.jpg&#8221; image_size=&#8221;full&#8221; align=&#8221;center&#8221;][\/vc_column][vc_column width=&#8221;1\/3&#8243;][vc_column_text css=&#8221;.vc_custom_1729448197557{margin-bottom: 0px !important;}&#8221;]\n<p style=\"text-align: center;\"><strong>WEDNESDAY OCTOBER 30<br \/>\n<\/strong>1:10 pm (Screening ends at 2:40 pm)<br \/>\n<strong>Presented by actor Arnaud Valois (Yves Saint Laurent)<\/strong><\/p>\n[\/vc_column_text][\/vc_column][vc_column width=&#8221;1\/3&#8243;][vc_column_text css=&#8221;.vc_custom_1727811589330{margin-bottom: 0px !important;}&#8221;]\n<p class=\"p1\" style=\"text-align: center;\"><b>Presented in association with:<br \/>\n<\/b>Disney+<b><br \/>\n<\/b>Women In Film<br \/>\nTITRAFILM<b><\/b><\/p>\n[\/vc_column_text][\/vc_column][\/vc_row][vc_row][vc_column][mk_padding_divider size=&#8221;20&#8243;][vc_separator color=&#8221;custom&#8221; accent_color=&#8221;#ea1300&#8243;][\/vc_column][\/vc_row][vc_row][vc_column width=&#8221;1\/2&#8243;][vc_column_text css=&#8221;.vc_custom_1727198221660{margin-bottom: 0px !important;}&#8221;]<strong><span style=\"color: #ea1300;\">Special Screening<\/span><\/strong>\u00a0| TV Series | France\u00a0|\u00a02024\u00a0|\u00a0Biopic, Drama |\u00a06 x 52\u00a0min | Episodes 1 &amp; 2 | In French with English subtitles<\/p>\n<p><strong>Directed by:<\/strong> J\u00e9r\u00f4me Salle, Audrey Estrougo<br \/>\n<strong>Created by:<\/strong> Isaure Pisani-Ferry,\u00a0Jennifer Have<strong><br \/>\nWritten by:<\/strong> Isaure Pisani-Ferry, Jennifer Have, Dominique Baumard, Nathalie Hertzberg<br \/>\n<strong>Based on the Book by:<\/strong> Rapha\u00eblle Bacqu\u00e9<br \/>\n<strong>Produced by:<\/strong> Isabelle Degeorges, Arnaud de Cr\u00e9miers (Gaumont), J\u00e9r\u00f4me Salle<br \/>\n<strong>Cinematography:<\/strong>\u00a0Mahdi Lepart, M\u00e9lodie Preel<br \/>\n<strong>Film Editing:<\/strong>\u00a0Stan Collet, C\u00e9line Cloarec, Val\u00e9rie Deseine, Gr\u00e9goire Sivan<br \/>\n<strong>Original Score:<\/strong>\u00a0Sacha Galperine, Evgeni Galperine<br \/>\n<strong>Cast:<\/strong> Daniel Br\u00fchl (Karl Lagerfeld), Alex Lutz (Pierre Berg\u00e9),\u00a0Th\u00e9odore Pellerin (Jacques de Bascher), Arnaud Valois (Yves Saint Laurent), Agn\u00e8s Jaoui (Gaby Aghion), Sunnyi Melles (Marlene Dietrich), Paul Spera (Andy Warhol), F\u00e9odor Atkine (Louis de Bascher), Victoire Dubois (Anne de Bascher), Jeanne Damas (Paloma Picasso), Claire Laffut (Loulou de la Falaise), Julia Faure (Francine Crescent), Lisa Kreuzer (Elisabeth Lagerfeld)<br \/>\n<strong>International Distribution:<\/strong> Disney+<br \/>\n<strong>Original Broadcast:<\/strong> Disney+, Hulu<\/p>\n<p style=\"text-align: justify;\">Inspired by Le Monde\u00a0investigative reporter Rapha\u00eblle Bacqu\u00e9\u2019s biography, <em>Kaiser Karl<\/em>,\u00a0<strong><em>Becoming Karl Lagerfeld<\/em><\/strong> plunges us into the 1970s, a decade that was key to the legendary fashion designer&#8217;s development, both artistically and personally, and long before he created the distinctive persona that became his trademark. At 38, the anonymous ready-to-wear designer meets the great love of his life, Jacques de Bascher, a 21-year-old bourgeois dandy with a penchant for excess and sophisticated insouciance \u2014 in stark contrast to Lagerfeld&#8217;s buttoned-up workaholic. He also takes on his old friend and arch rival, Yves Saint Laurent, the brilliant haute-couture wunderkind who came to be the &#8220;Mozart&#8221; to Lagerfeld&#8217;s &#8220;Salieri&#8221;. That clash of egos triggers the evolution of a complex personality, driven by ambition, who would go on to become an icon of Parisian culture and &#8220;emperor&#8221; of the fashion world.<\/p>\n<p style=\"text-align: justify;\">Creator and show-runner <strong>Isaure Pisani-Ferry<\/strong> is a\u00a0French writer based in Berlin. After studying literature and social sciences, she went on to become a screenwriter for the Canal+ series <em>Kaboul Kitchen<\/em> (2012-17), and the Netflix series <em>Vampires<\/em> (2020) and <em>Ganglands<\/em> (2021). Director and executive producer <strong>J\u00e9r\u00f4me Salle<\/strong>\u00a0wrote screenplays for several shorts and TV movies, before venturing into directing. His feature directorial debut was <em>Anthony Zimmer<\/em> (2005), which premiered in Cannes, was nominated for a C\u00e9sar Award for Best First Film, and its script was adapted by Florian Henckel von Donnersmarck for his 2010 film <em>The Tourist<\/em>. Salle&#8217;s subsequent directorial credits include <em>The Heir Apparent: Largo Winch<\/em> (2008), <em>Largo Winch II<\/em> (2011), <em>Zulu<\/em> (2013), <em>The Odyssey<\/em> (COLCOA 2017), two episodes of the series <em>Totems<\/em> (2021-22), and <em>Kompromat<\/em> (2022).<\/p>\n[\/vc_column_text][\/vc_column][vc_column width=&#8221;1\/2&#8243;][mk_image src=&#8221;https:\/\/theamericanfrenchfilmfestival.org\/wp-content\/uploads\/2024\/03\/becoming-karl-lagerfeld.webp&#8221; image_size=&#8221;full&#8221; frame_style=&#8221;gray_border&#8221; align=&#8221;center&#8221;][\/vc_column][\/vc_row][vc_row][vc_column][vc_column_text]\n[\/vc_column_text][\/vc_column][\/vc_row]\n<\/div>","protected":false},"excerpt":{"rendered":"<p>[vc_row][vc_column][mk_padding_divider][vc_column_text css=&#8221;.vc_custom_1727912047294{margin-bottom: 0px !important;}&#8221;] BECOMING KARL LAGERFELD [\/vc_column_text][mk_padding_divider size=&#8221;20&#8243;][vc_separator color=&#8221;custom&#8221; accent_color=&#8221;#ea1300&#8243;][\/vc_column][\/vc_row][vc_row][vc_column width=&#8221;1\/3&#8243;][vc_column_text css=&#8221;.vc_custom_1727371213006{margin-bottom: 0px !important;}&#8221;] TELEVISION COMPETITION TRUFFAUT THEATRE Series, Biopic \/ Drama, Episodes 1 &amp; 2 [\/vc_column_text][mk_image src=&#8221;https:\/\/theamericanfrenchfilmfestival.org\/wp-content\/uploads\/2018\/03\/free-sn-rsvp-1.jpg&#8221; image_size=&#8221;full&#8221; align=&#8221;center&#8221;][\/vc_column][vc_column width=&#8221;1\/3&#8243;][vc_column_text css=&#8221;.vc_custom_1729448197557{margin-bottom: 0px !important;}&#8221;] WEDNESDAY OCTOBER 30 1:10 pm (Screening ends at 2:40 pm) Presented by actor Arnaud Valois (Yves Saint Laurent) [\/vc_column_text][\/vc_column][vc_column width=&#8221;1\/3&#8243;][vc_column_text [&hellip;]<\/p>\n","protected":false},"author":4,"featured_media":0,"parent":0,"menu_order":0,"comment_status":"closed","ping_status":"closed","template":"","meta":{"footnotes":""},"class_list":["post-17311","page","type-page","status-publish","hentry"],"_links":{"self":[{"href":"https:\/\/theamericanfrenchfilmfestival.org\/wp-json\/wp\/v2\/pages\/17311","targetHints":{"allow":["GET"]}}],"collection":[{"href":"https:\/\/theamericanfrenchfilmfestival.org\/wp-json\/wp\/v2\/pages"}],"about":[{"href":"https:\/\/theamericanfrenchfilmfestival.org\/wp-json\/wp\/v2\/types\/page"}],"author":[{"embeddable":true,"href":"https:\/\/theamericanfrenchfilmfestival.org\/wp-json\/wp\/v2\/users\/4"}],"replies":[{"embeddable":true,"href":"https:\/\/theamericanfrenchfilmfestival.org\/wp-json\/wp\/v2\/comments?post=17311"}],"version-history":[{"count":20,"href":"https:\/\/theamericanfrenchfilmfestival.org\/wp-json\/wp\/v2\/pages\/17311\/revisions"}],"predecessor-version":[{"id":19828,"href":"https:\/\/theamericanfrenchfilmfestival.org\/wp-json\/wp\/v2\/pages\/17311\/revisions\/19828"}],"wp:attachment":[{"href":"https:\/\/theamericanfrenchfilmfestival.org\/wp-json\/wp\/v2\/media?parent=17311"}],"curies":[{"name":"wp","href":"https:\/\/api.w.org\/{rel}","templated":true}]}}