{"id":16,"date":"2018-01-18T20:30:13","date_gmt":"2018-01-18T20:30:13","guid":{"rendered":"http:\/\/dev.theamericanfrenchfilmfestival.org\/?page_id=16"},"modified":"2026-02-19T23:58:35","modified_gmt":"2026-02-19T23:58:35","slug":"awards","status":"publish","type":"page","link":"https:\/\/theamericanfrenchfilmfestival.org\/2022-winners\/awards\/","title":{"rendered":"2016 Awards"},"content":{"rendered":"<div class=\"wpb-content-wrapper\">[vc_row][vc_column][mk_padding_divider][vc_column_text css=&#8221;.vc_custom_1652135262105{margin-bottom: 0px !important;}&#8221;]\n<h2>2016 AWARDS WINNERS<\/h2>\n[\/vc_column_text][vc_separator color=&#8221;custom&#8221; accent_color=&#8221;#004eef&#8221;][\/vc_column][\/vc_row][vc_row][vc_column width=&#8221;1\/2&#8243;][mk_padding_divider size=&#8221;20&#8243;][vc_column_text margin_bottom=&#8221;0&#8243; css=&#8221;.vc_custom_1771544980897{margin-bottom: 0px !important;}&#8221;]\n<h3>CINEMA<\/h3>\n<p><strong>Audience Award<\/strong><\/p>\n<p><a href=\"https:\/\/theamericanfrenchfilmfestival.org\/2022-winners\/awards\/the-innocents\/\">THE INNOCENTS (Les Innocentes)<br \/>\n<\/a>Directed by: Anne Fontaine<br \/>\nWritten by: \u00a0Pascal Bonitzer, Sabrina B. Karine, Alice Vial<\/p>\n<p><strong>Audience Special Prize<\/strong><\/p>\n<p><a href=\"https:\/\/theamericanfrenchfilmfestival.org\/2022-winners\/awards\/made-in-france\/\">MADE IN FRANCE<br \/>\n<\/a>Directed by: Nicolas Boukhrief<br \/>\nWritten by: \u00c9ric Besnard, Nicolas Boukhrief<\/p>\n<p><strong>Audience Special Mention<\/strong><\/p>\n<p><a href=\"https:\/\/theamericanfrenchfilmfestival.org\/2022-winners\/awards\/un-plus-une\/\">UN PLUS UNE<br \/>\n<\/a>Directed by: Claude Lelouch<br \/>\nWritten by : Claude Lelouch, Val\u00e9rie Perrin<\/p>\n<p><strong>Audience Special Mention<\/strong><\/p>\n<p><a href=\"https:\/\/theamericanfrenchfilmfestival.org\/2022-winners\/awards\/i-am-a-soldier\/\" target=\"_blank\" rel=\"noopener\">I AM A\u00a0SOLDIER\u00a0(Je suis un soldat)\u00a0<\/a><strong><a href=\"http:\/\/www.theamericanfrenchfilmfestival.org\/program-2016\/films\/i-am-a-soldier\"><br \/>\n<\/a><\/strong>Directed by: Laurent Larivi\u00e8re<br \/>\nWritten by : Fran\u00e7ois Decodts, Laurent Larivi\u00e8re<\/p>\n<p><strong>LAFCA Critics Award<\/strong><\/p>\n<p><a href=\"https:\/\/theamericanfrenchfilmfestival.org\/2022-winners\/awards\/come-what-may\/\">COME WHAT MAY (En Mai fais ce qu&#8217;il te plait)<br \/>\n<\/a>Directed by: Christian Carion<br \/>\nWritten by : Andrew Bampfield, Christian Carion, Laure Irrmann<\/p>\n<p><strong>LAFCA Critics Special Prize<\/strong><\/p>\n<p>THE FIRST, THE LAST (Les Premiers, les derniers)<strong><a href=\"http:\/\/www.theamericanfrenchfilmfestival.org\/program-2016\/films\/come-what-may\"><br \/>\n<\/a><\/strong>Written and directed by: Bouli Lanners<\/p>\n<p><strong>LAFCA Critics Special Mention<\/strong><\/p>\n<p><a href=\"https:\/\/theamericanfrenchfilmfestival.org\/2022-winners\/awards\/fatima\/\">FATIMA<br \/>\n<\/a>Written and directed by: Philippe Faucon<\/p>\n<p><strong>LAFCA Critics Special Mention<\/strong><\/p>\n<p><a href=\"https:\/\/theamericanfrenchfilmfestival.org\/2022-winners\/awards\/the-innocents\/\">THE INNOCENTS (Les Innocentes)<br \/>\n<\/a>Directed by: Anne Fontaine<br \/>\nWritten by: \u00a0Pascal Bonitzer, Sabrina B. Karine, Alice Vial<\/p>\n<p><strong>LAFCA Critics Special Mention<\/strong><\/p>\n<p>Actor\u00a0NICOLAS DUVAUCHELLE\u00a0for <strong>leading role<\/strong> in<\/p>\n<p><a href=\"https:\/\/theamericanfrenchfilmfestival.org\/2022-winners\/awards\/a-decent-man\/\">A DECENT MAN (Je ne suis pas un salaud)<\/a><strong><a href=\"http:\/\/www.theamericanfrenchfilmfestival.org\/program-2016\/films\/a-decent-man\"><br \/>\n<\/a><\/strong>Directed by: Emmanuel Finkiel<br \/>\nWritten by: Emmanuel Finkiel, Julie Peyr<\/p>\n<p><strong>First Feature Award<\/strong><\/p>\n<p><a href=\"https:\/\/theamericanfrenchfilmfestival.org\/2022-winners\/awards\/neither-heaven-nor-earth\/\">NEITHER HEAVEN NOR EARTH (Ni le ciel, ni la terre)<\/a><strong><a href=\"http:\/\/www.theamericanfrenchfilmfestival.org\/program-2016\/films\/NEITHER-HEAVEN-NOR-EARTH\"><br \/>\n<\/a><\/strong>Directed by:\u00a0Cl\u00e9ment Cogitore<br \/>\nWritten by:\u00a0Thomas Bidegain, Maxime Caperan, Julia Ducournau, Nadja Dumouchel, Fabien Gorgeart, Britta Krause, Franz Rodenkirchen, Cl\u00e9ment Cogitore<\/p>\n<p><strong>Coming Soon Award<\/strong><\/p>\n<p><a href=\"https:\/\/theamericanfrenchfilmfestival.org\/2022-winners\/awards\/long-way-north\/\">LONG WAY NORTH (Tout en haut du monde)<br \/>\n<\/a>Directed by:\u00a0R\u00e9mi Chay\u00e9<br \/>\nWritten by:\u00a0Claire Paoletti, Patricia Valeix, Fabrice de Costil<\/p>\n<p><strong>Documentary Award<\/strong><\/p>\n<p><a href=\"https:\/\/theamericanfrenchfilmfestival.org\/2022-winners\/awards\/tomorrow\/\" target=\"_blank\" rel=\"noopener noreferrer\">TOMORROW (Demain)<\/a><strong><a href=\"http:\/\/www.theamericanfrenchfilmfestival.org\/program-2016\/films\/tomorrow\"><br \/>\n<\/a><\/strong>Written and directed by: Cyril Dion, M\u00e9lanie Laurent<\/p>\n<h3>TELEVISION<\/h3>\n<p><strong>TV Drama Jury Award<\/strong><\/p>\n<p><a href=\"https:\/\/theamericanfrenchfilmfestival.org\/2022-winners\/awards\/carpet-and-chaos\/\">CARPET AND CHAOS (Les Pieds dans le tapis)<br \/>\n<\/a>Directed by:\u00a0Nader Takmil Homayoun<br \/>\nWritten by:\u00a0Philippe Blasband, Nader Takmil Homayoun<\/p>\n<p><strong>TV Series Jury Award<\/strong><\/p>\n<p><a href=\"https:\/\/theamericanfrenchfilmfestival.org\/2022-winners\/awards-2\/call-my-agent\/\">CALL MY AGENT (10%)<br \/>\n<\/a>Directed by:\u00a0C\u00e9dric Klapisch<br \/>\nWritten by\u00a0:\u00a0Dominique Besnehard, Fanny Herrero, Julien Messemackers, Michel Vereecken<\/p>\n<p><strong>TV Drama Jury Special Prize<\/strong><\/p>\n<p><a href=\"https:\/\/theamericanfrenchfilmfestival.org\/2022-winners\/awards\/woman-under-influence\/\">WOMAN UNDER INFLUENCE (L&#8217;Emprise)<br \/>\n<\/a>Written and directed by:\u00a0Claude-Michel Rome<\/p>\n<p><strong>TV Series Jury Special Prize<\/strong><\/p>\n<p><a href=\"https:\/\/theamericanfrenchfilmfestival.org\/2022-winners\/awards\/the-bureau-season-2\/\">LE BUREAU &#8211; SEASON 2 (Le Bureau des Legendes)<\/a><a href=\"http:\/\/www.theamericanfrenchfilmfestival.org\/awards-3\/awards\/the-bureau-season-2\/\"><br \/>\n<\/a>Directed by:\u00a0Eric Rochant<br \/>\nWritten:\u00a0Eric Rochant, Camille de Castelnau, C\u00e9cile Ducrocq, Rapha\u00ebl Chev\u00e8nement<\/p>\n<p><strong>TV Drama Audience Award<\/strong><\/p>\n<p><a href=\"https:\/\/theamericanfrenchfilmfestival.org\/2022-winners\/awards\/carpet-and-chaos\/\">CARPET AND CHAOS (Les Pieds dans le tapis)<br \/>\n<\/a>Directed by:\u00a0Nader Takmil Homayoun<br \/>\nWritten by:\u00a0Philippe Blasband, Nader Takmil Homayoun<\/p>\n<p><strong>TV Series Audience Award<\/strong><\/p>\n<p><a href=\"https:\/\/theamericanfrenchfilmfestival.org\/2022-winners\/awards\/the-bureau-season-2\/\">LE BUREAU &#8211; SEASON 2 (Le Bureau des Legendes)<br \/>\n<\/a>Directed by:\u00a0Eric Rochant<br \/>\nWritten:\u00a0Eric Rochant, Camille de Castelnau, C\u00e9cile Ducrocq, Rapha\u00ebl Chev\u00e8nement<\/p>\n<p><strong>TV Drama Audience Special Prize\u00a0<\/strong><\/p>\n<p><a href=\"https:\/\/theamericanfrenchfilmfestival.org\/2022-winners\/awards\/borderline\/\">BORDERLINE<\/a><a href=\"http:\/\/www.theamericanfrenchfilmfestival.org\/awards-3\/awards\/borderline\/\"><br \/>\n<\/a>Directed by:\u00a0Olivier Marchal<br \/>\nWritten by:\u00a0Olivier Marchal, Christophe Gavat, Laurent Guillaume<\/p>\n<p><strong>Audience TV Series Special Prize<\/strong><\/p>\n<p><a href=\"https:\/\/theamericanfrenchfilmfestival.org\/2022-winners\/awards-2\/call-my-agent\/\" target=\"_blank\" rel=\"noopener noreferrer\">CALL MY AGENT (10%)<br \/>\n<\/a>Directed by:\u00a0C\u00e9dric Klapisch<br \/>\nWritten by\u00a0:\u00a0Dominique Besnehard, Fanny Herrero, Julien Messemackers, Michel Vereecken[\/vc_column_text][\/vc_column][vc_column width=&#8221;1\/2&#8243;][mk_padding_divider size=&#8221;20&#8243;][vc_column_text css=&#8221;.vc_custom_1652135282468{margin-bottom: 0px !important;}&#8221;]\n<h3>SHORT FILMS<\/h3>\n<p><strong>Short Film Jury Award<\/strong><\/p>\n<p>MOTHER(S) (Maman(s))<strong><br \/>\n<\/strong><strong>Drama\/2015\/21\u201903\u00a0<\/strong>\u2022 DCP \u2022 2.39 \u2022 Dolby 5.1<br \/>\n<strong>Written and directed by<\/strong>: Ma\u00efmouna Doucour\u00e9<br \/>\n<strong>Produced by<\/strong>: Bien ou Bien Production<br \/>\nEight-year-old Aida lives in an apartment in the Parisian suburbs. Her family&#8217;s world is turned upside down when her father is back from Senegal with a woman.<br \/>\n(also presented before\u00a0<em>FATIMA<\/em>)<\/p>\n<p><strong>Short Film Jury Special Prize<\/strong><\/p>\n<p>MILLIONS OF TEARS (Des Millions de larmes)<br \/>\n<strong>Drama\/2015\/23\u2019<\/strong>\u00a0\u2022 DCP \u2022 4\/3 \u2022 Digital 5.1<br \/>\n<strong>Written and directed by<\/strong>: Natalie Beder<br \/>\n<strong>Produced by<\/strong>: Yukunkun Productions<br \/>\nIn an empty restaurant, a sixty-year-old man meets a young woman with a rucksack. She looks worn out. He proposes to give her a lift.<br \/>\n(also presented before\u00a0<em>LAND LEGS<\/em>)<\/p>\n<p><strong>Short Film Jury Special Mention<\/strong><\/p>\n<p>COLD COFFEE (Caf\u00e9\u00a0froid)<br \/>\n<strong>Animation, Drama\/2015\/14\u201954<\/strong>\u00a0\u2022 DCP \u2022 1.85 \u2022 Dolby 5.1<br \/>\n<strong>Written and directed by<\/strong>: St\u00e9phanie Lansaque, Fran\u00e7ois Leroy<br \/>\n<strong>Produced by<\/strong>: Je Suis Bien Content<br \/>\n<a href=\"http:\/\/www.supinfocom-arles.fr\/\">jsbc.com<br \/>\n<\/a>Saigon, Vietnam. After the death of her mother, a young girl is forced to abandon school to take over the family cafe.<br \/>\n(also presented before\u00a0<em>KALINKA<\/em>)<\/p>\n<p><strong>Short Film Audience Award<\/strong><\/p>\n<p>IT&#8217;S CAVIAR (C&#8217;est du caviar)<br \/>\n<strong>Comedy\/2016\/23\u2019<\/strong>\u00a0\u2022 DCP \u2022 Scope \u2022 Dolby 5.1<br \/>\n<strong>Written and directed by<\/strong>: Sarah Lelouch<br \/>\n<strong>Produced by<\/strong>: Watch\u2019Us<br \/>\nwatch-us.fr<br \/>\nCharlie is shocked to learn from Leo, her boyfriend, and Camille, her best friend, that they are having an affair. The double betrayal deserves an equal revenge.<br \/>\n(also presented before\u00a0<em>UN PLUS UNE<\/em>)<\/p>\n<p><strong>Short Film Audience Special Prize<\/strong><\/p>\n<p>MILLIONS OF TEARS (Des Millions de larmes)<br \/>\n<strong>Drama\/2015\/23\u2019<\/strong>\u00a0\u2022 DCP \u2022 4\/3 \u2022 Digital 5.1<br \/>\n<strong>Written and directed by<\/strong>: Natalie Beder<br \/>\n<strong>Produced by<\/strong>: Yukunkun Productions<br \/>\nIn an empty restaurant, a sixty-year-old man meets a young woman with a rucksack. She looks worn out. He proposes to give her a lift.<br \/>\n(also presented before\u00a0<em>LAND LEGS<\/em>)<\/p>\n<p><strong>Short Film Audience Special Prize<\/strong><\/p>\n<p>ENNEMIS WITHIN (Ennemis Int\u00e9rieur)<br \/>\n<strong>Drama\/2016\/27\u201933\u00a0<\/strong>\u2022 DCP \u2022 2.39 \u2022 Dolby 5.1<br \/>\n<strong>Written and directed by<\/strong>: S\u00e9lim Azzazi<br \/>\n<strong>Produced by<\/strong>: Qualia Films<br \/>\n<a href=\"http:\/\/qualiafilms.fr\">qualiafilms.fr<br \/>\n<\/a>In the 1980s, France is targeted by Algerian terrorism. A longtime resident is interviewed while applying for French citizenship.<br \/>\n(also presented before\u00a0<em>MADE IN FRANCE<\/em>)<\/p>\n<p><strong>Short Film Audience Special Mention<\/strong><\/p>\n<p>OUR FALLEN HEROES (A ses enfants, la patrie reconnaissante<a href=\"http:\/\/www.theamericanfrenchfilmfestival.org\/program-2016\/short-film-competition\">)<br \/>\n<\/a><strong>Drama\/2015\/22&#8242;\u00a0<\/strong>\u2022 DCP \u2022 16\/9 \u2022 Dts 5.1<br \/>\n<strong>Written and directed by<\/strong>: St\u00e9phane Landowski<br \/>\n<strong>Produced by<\/strong>: Fulldawa Films<br \/>\n<a href=\"http:\/\/fulldawafilms.com\">fulldawafilms.com<br \/>\n<\/a>1919. Paul, a sculptor, goes from village to village to erect war memorials that bloom all over the country.<br \/>\n(also presented before\u00a0<em>COURTED<\/em>)[\/vc_column_text][\/vc_column][\/vc_row][vc_row][vc_column][vc_separator color=&#8221;custom&#8221; accent_color=&#8221;#004eef&#8221;][\/vc_column][\/vc_row]\n<\/div>","protected":false},"excerpt":{"rendered":"<p>[vc_row][vc_column][mk_padding_divider][vc_column_text css=&#8221;.vc_custom_1652135262105{margin-bottom: 0px !important;}&#8221;] 2016 AWARDS WINNERS [\/vc_column_text][vc_separator color=&#8221;custom&#8221; accent_color=&#8221;#004eef&#8221;][\/vc_column][\/vc_row][vc_row][vc_column width=&#8221;1\/2&#8243;][mk_padding_divider size=&#8221;20&#8243;][vc_column_text margin_bottom=&#8221;0&#8243; css=&#8221;.vc_custom_1771544980897{margin-bottom: 0px !important;}&#8221;] CINEMA Audience Award THE INNOCENTS (Les Innocentes) Directed by: Anne Fontaine Written by: \u00a0Pascal Bonitzer, Sabrina B. Karine, Alice Vial Audience Special Prize MADE IN FRANCE Directed by: Nicolas Boukhrief Written by: \u00c9ric Besnard, Nicolas Boukhrief Audience Special Mention [&hellip;]<\/p>\n","protected":false},"author":4,"featured_media":0,"parent":635,"menu_order":0,"comment_status":"closed","ping_status":"closed","template":"","meta":{"footnotes":""},"class_list":["post-16","page","type-page","status-publish","hentry"],"_links":{"self":[{"href":"https:\/\/theamericanfrenchfilmfestival.org\/wp-json\/wp\/v2\/pages\/16","targetHints":{"allow":["GET"]}}],"collection":[{"href":"https:\/\/theamericanfrenchfilmfestival.org\/wp-json\/wp\/v2\/pages"}],"about":[{"href":"https:\/\/theamericanfrenchfilmfestival.org\/wp-json\/wp\/v2\/types\/page"}],"author":[{"embeddable":true,"href":"https:\/\/theamericanfrenchfilmfestival.org\/wp-json\/wp\/v2\/users\/4"}],"replies":[{"embeddable":true,"href":"https:\/\/theamericanfrenchfilmfestival.org\/wp-json\/wp\/v2\/comments?post=16"}],"version-history":[{"count":43,"href":"https:\/\/theamericanfrenchfilmfestival.org\/wp-json\/wp\/v2\/pages\/16\/revisions"}],"predecessor-version":[{"id":26350,"href":"https:\/\/theamericanfrenchfilmfestival.org\/wp-json\/wp\/v2\/pages\/16\/revisions\/26350"}],"up":[{"embeddable":true,"href":"https:\/\/theamericanfrenchfilmfestival.org\/wp-json\/wp\/v2\/pages\/635"}],"wp:attachment":[{"href":"https:\/\/theamericanfrenchfilmfestival.org\/wp-json\/wp\/v2\/media?parent=16"}],"curies":[{"name":"wp","href":"https:\/\/api.w.org\/{rel}","templated":true}]}}