{"id":1385,"date":"2018-02-10T00:49:11","date_gmt":"2018-02-10T00:49:11","guid":{"rendered":"http:\/\/dev.theamericanfrenchfilmfestival.org\/?page_id=1385"},"modified":"2021-03-08T20:23:24","modified_gmt":"2021-03-08T20:23:24","slug":"sk1","status":"publish","type":"page","link":"https:\/\/theamericanfrenchfilmfestival.org\/2022-winners\/2015-awards\/sk1\/","title":{"rendered":"SK1"},"content":{"rendered":"<div class=\"wpb-content-wrapper\">[vc_row][vc_column][mk_padding_divider size=&#8221;20&#8243;][vc_column_text css=&#8221;.vc_custom_1518223553909{margin-bottom: 0px !important;}&#8221;]\n<h2><strong>SK1\/<\/strong>\u00a0L\u2019Affaire SK1<\/h2>\n[\/vc_column_text][mk_padding_divider size=&#8221;20&#8243;][\/vc_column][\/vc_row][vc_row][vc_column width=&#8221;1\/2&#8243;][vc_column_text css=&#8221;.vc_custom_1518223629123{margin-bottom: 0px !important;}&#8221;]<strong>West Coast Premiere \u2022 Drama \u2022 France, 2015<\/strong><\/p>\n<p>DCP \u2022 2.35 \u2022 Dolby 5.1 \u2022 Color \u2022 119 min<\/p>\n<p><strong>Directed by<\/strong>: Fr\u00e9d\u00e9ric Tellier<br \/>\n<strong>Co-written by<\/strong>: Fr\u00e9d\u00e9ric Tellier, David Oelhoffen and Patricia Tourancheau<br \/>\n<strong>Cinematography<\/strong>: Mathias Boucard<br \/>\n<strong>Film Editing<\/strong>: Mickael Dumontier<br \/>\n<strong>Original Score<\/strong>: Christophe La Pinta, Fr\u00e9d\u00e9ric Tellier<br \/>\n<strong>Produced by<\/strong>: Julien Madon (Labyrinthe Films)<br \/>\n<strong>Coproduced by<\/strong>: SND Groupe M6, Cinefrance<br \/>\n<strong>Cast<\/strong>: Rapha\u00ebl Personnaz (Franck), Nathalie Baye (Ma\u00eetre Fr\u00e9d\u00e9rique Pons), Olivier Gourmet (Bougon), Adama Niane (Guy George)<strong><br \/>\n<\/strong><strong>International Sales<\/strong>: SND Groupe M6<br \/>\n<strong>US Distributor<\/strong>: Kino Lorber\u00a0<strong>\u2022\u00a0<\/strong>Kinolorber.com<br \/>\n<strong>US release date<\/strong>: 2015<\/p>\n<p>Franck is an eager rookie homicide squad inspector. When a woman is found with her throat cut, he shrewdly unearths parallels between previously unrelated cases. Before he knows it, Franck is caught up in an eight-year obsessive hunt for SK1 \u2013 Serial Killer 1 \u2013 a man whose very existence is questioned by others. Loosely based on the investigation into real-life murderer Guy Georges, aka the Beast Of The Bastille (whose lurking disorder is deftly captured by Adama Niane), the story milks suspense from the procedural aspects of the manhunt, the false leads, dead ends, and the stifling bureaucracy of a police force hindered by dwindling budgets and a knee-jerk insistence on outdated, traditional methods. Rapha\u00ebl Personnaz, Marius in\u00a0<em>Marius and Fanny<\/em>\u00a0(COLCOA 2014), is the perfect channel for Franck\u2019s perseverance and anger, while Nathalie Baye checks in with a memorable turn as a public defender convinced the police don\u2019t have a case.<\/p>\n<p>Specializing in police procedurals, writer\/director\u00a0<strong>Fr\u00e9d\u00e9ric Tellier<\/strong>\u00a0marks his feature debut with a story about one of the trickiest criminal cases in recent French history, and the first case to incorporate DNA evidence. Tellier began as an assistant director before establishing a career directing successful television films and series in France. Describing co-writer David Oelhoffen, (known for his 2014 Vigo Mortensen starrer\u00a0<em>Far From Men<\/em>), as his \u201caccomplice,\u201d Tellier worked closely with him to bring journalist Patricia Tourancheau\u2019s book,\u00a0<em>Guy Georges \u2013 La Traque,<\/em>\u00a0to life for the big screen.<\/p>\n<p>Quotes:<\/p>\n<p>\u201cTellier reveals a knack for building tension out of bureaucratic calamity.\u201d<br \/>\n&#8211; Jordan Mintzer HOLLYWOOD REPORTER<\/p>\n<p>\u201cBaye is excellent as the morally-conflicted lawyer Pons\u201d<br \/>\n&#8211; Judith Miller FRENCH CINEMA REVIEW<\/p>\n[\/vc_column_text][\/vc_column][vc_column width=&#8221;1\/2&#8243;][mk_image src=&#8221;http:\/\/dev.theamericanfrenchfilmfestival.org\/wp-content\/uploads\/2018\/02\/film-noir.jpg&#8221; image_size=&#8221;full&#8221; target=&#8221;_blank&#8221;][mk_image src=&#8221;http:\/\/dev.theamericanfrenchfilmfestival.org\/wp-content\/uploads\/2018\/02\/after10.jpg&#8221; image_size=&#8221;full&#8221; target=&#8221;_blank&#8221;][mk_image src=&#8221;http:\/\/dev.theamericanfrenchfilmfestival.org\/wp-content\/uploads\/2018\/02\/sk1.jpg&#8221; image_size=&#8221;full&#8221; target=&#8221;_blank&#8221; margin_bottom=&#8221;30&#8243;][mk_image heading_title=&#8221;IN ASSOCIATION WITH&#8221; src=&#8221;http:\/\/dev.theamericanfrenchfilmfestival.org\/wp-content\/uploads\/2018\/02\/logo-snd.jpg&#8221; image_size=&#8221;full&#8221; target=&#8221;_blank&#8221; margin_bottom=&#8221;30&#8243;][\/vc_column][\/vc_row]\n<\/div>","protected":false},"excerpt":{"rendered":"<p>[vc_row][vc_column][mk_padding_divider size=&#8221;20&#8243;][vc_column_text css=&#8221;.vc_custom_1518223553909{margin-bottom: 0px !important;}&#8221;] SK1\/\u00a0L\u2019Affaire SK1 [\/vc_column_text][mk_padding_divider size=&#8221;20&#8243;][\/vc_column][\/vc_row][vc_row][vc_column width=&#8221;1\/2&#8243;][vc_column_text css=&#8221;.vc_custom_1518223629123{margin-bottom: 0px !important;}&#8221;]West Coast Premiere \u2022 Drama \u2022 France, 2015 DCP \u2022 2.35 \u2022 Dolby 5.1 \u2022 Color \u2022 119 min Directed by: Fr\u00e9d\u00e9ric Tellier Co-written by: Fr\u00e9d\u00e9ric Tellier, David Oelhoffen and Patricia Tourancheau Cinematography: Mathias Boucard Film Editing: Mickael Dumontier Original Score: Christophe La [&hellip;]<\/p>\n","protected":false},"author":4,"featured_media":0,"parent":660,"menu_order":0,"comment_status":"closed","ping_status":"closed","template":"","meta":{"footnotes":""},"class_list":["post-1385","page","type-page","status-publish","hentry"],"_links":{"self":[{"href":"https:\/\/theamericanfrenchfilmfestival.org\/wp-json\/wp\/v2\/pages\/1385","targetHints":{"allow":["GET"]}}],"collection":[{"href":"https:\/\/theamericanfrenchfilmfestival.org\/wp-json\/wp\/v2\/pages"}],"about":[{"href":"https:\/\/theamericanfrenchfilmfestival.org\/wp-json\/wp\/v2\/types\/page"}],"author":[{"embeddable":true,"href":"https:\/\/theamericanfrenchfilmfestival.org\/wp-json\/wp\/v2\/users\/4"}],"replies":[{"embeddable":true,"href":"https:\/\/theamericanfrenchfilmfestival.org\/wp-json\/wp\/v2\/comments?post=1385"}],"version-history":[{"count":1,"href":"https:\/\/theamericanfrenchfilmfestival.org\/wp-json\/wp\/v2\/pages\/1385\/revisions"}],"predecessor-version":[{"id":1388,"href":"https:\/\/theamericanfrenchfilmfestival.org\/wp-json\/wp\/v2\/pages\/1385\/revisions\/1388"}],"up":[{"embeddable":true,"href":"https:\/\/theamericanfrenchfilmfestival.org\/wp-json\/wp\/v2\/pages\/660"}],"wp:attachment":[{"href":"https:\/\/theamericanfrenchfilmfestival.org\/wp-json\/wp\/v2\/media?parent=1385"}],"curies":[{"name":"wp","href":"https:\/\/api.w.org\/{rel}","templated":true}]}}