{"id":13604,"date":"2023-01-29T01:43:22","date_gmt":"2023-01-29T01:43:22","guid":{"rendered":"https:\/\/theamericanfrenchfilmfestival.org\/?page_id=13604"},"modified":"2025-01-30T01:46:26","modified_gmt":"2025-01-30T01:46:26","slug":"archives-2022-index-html","status":"publish","type":"page","link":"https:\/\/theamericanfrenchfilmfestival.org\/about-us\/archives-2022-index-html\/","title":{"rendered":"2022 TAFFF Edition"},"content":{"rendered":"<div class=\"wpb-content-wrapper\">[vc_row][vc_column][mk_padding_divider size=&#8221;20&#8243;][vc_column_text css=&#8221;.vc_custom_1738201584955{margin-bottom: 0px !important;}&#8221;]\n<h2>2022 DELEGATION &amp; FILMS<\/h2>\n<p>Check out the <a href=\"https:\/\/archive.theamericanfrenchfilmfestival.org\/2022\/\" target=\"_blank\" rel=\"noopener\">2022 Edition website <\/a>for a detailed presentation of the program[\/vc_column_text][vc_separator color=&#8221;custom&#8221; accent_color=&#8221;#004eef&#8221;][mk_padding_divider size=&#8221;20&#8243;][\/vc_column][\/vc_row][vc_row][vc_column][vc_column_text css=&#8221;.vc_custom_1675122598942{margin-bottom: 0px !important;}&#8221;]\n<h4><span style=\"color: #660084;\">DELEGATION<\/span><\/h4>\n[\/vc_column_text][mk_padding_divider][\/vc_column][\/vc_row][vc_row][vc_column width=&#8221;1\/2&#8243;][vc_column_text css=&#8221;.vc_custom_1675123301035{margin-bottom: 0px !important;}&#8221;]Lise Akoka \u2013 Writer, Director<br \/>\nMarine Alaric\u00a0 \u2013 Producer<br \/>\nJean-Jacques Annaud \u2013 Writer, Director, Academy Award Winner<br \/>\nAvi Amar \u2013 Producer<br \/>\nZoel Aseschbacher \u2013 Writer, Director (in Paris)<br \/>\nAlexandru Belc \u2013 Writer, Director<br \/>\nDali Benssalah \u2013 Actor<br \/>\nAnissa Bonnefont \u2013 Writer, Director<br \/>\nAndr\u00e9 Bonzel \u2013 Writer, Director<br \/>\nMathias Boucard \u2013 Director of Photography<br \/>\nAmine Bouhafa \u2013 Composer (in Paris)<br \/>\nAntonia Buresi \u2013 Actor, Writer<br \/>\nRapha\u00eblle Delauche &#8211;\u00a0 Producer (in Paris)<br \/>\nLaurent Desmet \u2013 Director of Photography (in Paris)<br \/>\nC\u00e9line Devaux \u2013 Writer, Director<br \/>\nMa\u00efmouna Doucour\u00e9 \u2013 Writer, Director<br \/>\nSofia Essa\u00efdi \u2013 Actor (in Paris)<br \/>\nMarine Flores-Ruimi \u2013 Writer<br \/>\nCharlotte Gabris \u2013 Actor, Writer, Director<br \/>\nFabrice Gar\u00e7on \u2013 Writer, Director<br \/>\nRomain Gavras \u2013 Writer, Director<br \/>\nCharles Gillibert &#8211; Producer<br \/>\nTracy Gotoas \u2013 Actor<br \/>\nNelson Ghr\u00e9nassia \u2013 Producer (in Paris)<br \/>\nSt\u00e9phanie Halfon \u2013 Writer, Director[\/vc_column_text][\/vc_column][vc_column width=&#8221;1\/2&#8243;][vc_column_text css=&#8221;.vc_custom_1675123392915{margin-bottom: 0px !important;}&#8221;]Michel Hazanavicius \u2013 Writer, Director, Academy Award Winner<br \/>\nSalah Issaad \u2013 Writer, Director<br \/>\nTaqiyeddine Issaad \u2013 Producer<br \/>\nArnaud Jalbert \u2013 Producer (in Paris)<br \/>\nJ\u00e9r\u00e9mie Laheurte \u2013 Actor<br \/>\nSarah Lelouch &#8211; Producer<br \/>\nJalil Lespert \u2013 Actor, Writer, Director<br \/>\nIbrahim Maalouf &#8211; Trumpeter, Producer, arranger, and Composer<br \/>\nNathalie Masduraud \u2013 Writer, Director (in Paris)<br \/>\nMarie-Castille Mention-Schaar \u2013 Writer, Director<br \/>\nWilfried M\u00e9ance \u2013 Writer, Director<br \/>\nHelen Mirren \u2013 Actor, Academy Award Winner (in Paris)<br \/>\nEmmanuel Mouret \u2013 Writer, director (in Paris)<br \/>\nYvonnick Muller \u2013 Actor, Writer, Director<br \/>\nEric Neveux &#8211; Composer<br \/>\nOlivier Peyon \u2013 Writer, Director<br \/>\nRon Perlman \u2013 Actor<br \/>\nMaxime Pistorio \u2013 Writer, Director<br \/>\nLola Quivoron \u2013 Writer, Director<br \/>\nKevin Ossona \u2013 Writer, Director<br \/>\nEduardo Sosa Soria \u2013 Writer, Director<br \/>\nAntoine Szymalka \u2013 Producer (in Paris)<br \/>\nVal\u00e9rie Urrea \u2013 Writer, Director (in Paris)<br \/>\nBertrand Usclat \u2013 Actor<br \/>\nThibaut Valetoux \u2013 Writer (in Paris)<br \/>\nMyriam Weil &#8211; Producer[\/vc_column_text][\/vc_column][\/vc_row][vc_row][vc_column][vc_separator color=&#8221;custom&#8221; accent_color=&#8221;#004eef&#8221;][vc_column_text css=&#8221;.vc_custom_1675123090411{margin-bottom: 0px !important;}&#8221;]\n<h4><span style=\"color: #660084;\">FILMS &amp; SERIES\u00a0<\/span><\/h4>\n[\/vc_column_text][mk_padding_divider][\/vc_column][\/vc_row][vc_row][vc_column][vc_row_inner][vc_column_inner width=&#8221;1\/2&#8243;][vc_column_text css=&#8221;.vc_custom_1675123483706{margin-bottom: 0px !important;}&#8221;]<strong>CINEMA<\/strong><\/p>\n<p class=\"p1\"><b>A FAMILY FOR 1640 DAYS\u00a0(La Vraie famille)<br \/>\n<\/b><span class=\"s1\"><b>Drama<br \/>\n<\/b><\/span><span class=\"s2\"><b>US Premiere<br \/>\nWritten and Directed by<\/b>:<b>\u00a0<\/b>Fabien Gorgeart<br \/>\n<b>Original Score<\/b>: Gabriel des For\u00eats<\/span><\/p>\n<p class=\"p1\"><b>ATHENA<br \/>\n<\/b><span class=\"s3\"><b>Drama, Action<br \/>\n<\/b><\/span><b>North American Theatrical Premiere<br \/>\nDirected by<\/b>:<b>\u00a0<\/b>Romain Gavras<br \/>\n<b>Written by<\/b>: Romain Gavras, Ladj Ly, \u00c9lias Belkeddar<\/p>\n<p class=\"p1\"><b>BLAZING NEON (Du Cr\u00e9pitement sous les n\u00e9ons)<br \/>\n<\/b><span class=\"s2\"><b>Thriller, Drama<\/b><\/span><span class=\"s1\"><b><br \/>\n<\/b><\/span><span class=\"s2\"><b>World Premiere<br \/>\nDirected by<\/b>:<b>\u00a0<\/b>FGKO (Fabrice Gar\u00e7on, Kevin Ossona)<br \/>\n<b>Written by<\/b>: Sherazade Khalladi, Fabrice Gar\u00e7on, Kevin Ossona<\/span><\/p>\n<p class=\"p1\"><b>CONTEMPT (Le M\u00e9pris)<br \/>\n<\/b><b>Drama<br \/>\n<\/b><span class=\"s3\"><b>Special Screening<br \/>\n<\/b><\/span><b>Written &amp; Directed by<\/b>:<b>\u00a0<\/b>Jean-Luc Godard<\/p>\n<p class=\"p1\"><b>CORSAGE<br \/>\n<\/b><span class=\"s1\"><b>Romance, Biopic, Drama<br \/>\n<\/b><\/span><span class=\"s2\"><b>West Coast Premiere<br \/>\nWritten and Directed by<\/b>:<b>\u00a0<\/b>Marie Kreutzer<\/span><\/p>\n<p class=\"p1\"><b>DIARY OF A FLEETING AFFAIR<br \/>\n(Chronique d\u2019une liaison passag\u00e8re)<br \/>\n<\/b><span class=\"s1\"><b>Comedy, Romance<br \/>\n<\/b><\/span><span class=\"s2\"><b>North American Premiere<br \/>\nDirected by<\/b>:<b>\u00a0<\/b>Emmanuel Mouret<\/span><br \/>\n<span class=\"s2\"><b>Written by<\/b>:\u00a0Emmanuel Mouret, Pierre Giraud<\/span><\/p>\n<p class=\"p1\"><b>DIVERTIMENTO<br \/>\n<\/b><span class=\"s3\"><b>Drama, Biopic<br \/>\n<\/b><\/span><b>International Premiere<br \/>\nDirected by<\/b>:<b>\u00a0<\/b>Marie-Castille Mention-Schaar<br \/>\n<b>Written by<\/b>:\u00a0Marie-Castille Mention-Schaar, Clara Bourreau<\/p>\n<p class=\"p1\"><b>EVERYBODY LOVES JEANNE (Tout le monde aime Jeanne)<br \/>\n<\/b><span class=\"s2\"><b>Comedy, Drama<\/b><\/span><span class=\"s1\"><b><br \/>\n<\/b><\/span><span class=\"s2\"><b>North American Premiere<br \/>\nWritten &amp; Directed by<\/b>:<b>\u00a0<\/b>C\u00e9line Devaux<\/span><\/p>\n<p class=\"p1\"><b>FALCON LAKE<br \/>\n<\/b><b>Drama<br \/>\nWest Coast Premiere<br \/>\nDirected by<\/b>:<b>\u00a0<\/b>Charlotte Le Bon<br \/>\n<b>Written by<\/b>:\u00a0Charlotte Le Bon, Fran\u00e7ois Choquet, Karim Boucherka<\/p>\n<p class=\"p1\"><b>FINAL CUT (Coupez!)<br \/>\n<\/b><span class=\"s2\"><b>Comedy<br \/>\nWest Coast Premiere<br \/>\nWritten &amp; Directed by<\/b>:<b>\u00a0<\/b>Michel Hazanavicius<\/span><\/p>\n<p class=\"p1\"><b>FLICKERING GHOSTS OF LOVES GONE BY (Et j\u2019aime \u00e0 la fureur)<br \/>\n<\/b><span class=\"s3\"><b>Documentary<br \/>\n<\/b><\/span><b>North American Premiere<br \/>\nWritten and Directed by:\u00a0<\/b>Andr\u00e9 Bonzel<\/p>\n<p class=\"p1\"><b>FULL TIME (\u00c0 plein temps)<br \/>\n<\/b><span class=\"s3\"><b>Drama<br \/>\n<\/b><\/span><b>Los Angeles Premiere<br \/>\nWritten &amp; Directed by:\u00a0<\/b><span class=\"s4\">\u00c9ric Gravel<\/span><\/p>\n<p class=\"p1\"><b>HAWA<br \/>\n<\/b><span class=\"s1\"><b>Drama, Comedy<br \/>\nU.S. Premiere<br \/>\nWritten &amp; Directed by<\/b>:<b>\u00a0<\/b>Ma\u00efmouna Doucour\u00e9<\/span><\/p>\n<p class=\"p1\"><b>LIE WITH ME<br \/>\n(Arr\u00eate avec tes mensonges)<br \/>\n<\/b><span class=\"s2\"><b>Drama<br \/>\n<\/b><\/span><b>North American Premiere<br \/>\nDirected by<\/b>:<b>\u00a0<\/b>Olivier Peyon<br \/>\n<b>Written by<\/b>: Olivier Peyon, Vincent Poymiro, C\u00e9cilia Rouaud, Arthur Cahn<\/p>\n<p class=\"p5\"><span class=\"s3\"><b>LOVE ACCORDING TO DALVA (Dalva)<\/b><\/span><span class=\"s2\"><br \/>\n<\/span><span class=\"s1\"><b>West Coast Premiere<\/b><\/span><span class=\"s4\"><br \/>\n<\/span><span class=\"s1\"><b>Written &amp; Directed by<\/b><\/span><span class=\"s5\">: Emmanuelle Nicot<\/span><\/p>\n<p class=\"p1\"><b>MARIA INTO LIFE (Maria r\u00eave)<br \/>\n<\/b><b>Romance, Comedy, Drama<\/b><span class=\"s2\"><b><br \/>\n<\/b><\/span><b>North American Premiere<br \/>\nWritten and Directed by<\/b>:<b>\u00a0<\/b>Lauriane Escaffre,\u00a0Yvonnick Muller<\/p>\n<p class=\"p1\"><b>METRONOM<br \/>\n<\/b><span class=\"s6\"><b>Drama<br \/>\n<\/b><\/span><span class=\"s1\"><b>West Coast Premiere<\/b><\/span><span class=\"s4\"><br \/>\n<\/span><span class=\"s1\"><b>Written &amp; Directed by<\/b><\/span><span class=\"s5\">: Alexandru Belc<\/span><\/p>\n<p class=\"p1\"><b>MONSIEUR HIRE<br \/>\n<\/b><b>Thriller, Drama<br \/>\n<\/b><b>International Premiere Digitally Restored Version<br \/>\nDirected by<\/b>:<b>\u00a0<\/b>Patrice Leconte<br \/>\n<b>Written by<\/b>:\u00a0Patrice Leconte, Patrick Dewolf<\/p>\n<p class=\"p1\"><b>MOTHER AND SON (Un petit fr\u00e8re)<br \/>\n<\/b><span class=\"s3\"><b>Drama<\/b><\/span><span class=\"s2\"><br \/>\n<\/span><span class=\"s1\"><b>Los Angeles Premiere<\/b><\/span><span class=\"s4\"><br \/>\n<\/span><span class=\"s1\"><b>Written &amp; Directed by<\/b><\/span><span class=\"s5\">: L\u00e9onor Serraille<\/span><\/p>\n<p class=\"p1\"><b>MY NIGHT AT MAUD\u2019S (Ma nuit chez Maud)<br \/>\n<\/b><span class=\"s4\"><b>Drama, Comedy<br \/>\n<\/b><\/span><b>Special Screening<br \/>\nWritten and Directed by<\/b>:<b>\u00a0<\/b>\u00c9ric Rohmer<\/p>\n[\/vc_column_text][\/vc_column_inner][vc_column_inner width=&#8221;1\/2&#8243;][mk_padding_divider size=&#8221;20&#8243;][vc_column_text css=&#8221;.vc_custom_1675123625340{margin-bottom: 0px !important;}&#8221;]\n<p class=\"p1\"><b>NOBODY\u2019S HERO<br \/>\n(Viens, je t\u2019emm\u00e8ne)<br \/>\n<\/b><b>Drama, Dark Comedy<br \/>\n<\/b><span class=\"s4\"><b>U.S. Premiere<br \/>\n<\/b><\/span><span class=\"s1\"><b>Directed by<\/b>:<b>\u00a0<\/b>Alain Guiraudie<br \/>\n<b>Written by<\/b>:\u00a0Alain Guiraudie, Laurent Lunetta<\/span><\/p>\n<p class=\"p1\"><b>NOTRE-DAME ON FIRE (Notre-Dame br\u00fble)<br \/>\n<\/b><span class=\"s2\"><b>Drama<br \/>\n<\/b><\/span><b>North American Premiere<br \/>\nDirected by<\/b>:<b>\u00a0<\/b>Jean-Jacques Annaud<br \/>\n<b>Written by<\/b>:\u00a0Jean-Jacques Annaud, Thomas Bidegain<\/p>\n<p class=\"p1\"><b>PETER VON KANT<br \/>\n<\/b><span class=\"s2\"><b>Drama<br \/>\n<\/b><\/span><b>Special Screening<br \/>\nWritten &amp; Directed by<\/b>:<b>\u00a0<\/b>Fran\u00e7ois Ozon<\/p>\n<p class=\"p1\"><b>RISE (En corps)<br \/>\n<\/b><span class=\"s1\"><b>Drama, Comedy<\/b><\/span><span class=\"s3\"><b><br \/>\n<\/b><\/span><span class=\"s1\"><b>West Coast Premiere<br \/>\nDirected by<\/b>:<b>\u00a0<\/b>C\u00e9dric Klapisch<br \/>\n<b>Written by<\/b>:\u00a0C\u00e9dric Klapisch, Santiago Amigorena<\/span><\/p>\n<p class=\"p1\"><b>RODEO<br \/>\n<\/b><span class=\"s2\"><b>Drama<br \/>\n<\/b><\/span><b>Los Angeles Premiere<br \/>\nDirected by<\/b>:<b>\u00a0<\/b>Lola Quivoron<br \/>\n<b>Written by<\/b>:\u00a0Lola Quivoron, Antonia Buresi<\/p>\n<p class=\"p1\"><b>ROOKIES (Allons enfants !)<br \/>\n<\/b><span class=\"s2\"><b>Documentary<br \/>\n<\/b><\/span><b>North American Premiere<br \/>\nWritten &amp; Directed by<\/b>:<b>\u00a0<\/b>Thierry Demaizi\u00e8re, Alban Teurlai<\/p>\n<p class=\"p1\"><b>RUMBA THERAPY (Rumba la vie)<br \/>\n<\/b><span class=\"s3\"><b>Comedy<br \/>\n<\/b><\/span><span class=\"s1\"><b>U.S. Premiere<br \/>\nWritten &amp; Directed by<\/b>:<b>\u00a0<\/b>Franck Dubosc<\/span><\/p>\n<p class=\"p1\"><b>SONS OF RAMSES (Goutte d\u2019Or)<br \/>\n<\/b><b>Thriller, Drama<\/b><span class=\"s2\"><b><br \/>\n<\/b><\/span><b>North American Premiere<br \/>\nDirected by<\/b>:<b>\u00a0<\/b>Cl\u00e9ment Cogitore<br \/>\n<b>Written by<\/b>:\u00a0Cl\u00e9ment Cogitore, Thomas Bidegain, Fanny Burdino, Camille Lugan, Nadja Dumouchel<\/p>\n<p class=\"p1\"><b>SOULA<br \/>\n<\/b><span class=\"s3\"><b>Drama<\/b><\/span><span class=\"s2\"><br \/>\n<\/span><span class=\"s1\"><b>North American Premiere<\/b><\/span><span class=\"s4\"><br \/>\n<\/span><span class=\"s1\"><b>Directed by<\/b><\/span><span class=\"s5\">: Salah Issaad<\/span><span class=\"s4\"><br \/>\n<\/span><span class=\"s1\"><b>Written by<\/b><\/span><span class=\"s5\">: Salah Issaad, Soula Bahri<\/span><\/p>\n<p class=\"p1\"><b>SOUTH SENTINEL (Sentinelle sud)<br \/>\n<\/b><span class=\"s1\"><b>Thriller, Drama, Film Noir<\/b><\/span><span class=\"s3\"><b><br \/>\n<\/b><\/span><span class=\"s1\"><b>North American Premiere<br \/>\nDirected by<\/b>:<b>\u00a0<\/b>Mathieu G\u00e9rault<br \/>\n<b>Written by<\/b>:\u00a0Mathieu G\u00e9rault, No\u00e9 Debr\u00e9, Nicolas Silhol<\/span><\/p>\n<p class=\"p1\"><b>THE CHORUS (Les Choristes) <\/b><span class=\"s4\"><b><br \/>\nDrama, Musical<\/b><\/span><\/p>\n<p class=\"p2\"><span class=\"s1\"><b>Special Screening<br \/>\nDirected by<\/b>:<b>\u00a0<\/b>Christophe Barratier<br \/>\n<b>Written by<\/b>:\u00a0Christophe Barratier, Philippe Lopes-Curval<\/span><\/p>\n<p class=\"p1\"><b>THE EARTH IS ALL THAT LASTS (Seule la terre est \u00e9ternelle)<br \/>\n<\/b><span class=\"s3\"><b>Documentary<br \/>\n<\/b><\/span><span class=\"s1\"><b>North American Premiere<br \/>\nDirected by<\/b>:<b>\u00a0<\/b>Fran\u00e7ois Busnel, Adrien Soland<\/span><br \/>\n<span class=\"s1\"><b>Written by<\/b>: Fran\u00e7ois Busnel<\/span><\/p>\n<p class=\"p1\"><b>THE MOTHER AND THE WHORE (La Maman et la putain)<span class=\"Apple-converted-space\"><br \/>\n<\/span><\/b><b>Drama<br \/>\n<\/b><b>West Coast Premiere<span class=\"Apple-converted-space\"><br \/>\n<\/span><\/b><b>Written and Directed by<\/b>:<b>\u00a0<\/b>Jean Eustache<\/p>\n<p class=\"p1\"><b>THE NIGHT OF THE 12<\/b><span class=\"s7\"><b><sup>th<\/sup><\/b><\/span><b>\u00a0(La Nuit du 12)<br \/>\n<\/b><span class=\"s1\"><b>Drama, Thriller<br \/>\nNorth American Premiere<br \/>\nDirected by<\/b>:<b>\u00a0<\/b>Dominik Moll<br \/>\n<b>Written by<\/b>:\u00a0Dominik Moll, Gilles Marchand, Pauline Gu\u00e9na<\/span><\/p>\n<p class=\"p1\"><b>THE SUPER 8 YEARS\u00a0\u00a0(Les Ann\u00e9es Super 8)<br \/>\n<\/b><span class=\"s2\"><b>Documentary<br \/>\n<\/b><\/span><b>West Coast Premiere<br \/>\n<\/b><b>Directed by<\/b>:<b>\u00a0<\/b>Annie Ernaux, David Ernaux-Briot<br \/>\n<b>Written by<\/b>:\u00a0Annie Ernaux<\/p>\n<p class=\"p1\"><b>THE INNOCENT (L\u2019Innocent)<br \/>\n<\/b><span class=\"s1\"><b>Comedy, Drama<br \/>\nNorth American Premiere<br \/>\nDirected by<\/b>:<b>\u00a0<\/b>Louis Garrel<br \/>\n<b>Written by<\/b>: Louis Garrel, Tanguy Viel, Na\u00efla Guiget<\/span><\/p>\n<p class=\"p1\"><b>THE WORST ONES (Les Pires)<br \/>\n<\/b><span class=\"s1\"><b>Drama<br \/>\nU.S. Premiere<br \/>\nDirected by<\/b>:<b>\u00a0<\/b>Lise Akoka, Romane Gueret<br \/>\n<b>Written by<\/b>:\u00a0Lise Akoka, Romane Gueret,\u00a0<span class=\"s8\">\u00c9l\u00e9onore Gurrey<\/span><\/span><\/p>\n<p class=\"p1\"><b>TWO OF A KIND (Jumeaux mais pas trop)<br \/>\n<\/b><span class=\"s1\"><b>Comedy<\/b><\/span><span class=\"s3\"><b><br \/>\n<\/b><\/span><span class=\"s1\"><b>North American Premiere<br \/>\nDirected by<\/b>:<b>\u00a0<\/b>Olivier Ducray, Wilfried M\u00e9ance<br \/>\n<b>Written by<\/b>: Jean-Paul Bathany,\u00a0Olivier Ducray, Wilfried M\u00e9ance<\/span><\/p>\n<p class=\"p1\"><b>TRENCHES (Tranch\u00e9es)<br \/>\n<\/b><b>Documentary<br \/>\n<\/b><b>Los Angeles Premiere<br \/>\nWritten &amp; Directed by<\/b>:<b>\u00a0<\/b>Loup Bureau<\/p>\n[\/vc_column_text][\/vc_column_inner][\/vc_row_inner][vc_separator color=&#8221;custom&#8221; accent_color=&#8221;#004eef&#8221;][\/vc_column][\/vc_row][vc_row][vc_column width=&#8221;1\/2&#8243;][vc_column_text css=&#8221;.vc_custom_1675123707274{margin-bottom: 0px !important;}&#8221;]<strong>TELEVISION<\/strong><\/p>\n<p class=\"p1\"><b>ALICE GUY, THE FIRST FEMALE FILMMAKER<br \/>\n(Alice Guy, l\u2019inconnue du 7\u00e8me Art)<br \/>\n<\/b><b>Documentary<br \/>\n<\/b><b>North American Premiere<br \/>\nWritten and Directed by<\/b>:<b>\u00a0<\/b>Nathalie Masduraud, Val\u00e9rie Urrea<\/p>\n<p class=\"p1\"><b>CIRCLES OF POWER (Jeux d\u2019influence: Combattantes)<br \/>\n<\/b><b>Series<br \/>\n<\/b><span class=\"s1\"><b>Drama<br \/>\n<\/b><\/span><span class=\"s2\"><b>International Premiere<br \/>\nDirected by<\/b>:<b>\u00a0<\/b>Jean-Xavier de Lestrade<br \/>\n<b>Written by<\/b>: Jean-Xavier de Lestrade<b>,\u00a0<\/b>Antoine Lacomblez, S\u00e9verine Werba<\/span><\/p>\n<p class=\"p1\"><b>EN GARDE (Touch\u00e9es)<br \/>\n<\/b><b>TV Movie<br \/>\n<\/b><span class=\"s1\"><b>Drama<br \/>\n<\/b><\/span><span class=\"s2\"><b>North American Premiere<br \/>\nDirected by<\/b>:<b>\u00a0<\/b>Alexandra Lamy<\/span><br \/>\n<span class=\"s2\"><b>Written by<\/b>:<b>\u00a0<\/b>Solen Roy-Pagenault, Quentin Zuttion, Alexandra Lamy<\/span><\/p>\n<p class=\"p1\"><b>INFINITI<span class=\"Apple-converted-space\"><br \/>\n<\/span><\/b><b>Series<br \/>\n<\/b><span class=\"s1\"><b>Fantasy, Thriller<br \/>\n<\/b><\/span><span class=\"s3\"><b>North American Premiere<br \/>\n<\/b><\/span><span class=\"s2\"><b>Directed by<\/b>:<b>\u00a0<\/b>Thierry Poiraud<\/span><br \/>\n<span class=\"s2\"><b>Written by<\/b>:\u00a0St\u00e9phane Pannetier, Julien Vanlerenberghe, Thierry Poiraud<\/span><\/p>\n<p class=\"p1\"><b>IRMA VEP<span class=\"Apple-converted-space\"><br \/>\n<\/span><\/b><b>Series<br \/>\n<\/b><span class=\"s1\"><b>Comedy, Drama<br \/>\n<\/b><\/span><span class=\"s2\"><b>Theatrical World Premiere<br \/>\nDirected by<\/b>:<b>\u00a0<\/b>Olivier Assayas<\/span><br \/>\n<span class=\"s2\"><b>Written by<\/b>: Olivier Assayas<b>,\u00a0<\/b>based on his own film IRMA VEP (1996)<\/span><\/p>\n<p class=\"p1\"><b>MISKINA (Miskina, la pauvre)<span class=\"Apple-converted-space\"><br \/>\n<\/span><\/b><b>Series<br \/>\n<\/b><b>Comedy<br \/>\n<\/b><span class=\"s2\"><b>Directed by<\/b>:<b>\u00a0<\/b>Melha Bedia, Anthony Marciano<\/span><br \/>\n<span class=\"s2\"><b>Written by<\/b>:\u00a0Melha Bedia, Yoann Gromb, Xavier Lacaille, Mehdi Fikri, Paul Rotman<\/span><\/p>\n<p class=\"p1\"><b>MOM, DON\u2019T LET ME FALL ASLEEP<br \/>\n(Maman, ne me laisse pas m\u2019endormir)<br \/>\n<\/b><b>TV Movie<br \/>\n<\/b><span class=\"s4\"><b>Drama<br \/>\n<\/b><\/span><b>International Premiere<br \/>\n<\/b><span class=\"s2\"><b>Directed by<\/b>:<b>\u00a0<\/b>Sylvie Testud<b><br \/>\nWritten by<\/b>:<b>\u00a0<\/b>Juliette Boudre, Nathalie Hugon, Lorraine L\u00e9vy<\/span><\/p>\n<p class=\"p1\"><b>NADIA<br \/>\n<\/b><b>Documentary<br \/>\n<\/b><b>North American Premiere<br \/>\n<\/b><span class=\"s2\"><b>Directed by<\/b>:<b>\u00a0<\/b>Anissa Bonnefont<br \/>\n<b>Written by<\/b>:\u00a0Anissa Bonnefont,\u00a0Edith Chapin<\/span><\/p>\n[\/vc_column_text][\/vc_column][vc_column width=&#8221;1\/2&#8243;][mk_padding_divider size=&#8221;20&#8243;][vc_column_text css=&#8221;.vc_custom_1675123784265{margin-bottom: 0px !important;}&#8221;]\n<p class=\"p1\"><b>OFF SEASON (Hors saison)<span class=\"Apple-converted-space\"><br \/>\n<\/span><\/b><b>Series<br \/>\n<\/b><span class=\"s1\"><b>Thriller<br \/>\n<\/b><\/span><b>North American Premiere<br \/>\n<\/b><span class=\"s2\"><b>Directed by<\/b>:<b>\u00a0<\/b>Pierre Monnard<\/span><br \/>\n<span class=\"s2\"><b>Written by<\/b>:\u00a0Claire Kanny, Sarah Farkas, Marine Flores-Ruimi<\/span><\/p>\n<p class=\"p1\"><b>PLAYDATE (L\u2019Invitation)<br \/>\n<\/b><b>TV Movie<br \/>\n<\/b><b>Thriller<br \/>\n<\/b><b>North American Premiere<br \/>\n<\/b><span class=\"s3\"><b>Directed by<\/b><\/span><span class=\"s2\">: Fred Grivois<\/span><br \/>\n<span class=\"s3\"><b>Written by<\/b><\/span><span class=\"s2\">: Fred Grivois, Nicolas Brigaud-Robert<\/span><\/p>\n<p class=\"p7\"><span class=\"s2\"><b>REIGN SUPREME (Le Monde de demain)<\/b><\/span><br \/>\n<span class=\"s3\"><b>Series<br \/>\n<\/b><\/span><b>Drama<span class=\"Apple-converted-space\"><br \/>\n<\/span><\/b><span class=\"s3\"><b>Directed by<\/b><\/span><span class=\"s2\">: Katell Quill\u00e9v\u00e9r\u00e9, H\u00e9lier Cisterne<\/span><br \/>\n<span class=\"s3\"><b>Written by:<\/b><\/span><span class=\"s2\">\u00a0Rapha\u00ebl Chev\u00e8nement, Nour Ben Salem, H\u00e9lier Cistern, David Elkaim,<\/span><br \/>\n<span class=\"s2\">Vincent Poymiro, Katell Quill\u00e9v\u00e9r\u00e9, Laurent Rigoulet<\/span><\/p>\n<p class=\"p1\"><b>SOLDIERS (Sentinelles)<br \/>\n<\/b><b>Series<br \/>\n<\/b><span class=\"s4\"><b>Drama, War<\/b><\/span><span class=\"s5\"><br \/>\n<\/span><span class=\"s2\"><b>North American Premiere<br \/>\n<\/b><\/span><span class=\"s2\"><b>Directed by<\/b>:<b>\u00a0<\/b>Jean-Philippe Amar<\/span><br \/>\n<span class=\"s2\"><b>Created and written by<\/b>: Thibaut Valetoux, Fr\u00e9d\u00e9ric Krivine<\/span><\/p>\n<p class=\"p1\"><b>SWEET BLACK FILM, THE BIRTH OF A BLACK HERO<br \/>\n(Naissance d\u2019un h\u00e9ros noir au cin\u00e9ma: Sweet Sweetback)<br \/>\n<\/b><b>Documentary<br \/>\n<\/b><b>North American Premiere<br \/>\n<\/b><span class=\"s2\"><b>Written and Directed by<\/b>:<b>\u00a0<\/b>Catherine Bernstein, Martine Delumeau<\/span><br \/>\n<span class=\"s2\"><b>Written by<\/b>: Catherine Bernstein, Martine Delumeau<\/span><\/p>\n<p class=\"p1\"><b>THE AEROBICS PROJECT (Toutoutyoutou)<span class=\"Apple-converted-space\"><br \/>\n<\/span><\/b><b>Series<br \/>\n<\/b><span class=\"s4\"><b>Comedy<br \/>\n<\/b><\/span><span class=\"s2\"><b>International Premiere<br \/>\nDirected by:\u00a0<\/b>Julien Patry<\/span><br \/>\n<span class=\"s2\"><b>Written by<\/b>: Maxime Donzel, G\u00e9raldine de Margerie, Benjamin Adam, Julien Patry<\/span><\/p>\n<p class=\"p1\"><b>UNCOUPLING (L\u2019Amour flou)<span class=\"Apple-converted-space\"><br \/>\n<\/span><\/b><b>Series<br \/>\n<\/b><b>Comedy<br \/>\n<\/b><span class=\"s2\"><b>North American Premiere<br \/>\nDirected by<\/b>:<b>\u00a0<\/b>Romane Bohringer<\/span><br \/>\n<span class=\"s2\"><b>Written by<\/b>: Romane Bohringer,\u00a0Philippe Rebbot,\u00a0G\u00e1bor\u00a0Rassov, Lou Bohringer<\/span><\/p>\n<p class=\"p1\"><b>WHAT\u2019S WRONG WITH MY FAMILY\u00a0? (Qu\u2019est-ce qu\u2019elle a ma famille\u00a0?)<\/b><\/p>\n<p class=\"p3\"><span class=\"s4\"><b>TV Movie<\/b><br \/>\n<\/span><span class=\"s2\"><b>North American Premiere<br \/>\nDirected by:\u00a0<\/b>H\u00e9l\u00e8ne Angel<b><br \/>\nWritten by:\u00a0<\/b>Marie Deshaires, Catherine Touzet, H\u00e9l\u00e8ne Angel<\/span><\/p>\n[\/vc_column_text][\/vc_column][\/vc_row][vc_row][vc_column][vc_separator color=&#8221;custom&#8221; accent_color=&#8221;#004eef&#8221;][\/vc_column][\/vc_row]\n<\/div>","protected":false},"excerpt":{"rendered":"<p>[vc_row][vc_column][mk_padding_divider size=&#8221;20&#8243;][vc_column_text css=&#8221;.vc_custom_1738201584955{margin-bottom: 0px !important;}&#8221;] 2022 DELEGATION &amp; FILMS Check out the 2022 Edition website for a detailed presentation of the program[\/vc_column_text][vc_separator color=&#8221;custom&#8221; accent_color=&#8221;#004eef&#8221;][mk_padding_divider size=&#8221;20&#8243;][\/vc_column][\/vc_row][vc_row][vc_column][vc_column_text css=&#8221;.vc_custom_1675122598942{margin-bottom: 0px !important;}&#8221;] DELEGATION [\/vc_column_text][mk_padding_divider][\/vc_column][\/vc_row][vc_row][vc_column width=&#8221;1\/2&#8243;][vc_column_text css=&#8221;.vc_custom_1675123301035{margin-bottom: 0px !important;}&#8221;]Lise Akoka \u2013 Writer, Director Marine Alaric\u00a0 \u2013 Producer Jean-Jacques Annaud \u2013 Writer, Director, Academy Award Winner Avi Amar \u2013 Producer Zoel [&hellip;]<\/p>\n","protected":false},"author":4,"featured_media":0,"parent":9,"menu_order":0,"comment_status":"closed","ping_status":"closed","template":"","meta":{"footnotes":""},"class_list":["post-13604","page","type-page","status-publish","hentry"],"_links":{"self":[{"href":"https:\/\/theamericanfrenchfilmfestival.org\/wp-json\/wp\/v2\/pages\/13604","targetHints":{"allow":["GET"]}}],"collection":[{"href":"https:\/\/theamericanfrenchfilmfestival.org\/wp-json\/wp\/v2\/pages"}],"about":[{"href":"https:\/\/theamericanfrenchfilmfestival.org\/wp-json\/wp\/v2\/types\/page"}],"author":[{"embeddable":true,"href":"https:\/\/theamericanfrenchfilmfestival.org\/wp-json\/wp\/v2\/users\/4"}],"replies":[{"embeddable":true,"href":"https:\/\/theamericanfrenchfilmfestival.org\/wp-json\/wp\/v2\/comments?post=13604"}],"version-history":[{"count":25,"href":"https:\/\/theamericanfrenchfilmfestival.org\/wp-json\/wp\/v2\/pages\/13604\/revisions"}],"predecessor-version":[{"id":21181,"href":"https:\/\/theamericanfrenchfilmfestival.org\/wp-json\/wp\/v2\/pages\/13604\/revisions\/21181"}],"up":[{"embeddable":true,"href":"https:\/\/theamericanfrenchfilmfestival.org\/wp-json\/wp\/v2\/pages\/9"}],"wp:attachment":[{"href":"https:\/\/theamericanfrenchfilmfestival.org\/wp-json\/wp\/v2\/media?parent=13604"}],"curies":[{"name":"wp","href":"https:\/\/api.w.org\/{rel}","templated":true}]}}