{"id":1251,"date":"2018-02-09T00:38:40","date_gmt":"2018-02-09T00:38:40","guid":{"rendered":"http:\/\/dev.theamericanfrenchfilmfestival.org\/?page_id=1251"},"modified":"2026-02-21T03:32:55","modified_gmt":"2026-02-21T03:32:55","slug":"midnight-sun","status":"publish","type":"page","link":"https:\/\/theamericanfrenchfilmfestival.org\/2022-winners\/awards-2\/midnight-sun\/","title":{"rendered":"MIDNIGHT SUN"},"content":{"rendered":"<div class=\"wpb-content-wrapper\">[vc_row][vc_column][mk_padding_divider size=&#8221;20&#8243;][vc_column_text css=&#8221;.vc_custom_1518136640777{margin-bottom: 0px !important;}&#8221;]\n<h2><strong>MIDNIGHT SUN\u00a0<\/strong>\/ Jour polaire<\/h2>\n<h2><strong>\u00a0<\/strong><\/h2>\n[\/vc_column_text][\/vc_column][\/vc_row][vc_row][vc_column width=&#8221;1\/2&#8243;][vc_column_text css=&#8221;.vc_custom_1518136682024{margin-bottom: 0px !important;}&#8221;]<strong>North American Premiere<\/strong><strong>\u00a0\u2022 TV Series \u2022 Thriller \u2022 France, Sweden 2017<\/strong><\/p>\n<p>Blu-ray \u2022 Color \u2022 Season 1 \u2022 8 x 52 min \u2022 Episodes 1&amp;2<\/p>\n<p><strong>Created by:\u00a0<\/strong>Bj\u00f6rn Stein, M\u00e5ns M\u00e5rlind<br \/>\n<strong>Directed by<\/strong>: Bj\u00f6rn Stein, M\u00e5ns M\u00e5rlind<br \/>\n<strong>Written by<\/strong>: M\u00e5ns M\u00e5rlind<br \/>\n<strong>Produced by<\/strong>: Olivier Bibas (Atlantique Productions), Patrick Nebout (Nice Drama), Canal+<br \/>\n<strong>Cast<\/strong>: Le\u00efla Bekhti (Kahina Zadi), Gustaf Hammarsten (Anders Harnesk), Peter Stormar, Denis Lavant (Pierre Carno), Anna Azcarate, Anna Bj\u00f6rk.<br \/>\n<strong>International sales<\/strong>: StudioCanal<br \/>\n<strong>Original French Broadcasting:<\/strong>\u00a0Canal+, November 2016<\/p>\n<p>From M\u00e5ns M\u00e5rlind and Bj\u00f6rn Stein, the creative duo behind\u00a0<em>The Bridge<\/em>(and its adaptation,\u00a0<em>The Tunnel<\/em>) and co-directors of\u00a0<em>Underworld: The Awakening<\/em>\u00a0comes this new Nordic Noir, the first ever television co-production between Sweden and France. Set in the struggling mining hamlet of Kiruna, Sweden\u2019s northernmost town, the 8-part series begins with an elaborate and brutal killing of a French citizen. To investigate the mysterious crime French detective Kahina Zadi (Le\u00efla Bekhti,\u00a0<em>A Prophet<\/em>) teams up with local Swedish prosecutor, Anders Harnesk (Gustaf Hammarsten,\u00a0<em>The Girl with the Dragon Tattoo<\/em>). As the body count rises, Zadi and Harnesk realize that the killings mirror a ritual of the indigenous Sami (Laplander) people. In the eternal twilight of the Arctic Circle, the two investigators are drawn into Sami culture and beliefs, one of which warns that a storm is coming that will destroy everything.<\/p>\n<p>&nbsp;<\/p>\n[\/vc_column_text][\/vc_column][vc_column width=&#8221;1\/2&#8243;][mk_image heading_title=&#8221;In Association with&#8221; src=&#8221;http:\/\/theamericanfrenchfilmfestival.org\/wp-content\/uploads\/2018\/01\/tv-france-e1517432468811.jpg&#8221; image_size=&#8221;full&#8221; margin_bottom=&#8221;20&#8243;][mk_image src=&#8221;http:\/\/theamericanfrenchfilmfestival.org\/wp-content\/uploads\/2018\/01\/titrafilm-130.jpg&#8221; image_size=&#8221;full&#8221; margin_bottom=&#8221;20&#8243;][mk_image src=&#8221;http:\/\/theamericanfrenchfilmfestival.org\/wp-content\/uploads\/2018\/02\/studiocanal.jpg&#8221; image_size=&#8221;full&#8221; margin_bottom=&#8221;20&#8243;][\/vc_column][\/vc_row]\n<\/div>","protected":false},"excerpt":{"rendered":"<p>[vc_row][vc_column][mk_padding_divider size=&#8221;20&#8243;][vc_column_text css=&#8221;.vc_custom_1518136640777{margin-bottom: 0px !important;}&#8221;] MIDNIGHT SUN\u00a0\/ Jour polaire \u00a0 [\/vc_column_text][\/vc_column][\/vc_row][vc_row][vc_column width=&#8221;1\/2&#8243;][vc_column_text css=&#8221;.vc_custom_1518136682024{margin-bottom: 0px !important;}&#8221;]North American Premiere\u00a0\u2022 TV Series \u2022 Thriller \u2022 France, Sweden 2017 Blu-ray \u2022 Color \u2022 Season 1 \u2022 8 x 52 min \u2022 Episodes 1&amp;2 Created by:\u00a0Bj\u00f6rn Stein, M\u00e5ns M\u00e5rlind Directed by: Bj\u00f6rn Stein, M\u00e5ns M\u00e5rlind Written by: M\u00e5ns M\u00e5rlind Produced [&hellip;]<\/p>\n","protected":false},"author":4,"featured_media":0,"parent":628,"menu_order":0,"comment_status":"closed","ping_status":"closed","template":"","meta":{"footnotes":""},"class_list":["post-1251","page","type-page","status-publish","hentry"],"_links":{"self":[{"href":"https:\/\/theamericanfrenchfilmfestival.org\/wp-json\/wp\/v2\/pages\/1251","targetHints":{"allow":["GET"]}}],"collection":[{"href":"https:\/\/theamericanfrenchfilmfestival.org\/wp-json\/wp\/v2\/pages"}],"about":[{"href":"https:\/\/theamericanfrenchfilmfestival.org\/wp-json\/wp\/v2\/types\/page"}],"author":[{"embeddable":true,"href":"https:\/\/theamericanfrenchfilmfestival.org\/wp-json\/wp\/v2\/users\/4"}],"replies":[{"embeddable":true,"href":"https:\/\/theamericanfrenchfilmfestival.org\/wp-json\/wp\/v2\/comments?post=1251"}],"version-history":[{"count":4,"href":"https:\/\/theamericanfrenchfilmfestival.org\/wp-json\/wp\/v2\/pages\/1251\/revisions"}],"predecessor-version":[{"id":26396,"href":"https:\/\/theamericanfrenchfilmfestival.org\/wp-json\/wp\/v2\/pages\/1251\/revisions\/26396"}],"up":[{"embeddable":true,"href":"https:\/\/theamericanfrenchfilmfestival.org\/wp-json\/wp\/v2\/pages\/628"}],"wp:attachment":[{"href":"https:\/\/theamericanfrenchfilmfestival.org\/wp-json\/wp\/v2\/media?parent=1251"}],"curies":[{"name":"wp","href":"https:\/\/api.w.org\/{rel}","templated":true}]}}