{"id":12481,"date":"2022-09-17T16:12:58","date_gmt":"2022-09-17T16:12:58","guid":{"rendered":"https:\/\/theamericanfrenchfilmfestival.org\/?page_id=12481"},"modified":"2022-10-13T01:56:01","modified_gmt":"2022-10-13T01:56:01","slug":"reign-supreme","status":"publish","type":"page","link":"https:\/\/theamericanfrenchfilmfestival.org\/reign-supreme\/","title":{"rendered":"REIGN SUPREME (LE MONDE DE DEMAIN)"},"content":{"rendered":"<div class=\"wpb-content-wrapper\">[vc_row][vc_column][mk_padding_divider][vc_column_text css=&#8221;.vc_custom_1663688487676{margin-bottom: 0px !important;}&#8221;]\n<h1 style=\"text-align: center;\">REIGN SUPREME<br \/>\n(LE MONDE DE DEMAIN)<\/h1>\n<h4 style=\"text-align: center;\">Season 1<\/h4>\n[\/vc_column_text][mk_padding_divider size=&#8221;20&#8243;][vc_separator color=&#8221;custom&#8221; accent_color=&#8221;#ea1300&#8243;][\/vc_column][\/vc_row][vc_row][vc_column width=&#8221;1\/2&#8243;][vc_column_text css=&#8221;.vc_custom_1663628453053{margin-bottom: 0px !important;}&#8221;]\n<p style=\"text-align: center;\"><b>Friday, October 14 <\/b>&#8211; Truffaut Theatre \u2013 1:00 pm<br \/>\n<em>(Screening ends at 2:50 pm)<\/em><\/p>\n<p style=\"text-align: center;\"><strong>TV SERIES \/ DRAMA, BIOPIC<\/strong><\/p>\n[\/vc_column_text][\/vc_column][vc_column width=&#8221;1\/2&#8243;][vc_column_text css=&#8221;.vc_custom_1663820190035{margin-bottom: 0px !important;}&#8221;]\n<p style=\"text-align: center;\"><span style=\"color: #ea1300;\">Presented in Association with:<br \/>\n<\/span>Netflix<br \/>\nWomen in Film<\/p>\n[\/vc_column_text][mk_image src=&#8221;https:\/\/theamericanfrenchfilmfestival.org\/wp-content\/uploads\/2018\/03\/free-sn-rsvp-1.jpg&#8221; image_size=&#8221;full&#8221; align=&#8221;center&#8221;][\/vc_column][\/vc_row][vc_row][vc_column][mk_padding_divider size=&#8221;20&#8243;][vc_separator color=&#8221;custom&#8221; accent_color=&#8221;#ea1300&#8243;][\/vc_column][\/vc_row][vc_row][vc_column width=&#8221;1\/2&#8243;][vc_column_text css=&#8221;.vc_custom_1663949738304{margin-bottom: 0px !important;}&#8221;]<span style=\"color: #ea1300;\"><b>North American Premiere<\/b><\/span><span style=\"font-weight: 400;\">\u00a0| TV Series | France |\u00a02022\u00a0| Drama, Biopic\u00a0|\u00a06 x 52\u00a0min | Episodes 1 &amp; 2 | In French with English subtitles\u00a0<\/span><\/p>\n<p><b>Directed by<\/b><span style=\"font-weight: 400;\">:<\/span> <span style=\"font-weight: 400;\">Katell Quill\u00e9v\u00e9r\u00e9<\/span><span style=\"font-weight: 400;\">,<\/span> <span style=\"font-weight: 400;\">H\u00e9lier Cisterne<\/span><b><br \/>\n<\/b><b>Written by<\/b><span style=\"font-weight: 400;\">: <\/span><span style=\"font-weight: 400;\">Rapha\u00ebl Chev\u00e8nement, Nour Ben Salem, H\u00e9lier Cistern, David Elkaim, Vincent Poymiro, Katell Quill\u00e9v\u00e9r\u00e9, Laurent Rigoulet<br \/>\n<\/span><b>Produced by<\/b><span style=\"font-weight: 400;\">: Justin Taurand (Les Films du B<\/span><span style=\"font-weight: 400;\">\u00e9l<\/span><span style=\"font-weight: 400;\">ier), Arte, Netflix France<br \/>\n<\/span><b>Cinematography<\/b><span style=\"font-weight: 400;\">: <\/span><span style=\"font-weight: 400;\">Tom Harari<br \/>\n<\/span><b>Film Editing<\/b><span style=\"font-weight: 400;\">: <\/span><span style=\"font-weight: 400;\">Lila Desiles, Jean-Baptiste Morin<br \/>\n<\/span><b>Original Score<\/b><span style=\"font-weight: 400;\">: Amine Bouafa<br \/>\n<\/span><b>Cast<\/b><span style=\"font-weight: 400;\">: <\/span><span style=\"font-weight: 400;\">Anthony Bajon (Kool shen), Melvin Boomer (JoeyStarr), <\/span><span style=\"font-weight: 400;\">Adranic Manet, Victor Bonnel<\/span><span style=\"font-weight: 400;\">, La\u00efka Blanc-Francard, L\u00e9o Chalier, Joshua Racchia, Yannick Choirat, Julien Desjardins<br \/>\n<\/span><b>U.S. distributor<\/b><span style=\"font-weight: 400;\">: Netflix<br \/>\n<\/span><b>Original Broadcast<\/b><span style=\"font-weight: 400;\">: Arte, Fall 2022<\/span><\/p>\n<p style=\"text-align: justify;\">The year is 1983. Daniel is in California.\u00a0 He has a revelation and returns to Paris with a message&#8230; and several tabs of LSD. &#8220;I\u2019m giving up bass. It\u2019s all about decks now. I&#8217;ve seen the future.&#8221; Inspired by the burgeoning American DJ culture, Daniel metamorphoses into Dee Nasty and puts out the album <i>Paname City Rappin\u2019<\/i>.\u00a0 Meanwhile, over in Saint Denis, Bruno and Didier throw themselves into the new hip-hop scene. A year later, graffiti artist Vivi makes a splash. All the pieces are now in place for a decade of profound cultural change to unfold, culminating in the birth of the legendary rap group NTM before the season&#8217;s 1991 conclusion. Engaging characters, political undercurrents and a kick-ass soundtrack made this exploration of the Paris underground music scene a huge hit at this year&#8217;s Series Mania Festival, where <b><i>Reign Supreme<\/i><\/b> walked away victorious, with the International Grand Prize in tow.<\/p>\n<p style=\"text-align: justify;\"><b>Katell <\/b><b>Quill\u00e9v\u00e9r\u00e9<\/b><span style=\"font-weight: 400;\">\u00a0met her ongoing creative partner, H\u00e9lier Cistern, while studying philosophy at the Universit\u00e9 Paris-VIII. Her first short film, <\/span><i><span style=\"font-weight: 400;\">\u00c0 bras le corps<\/span><\/i><span style=\"font-weight: 400;\"> (2005), was screened in the Cannes Director&#8217;s Fortnight, where it won the Gras Savoye Award. She cowrote her third short, <\/span><i><span style=\"font-weight: 400;\">Escape<\/span><\/i><span style=\"font-weight: 400;\"> (2009), with Cistern. Her first feature, <\/span><i><span style=\"font-weight: 400;\">Love like Poison<\/span><\/i><span style=\"font-weight: 400;\"> (COLCOA 2011), won the Prix Jean Vigo; <\/span><i><span style=\"font-weight: 400;\">The Staple of News<\/span><\/i><span style=\"font-weight: 400;\"> aka<\/span><i><span style=\"font-weight: 400;\"> Suzanne<\/span><\/i><span style=\"font-weight: 400;\"> (COLCOA 2014) was screened in Cannes and nominated for a C\u00e9sar Award for Best Original Screenplay; and <\/span><i><span style=\"font-weight: 400;\">Heal the Living<\/span><\/i><span style=\"font-weight: 400;\"> (2016) was nominated for a C\u00e9sar for Best Adapted Screenplay. <\/span><b>H\u00e9lier Cistern<\/b><span style=\"font-weight: 400;\">&#8216;s short, <\/span><i><span style=\"font-weight: 400;\">Second Skin<\/span><\/i><span style=\"font-weight: 400;\"> (2006) won several festival prizes, and <\/span><i><span style=\"font-weight: 400;\">Les Paradis Perdus<\/span><\/i><span style=\"font-weight: 400;\"> (2008) won the Prix Jean Vigo and was nominated for a C\u00e9sar Award for Best Short Film. Cistern&#8217;s first feature, <\/span><i><span style=\"font-weight: 400;\">Vandal<\/span><\/i><span style=\"font-weight: 400;\"> (COLCOA 2014) garnered the Prix Louis Delluc. He&#8217;s directed nine episodes of the hit Canal+ series <\/span><i><span style=\"font-weight: 400;\">The Bureau<\/span><\/i><span style=\"font-weight: 400;\">, and his most recent feature, <\/span><i><span style=\"font-weight: 400;\">Faithful<\/span><\/i><span style=\"font-weight: 400;\"> (2020) starred Vincent Lacoste and Vicky Krieps. <\/span><b><i>Reign Supreme<\/i><\/b><span style=\"font-weight: 400;\"> will be broadcast on Arte this fall, before its international release on Netflix.<\/span><\/p>\n[\/vc_column_text][\/vc_column][vc_column width=&#8221;1\/2&#8243;][mk_image src=&#8221;https:\/\/theamericanfrenchfilmfestival.org\/wp-content\/uploads\/2022\/10\/81303659_lemondededemainboxshot_na_fr_03-e1665597206734.jpg&#8221; image_size=&#8221;full&#8221; align=&#8221;center&#8221;][\/vc_column][\/vc_row][vc_row][vc_column][vc_column_text]\n[\/vc_column_text][\/vc_column][\/vc_row]\n<\/div>","protected":false},"excerpt":{"rendered":"<p>[vc_row][vc_column][mk_padding_divider][vc_column_text css=&#8221;.vc_custom_1663688487676{margin-bottom: 0px !important;}&#8221;] REIGN SUPREME (LE MONDE DE DEMAIN) Season 1 [\/vc_column_text][mk_padding_divider size=&#8221;20&#8243;][vc_separator color=&#8221;custom&#8221; accent_color=&#8221;#ea1300&#8243;][\/vc_column][\/vc_row][vc_row][vc_column width=&#8221;1\/2&#8243;][vc_column_text css=&#8221;.vc_custom_1663628453053{margin-bottom: 0px !important;}&#8221;] Friday, October 14 &#8211; Truffaut Theatre \u2013 1:00 pm (Screening ends at 2:50 pm) TV SERIES \/ DRAMA, BIOPIC [\/vc_column_text][\/vc_column][vc_column width=&#8221;1\/2&#8243;][vc_column_text css=&#8221;.vc_custom_1663820190035{margin-bottom: 0px !important;}&#8221;] Presented in Association with: Netflix Women in Film [\/vc_column_text][mk_image src=&#8221;https:\/\/theamericanfrenchfilmfestival.org\/wp-content\/uploads\/2018\/03\/free-sn-rsvp-1.jpg&#8221; image_size=&#8221;full&#8221; [&hellip;]<\/p>\n","protected":false},"author":4,"featured_media":0,"parent":0,"menu_order":0,"comment_status":"closed","ping_status":"closed","template":"","meta":{"footnotes":""},"class_list":["post-12481","page","type-page","status-publish","hentry"],"_links":{"self":[{"href":"https:\/\/theamericanfrenchfilmfestival.org\/wp-json\/wp\/v2\/pages\/12481","targetHints":{"allow":["GET"]}}],"collection":[{"href":"https:\/\/theamericanfrenchfilmfestival.org\/wp-json\/wp\/v2\/pages"}],"about":[{"href":"https:\/\/theamericanfrenchfilmfestival.org\/wp-json\/wp\/v2\/types\/page"}],"author":[{"embeddable":true,"href":"https:\/\/theamericanfrenchfilmfestival.org\/wp-json\/wp\/v2\/users\/4"}],"replies":[{"embeddable":true,"href":"https:\/\/theamericanfrenchfilmfestival.org\/wp-json\/wp\/v2\/comments?post=12481"}],"version-history":[{"count":11,"href":"https:\/\/theamericanfrenchfilmfestival.org\/wp-json\/wp\/v2\/pages\/12481\/revisions"}],"predecessor-version":[{"id":13151,"href":"https:\/\/theamericanfrenchfilmfestival.org\/wp-json\/wp\/v2\/pages\/12481\/revisions\/13151"}],"wp:attachment":[{"href":"https:\/\/theamericanfrenchfilmfestival.org\/wp-json\/wp\/v2\/media?parent=12481"}],"curies":[{"name":"wp","href":"https:\/\/api.w.org\/{rel}","templated":true}]}}