{"id":11773,"date":"2022-08-28T22:57:47","date_gmt":"2022-08-28T22:57:47","guid":{"rendered":"https:\/\/theamericanfrenchfilmfestival.org\/?page_id=11773"},"modified":"2022-10-02T18:33:31","modified_gmt":"2022-10-02T18:33:31","slug":"en-garde","status":"publish","type":"page","link":"https:\/\/theamericanfrenchfilmfestival.org\/en-garde\/","title":{"rendered":"EN GARDE"},"content":{"rendered":"<div class=\"wpb-content-wrapper\">[vc_row][vc_column][mk_padding_divider][vc_column_text css=&#8221;.vc_custom_1663688031434{margin-bottom: 0px !important;}&#8221;]\n<h1 style=\"text-align: center;\">EN GARDE<br \/>\n(TOUCH\u00c9ES)<\/h1>\n[\/vc_column_text][mk_padding_divider size=&#8221;20&#8243;][vc_separator color=&#8221;custom&#8221; accent_color=&#8221;#ea1300&#8243;][\/vc_column][\/vc_row][vc_row][vc_column width=&#8221;1\/2&#8243;][vc_column_text css=&#8221;.vc_custom_1663524058951{margin-bottom: 0px !important;}&#8221;]\n<p class=\"p1\" style=\"text-align: center;\"><b>Wednesday, October 12\u00a0<\/b> &#8211; Truffaut Theatre \u2013 4:00 pm<br \/>\n<em>(Screening ends at 5:40 pm)<br \/>\n<\/em>+ <a href=\"https:\/\/theamericanfrenchfilmfestival.org\/short-films-2022\/\" target=\"_blank\" rel=\"noopener\">Short Film Presentation<\/a>: STEAKHOUSE\u00a0<em><br \/>\n<\/em><\/p>\n<p style=\"text-align: center;\"><strong>FICTION \/ DRAMA<br \/>\nTV MOVIE<\/strong><\/p>\n[\/vc_column_text][\/vc_column][vc_column width=&#8221;1\/2&#8243;][vc_column_text css=&#8221;.vc_custom_1664735608959{margin-bottom: 0px !important;}&#8221;]\n<p style=\"text-align: center;\"><span style=\"color: #ea1300;\">Presented in Association with:<br \/>\n<\/span>Newen Connect<br \/>\nTitrafilm<br \/>\nWomen in Film<\/p>\n[\/vc_column_text][mk_image src=&#8221;https:\/\/theamericanfrenchfilmfestival.org\/wp-content\/uploads\/2022\/09\/order-tickets.jpg&#8221; image_size=&#8221;full&#8221; link=&#8221;https:\/\/theamericanfrenchfilmfestival.eventive.org\/schedule\/632699027f24020045c5a9b3&#8243; align=&#8221;center&#8221;][\/vc_column][\/vc_row][vc_row][vc_column][mk_padding_divider size=&#8221;20&#8243;][vc_separator color=&#8221;custom&#8221; accent_color=&#8221;#ea1300&#8243;][\/vc_column][\/vc_row][vc_row][vc_column width=&#8221;1\/2&#8243;][vc_column_text css=&#8221;.vc_custom_1662221948545{margin-bottom: 0px !important;}&#8221;]<span style=\"color: #ea1300;\"><b>North American Premiere <\/b><\/span><span style=\"font-weight: 400;\">|\u00a0France\u00a0|\u00a02023\u00a0|\u00a0Drama |90\u00a0min\u00a0|\u00a0In French with English subtitles <\/span><span style=\"font-weight: 400;\"><br \/>\n<\/span><span style=\"font-weight: 400;\"><br \/>\n<\/span><b>Directed by<\/b><span style=\"font-weight: 400;\">:<\/span> <span style=\"font-weight: 400;\">Alexandra Lamy<\/span><span style=\"font-weight: 400;\"><br \/>\n<\/span><b>Written by<\/b><span style=\"font-weight: 400;\">:<\/span> <span style=\"font-weight: 400;\">Solen Roy-Pagenault, Quentin Zuttion, Alexandra Lamy<br \/>\n<\/span><b>Based on a Book by<\/b><span style=\"font-weight: 400;\">: Quentin Zuttion<br \/>\n<\/span><b>Produced by<\/b><span style=\"font-weight: 400;\">: Philippe Bo\u00ebffard, Quitterie Gausser\u00e8s, Christophe Rossignon, Pierre Guyard (Nord-Ouest Productions), TF1<br \/>\n<\/span><b>Cinematography<\/b><span style=\"font-weight: 400;\">:<\/span> <span style=\"font-weight: 400;\">Thomas Rames<br \/>\n<\/span><b>Film Editing<\/b><span style=\"font-weight: 400;\">:<\/span> <span style=\"font-weight: 400;\">Anne Saiac, Thierry Rouden<\/span><b><br \/>\n<\/b><b>Original Score<\/b><span style=\"font-weight: 400;\">:<\/span> <span style=\"font-weight: 400;\">Thomas Dappelo<br \/>\n<\/span><b>Cast<\/b><span style=\"font-weight: 400;\">:<\/span> <span style=\"font-weight: 400;\">M\u00e9lanie Doutey (Lucie), Claudia Tagbo (Nicole), Chlo\u00e9 Jouannet (Tamara), Andr\u00e9a Bescond, Elsa Lepoivre, Genevi\u00e8ve Lezy<br \/>\n<\/span><b>International Sales<\/b><span style=\"font-weight: 400;\">:<\/span> <span style=\"font-weight: 400;\">Newen Connect <\/span><span style=\"font-weight: 400;\"><br \/>\n<\/span><b>Original Broadcast<\/b><span style=\"font-weight: 400;\">:<\/span> <span style=\"font-weight: 400;\">TF1, January 2023<\/span><\/p>\n<p style=\"text-align: justify;\"><span style=\"font-weight: 400;\">The uplifting TV movie <\/span><b><i>En Garde<\/i><\/b><span style=\"font-weight: 400;\"> trumpets a band of valiant-yet-fragile sisters-in-arms.\u00a0 A group of eight women, all victims of domestic or sexual abuse, enroll in an ingenious form of group therapy \u2014 fencing \u2014 in an attempt to free themselves from the trauma they&#8217;ve experienced and heal some very deep wounds&#8230; because, as we all know, the body never forgets. We follow Tamara, a young woman with an inclination toward self-mutilation; the ever-obliging Nicole, who lives alone with her guard dog and doesn&#8217;t like to be touched; and especially Lucie.\u00a0 Lucie has recently packed up her 6-year-old son, fled her violent husband and moved to another town. But she still sleeps with a knife under her pillow and trembles at the sound of footsteps outside her door. Lost and afraid on their own, these women form a bond, release their silent rage, and support one another as, one by one, they each face their own demons.<\/span><\/p>\n<p style=\"text-align: justify;\"><b>Alexandra Lamy<\/b><span style=\"font-weight: 400;\"> is a well-known actress in France, excelling in both comedic and dramatic roles. She studied at the Nimes Conservatory and launched her acting career in 1994, appearing in numerous theatrical productions, TV series and films, including Eric Lavaine&#8217;s <\/span><i><span style=\"font-weight: 400;\">You Choose!<\/span><\/i><span style=\"font-weight: 400;\"> (COLCOA 2017), James Huth&#8217;s <\/span><i><span style=\"font-weight: 400;\">Lucky Luke<\/span><\/i><span style=\"font-weight: 400;\"> (2009) and Franck Dubosc&#8217;s <\/span><i><span style=\"font-weight: 400;\">Rolling to You<\/span><\/i><span style=\"font-weight: 400;\"> (2018). She has garnered Best Actress Awards at the La Rochelle TV Festival for <\/span><i><span style=\"font-weight: 400;\">Une chance de trop<\/span><\/i><span style=\"font-weight: 400;\"> (2015), The Alpe d&#8217;Huez Comedy Film Festival for <\/span><i><span style=\"font-weight: 400;\">You Choose!<\/span><\/i><span style=\"font-weight: 400;\"> (2016), and a Globes de Cristal Award for <\/span><i><span style=\"font-weight: 400;\">Tout le monde debout<\/span><\/i><span style=\"font-weight: 400;\"> (2018). In 1999, Lamy earned her first writing credit, on the TV series <\/span><i><span style=\"font-weight: 400;\">Un gars, une fille<\/span><\/i><span style=\"font-weight: 400;\"> (1999-2003), on which she co-starred opposite Oscar winner Jean Dujardin. She makes her directorial debut with <\/span><b><i>En Garde<\/i><\/b><span style=\"font-weight: 400;\">, which was adapted from a graphic novel by Quentin Zuttion. The film will be broadcast on TF1 in 2023.<\/span><\/p>\n[\/vc_column_text][\/vc_column][vc_column width=&#8221;1\/2&#8243;][mk_image src=&#8221;https:\/\/theamericanfrenchfilmfestival.org\/wp-content\/uploads\/2022\/08\/touchees.jpg&#8221; image_size=&#8221;full&#8221; frame_style=&#8221;gray_border&#8221; align=&#8221;center&#8221;][\/vc_column][\/vc_row][vc_row][vc_column][vc_column_text]\n[\/vc_column_text][\/vc_column][\/vc_row]\n<\/div>","protected":false},"excerpt":{"rendered":"<p>[vc_row][vc_column][mk_padding_divider][vc_column_text css=&#8221;.vc_custom_1663688031434{margin-bottom: 0px !important;}&#8221;] EN GARDE (TOUCH\u00c9ES) [\/vc_column_text][mk_padding_divider size=&#8221;20&#8243;][vc_separator color=&#8221;custom&#8221; accent_color=&#8221;#ea1300&#8243;][\/vc_column][\/vc_row][vc_row][vc_column width=&#8221;1\/2&#8243;][vc_column_text css=&#8221;.vc_custom_1663524058951{margin-bottom: 0px !important;}&#8221;] Wednesday, October 12\u00a0 &#8211; Truffaut Theatre \u2013 4:00 pm (Screening ends at 5:40 pm) + Short Film Presentation: STEAKHOUSE\u00a0 FICTION \/ DRAMA TV MOVIE [\/vc_column_text][\/vc_column][vc_column width=&#8221;1\/2&#8243;][vc_column_text css=&#8221;.vc_custom_1664735608959{margin-bottom: 0px !important;}&#8221;] Presented in Association with: Newen Connect Titrafilm Women in Film [\/vc_column_text][mk_image [&hellip;]<\/p>\n","protected":false},"author":4,"featured_media":0,"parent":0,"menu_order":0,"comment_status":"closed","ping_status":"closed","template":"","meta":{"footnotes":""},"class_list":["post-11773","page","type-page","status-publish","hentry"],"_links":{"self":[{"href":"https:\/\/theamericanfrenchfilmfestival.org\/wp-json\/wp\/v2\/pages\/11773","targetHints":{"allow":["GET"]}}],"collection":[{"href":"https:\/\/theamericanfrenchfilmfestival.org\/wp-json\/wp\/v2\/pages"}],"about":[{"href":"https:\/\/theamericanfrenchfilmfestival.org\/wp-json\/wp\/v2\/types\/page"}],"author":[{"embeddable":true,"href":"https:\/\/theamericanfrenchfilmfestival.org\/wp-json\/wp\/v2\/users\/4"}],"replies":[{"embeddable":true,"href":"https:\/\/theamericanfrenchfilmfestival.org\/wp-json\/wp\/v2\/comments?post=11773"}],"version-history":[{"count":15,"href":"https:\/\/theamericanfrenchfilmfestival.org\/wp-json\/wp\/v2\/pages\/11773\/revisions"}],"predecessor-version":[{"id":13107,"href":"https:\/\/theamericanfrenchfilmfestival.org\/wp-json\/wp\/v2\/pages\/11773\/revisions\/13107"}],"wp:attachment":[{"href":"https:\/\/theamericanfrenchfilmfestival.org\/wp-json\/wp\/v2\/media?parent=11773"}],"curies":[{"name":"wp","href":"https:\/\/api.w.org\/{rel}","templated":true}]}}