{"id":11739,"date":"2022-08-25T18:43:24","date_gmt":"2022-08-25T18:43:24","guid":{"rendered":"https:\/\/theamericanfrenchfilmfestival.org\/?page_id=11739"},"modified":"2022-09-28T16:23:51","modified_gmt":"2022-09-28T16:23:51","slug":"everybody-loves-jeanne","status":"publish","type":"page","link":"https:\/\/theamericanfrenchfilmfestival.org\/everybody-loves-jeanne\/","title":{"rendered":"EVERYBODY LOVES JEANNE (TOUT LE MONDE AIME JEANNE)"},"content":{"rendered":"<div class=\"wpb-content-wrapper\">[vc_row][vc_column][mk_padding_divider][vc_column_text css=&#8221;.vc_custom_1663686530773{margin-bottom: 0px !important;}&#8221;]\n<h1 style=\"text-align: center;\">EVERYBODY LOVES JEANNE<br \/>\n(TOUT LE MONDE AIME JEANNE)<\/h1>\n[\/vc_column_text][mk_padding_divider size=&#8221;20&#8243;][vc_separator color=&#8221;custom&#8221; accent_color=&#8221;#ea1300&#8243;][\/vc_column][\/vc_row][vc_row][vc_column width=&#8221;1\/2&#8243;][vc_column_text css=&#8221;.vc_custom_1664382224772{margin-bottom: 0px !important;}&#8221;]\n<p class=\"p1\" style=\"text-align: center;\"><b>Saturday, October 15<\/b> &#8211; Truffaut Theatre \u2013 5:10 pm<br \/>\n<em>(Screening ends at 6:55 pm)<br \/>\n<\/em><span class=\"s1\">+ <a href=\"https:\/\/theamericanfrenchfilmfestival.org\/short-films-2022\/\" target=\"_blank\" rel=\"noopener\">Short Film Presentation<\/a>: ANXIOUS BODY<\/span><br \/>\n<b>Followed by a conversation with writer\/director C\u00e9line Devaux<\/b><\/p>\n<p style=\"text-align: center;\"><strong>FICTION \/ COMEDY, DRAMA<br \/>\nFRENCH NEWAVE 2.0<\/strong><\/p>\n[\/vc_column_text][\/vc_column][vc_column width=&#8221;1\/2&#8243;][vc_column_text css=&#8221;.vc_custom_1663821414967{margin-bottom: 0px !important;}&#8221;]\n<p style=\"text-align: center;\"><span style=\"color: #ea1300;\">Presented in Association with:<br \/>\n<\/span>Elle Driver<br \/>\nFrance Televisions<br \/>\nWomen in Film<\/p>\n[\/vc_column_text][mk_image src=&#8221;https:\/\/theamericanfrenchfilmfestival.org\/wp-content\/uploads\/2022\/09\/order-tickets.jpg&#8221; image_size=&#8221;full&#8221; link=&#8221;https:\/\/theamericanfrenchfilmfestival.eventive.org\/schedule\/6326918aa5dba10062d30cd6&#8243; align=&#8221;center&#8221;][\/vc_column][\/vc_row][vc_row][vc_column][mk_padding_divider size=&#8221;20&#8243;][vc_separator color=&#8221;custom&#8221; accent_color=&#8221;#ea1300&#8243;][\/vc_column][\/vc_row][vc_row][vc_column width=&#8221;1\/2&#8243;][vc_column_text css=&#8221;.vc_custom_1662749144937{margin-bottom: 0px !important;}&#8221;]<span style=\"color: #ea1300;\"><b>North American Premiere<\/b><\/span><span style=\"font-weight: 400;\"> | France\u00a0|\u00a02022\u00a0| Comedy, Drama |\u00a095\u00a0min\u00a0|\u00a0In French with English subtitles <\/span><span style=\"font-weight: 400;\"><br \/>\n<\/span><span style=\"font-weight: 400;\"><br \/>\n<\/span><b>Directed by<\/b><span style=\"font-weight: 400;\">:<\/span> <span style=\"font-weight: 400;\">C\u00e9line Devaux<\/span><span style=\"font-weight: 400;\"><br \/>\n<\/span><b>Written by<\/b><span style=\"font-weight: 400;\">: <\/span><span style=\"font-weight: 400;\">C\u00e9line Devaux<\/span><span style=\"font-weight: 400;\"><br \/>\n<\/span><b>Produced by<\/b><span style=\"font-weight: 400;\">: Sylvie Pialat, Beno\u00eet Quainon (Les Films du Worso), SCOPE Pictures, France 3 Cin<\/span><span style=\"font-weight: 400;\">\u00e9<\/span><span style=\"font-weight: 400;\">ma<\/span><span style=\"font-weight: 400;\"><br \/>\n<\/span><b>Cinematography<\/b><span style=\"font-weight: 400;\">: Olivier Boonjing<\/span><span style=\"font-weight: 400;\"><br \/>\n<\/span><b>Film Editing<\/b><span style=\"font-weight: 400;\">: Gabrielle Stemmer<\/span><span style=\"font-weight: 400;\"><br \/>\n<\/span><b>Original Score<\/b><span style=\"font-weight: 400;\">: Flavien Berger<\/span><span style=\"font-weight: 400;\"><br \/>\n<\/span><b>Cast<\/b><span style=\"font-weight: 400;\">:<\/span> <span style=\"font-weight: 400;\">Blanche Gardin (Jeanne),\u00a0Laurent Lafitte (Jean),\u00a0Maxence Tual (Simon), Nuno Lopes (Victor), Marthe Keller (Claudia, Jeanne\u2019s mother), Samira Sedira (Sonia Hami)<\/span><span style=\"font-weight: 400;\"><br \/>\n<\/span><b>International Sales<\/b><span style=\"font-weight: 400;\">: Elle Driver<\/span><\/p>\n<p style=\"text-align: justify;\"><span style=\"font-weight: 400;\">Everybody&#8217;s always loved Jeanne.\u00a0 At the moment, however, she pretty much hates herself.\u00a0 On the verge of bankruptcy, still reeling from her mother&#8217;s recent suicide, she&#8217;s now forced to sell her mom\u2019s Lisbon apartment to pay off her investors.\u00a0 Plagued with insecurities and professionally humiliated, Jeanne has one constant companion \u2013 an inner voice in the form of a hairy little animated ghost, who mercilessly belittles and goads her.\u00a0 On the way to Lisbon, she runs into a guy named Jean at the airport.\u00a0 She&#8217;s sure he&#8217;s some creep who just wants to chat her up, but he turns out to be a former high school classmate eager to renew their friendship.\u00a0 Because, after all, everybody loves Jeanne!\u00a0 Writer\/director\/animator <\/span><b>C\u00e9line\u00a0Devaux<\/b><span style=\"font-weight: 400;\">&#8216;s mischievous style, cheeky humor and quirky combination of live action footage and hand drawn animation, coupled with deft performances from a couple of pros like Blanche Gardin and Laurent Lafitte, make this charming anti-romantic comedy about depression an exceedingly uplifting undertaking, after all.<\/span><\/p>\n<p style=\"text-align: justify;\"><b>C\u00e9line Devaux<\/b><span style=\"font-weight: 400;\"> studied at the \u00c9cole nationale sup\u00e9rieure des arts d\u00e9coratifs in Paris (ENSAD), graduating with a degree in film animation.\u00a0 Her thesis film, <\/span><i><span style=\"font-weight: 400;\">Vie et mort d&#8217;Illustre Grigori Efimovitch Raspoutine<\/span><\/i><span style=\"font-weight: 400;\"> (2012), garnered numerous festival awards.\u00a0 Her second short, <\/span><i><span style=\"font-weight: 400;\">Sunday Lunch<\/span><\/i><span style=\"font-weight: 400;\"> (2015) was screened in competition in Cannes, and nabbed a C\u00e9sar Award for Best Animated Short Film. Her third short, <\/span><i><span style=\"font-weight: 400;\">Gros Chagrin<\/span><\/i><span style=\"font-weight: 400;\"> (2017) won a Golden Lion for Best Short Film at the Venice Film Festival.\u00a0 In 2018, her work was presented as part of an exhibition entitled &#8220;Repas Chagrin&#8221; at the Maison Fumetti, a cultural space devoted to comic books and graphic arts, in Nantes.\u00a0 <\/span><b><i>Everybody Loves Jeanne<\/i><\/b><span style=\"font-weight: 400;\">, her first feature film, premiered in the International Critics&#8217; Week sidebar at this year&#8217;s Cannes Film Festival.<\/span><\/p>\n[\/vc_column_text][\/vc_column][vc_column width=&#8221;1\/2&#8243;][mk_image src=&#8221;https:\/\/theamericanfrenchfilmfestival.org\/wp-content\/uploads\/2022\/08\/everybody-loves-j.jpg&#8221; image_size=&#8221;full&#8221; frame_style=&#8221;gray_border&#8221; align=&#8221;center&#8221;][\/vc_column][\/vc_row][vc_row][vc_column][vc_column_text]\n[\/vc_column_text][\/vc_column][\/vc_row]\n<\/div>","protected":false},"excerpt":{"rendered":"<p>[vc_row][vc_column][mk_padding_divider][vc_column_text css=&#8221;.vc_custom_1663686530773{margin-bottom: 0px !important;}&#8221;] EVERYBODY LOVES JEANNE (TOUT LE MONDE AIME JEANNE) [\/vc_column_text][mk_padding_divider size=&#8221;20&#8243;][vc_separator color=&#8221;custom&#8221; accent_color=&#8221;#ea1300&#8243;][\/vc_column][\/vc_row][vc_row][vc_column width=&#8221;1\/2&#8243;][vc_column_text css=&#8221;.vc_custom_1664382224772{margin-bottom: 0px !important;}&#8221;] Saturday, October 15 &#8211; Truffaut Theatre \u2013 5:10 pm (Screening ends at 6:55 pm) + Short Film Presentation: ANXIOUS BODY Followed by a conversation with writer\/director C\u00e9line Devaux FICTION \/ COMEDY, DRAMA FRENCH NEWAVE 2.0 [&hellip;]<\/p>\n","protected":false},"author":4,"featured_media":0,"parent":0,"menu_order":0,"comment_status":"closed","ping_status":"closed","template":"","meta":{"footnotes":""},"class_list":["post-11739","page","type-page","status-publish","hentry"],"_links":{"self":[{"href":"https:\/\/theamericanfrenchfilmfestival.org\/wp-json\/wp\/v2\/pages\/11739","targetHints":{"allow":["GET"]}}],"collection":[{"href":"https:\/\/theamericanfrenchfilmfestival.org\/wp-json\/wp\/v2\/pages"}],"about":[{"href":"https:\/\/theamericanfrenchfilmfestival.org\/wp-json\/wp\/v2\/types\/page"}],"author":[{"embeddable":true,"href":"https:\/\/theamericanfrenchfilmfestival.org\/wp-json\/wp\/v2\/users\/4"}],"replies":[{"embeddable":true,"href":"https:\/\/theamericanfrenchfilmfestival.org\/wp-json\/wp\/v2\/comments?post=11739"}],"version-history":[{"count":15,"href":"https:\/\/theamericanfrenchfilmfestival.org\/wp-json\/wp\/v2\/pages\/11739\/revisions"}],"predecessor-version":[{"id":13059,"href":"https:\/\/theamericanfrenchfilmfestival.org\/wp-json\/wp\/v2\/pages\/11739\/revisions\/13059"}],"wp:attachment":[{"href":"https:\/\/theamericanfrenchfilmfestival.org\/wp-json\/wp\/v2\/media?parent=11739"}],"curies":[{"name":"wp","href":"https:\/\/api.w.org\/{rel}","templated":true}]}}