{"id":11733,"date":"2022-08-24T23:44:22","date_gmt":"2022-08-24T23:44:22","guid":{"rendered":"https:\/\/theamericanfrenchfilmfestival.org\/?page_id=11733"},"modified":"2022-09-28T16:38:44","modified_gmt":"2022-09-28T16:38:44","slug":"two-of-a-kind","status":"publish","type":"page","link":"https:\/\/theamericanfrenchfilmfestival.org\/two-of-a-kind\/","title":{"rendered":"TWO OF A KIND (JUMEAUX MAIS PAS TROP)"},"content":{"rendered":"<div class=\"wpb-content-wrapper\">[vc_row][vc_column][mk_padding_divider][vc_column_text css=&#8221;.vc_custom_1663687616787{margin-bottom: 0px !important;}&#8221;]\n<h1 style=\"text-align: center;\">TWO OF A KIND<br \/>\n(JUMEAUX MAIS PAS TROP)<\/h1>\n[\/vc_column_text][mk_padding_divider size=&#8221;20&#8243;][vc_separator color=&#8221;custom&#8221; accent_color=&#8221;#ea1300&#8243;][\/vc_column][\/vc_row][vc_row][vc_column width=&#8221;1\/2&#8243;][vc_column_text css=&#8221;.vc_custom_1664383122140{margin-bottom: 0px !important;}&#8221;]\n<p class=\"p1\" style=\"text-align: center;\"><b>Saturday, October 15<\/b> &#8211; Renoir Theatre \u2013 5:00 pm<br \/>\n<em>(Screening ends at 7:00 pm)<br \/>\n<\/em>+ Short Film Presentation: GREEN-FIT<br \/>\n<b>Followed by a conversation with writer\/director Wilfried Meance and actor Bertrand Usclat<\/b><\/p>\n<p style=\"text-align: center;\"><strong>FICTION \/ COMEDY<\/strong><\/p>\n[\/vc_column_text][\/vc_column][vc_column width=&#8221;1\/2&#8243;][vc_column_text css=&#8221;.vc_custom_1663870119040{margin-bottom: 0px !important;}&#8221;]\n<p style=\"text-align: center;\"><span style=\"color: #ea1300;\">Presented in Association with:<\/span><\/p>\n<p style=\"text-align: center;\"><span style=\"font-weight: 400;\">SND Groupe M6<\/span><\/p>\n<p style=\"text-align: center;\">ELMA<\/p>\n[\/vc_column_text][mk_image src=&#8221;https:\/\/theamericanfrenchfilmfestival.org\/wp-content\/uploads\/2022\/09\/order-tickets.jpg&#8221; image_size=&#8221;full&#8221; link=&#8221;https:\/\/theamericanfrenchfilmfestival.eventive.org\/schedule\/632687643cd637005bdc5ea9&#8243; align=&#8221;center&#8221;][\/vc_column][\/vc_row][vc_row][vc_column][mk_padding_divider size=&#8221;20&#8243;][vc_separator color=&#8221;custom&#8221; accent_color=&#8221;#ea1300&#8243;][\/vc_column][\/vc_row][vc_row][vc_column width=&#8221;1\/2&#8243;][vc_column_text css=&#8221;.vc_custom_1661637655049{margin-bottom: 0px !important;}&#8221;]<span style=\"color: #ea1300;\"><b>North American Premiere<\/b> <\/span><span style=\"font-weight: 400;\">| France\u00a0|\u00a02022\u00a0| Comedy |\u00a098\u00a0min\u00a0|\u00a0In French with English subtitles <\/span><span style=\"font-weight: 400;\"><br \/>\n<\/span><span style=\"font-weight: 400;\"><br \/>\n<\/span><b>Directed by<\/b><span style=\"font-weight: 400;\">:<\/span> <span style=\"font-weight: 400;\">Olivier Ducray, Wilfried M\u00e9ance<\/span><span style=\"font-weight: 400;\"><br \/>\n<\/span><b>Written by<\/b><span style=\"font-weight: 400;\">: Jean-Paul Bathany, <\/span><span style=\"font-weight: 400;\">Olivier Ducray, Wilfried M\u00e9ance<\/span><span style=\"font-weight: 400;\"><br \/>\n<\/span><b>Produced by<\/b><span style=\"font-weight: 400;\">: Antoine Pezet, J<\/span><span style=\"font-weight: 400;\">\u00e9<\/span><span style=\"font-weight: 400;\">r\u00f4me Corcos (NAC Films)<br \/>\n<\/span><b>Cinematography<\/b><span style=\"font-weight: 400;\">: Denis Rouden<br \/>\n<\/span><b>Film Editing<\/b><span style=\"font-weight: 400;\">: Olivier Michaut-Alchourroun<br \/>\n<\/span><b>Original Score<\/b><span style=\"font-weight: 400;\">: Alexis Rault<br \/>\n<\/span><b>Cast<\/b><span style=\"font-weight: 400;\">:<\/span> <span style=\"font-weight: 400;\">Ahmed Sylla (Anthony), Bertrand Usclat (Gr<\/span><span style=\"font-weight: 400;\">\u00e9<\/span><span style=\"font-weight: 400;\">goire Beaulieu), Pauline Cl\u00e9ment (No<\/span><span style=\"font-weight: 400;\">\u00e9<\/span><span style=\"font-weight: 400;\">mie), G\u00e9rard Jugnot (Patrice Beaulieu), Isabelle G\u00e9linas (Patricia Beaulieu), Nicolas Mari\u00e9 (G\u00e9rald Morand), Jean-Luc Bideau (Paul), Claude Perron (the real mother)<br \/>\n<\/span><b>International Sales<\/b><span style=\"font-weight: 400;\">: SND Groupe M6<\/span><\/p>\n<p style=\"text-align: justify;\">Anthony is a struggling handyman who lives in a working-class housing project.\u00a0 Spoiled rich kid Gr\u00e9goire has studied at Berkeley and Oxford and has now returned to his hometown of Angoul\u00eame to run for public office. To everyone&#8217;s great surprise, the two young men, who couldn&#8217;t possibly be more different, turn out to have identical DNA profiles&#8230; In fact, they&#8217;re twins! No one is more surprised by that news than the twins themselves. Oh, and by the way, Anthony is Black and Gr\u00e9goire is white.\u00a0 It&#8217;s a genetic phenomenon with a one-in-a-million chance of occurring. Once they get past the initial shock&#8230; how can they begin to deal with such a situation?\u00a0 How could this have even happened? <b><i>Two of a Kind<\/i><\/b> and its two engaging leads take that high-concept premise, breathe life into it and take us on an amusing, and ultimately quite moving, ride&#8230; one that actually leads to becoming a true family.<\/p>\n<p style=\"text-align: justify;\"><b>Olivier Ducray<\/b><span style=\"font-weight: 400;\"> began his career in program acquisitions for the Com\u00e9die channel, and worked as a film programmer for Mars Distribution and Studio Canal. He has written and directed four short films since 2011, including <\/span><i><span style=\"font-weight: 400;\">Mustang Sally<\/span><\/i><span style=\"font-weight: 400;\"> (2014), which won the 48 Hour Film Project in Geneva. He co-wrote Ludovic Bernard&#8217;s comedy feature, <\/span><i><span style=\"font-weight: 400;\">The Climb<\/span><\/i><span style=\"font-weight: 400;\"> (2017), which won the Grand Prize and the Audience Award at the Alpe d&#8217;Huez Comedy Film Festival. Ducray also directed two documentary features, <\/span><i><span style=\"font-weight: 400;\">La Vie des gens<\/span><\/i><span style=\"font-weight: 400;\"> (2015) and <\/span><i><span style=\"font-weight: 400;\">Derniers jours d&#8217;un m\u00e9decin de campagne<\/span><\/i><span style=\"font-weight: 400;\"> (2019). <\/span><b>Wilfried M\u00e9ance<\/b><span style=\"font-weight: 400;\"> wrote and directed seven short films on his own, several of them selected at COLCOA, before teaming up with Ducray to co-write and co-direct their last short, <\/span><i><span style=\"font-weight: 400;\">Mon p\u2019tit Bernard<\/span><\/i><span style=\"font-weight: 400;\"> (2019). <\/span><b><i>Two of a Kind<\/i><\/b><span style=\"font-weight: 400;\"> is their first narrative feature and it brings together two very talented up-and-coming actors on the French scene: Ahmed Sylla, who also appears in this year&#8217;s festival line-up in L\u00e9onor Serraile&#8217;s <\/span><i><span style=\"font-weight: 400;\">Mother and Sons<\/span><\/i><span style=\"font-weight: 400;\">, and actor\/comedian Bertrand Usclat. <\/span><i><span style=\"font-weight: 400;\">Two of a Kind<\/span><\/i><span style=\"font-weight: 400;\"> won the Audience Award at this year&#8217;s Alpe d&#8217;Huez International Comedy Film Festival and was released in France on September 28.<\/span><\/p>\n[\/vc_column_text][\/vc_column][vc_column width=&#8221;1\/2&#8243;][mk_image src=&#8221;https:\/\/theamericanfrenchfilmfestival.org\/wp-content\/uploads\/2022\/08\/jumeaux-mais-pas-trop-affiche.jpg&#8221; image_size=&#8221;full&#8221; frame_style=&#8221;gray_border&#8221; align=&#8221;center&#8221;][\/vc_column][\/vc_row][vc_row][vc_column][vc_column_text]\n[\/vc_column_text][\/vc_column][\/vc_row]\n<\/div>","protected":false},"excerpt":{"rendered":"<p>[vc_row][vc_column][mk_padding_divider][vc_column_text css=&#8221;.vc_custom_1663687616787{margin-bottom: 0px !important;}&#8221;] TWO OF A KIND (JUMEAUX MAIS PAS TROP) [\/vc_column_text][mk_padding_divider size=&#8221;20&#8243;][vc_separator color=&#8221;custom&#8221; accent_color=&#8221;#ea1300&#8243;][\/vc_column][\/vc_row][vc_row][vc_column width=&#8221;1\/2&#8243;][vc_column_text css=&#8221;.vc_custom_1664383122140{margin-bottom: 0px !important;}&#8221;] Saturday, October 15 &#8211; Renoir Theatre \u2013 5:00 pm (Screening ends at 7:00 pm) + Short Film Presentation: GREEN-FIT Followed by a conversation with writer\/director Wilfried Meance and actor Bertrand Usclat FICTION \/ COMEDY [\/vc_column_text][\/vc_column][vc_column [&hellip;]<\/p>\n","protected":false},"author":4,"featured_media":0,"parent":0,"menu_order":0,"comment_status":"closed","ping_status":"closed","template":"","meta":{"footnotes":""},"class_list":["post-11733","page","type-page","status-publish","hentry"],"_links":{"self":[{"href":"https:\/\/theamericanfrenchfilmfestival.org\/wp-json\/wp\/v2\/pages\/11733","targetHints":{"allow":["GET"]}}],"collection":[{"href":"https:\/\/theamericanfrenchfilmfestival.org\/wp-json\/wp\/v2\/pages"}],"about":[{"href":"https:\/\/theamericanfrenchfilmfestival.org\/wp-json\/wp\/v2\/types\/page"}],"author":[{"embeddable":true,"href":"https:\/\/theamericanfrenchfilmfestival.org\/wp-json\/wp\/v2\/users\/4"}],"replies":[{"embeddable":true,"href":"https:\/\/theamericanfrenchfilmfestival.org\/wp-json\/wp\/v2\/comments?post=11733"}],"version-history":[{"count":10,"href":"https:\/\/theamericanfrenchfilmfestival.org\/wp-json\/wp\/v2\/pages\/11733\/revisions"}],"predecessor-version":[{"id":13065,"href":"https:\/\/theamericanfrenchfilmfestival.org\/wp-json\/wp\/v2\/pages\/11733\/revisions\/13065"}],"wp:attachment":[{"href":"https:\/\/theamericanfrenchfilmfestival.org\/wp-json\/wp\/v2\/media?parent=11733"}],"curies":[{"name":"wp","href":"https:\/\/api.w.org\/{rel}","templated":true}]}}