{"id":11728,"date":"2022-08-24T23:34:40","date_gmt":"2022-08-24T23:34:40","guid":{"rendered":"https:\/\/theamericanfrenchfilmfestival.org\/?page_id=11728"},"modified":"2022-09-28T00:50:12","modified_gmt":"2022-09-28T00:50:12","slug":"notre-dame-on-fire","status":"publish","type":"page","link":"https:\/\/theamericanfrenchfilmfestival.org\/notre-dame-on-fire\/","title":{"rendered":"NOTRE-DAME ON FIRE"},"content":{"rendered":"<div class=\"wpb-content-wrapper\">[vc_row][vc_column][mk_padding_divider][vc_column_text css=&#8221;.vc_custom_1663687023939{margin-bottom: 0px !important;}&#8221;]\n<h1 style=\"text-align: center;\">NOTRE-DAME ON FIRE<br \/>\n(NOTRE-DAME BR\u00dbLE)<\/h1>\n[\/vc_column_text][mk_padding_divider size=&#8221;20&#8243;][vc_separator color=&#8221;custom&#8221; accent_color=&#8221;#ea1300&#8243;][\/vc_column][\/vc_row][vc_row][vc_column width=&#8221;1\/2&#8243;][vc_column_text css=&#8221;.vc_custom_1664326209355{margin-bottom: 0px !important;}&#8221;]\n<p style=\"text-align: center;\"><strong>Monday, October 10<\/strong><br \/>\n<strong>OPENING NIGHT GALA<\/strong><br \/>\nBY INVITATION &#8211; LIMITED TICKETS FOR SALE<br \/>\nRENOIR &amp; TRUFFAUT THEATRES\u2013 6:00 pm<br \/>\n<strong>Followed by a conversation with writer\/director<\/strong><br \/>\n<strong>Jean-Jacques Annaud<\/strong><b><br \/>\n<\/b><\/p>\n<p style=\"text-align: center;\"><strong>Friday, October 14\u00a0<\/strong><b><br \/>\n<\/b>FILM RERUN WITH BOX OFFICE<br \/>\nRENOIR THEATRE &#8211; 5:00 pm<br \/>\n<em>(Screening ends at 7:10 pm)<br \/>\n<\/em>+ <a href=\"https:\/\/theamericanfrenchfilmfestival.org\/short-films-2022\/\" target=\"_blank\" rel=\"noopener\">Short Film Presentation<\/a>: RULES OF SUCCESS<em><br \/>\n<\/em><\/p>\n[\/vc_column_text][\/vc_column][vc_column width=&#8221;1\/2&#8243;][vc_column_text css=&#8221;.vc_custom_1663283237911{margin-bottom: 0px !important;}&#8221;]\n<p style=\"text-align: center;\"><strong>FICTION \/ DRAMA, EPIC, HISTORY<\/strong><\/p>\n[\/vc_column_text][vc_column_text css=&#8221;.vc_custom_1663825550108{margin-bottom: 0px !important;}&#8221;]\n<p style=\"text-align: center;\"><span style=\"color: #ea1300;\">Presented in Association with:<br \/>\n<\/span>Path\u00e9 Films<br \/>\nARP<\/p>\n[\/vc_column_text][mk_padding_divider size=&#8221;20&#8243;][mk_image src=&#8221;https:\/\/theamericanfrenchfilmfestival.org\/wp-content\/uploads\/2022\/09\/order-tickets.jpg&#8221; image_size=&#8221;full&#8221; link=&#8221;https:\/\/theamericanfrenchfilmfestival.eventive.org\/schedule\/6326716e2c834900b3655612&#8243; align=&#8221;center&#8221;][\/vc_column][\/vc_row][vc_row][vc_column][vc_separator color=&#8221;custom&#8221; accent_color=&#8221;#ea1300&#8243;][\/vc_column][\/vc_row][vc_row][vc_column width=&#8221;1\/2&#8243;][vc_column_text css=&#8221;.vc_custom_1662221719664{margin-bottom: 0px !important;}&#8221;]<span style=\"color: #ea1300;\"><b>North American Premiere<\/b><\/span><span style=\"font-weight: 400;\"> | France, Italy\u00a0|\u00a02022\u00a0| Drama, Epic |\u00a0110\u00a0min\u00a0|\u00a0In French with English subtitles <\/span><span style=\"font-weight: 400;\"><br \/>\n<\/span><span style=\"font-weight: 400;\"><br \/>\n<\/span><b>Directed by<\/b><span style=\"font-weight: 400;\">:<\/span> <span style=\"font-weight: 400;\">Jean-Jacques Annaud<\/span><span style=\"font-weight: 400;\"><br \/>\n<\/span><b>Written by<\/b><span style=\"font-weight: 400;\">: <\/span><span style=\"font-weight: 400;\">Jean-Jacques Annaud, Thomas Bidegain<br \/>\n<\/span><b>Produced by<\/b><span style=\"font-weight: 400;\">: J\u00e9r\u00f4me Seydoux, Ardavan Safaee, Jean-Yves Asselin &amp; Marie de Cenival (Path\u00e9 Films), Mario Giannini &amp; Lorenzo Gangarossa (Wildside), Jean-Jacques Annaud (Rep\u00e9rage), Vend\u00f4me Production, TF1 Films Production. <\/span><span style=\"font-weight: 400;\"><br \/>\n<\/span><b>Cinematography<\/b><span style=\"font-weight: 400;\">: Jean-Marie Drejou<\/span><span style=\"font-weight: 400;\"><br \/>\n<\/span><b>Film Editing<\/b><span style=\"font-weight: 400;\">: Reynald Bertrand<br \/>\n<\/span><b>Original Score<\/b><span style=\"font-weight: 400;\">: Simon Franglen<\/span><span style=\"font-weight: 400;\"><br \/>\n<\/span><b>Cast<\/b><span style=\"font-weight: 400;\">:<\/span> <span style=\"font-weight: 400;\">Samuel Labarthe (Fire Chief Gonthier),\u00a0Jean-Paul Bordes (Fire Chief Gallet),\u00a0Mika\u00ebl Chirinian (Laurent Prades), J\u00e9r\u00e9mie Laheurte (Assistant Chief Jo\u00ebl), Maximilien Seweryn (Sergeant Reynald), Garlan Le Martelot (Aur\u00e9lien), Dimitri Storoge (Captain Francis), Pierre Lottin (Lieutenant Alexandre)<br \/>\n<\/span><b>International Sales<\/b><span style=\"font-weight: 400;\">: Path\u00e9 Films<\/span><\/p>\n<p style=\"text-align: justify;\"><b>Jean-Jacques Annaud<\/b><span style=\"font-weight: 400;\"> delivers a riveting, action-packed, truly spectacular cliff-hanger of a disaster movie \u2014 filmed for IMAX, no less \u2014 recounting the real-life, devastating blaze that engulfed Notre-Dame cathedral on <\/span><span style=\"font-weight: 400;\">April 15, <\/span><span style=\"font-weight: 400;\">2019.\u00a0 Inventively intercutting original dramatic scenes of firefighters and emergency responders doing their thing, with digital effects, smartphone videos and archival news footage, Annaud <\/span><span style=\"font-weight: 400;\">offers up a dazzling, blow-by-blow recreation<\/span><span style=\"font-weight: 400;\"> of that terrifying inferno. There are plenty of pyrotechnics and lots of production value, with real spires collapsing and molten lead gushing from the mouths of gargoyles.\u00a0 But it&#8217;s the courageous men and women risking their lives to battle that firestorm, against all apparent odds, who keep us on the edge of our seats and lodge that veritable lump in our throats. For a story whose outcome we all know only too well, it&#8217;s a real nail-biter!<\/span><\/p>\n<p style=\"text-align: justify;\"><span style=\"font-weight: 400;\">Veteran filmmaker <\/span><b>Jean-Jacques Annaud<\/b><span style=\"font-weight: 400;\"> is a 1964 graduate of the IDHEC film school. He began his career directing TV commercials in the late &#8217;60s and early &#8217;70s.\u00a0 His very first feature, <\/span><i><span style=\"font-weight: 400;\">Black and White in Color<\/span><\/i><span style=\"font-weight: 400;\"> (1976), nabbed an Academy Award as Best Foreign Film. He went on to win five C\u00e9sar Awards \u2014 for Best Film and Best Director for <\/span><i><span style=\"font-weight: 400;\">Quest for Fire<\/span><\/i><span style=\"font-weight: 400;\"> (1982); Best Foreign Film for <\/span><i><span style=\"font-weight: 400;\">The Name of the Rose<\/span><\/i><span style=\"font-weight: 400;\"> (1987), starring Sean Connery, which also nabbed a David di Donatello Award; and Best Director again for <\/span><i><span style=\"font-weight: 400;\">The Bear<\/span><\/i><span style=\"font-weight: 400;\"> (1988). His other films include an adaptation of the Marguerite Duras autobiographical novel, <\/span><i><span style=\"font-weight: 400;\">The Lover<\/span><\/i><span style=\"font-weight: 400;\"> (1992); <\/span><i><span style=\"font-weight: 400;\">Seven Years in Tibet<\/span><\/i><span style=\"font-weight: 400;\"> (1997), starring Brad Pitt; <\/span><i><span style=\"font-weight: 400;\">Enemy at the Gates<\/span><\/i><span style=\"font-weight: 400;\"> (2001), starring Jude Law; <\/span><i><span style=\"font-weight: 400;\">Two Brothers<\/span><\/i><span style=\"font-weight: 400;\"> (2004); and <\/span><i><span style=\"font-weight: 400;\">Sa majest\u00e9 Minor<\/span><\/i><span style=\"font-weight: 400;\"> (2007).\u00a0 In 2018, Annaud directed all ten episodes of the miniseries <\/span><i><span style=\"font-weight: 400;\">The Truth About the Harry Quebert Affair<\/span><\/i><span style=\"font-weight: 400;\">. The 26th American French Film Festival is proud to present <\/span><b><i>Notre-Dame On Fire <\/i><\/b><span style=\"font-weight: 400;\">as its Opening Film, in its first screening to North American audiences.<\/span><\/p>\n[\/vc_column_text][\/vc_column][vc_column width=&#8221;1\/2&#8243;][mk_image src=&#8221;https:\/\/theamericanfrenchfilmfestival.org\/wp-content\/uploads\/2022\/09\/notre_dame_on_fire-466106897-large.jpeg&#8221; image_size=&#8221;full&#8221; frame_style=&#8221;gray_border&#8221; align=&#8221;center&#8221;][\/vc_column][\/vc_row][vc_row][vc_column][vc_column_text]\n[\/vc_column_text][\/vc_column][\/vc_row]\n<\/div>","protected":false},"excerpt":{"rendered":"<p>[vc_row][vc_column][mk_padding_divider][vc_column_text css=&#8221;.vc_custom_1663687023939{margin-bottom: 0px !important;}&#8221;] NOTRE-DAME ON FIRE (NOTRE-DAME BR\u00dbLE) [\/vc_column_text][mk_padding_divider size=&#8221;20&#8243;][vc_separator color=&#8221;custom&#8221; accent_color=&#8221;#ea1300&#8243;][\/vc_column][\/vc_row][vc_row][vc_column width=&#8221;1\/2&#8243;][vc_column_text css=&#8221;.vc_custom_1664326209355{margin-bottom: 0px !important;}&#8221;] Monday, October 10 OPENING NIGHT GALA BY INVITATION &#8211; LIMITED TICKETS FOR SALE RENOIR &amp; TRUFFAUT THEATRES\u2013 6:00 pm Followed by a conversation with writer\/director Jean-Jacques Annaud Friday, October 14\u00a0 FILM RERUN WITH BOX OFFICE RENOIR THEATRE &#8211; [&hellip;]<\/p>\n","protected":false},"author":4,"featured_media":0,"parent":0,"menu_order":0,"comment_status":"closed","ping_status":"closed","template":"","meta":{"footnotes":""},"class_list":["post-11728","page","type-page","status-publish","hentry"],"_links":{"self":[{"href":"https:\/\/theamericanfrenchfilmfestival.org\/wp-json\/wp\/v2\/pages\/11728","targetHints":{"allow":["GET"]}}],"collection":[{"href":"https:\/\/theamericanfrenchfilmfestival.org\/wp-json\/wp\/v2\/pages"}],"about":[{"href":"https:\/\/theamericanfrenchfilmfestival.org\/wp-json\/wp\/v2\/types\/page"}],"author":[{"embeddable":true,"href":"https:\/\/theamericanfrenchfilmfestival.org\/wp-json\/wp\/v2\/users\/4"}],"replies":[{"embeddable":true,"href":"https:\/\/theamericanfrenchfilmfestival.org\/wp-json\/wp\/v2\/comments?post=11728"}],"version-history":[{"count":13,"href":"https:\/\/theamericanfrenchfilmfestival.org\/wp-json\/wp\/v2\/pages\/11728\/revisions"}],"predecessor-version":[{"id":13051,"href":"https:\/\/theamericanfrenchfilmfestival.org\/wp-json\/wp\/v2\/pages\/11728\/revisions\/13051"}],"wp:attachment":[{"href":"https:\/\/theamericanfrenchfilmfestival.org\/wp-json\/wp\/v2\/media?parent=11728"}],"curies":[{"name":"wp","href":"https:\/\/api.w.org\/{rel}","templated":true}]}}