{"id":11499,"date":"2022-08-12T15:51:57","date_gmt":"2022-08-12T15:51:57","guid":{"rendered":"https:\/\/theamericanfrenchfilmfestival.org\/?page_id=11499"},"modified":"2022-10-01T18:17:32","modified_gmt":"2022-10-01T18:17:32","slug":"divertimento","status":"publish","type":"page","link":"https:\/\/theamericanfrenchfilmfestival.org\/divertimento\/","title":{"rendered":"DIVERTIMENTO (DIVERTIMENTO)"},"content":{"rendered":"<div class=\"wpb-content-wrapper\">[vc_row][vc_column][mk_padding_divider][vc_column_text css=&#8221;.vc_custom_1663687902729{margin-bottom: 0px !important;}&#8221;]\n<h1 style=\"text-align: center;\">DIVERTIMENTO<\/h1>\n[\/vc_column_text][mk_padding_divider size=&#8221;20&#8243;][vc_separator color=&#8221;custom&#8221; accent_color=&#8221;#ea1300&#8243;][\/vc_column][\/vc_row][vc_row][vc_column width=&#8221;1\/2&#8243;][vc_column_text css=&#8221;.vc_custom_1664555543043{margin-bottom: 0px !important;}&#8221;]\n<p style=\"text-align: center;\"><strong>Tuesday, October 11<\/strong> &#8211; Renoir Theatre \u2013 7:45 pm<br \/>\n<em>(Screening ends at 9:45 pm)<br \/>\n<\/em>+ <a href=\"https:\/\/theamericanfrenchfilmfestival.org\/short-films-2022\/\" target=\"_blank\" rel=\"noopener\">Short Film Presentation<\/a>: PAYRAISE<br \/>\n<strong>Followed by a conversation with\u00a0 writer\/director<br \/>\nMarie-Castille Mention-Schaar<span class=\"Apple-converted-space\">\u00a0<\/span><\/strong><\/p>\n<p style=\"text-align: center;\"><strong>FICTION \/ DRAMA COMEDY<\/strong><\/p>\n[\/vc_column_text][\/vc_column][vc_column width=&#8221;1\/2&#8243;][vc_column_text css=&#8221;.vc_custom_1664582249266{margin-bottom: 0px !important;}&#8221;]\n<p style=\"text-align: center;\"><span style=\"color: #ea1300;\">Presented in Association with:<br \/>\n<\/span>France Televisions<br \/>\nLe Pacte<br \/>\nWomen in Film<\/p>\n[\/vc_column_text][mk_image src=&#8221;https:\/\/theamericanfrenchfilmfestival.org\/wp-content\/uploads\/2022\/09\/order-tickets.jpg&#8221; image_size=&#8221;full&#8221; link=&#8221;https:\/\/theamericanfrenchfilmfestival.eventive.org\/schedule\/63266998e664bd00dcd3a760&#8243; align=&#8221;center&#8221;][\/vc_column][\/vc_row][vc_row][vc_column][mk_padding_divider size=&#8221;20&#8243;][vc_separator color=&#8221;custom&#8221; accent_color=&#8221;#ea1300&#8243;][\/vc_column][\/vc_row][vc_row][vc_column width=&#8221;1\/2&#8243;][vc_column_text css=&#8221;.vc_custom_1664648249064{margin-bottom: 0px !important;}&#8221;]<span style=\"color: #ea1300;\"><b>International Premiere<\/b> <\/span><span style=\"font-weight: 400;\">| France\u00a0| <\/span><span style=\"font-weight: 400;\">2023<\/span><span style=\"font-weight: 400;\">\u00a0|\u00a0Drama, Biopic |\u00a0111\u00a0min\u00a0|\u00a0In French with English subtitles <\/span><span style=\"font-weight: 400;\"><br \/>\n<\/span><span style=\"font-weight: 400;\"><br \/>\n<\/span><b>Directed by<\/b><span style=\"font-weight: 400;\">:<\/span> <span style=\"font-weight: 400;\">Marie-Castille Mention-Schaar <\/span><span style=\"font-weight: 400;\"><br \/>\n<\/span><b>Written by<\/b><span style=\"font-weight: 400;\">: <\/span><span style=\"font-weight: 400;\">Marie-Castille Mention-Schaar, Clara Bourreau<\/span><span style=\"font-weight: 400;\"><br \/>\n<\/span><b>Produced by<\/b><span style=\"font-weight: 400;\">: Olivier Gastinel (Estello Films) Marc-Beno\u00eet Cr\u00e9ancier (Easy Tiger), France 2 Cin\u00e9ma<br \/>\n<\/span><b>Cinematography<\/b><span style=\"font-weight: 400;\">: Naomi Amarger<br \/>\n<\/span><b>Film Editing<\/b><span style=\"font-weight: 400;\">: Beno\u00eet Quinon<\/span><span style=\"font-weight: 400;\"><br \/>\n<\/span><b>Cast<\/b><span style=\"font-weight: 400;\">:<\/span> <span style=\"font-weight: 400;\">Oulaya Amamra (Zahia Ziouani)<\/span><span style=\"font-weight: 400;\">,\u00a0<\/span><span style=\"font-weight: 400;\">Lina El Arabi (Fettouma Ziouani)<\/span><span style=\"font-weight: 400;\">,\u00a0<\/span><span style=\"font-weight: 400;\">Niels Arestrup (Sergiu Celibidache), Zinedine Soualem (the father), Nadia Kaci, Lionel Cecilio<br \/>\n<\/span><b>International Sales<\/b><span style=\"font-weight: 400;\">:<\/span> <span style=\"font-weight: 400;\">Le Pacte<br \/>\n<\/span><\/p>\n<p style=\"text-align: justify;\"><b>Marie-Castille Mention-Schaar<\/b>&#8216;s powerful seventh feature, <b><i>Divertimento<\/i><\/b>, plunges us, heart and soul, into the voluptuous world of classical music.\u00a0 At times weaving a rich tapestry of sound and melodies to express what&#8217;s going on in her heroine&#8217;s head, the film recounts the inspiring, true story of Zahia Ziouani.\u00a0 A determined, gifted 17-year-old musician, Zahia has but one dream \u2014 to become a conductor.\u00a0 Music is her life; it&#8217;s a love she shares with her entire family.\u00a0 Yet, in 1995, all odds seem to be stacked against her.\u00a0 First and foremost, she&#8217;s a woman.\u00a0 The daughter of Algerian immigrants.\u00a0 From a working-class background.\u00a0 None of that plays well at her stuffy Parisian conservatory, or at the competitions she embarks upon.\u00a0 Her path is strewn with obstacles.\u00a0 Yet, in her drive to make symphonic music accessible to one and all, she somehow creates the culturally-diverse Divertimento orchestra, based in her own Parisian immigrant neighborhood.\u00a0 The real-life Zahia continues to conduct that orchestra to this day.\u00a0 Watching this ode to one young woman&#8217;s musical passion, it&#8217;s almost impossible not to feel one&#8217;s heart soar.<\/p>\n<p style=\"text-align: justify;\"><span style=\"font-weight: 400;\">Writer\/director <\/span><b>Marie-Castille Mention-Schaar<\/b><span style=\"font-weight: 400;\"> began her career joining forces with Pierre Kubel and Fr\u00e9d\u00e9ric Bourboulon to create the production company Friday Film, and producing films for directors like Antoine de Caunes, Pierre Jolivet and Richard E. Grant.\u00a0 In 2009, she co-wrote the screenplay for <\/span><i><span style=\"font-weight: 400;\">La Premi\u00e8re \u00e9toile<\/span><\/i><span style=\"font-weight: 400;\"> with director Lucien Jean-Baptiste, which won the Audience Award and Grand Prix at the Alpe d&#8217;Huez International Comedy Festival, and the Audience Award at the Hamburg Film Festival; as well as its sequel, <\/span><i><span style=\"font-weight: 400;\">La Deuxi\u00e8me \u00e9toile<\/span><\/i><span style=\"font-weight: 400;\"> (2017).\u00a0 In 2012, she wrote and directed her first feature, <\/span><i><span style=\"font-weight: 400;\">Ma premi\u00e8re fois<\/span><\/i><span style=\"font-weight: 400;\">.\u00a0 That was followed by <\/span><i><span style=\"font-weight: 400;\">Bowling<\/span><\/i><span style=\"font-weight: 400;\"> (2012); <i>Once in a Lifetime<\/i>, which won the Audience Special Award and the Critics Special Award at COLCOA in 2015<\/span><span style=\"font-weight: 400;\">; <\/span><i><span style=\"font-weight: 400;\">Heaven Will Wait<\/span><\/i><span style=\"font-weight: 400;\"> (COLCOA 2017); <\/span><i><span style=\"font-weight: 400;\">All About Mothers<\/span><\/i><span style=\"font-weight: 400;\"> (2018); and <\/span><i><span style=\"font-weight: 400;\">A Good Man<\/span><\/i><span style=\"font-weight: 400;\"> (2020), which was an official selection at Cannes that year and took the FIPRESCI Prize at the Festival del Cinema Europeo.\u00a0 In 2021, she directed an episode of <\/span><i><span style=\"font-weight: 400;\">H24, 24h de la vie d&#8217;une femme<\/span><\/i><span style=\"font-weight: 400;\">, an Arte series inspired by 24 true stories of violence against women.<\/span><\/p>\n[\/vc_column_text][\/vc_column][vc_column width=&#8221;1\/2&#8243;][mk_image src=&#8221;https:\/\/theamericanfrenchfilmfestival.org\/wp-content\/uploads\/2022\/08\/divertimento.jpg&#8221; image_size=&#8221;full&#8221; frame_style=&#8221;gray_border&#8221; align=&#8221;center&#8221;][mk_padding_divider size=&#8221;20&#8243;][mk_image src=&#8221;https:\/\/theamericanfrenchfilmfestival.org\/wp-content\/uploads\/2022\/08\/divertimento-2.jpg&#8221; image_size=&#8221;full&#8221; frame_style=&#8221;gray_border&#8221; align=&#8221;center&#8221;][\/vc_column][\/vc_row][vc_row][vc_column][vc_column_text]\n[\/vc_column_text][\/vc_column][\/vc_row]\n<\/div>","protected":false},"excerpt":{"rendered":"<p>[vc_row][vc_column][mk_padding_divider][vc_column_text css=&#8221;.vc_custom_1663687902729{margin-bottom: 0px !important;}&#8221;] DIVERTIMENTO [\/vc_column_text][mk_padding_divider size=&#8221;20&#8243;][vc_separator color=&#8221;custom&#8221; accent_color=&#8221;#ea1300&#8243;][\/vc_column][\/vc_row][vc_row][vc_column width=&#8221;1\/2&#8243;][vc_column_text css=&#8221;.vc_custom_1664555543043{margin-bottom: 0px !important;}&#8221;] Tuesday, October 11 &#8211; Renoir Theatre \u2013 7:45 pm (Screening ends at 9:45 pm) + Short Film Presentation: PAYRAISE Followed by a conversation with\u00a0 writer\/director Marie-Castille Mention-Schaar\u00a0 FICTION \/ DRAMA COMEDY [\/vc_column_text][\/vc_column][vc_column width=&#8221;1\/2&#8243;][vc_column_text css=&#8221;.vc_custom_1664582249266{margin-bottom: 0px !important;}&#8221;] Presented in Association with: France Televisions [&hellip;]<\/p>\n","protected":false},"author":4,"featured_media":0,"parent":0,"menu_order":0,"comment_status":"closed","ping_status":"closed","template":"","meta":{"footnotes":""},"class_list":["post-11499","page","type-page","status-publish","hentry"],"_links":{"self":[{"href":"https:\/\/theamericanfrenchfilmfestival.org\/wp-json\/wp\/v2\/pages\/11499","targetHints":{"allow":["GET"]}}],"collection":[{"href":"https:\/\/theamericanfrenchfilmfestival.org\/wp-json\/wp\/v2\/pages"}],"about":[{"href":"https:\/\/theamericanfrenchfilmfestival.org\/wp-json\/wp\/v2\/types\/page"}],"author":[{"embeddable":true,"href":"https:\/\/theamericanfrenchfilmfestival.org\/wp-json\/wp\/v2\/users\/4"}],"replies":[{"embeddable":true,"href":"https:\/\/theamericanfrenchfilmfestival.org\/wp-json\/wp\/v2\/comments?post=11499"}],"version-history":[{"count":16,"href":"https:\/\/theamericanfrenchfilmfestival.org\/wp-json\/wp\/v2\/pages\/11499\/revisions"}],"predecessor-version":[{"id":13091,"href":"https:\/\/theamericanfrenchfilmfestival.org\/wp-json\/wp\/v2\/pages\/11499\/revisions\/13091"}],"wp:attachment":[{"href":"https:\/\/theamericanfrenchfilmfestival.org\/wp-json\/wp\/v2\/media?parent=11499"}],"curies":[{"name":"wp","href":"https:\/\/api.w.org\/{rel}","templated":true}]}}