{"id":11495,"date":"2022-08-12T15:38:17","date_gmt":"2022-08-12T15:38:17","guid":{"rendered":"https:\/\/theamericanfrenchfilmfestival.org\/?page_id=11495"},"modified":"2022-09-28T16:22:35","modified_gmt":"2022-09-28T16:22:35","slug":"blazing-neon","status":"publish","type":"page","link":"https:\/\/theamericanfrenchfilmfestival.org\/blazing-neon\/","title":{"rendered":"BLAZING NEON (DU CR\u00c9PITEMENT SOUS LES N\u00c9ONS)"},"content":{"rendered":"<div class=\"wpb-content-wrapper\">[vc_row][vc_column][mk_padding_divider][vc_column_text css=&#8221;.vc_custom_1660318599109{margin-bottom: 0px !important;}&#8221;]\n<h1 style=\"text-align: center;\">BLAZING NEON<br \/>\n(DU CR\u00c9PITEMENT SOUS LES N\u00c9ONS)<\/h1>\n[\/vc_column_text][mk_padding_divider size=&#8221;20&#8243;][vc_separator color=&#8221;custom&#8221; accent_color=&#8221;#ea1300&#8243;][\/vc_column][\/vc_row][vc_row][vc_column width=&#8221;1\/2&#8243;][vc_column_text css=&#8221;.vc_custom_1664382153718{margin-bottom: 0px !important;}&#8221;]\n<p class=\"p1\" style=\"text-align: center;\"><b>Friday, October 14<\/b> &#8211; Renoir Theatre \u20138:10 pm<br \/>\n<em>(Screening ends at 10:10 pm)<br \/>\n<\/em>+ <a href=\"https:\/\/theamericanfrenchfilmfestival.org\/short-films-2022\/\" target=\"_blank\" rel=\"noopener\">Short Film Presentation<\/a>: FAIR PLAY<br \/>\n<b>Followed by a conversation with writer\/directors <\/b><span class=\"s1\"><b>Fabrice Gar\u00e7on and Kevin Ossona<\/b><\/span><\/p>\n<p style=\"text-align: center;\"><strong>FICTION \/ THRILLER, DRAMA<br \/>\nFILM NOIR SERIES &amp; AFTER 10<\/strong><\/p>\n[\/vc_column_text][\/vc_column][vc_column width=&#8221;1\/2&#8243;][vc_column_text css=&#8221;.vc_custom_1663820728086{margin-bottom: 0px !important;}&#8221;]\n<p style=\"text-align: center;\"><span style=\"color: #ea1300;\">Presented in Association with:<br \/>\n<\/span>Wild Bunch International<br \/>\nELMA<\/p>\n[\/vc_column_text][mk_image src=&#8221;https:\/\/theamericanfrenchfilmfestival.org\/wp-content\/uploads\/2022\/09\/order-tickets.jpg&#8221; image_size=&#8221;full&#8221; link=&#8221;https:\/\/theamericanfrenchfilmfestival.eventive.org\/schedule\/6316cc3e6f7545005a4ca947&#8243; align=&#8221;center&#8221;][\/vc_column][\/vc_row][vc_row][vc_column][mk_padding_divider size=&#8221;20&#8243;][vc_separator color=&#8221;custom&#8221; accent_color=&#8221;#ea1300&#8243;][\/vc_column][\/vc_row][vc_row][vc_column width=&#8221;1\/2&#8243;][vc_column_text css=&#8221;.vc_custom_1662409304519{margin-bottom: 0px !important;}&#8221;]<span style=\"color: #ea1300;\"><b>World Premiere<\/b><\/span><span style=\"font-weight: 400;\"> | France\u00a0|\u00a02023<\/span><b>\u00a0<\/b><span style=\"font-weight: 400;\">| Thriller, Film Noir | 98 min | In French with English subtitles <\/span><span style=\"font-weight: 400;\"><br \/>\n<\/span><span style=\"font-weight: 400;\"><br \/>\n<\/span><b>Directed by<\/b><span style=\"font-weight: 400;\">:<\/span> <span style=\"font-weight: 400;\">FGKO (Fabrice Gar\u00e7on, Kevin Ossona)<\/span><span style=\"font-weight: 400;\"><br \/>\n<\/span><b>Written by<\/b><span style=\"font-weight: 400;\">: Sherazade Khalladi, Fabrice Gar\u00e7on, Kevin Ossona<\/span><span style=\"font-weight: 400;\"><br \/>\n<\/span><b>Based on the Work of<\/b><span style=\"font-weight: 400;\">: R\u00e9my Lasource<\/span><span style=\"font-weight: 400;\"><br \/>\n<\/span><b>Produced by<\/b><span style=\"font-weight: 400;\">: Yves Darondeau, Cl\u00e9ment Renouvin &amp; Emmanuel Priou (Bonne Pioche Productions), Fr\u00e9d\u00e9ric Fiore &amp; David Meadeb (Logical Pictures)<\/span><span style=\"font-weight: 400;\"><br \/>\n<\/span><b>Cinematography<\/b><span style=\"font-weight: 400;\">: Fabio Caldironi<\/span><span style=\"font-weight: 400;\"><br \/>\n<\/span><b>Film Editing<\/b><span style=\"font-weight: 400;\">: Jean-Christophe Bouzy<\/span><span style=\"font-weight: 400;\"><br \/>\n<\/span><b>Original Score<\/b><span style=\"font-weight: 400;\">: Pierre Lefeuvre a.k.a. Saycet<\/span><span style=\"font-weight: 400;\"><br \/>\n<\/span><b>Cast<\/b><span style=\"font-weight: 400;\">:<\/span> <span style=\"font-weight: 400;\">J\u00e9r\u00e9mie Laheurte (Yann), Tracy Gotoas (Dara), Bosh, Idir Azougli<\/span><span style=\"font-weight: 400;\"><br \/>\n<\/span><b>International Sales<\/b><span style=\"font-weight: 400;\">: Wild Bunch International<\/span><\/p>\n<p style=\"text-align: justify;\"><span style=\"font-weight: 400;\">The writer-director team of <\/span><b>Fabrice Gar\u00e7on<\/b><span style=\"font-weight: 400;\"> and <\/span><b>Kevin Ossona<\/b><span style=\"font-weight: 400;\"> \u2014 a.k.a. FGKO \u2014 returns to familiar underworld territory in their second feature, <\/span><b><i>Blazing Neon<\/i><\/b><span style=\"font-weight: 400;\">.\u00a0 As usual, their hero, Yann, is caught in a web of criminal activity.\u00a0 Already on parole and up to his ears in debt, he plugs along from one petty theft to the next.\u00a0 But when a pair of gangster thugs threatens his life if he doesn&#8217;t pay up, Yann decides to take a job with the &#8220;big boys.&#8221;\u00a0 His task: to deliver Dara, a young Nigerian woman fresh off the boat and now in the clutches of a dangerous prostitution ring, to Spain.\u00a0 There, he&#8217;ll get his payoff.\u00a0 But Dara is not exactly easy cargo to move. She fights him tooth and nail, and her resistance will lead him far off his designated route.<\/span><\/p>\n<p style=\"text-align: justify;\"><span style=\"font-weight: 400;\">Often signing their works FGKO,<\/span><b> Fabrice Gar\u00e7on<\/b><span style=\"font-weight: 400;\"> and <\/span><b>Kevin Ossona<\/b><span style=\"font-weight: 400;\"> have made their reputation cowriting and co-directing gritty thrillers filled with mobsters and petty criminals, which take place in the seedy underbelly of French society. Their short films include <\/span><i><span style=\"font-weight: 400;\">Cerb\u00e8re<\/span><\/i><span style=\"font-weight: 400;\"> (2012), <\/span><i><span style=\"font-weight: 400;\">Iwaa<\/span><\/i><span style=\"font-weight: 400;\"> (2014) and <\/span><i><span style=\"font-weight: 400;\">J&#8217;ai dix ans<\/span><\/i><span style=\"font-weight: 400;\"> (2015).\u00a0 Their first feature film <\/span><i><span style=\"font-weight: 400;\">Thugocratie<\/span><\/i><span style=\"font-weight: 400;\"> (2015), the tale of an ex-con who&#8217;s trying to go straight, was a big winner at the Manchester Film Festival, nabbing the <\/span><span style=\"font-weight: 400;\">Film of the Festival, Best Feature, Best <\/span><span style=\"font-weight: 400;\">Director<\/span><span style=\"font-weight: 400;\"> and Best Actor prizes, before its release in France.\u00a0 <\/span><i><span style=\"font-weight: 400;\">Second Souffle<\/span><\/i><span style=\"font-weight: 400;\"> (2018), their most recent short, tells the story of a former boxer who takes a young fighter under his wing.<\/span> <span style=\"font-weight: 400;\">\u00a0<\/span><b><i>Blazing Neon<\/i><\/b><span style=\"font-weight: 400;\">, their second feature, is adapted from the novel <\/span><i><span style=\"font-weight: 400;\">Du crepitement sous les neons<\/span><\/i><span style=\"font-weight: 400;\"> by R\u00e9my Lasource, a police officer writing under a pen name.\u00a0 Its French release is scheduled for 2023.<\/span><\/p>\n[\/vc_column_text][\/vc_column][vc_column width=&#8221;1\/2&#8243;][mk_image src=&#8221;https:\/\/theamericanfrenchfilmfestival.org\/wp-content\/uploads\/2022\/08\/blazing-neon.jpg&#8221; image_size=&#8221;full&#8221; frame_style=&#8221;gray_border&#8221; align=&#8221;center&#8221;][\/vc_column][\/vc_row][vc_row][vc_column][vc_column_text]\n[\/vc_column_text][\/vc_column][\/vc_row]\n<\/div>","protected":false},"excerpt":{"rendered":"<p>[vc_row][vc_column][mk_padding_divider][vc_column_text css=&#8221;.vc_custom_1660318599109{margin-bottom: 0px !important;}&#8221;] BLAZING NEON (DU CR\u00c9PITEMENT SOUS LES N\u00c9ONS) [\/vc_column_text][mk_padding_divider size=&#8221;20&#8243;][vc_separator color=&#8221;custom&#8221; accent_color=&#8221;#ea1300&#8243;][\/vc_column][\/vc_row][vc_row][vc_column width=&#8221;1\/2&#8243;][vc_column_text css=&#8221;.vc_custom_1664382153718{margin-bottom: 0px !important;}&#8221;] Friday, October 14 &#8211; Renoir Theatre \u20138:10 pm (Screening ends at 10:10 pm) + Short Film Presentation: FAIR PLAY Followed by a conversation with writer\/directors Fabrice Gar\u00e7on and Kevin Ossona FICTION \/ THRILLER, DRAMA FILM NOIR [&hellip;]<\/p>\n","protected":false},"author":4,"featured_media":0,"parent":0,"menu_order":0,"comment_status":"closed","ping_status":"closed","template":"","meta":{"footnotes":""},"class_list":["post-11495","page","type-page","status-publish","hentry"],"_links":{"self":[{"href":"https:\/\/theamericanfrenchfilmfestival.org\/wp-json\/wp\/v2\/pages\/11495","targetHints":{"allow":["GET"]}}],"collection":[{"href":"https:\/\/theamericanfrenchfilmfestival.org\/wp-json\/wp\/v2\/pages"}],"about":[{"href":"https:\/\/theamericanfrenchfilmfestival.org\/wp-json\/wp\/v2\/types\/page"}],"author":[{"embeddable":true,"href":"https:\/\/theamericanfrenchfilmfestival.org\/wp-json\/wp\/v2\/users\/4"}],"replies":[{"embeddable":true,"href":"https:\/\/theamericanfrenchfilmfestival.org\/wp-json\/wp\/v2\/comments?post=11495"}],"version-history":[{"count":14,"href":"https:\/\/theamericanfrenchfilmfestival.org\/wp-json\/wp\/v2\/pages\/11495\/revisions"}],"predecessor-version":[{"id":13058,"href":"https:\/\/theamericanfrenchfilmfestival.org\/wp-json\/wp\/v2\/pages\/11495\/revisions\/13058"}],"wp:attachment":[{"href":"https:\/\/theamericanfrenchfilmfestival.org\/wp-json\/wp\/v2\/media?parent=11495"}],"curies":[{"name":"wp","href":"https:\/\/api.w.org\/{rel}","templated":true}]}}