{"id":11479,"date":"2022-08-11T16:34:58","date_gmt":"2022-08-11T16:34:58","guid":{"rendered":"https:\/\/theamericanfrenchfilmfestival.org\/?page_id=11479"},"modified":"2022-09-25T18:36:36","modified_gmt":"2022-09-25T18:36:36","slug":"full-time","status":"publish","type":"page","link":"https:\/\/theamericanfrenchfilmfestival.org\/full-time\/","title":{"rendered":"FULL TIME (\u00c0 PLEIN TEMPS)"},"content":{"rendered":"<div class=\"wpb-content-wrapper\">[vc_row][vc_column][mk_padding_divider][vc_column_text css=&#8221;.vc_custom_1663687799647{margin-bottom: 0px !important;}&#8221;]\n<h1 style=\"text-align: center;\">FULL TIME<br \/>\n(\u00c0 PLEIN TEMPS)<\/h1>\n[\/vc_column_text][mk_padding_divider size=&#8221;20&#8243;][vc_separator color=&#8221;custom&#8221; accent_color=&#8221;#ea1300&#8243;][\/vc_column][\/vc_row][vc_row][vc_column width=&#8221;1\/2&#8243;][vc_column_text css=&#8221;.vc_custom_1664130989119{margin-bottom: 0px !important;}&#8221;]\n<p class=\"p1\" style=\"text-align: center;\"><b>Friday, October 14\u00a0<\/b> &#8211; Truffaut Theatre \u2013 8:20 pm<br \/>\n<em>(Screening ends at 9:55 pm)<\/em><\/p>\n<p style=\"text-align: center;\"><strong>FICTION \/ DRAMA<br \/>\nFRENCH NEWAVE 2.0<br \/>\n<\/strong><\/p>\n[\/vc_column_text][\/vc_column][vc_column width=&#8221;1\/2&#8243;][vc_column_text css=&#8221;.vc_custom_1663821746273{margin-bottom: 0px !important;}&#8221;]\n<p style=\"text-align: center;\"><span style=\"color: #ea1300;\">Presented in Association with:<br \/>\n<\/span>Be For Films<br \/>\nFrance Televisions<br \/>\nMusic Box Films<\/p>\n[\/vc_column_text][mk_image src=&#8221;https:\/\/theamericanfrenchfilmfestival.org\/wp-content\/uploads\/2022\/09\/order-tickets.jpg&#8221; image_size=&#8221;full&#8221; link=&#8221;https:\/\/theamericanfrenchfilmfestival.eventive.org\/schedule\/63268f1d7cee36005c9f7491&#8243; align=&#8221;center&#8221;][\/vc_column][\/vc_row][vc_row][vc_column][mk_padding_divider size=&#8221;20&#8243;][vc_separator color=&#8221;custom&#8221; accent_color=&#8221;#ea1300&#8243;][\/vc_column][\/vc_row][vc_row][vc_column width=&#8221;1\/2&#8243;][vc_column_text css=&#8221;.vc_custom_1663428797436{margin-bottom: 0px !important;}&#8221;]<strong><span style=\"color: #ea1300;\">Los Angeles Premiere<\/span><\/strong><span style=\"font-weight: 400;\"> | France\u00a0|\u00a02022\u00a0|\u00a0Drama |\u00a087\u00a0min\u00a0|\u00a0In French with English subtitles <\/span><span style=\"font-weight: 400;\"><br \/>\n<\/span><span style=\"font-weight: 400;\"><br \/>\n<\/span><b>Directed by<\/b><span style=\"font-weight: 400;\">:<\/span> <span style=\"font-weight: 400;\">\u00c9ric Gravel<br \/>\n<\/span><b>Written by<\/b><span style=\"font-weight: 400;\">: <\/span><span style=\"font-weight: 400;\">\u00c9ric Gravel<\/span> <b><br \/>\n<\/b><b>Produced by<\/b><span style=\"font-weight: 400;\">: Rapha\u00eblle Delauche, Nicolas Sanfaute (Novoprod)<\/span><span style=\"font-weight: 400;\"><br \/>\n<\/span><b>Cinematography<\/b><span style=\"font-weight: 400;\">: Victor Seguin<br \/>\n<\/span><b>Film Editing<\/b><span style=\"font-weight: 400;\">: Mathilde Van de Moortel<br \/>\n<\/span><b>Original Score<\/b><span style=\"font-weight: 400;\">: Ir\u00e8ne Dr\u00e9sel<br \/>\n<\/span><b>Cast<\/b><span style=\"font-weight: 400;\">:<\/span> <span style=\"font-weight: 400;\">Laure Calamy (Julie), <\/span><span style=\"font-weight: 400;\">Anne Suarez (Sylvie)<\/span><span style=\"font-weight: 400;\">,\u00a0<\/span><span style=\"font-weight: 400;\">Genevi\u00e8ve Mnich (Ms Lusigny), Cyril Gue\u00ef (Vincent), Nolan Arizmendi (Nolan), Sasha Lema\u00eetre Cremaschi (Chlo\u00e9), Agathe Dronne (Sophie),<br \/>\n<\/span><b>International Sales<\/b><span style=\"font-weight: 400;\">:<\/span> <span style=\"font-weight: 400;\">Be For Films<br \/>\n<\/span><\/p>\n<p>&nbsp;<\/p>\n<p style=\"text-align: justify;\"><span style=\"font-weight: 400;\">Julie&#8217;s in a race against the clock in <\/span><b>\u00c9ric Gravel<\/b><span style=\"font-weight: 400;\">&#8216;s kinetic second opus, <\/span><b><i>Full Time<\/i><\/b><span style=\"font-weight: 400;\">, which presents the daily routine of a work-a-day mom as a high-stakes intrigue.\u00a0 Nervous, pulsing music building on the soundtrack, its heroine constantly running, the film almost plays like a thriller.\u00a0 But Julie is simply the single mother of two young children, living in the suburbs, with a very long commute back and forth to her demanding job as head chambermaid at a ritzy Paris hotel.\u00a0 She has a lot of balls to keep in the air to make it all work \u2014 convincing her nanny not to quit, making sure her ex sends child support payments on time, planning birthday parties, etc.\u00a0 That&#8217;s on a normal day, and not including tending the kids and the pressure she&#8217;s under at work.\u00a0 Julie no sooner lands an interview for a plum marketing job more suited to her professional and educational experience&#8230; when a general transit strike is announced.\u00a0 Everything grinds to a halt, obstacles multiply, delays and complications snowball&#8230; until it&#8217;s almost a matter of life and death.\u00a0 As Julie, Laure Calamy&#8217;s breathless, pitch-perfect performance keeps us on the edge of our seats from start to finish.\u00a0<\/span><\/p>\n<p>&nbsp;<\/p>\n<p style=\"text-align: justify;\"><span style=\"font-weight: 400;\">Writer\/director <\/span><b>\u00c9ric Gravel<\/b><span style=\"font-weight: 400;\"> began his career with the short films <\/span><i><span style=\"font-weight: 400;\">Ce n&#8217;\u00e9tait qu&#8217;un r\u00eave<\/span><\/i><span style=\"font-weight: 400;\"> (2004) and <\/span><i><span style=\"font-weight: 400;\">Eau Boy<\/span><\/i><span style=\"font-weight: 400;\"> (2007). He served as cinematographer on several episodes of the series <\/span><i><span style=\"font-weight: 400;\">Minuscule<\/span><\/i><span style=\"font-weight: 400;\"> in 2012-13. He also worked as second unit director on that same series in 2006, as well as on the series <\/span><i><span style=\"font-weight: 400;\">Versailles<\/span><\/i><span style=\"font-weight: 400;\"> (2015) and the feature <\/span><i><span style=\"font-weight: 400;\">A Breath Away<\/span><\/i><span style=\"font-weight: 400;\"> (2018).\u00a0 In 2017, he wrote and directed his first feature, <\/span><i><span style=\"font-weight: 400;\">Crash Test Agla\u00e9<\/span><\/i><span style=\"font-weight: 400;\">, about a woman who&#8217;s so attached to her job performing car crash tests that she decides to move to India to hold onto it.\u00a0 Gravel&#8217;s second feature, <\/span><b><i>Full Time<\/i><\/b><span style=\"font-weight: 400;\">, premiered at the 2021 Venice Film Festival, in the Horizons section, which is dedicated to more cutting-edge works, where it snagged both a Best Director prize for Gravel and a Best Actress Award for Laure Calamy, who is probably best known to American audiences as the character of No\u00e9mie on the much-loved Netflix series <\/span><i><span style=\"font-weight: 400;\">Call My Agent!<\/span><\/i><span style=\"font-weight: 400;\">.<\/span><\/p>\n[\/vc_column_text][\/vc_column][vc_column width=&#8221;1\/2&#8243;][mk_image src=&#8221;https:\/\/theamericanfrenchfilmfestival.org\/wp-content\/uploads\/2022\/08\/fulltime.jpg&#8221; image_size=&#8221;full&#8221; frame_style=&#8221;gray_border&#8221; align=&#8221;center&#8221;][\/vc_column][\/vc_row][vc_row][vc_column][vc_column_text]\n[\/vc_column_text][\/vc_column][\/vc_row]\n<\/div>","protected":false},"excerpt":{"rendered":"<p>[vc_row][vc_column][mk_padding_divider][vc_column_text css=&#8221;.vc_custom_1663687799647{margin-bottom: 0px !important;}&#8221;] FULL TIME (\u00c0 PLEIN TEMPS) [\/vc_column_text][mk_padding_divider size=&#8221;20&#8243;][vc_separator color=&#8221;custom&#8221; accent_color=&#8221;#ea1300&#8243;][\/vc_column][\/vc_row][vc_row][vc_column width=&#8221;1\/2&#8243;][vc_column_text css=&#8221;.vc_custom_1664130989119{margin-bottom: 0px !important;}&#8221;] Friday, October 14\u00a0 &#8211; Truffaut Theatre \u2013 8:20 pm (Screening ends at 9:55 pm) FICTION \/ DRAMA FRENCH NEWAVE 2.0 [\/vc_column_text][\/vc_column][vc_column width=&#8221;1\/2&#8243;][vc_column_text css=&#8221;.vc_custom_1663821746273{margin-bottom: 0px !important;}&#8221;] Presented in Association with: Be For Films France Televisions Music Box Films [\/vc_column_text][mk_image [&hellip;]<\/p>\n","protected":false},"author":4,"featured_media":0,"parent":0,"menu_order":0,"comment_status":"closed","ping_status":"closed","template":"","meta":{"footnotes":""},"class_list":["post-11479","page","type-page","status-publish","hentry"],"_links":{"self":[{"href":"https:\/\/theamericanfrenchfilmfestival.org\/wp-json\/wp\/v2\/pages\/11479","targetHints":{"allow":["GET"]}}],"collection":[{"href":"https:\/\/theamericanfrenchfilmfestival.org\/wp-json\/wp\/v2\/pages"}],"about":[{"href":"https:\/\/theamericanfrenchfilmfestival.org\/wp-json\/wp\/v2\/types\/page"}],"author":[{"embeddable":true,"href":"https:\/\/theamericanfrenchfilmfestival.org\/wp-json\/wp\/v2\/users\/4"}],"replies":[{"embeddable":true,"href":"https:\/\/theamericanfrenchfilmfestival.org\/wp-json\/wp\/v2\/comments?post=11479"}],"version-history":[{"count":16,"href":"https:\/\/theamericanfrenchfilmfestival.org\/wp-json\/wp\/v2\/pages\/11479\/revisions"}],"predecessor-version":[{"id":13000,"href":"https:\/\/theamericanfrenchfilmfestival.org\/wp-json\/wp\/v2\/pages\/11479\/revisions\/13000"}],"wp:attachment":[{"href":"https:\/\/theamericanfrenchfilmfestival.org\/wp-json\/wp\/v2\/media?parent=11479"}],"curies":[{"name":"wp","href":"https:\/\/api.w.org\/{rel}","templated":true}]}}