{"id":11468,"date":"2022-08-07T07:16:19","date_gmt":"2022-08-07T07:16:19","guid":{"rendered":"https:\/\/theamericanfrenchfilmfestival.org\/?page_id=11468"},"modified":"2022-11-02T20:10:17","modified_gmt":"2022-11-02T20:10:17","slug":"the-worst-ones","status":"publish","type":"page","link":"https:\/\/theamericanfrenchfilmfestival.org\/the-worst-ones\/","title":{"rendered":"THE WORST ONES (LES PIRES)"},"content":{"rendered":"<div class=\"wpb-content-wrapper\">[vc_row][vc_column][mk_padding_divider][vc_column_text css=&#8221;.vc_custom_1667419795733{margin-bottom: 0px !important;}&#8221;]\n<h1 style=\"text-align: center;\">THE WORST ONES<br \/>\n(LES PIRES)<\/h1>\n[\/vc_column_text][mk_padding_divider size=&#8221;20&#8243;][vc_separator color=&#8221;custom&#8221; accent_color=&#8221;#ea1300&#8243;][\/vc_column][\/vc_row][vc_row][vc_column width=&#8221;1\/2&#8243;][vc_column_text css=&#8221;.vc_custom_1664383044587{margin-bottom: 0px !important;}&#8221;]\n<p class=\"p1\" style=\"text-align: center;\"><b>Saturday, October 15<\/b> &#8211; Truffaut Theatre \u2013 7:50 pm<br \/>\n<em>(Screening ends at 9:55 pm)<br \/>\n<\/em><a href=\"https:\/\/theamericanfrenchfilmfestival.org\/short-films-2022\/\" target=\"_blank\" rel=\"noopener\">+ Short Film Presentation<\/a>: BREAKPOINT<br \/>\n<b>Followed by a conversation with writer\/director Lise Akoka\u00a0<\/b><\/p>\n<p style=\"text-align: center;\"><strong>FICTION \/ DRAMA<br \/>\nFRENCH NEWAVE 2.0<br \/>\n<\/strong><\/p>\n[\/vc_column_text][\/vc_column][vc_column width=&#8221;1\/2&#8243;][vc_column_text css=&#8221;.vc_custom_1663826465746{margin-bottom: 0px !important;}&#8221;]\n<p style=\"text-align: center;\"><span style=\"color: #ea1300;\">Presented in Association with:<br \/>\n<\/span>France Televisions<br \/>\nKino Lorber<br \/>\nPyramide International<br \/>\nUnifrance<br \/>\nWomen in Film<\/p>\n[\/vc_column_text][mk_image src=&#8221;https:\/\/theamericanfrenchfilmfestival.org\/wp-content\/uploads\/2022\/09\/order-tickets.jpg&#8221; image_size=&#8221;full&#8221; link=&#8221;https:\/\/theamericanfrenchfilmfestival.eventive.org\/schedule\/632693158df51a00367260ac&#8221; align=&#8221;center&#8221;][\/vc_column][\/vc_row][vc_row][vc_column][mk_padding_divider size=&#8221;20&#8243;][vc_separator color=&#8221;custom&#8221; accent_color=&#8221;#ea1300&#8243;][\/vc_column][\/vc_row][vc_row][vc_column width=&#8221;1\/2&#8243;][vc_column_text css=&#8221;.vc_custom_1659729209301{margin-bottom: 0px !important;}&#8221;]<span style=\"color: #ea1300;\"><b>U.S. Premiere<\/b><\/span><span style=\"font-weight: 400;\"> | France\u00a0|\u00a02022\u00a0| Drama |\u00a099\u00a0min\u00a0|\u00a0In French with English subtitles <\/span><span style=\"font-weight: 400;\"><br \/>\n<\/span><span style=\"font-weight: 400;\"><br \/>\n<\/span><b>Directed by<\/b><span style=\"font-weight: 400;\">:<\/span> <span style=\"font-weight: 400;\">Lise Akoka, Romane Gueret<br \/>\n<\/span><b>Written by<\/b>: Lise Akoka, Romane Gueret, \u00c9l\u00e9onore Gurrey<br \/>\n<b>Produced by<\/b><span style=\"font-weight: 400;\">: Marine Alaric, Fr\u00e9d\u00e9ric Jouve (Les Films Velvet), France 3 Cin\u00e9ma<br \/>\n<\/span><b>Cinematography<\/b><span style=\"font-weight: 400;\">: \u00c9ric Dumont<\/span><span style=\"font-weight: 400;\"><br \/>\n<\/span><b>Film Editing<\/b><span style=\"font-weight: 400;\">: Albertine Lastera<\/span><span style=\"font-weight: 400;\"><br \/>\n<\/span><b>Cast<\/b><span style=\"font-weight: 400;\">:<\/span> <span style=\"font-weight: 400;\">Mallory Wanecque (Lily), <\/span><span style=\"font-weight: 400;\">Tim\u00e9o Mahaut (Ryan), <\/span><span style=\"font-weight: 400;\">Johan Heldenbergh (Gabriel, the director), Esther Archambault (Judith), Lo\u00efc Pech (Jessy), <\/span><span style=\"font-weight: 400;\">M\u00e9lina Vanderplancke (Maylis), Ang\u00e9lique Gernez<\/span><span style=\"font-weight: 400;\"> (M<\/span><span style=\"font-weight: 400;\">\u00e9<\/span><span style=\"font-weight: 400;\">lodie), Matthias Jacquin (Victor), <\/span><span style=\"font-weight: 400;\">Dominique Frot (Ryan\u2019s grandmother)<\/span><span style=\"font-weight: 400;\"><br \/>\n<\/span><b>International Sales<\/b><span style=\"font-weight: 400;\">: Pyramide International<br \/>\n<\/span><b>US Distributor<\/b><span style=\"font-weight: 400;\">: Kino Lorber<br \/>\n<\/span><b>US Release date<\/b><span style=\"font-weight: 400;\">: 2023<\/span><\/p>\n<p style=\"text-align: justify;\"><span style=\"font-weight: 400;\">A group of astonishingly gifted newcomers turn in powerful performances in this first feature from former casting directors <\/span><b>Lise Akoka<\/b><span style=\"font-weight: 400;\"> and <\/span><b>Romane Gueret<\/b><span style=\"font-weight: 400;\">.\u00a0 Falling somewhere between an ethical critique on the long French tradition of casting non-professional street kids in <\/span><i><span style=\"font-weight: 400;\">&#8220;banlieue&#8221;<\/span><\/i><span style=\"font-weight: 400;\"> films, and an homage to that very genre, <\/span><b><i>The Worst Ones<\/i><\/b><span style=\"font-weight: 400;\"> uses a film-within-a-film structure to recount the story of a somewhat manipulative middle-aged Belgian director shooting a film in a housing project in northern France.\u00a0 While the director unapologetically purloins elements from the personal lives of his young cast, it&#8217;s the nuance and emotional range of those very actors \u2014 clearly due to the talents of this film&#8217;s directors \u2014 that catch us off guard and give the film its poignant punch.<\/span><\/p>\n<p style=\"text-align: justify;\"><span style=\"font-weight: 400;\">A cinema-studies graduate of the Sorbonne, <\/span><b>Romane Gueret<\/b><span style=\"font-weight: 400;\"> began her career as an assistant director, casting assistant and camerawoman.\u00a0 <\/span><b>Lise Akoka<\/b><span style=\"font-weight: 400;\"> studied psychology and acting before becoming a casting director and children&#8217;s acting coach.\u00a0 The two women met in 2014, while casting a feature film for which they auditioned more than 4,000 non-professional child actors.\u00a0In 2015, they co-directed the short film\u00a0<\/span><i><span style=\"font-weight: 400;\">Chasse<\/span><\/i><span style=\"font-weight: 400;\">\u00a0<\/span><i><span style=\"font-weight: 400;\">Royale<\/span><\/i><span style=\"font-weight: 400;\">, which won the Illy Prize at the 2016 Cannes Directors&#8217; Fortnight, was nominated for a C\u00e9sar Award for Best Short Film, and snagged <\/span><b>two<\/b> <b>prizes at COLCOA in 2017<\/b><span style=\"font-weight: 400;\">.\u00a0 They went on to co-direct\u00a0the documentary\u00a0<\/span><i><span style=\"font-weight: 400;\">Allez gar\u00e7on !<\/span><\/i><span style=\"font-weight: 400;\">\u00a0for Canal+ (2018), and the web series <\/span><i><span style=\"font-weight: 400;\">Tu pr\u00e9f\u00e8res<\/span><\/i><span style=\"font-weight: 400;\"> (2020), which premiered at the Sundance Film Festival and aired on Arte.\u00a0 <\/span><b><i>The Worst Ones<\/i><\/b><span style=\"font-weight: 400;\">, their first feature film,\u00a0was named Best Film of the <\/span><span style=\"font-weight: 400;\">Un Certain Regard section of<\/span><span style=\"font-weight: 400;\"> this year&#8217;s Cannes Film Festival.<\/span><\/p>\n[\/vc_column_text][\/vc_column][vc_column width=&#8221;1\/2&#8243;][mk_image src=&#8221;https:\/\/theamericanfrenchfilmfestival.org\/wp-content\/uploads\/2022\/09\/les-pires-copy.jpg&#8221; image_size=&#8221;full&#8221; frame_style=&#8221;gray_border&#8221; align=&#8221;center&#8221;][\/vc_column][\/vc_row][vc_row][vc_column][vc_column_text]\n[\/vc_column_text][\/vc_column][\/vc_row]\n<\/div>","protected":false},"excerpt":{"rendered":"<p>[vc_row][vc_column][mk_padding_divider][vc_column_text css=&#8221;.vc_custom_1667419795733{margin-bottom: 0px !important;}&#8221;] THE WORST ONES (LES PIRES) [\/vc_column_text][mk_padding_divider size=&#8221;20&#8243;][vc_separator color=&#8221;custom&#8221; accent_color=&#8221;#ea1300&#8243;][\/vc_column][\/vc_row][vc_row][vc_column width=&#8221;1\/2&#8243;][vc_column_text css=&#8221;.vc_custom_1664383044587{margin-bottom: 0px !important;}&#8221;] Saturday, October 15 &#8211; Truffaut Theatre \u2013 7:50 pm (Screening ends at 9:55 pm) + Short Film Presentation: BREAKPOINT Followed by a conversation with writer\/director Lise Akoka\u00a0 FICTION \/ DRAMA FRENCH NEWAVE 2.0 [\/vc_column_text][\/vc_column][vc_column width=&#8221;1\/2&#8243;][vc_column_text css=&#8221;.vc_custom_1663826465746{margin-bottom: 0px !important;}&#8221;] [&hellip;]<\/p>\n","protected":false},"author":4,"featured_media":0,"parent":0,"menu_order":0,"comment_status":"closed","ping_status":"closed","template":"","meta":{"footnotes":""},"class_list":["post-11468","page","type-page","status-publish","hentry"],"_links":{"self":[{"href":"https:\/\/theamericanfrenchfilmfestival.org\/wp-json\/wp\/v2\/pages\/11468","targetHints":{"allow":["GET"]}}],"collection":[{"href":"https:\/\/theamericanfrenchfilmfestival.org\/wp-json\/wp\/v2\/pages"}],"about":[{"href":"https:\/\/theamericanfrenchfilmfestival.org\/wp-json\/wp\/v2\/types\/page"}],"author":[{"embeddable":true,"href":"https:\/\/theamericanfrenchfilmfestival.org\/wp-json\/wp\/v2\/users\/4"}],"replies":[{"embeddable":true,"href":"https:\/\/theamericanfrenchfilmfestival.org\/wp-json\/wp\/v2\/comments?post=11468"}],"version-history":[{"count":16,"href":"https:\/\/theamericanfrenchfilmfestival.org\/wp-json\/wp\/v2\/pages\/11468\/revisions"}],"predecessor-version":[{"id":13193,"href":"https:\/\/theamericanfrenchfilmfestival.org\/wp-json\/wp\/v2\/pages\/11468\/revisions\/13193"}],"wp:attachment":[{"href":"https:\/\/theamericanfrenchfilmfestival.org\/wp-json\/wp\/v2\/media?parent=11468"}],"curies":[{"name":"wp","href":"https:\/\/api.w.org\/{rel}","templated":true}]}}