{"id":11459,"date":"2022-08-04T16:45:42","date_gmt":"2022-08-04T16:45:42","guid":{"rendered":"https:\/\/theamericanfrenchfilmfestival.org\/?page_id=11459"},"modified":"2022-09-22T04:19:28","modified_gmt":"2022-09-22T04:19:28","slug":"the-aerobics-project","status":"publish","type":"page","link":"https:\/\/theamericanfrenchfilmfestival.org\/the-aerobics-project\/","title":{"rendered":"THE AEROBICS PROJECT (TOUTOUYOUTOU) (Season 1)"},"content":{"rendered":"<div class=\"wpb-content-wrapper\">[vc_row][vc_column][mk_padding_divider][vc_column_text css=&#8221;.vc_custom_1663688773967{margin-bottom: 0px !important;}&#8221;]\n<h1 style=\"text-align: center;\">THE AEROBICS PROJECT<br \/>\n(TOUTOUYOUTOU)<\/h1>\n<h4 style=\"text-align: center;\">Season 1<\/h4>\n[\/vc_column_text][mk_padding_divider size=&#8221;20&#8243;][vc_separator color=&#8221;custom&#8221; accent_color=&#8221;#ea1300&#8243;][\/vc_column][\/vc_row][vc_row][vc_column width=&#8221;1\/3&#8243;][vc_column_text css=&#8221;.vc_custom_1663438732023{margin-bottom: 0px !important;}&#8221;]\n<p style=\"text-align: center;\"><b>MELVILLE THEATRE<\/b><\/p>\n<p style=\"text-align: center;\"><strong>TV SERIES \/ COMEDY, SPY<\/strong><\/p>\n[\/vc_column_text][\/vc_column][vc_column width=&#8221;1\/3&#8243;][vc_column_text css=&#8221;.vc_custom_1663631011135{margin-bottom: 0px !important;}&#8221;]\n<ul>\n<li><strong>Tuesday, October 11<\/strong> &#8211; 3:00 pm<br \/>\n<em>(Screening ends at 4:45 pm)<\/em><\/li>\n<li><strong>Wednesday, October 12<\/strong> &#8211; 10:15 pm<\/li>\n<li><strong>Friday, October 14 <\/strong>&#8211; 9:00 am<br \/>\n<em>(screening ends at 10:45 am)<\/em><\/li>\n<li><strong>Saturday, October 15<\/strong> &#8211; 7:30 pm<br \/>\n<em>(Screening ends at 9:15 pm)<\/em><\/li>\n<li><strong>Sunday, October 16<\/strong> &#8211; 3:50 pm<br \/>\n<em>(Screening ends at 5:35 pm)<\/em><\/li>\n<\/ul>\n[\/vc_column_text][\/vc_column][vc_column width=&#8221;1\/3&#8243;][vc_column_text css=&#8221;.vc_custom_1663820330179{margin-bottom: 0px !important;}&#8221;]\n<p style=\"text-align: center;\"><span style=\"color: #ea1300;\">Presented in Association with:<br \/>\n<\/span>France TV Distribution<br \/>\nWomen in Film<\/p>\n[\/vc_column_text][mk_image src=&#8221;https:\/\/theamericanfrenchfilmfestival.org\/wp-content\/uploads\/2018\/03\/free-sn-rsvp-1.jpg&#8221; image_size=&#8221;full&#8221; align=&#8221;center&#8221;][\/vc_column][\/vc_row][vc_row][vc_column][mk_padding_divider size=&#8221;20&#8243;][vc_separator color=&#8221;custom&#8221; accent_color=&#8221;#ea1300&#8243;][\/vc_column][\/vc_row][vc_row][vc_column width=&#8221;1\/2&#8243;][vc_column_text css=&#8221;.vc_custom_1662409614481{margin-bottom: 0px !important;}&#8221;]<span style=\"color: #ea1300;\"><b>International Premiere<\/b><\/span><span style=\"font-weight: 400;\">\u00a0|\u00a0TV Series |France\u00a0|\u00a02022\u00a0|\u00a0Comedy, Spy\u00a0|\u00a010 x 26\u00a0min\u00a0|\u00a0Episodes 1,2,3 &amp; 4 | In French with English subtitles\u00a0<\/span><\/p>\n<p><b>Directed by: <\/b><span style=\"font-weight: 400;\">Julien Patry<\/span><span style=\"font-weight: 400;\"><br \/>\n<\/span><b>Written by<\/b><span style=\"font-weight: 400;\">: Maxime Donzel, G<\/span><span style=\"font-weight: 400;\">\u00e9<\/span><span style=\"font-weight: 400;\">raldine de Margerie, Benjamin Adam, Julien Patry<br \/>\n<\/span><b>Produced by<\/b>: David Coujard (Agat Films \/ Ex Nihilo)<br \/>\n<b>Cinematography<\/b>: Laetitia de Montalembert<br \/>\n<b>Film Editing<\/b>: L\u00e9o Gatelier, St\u00e9phanie P\u00e9lissier<br \/>\n<b>Original Score<\/b>: Cl\u00e9ment Doumic, Antoine Wilson, S\u00e9bastien Wolf (Feu! Chatterton)<br \/>\n<span style=\"font-weight: 400;\"><b>Cast<\/b>: Claire Dumas (Karine), Alexia Barlier (Jane), Sophie Cattani (Mapi), J\u00e9r\u00f4me Pouly (Didier), Apollonia Louisetti (Violette), Souad Arsane (Na\u00efma)<br \/>\n<\/span><b>International Sales: <\/b><span style=\"font-weight: 400;\">France TV Distribution<\/span><span style=\"font-weight: 400;\"><br \/>\n<\/span><b>Original Broadcast<\/b><span style=\"font-weight: 400;\">: OCS Max, Fall 2022<\/span><\/p>\n<p style=\"text-align: justify;\"><span style=\"font-weight: 400;\">The deliciously upbeat <\/span><b><i>Aerobics Project<\/i><\/b><span style=\"font-weight: 400;\"> brings together a delightful concoction of disco music, female empowerment&#8230; and spies!\u00a0 The feel-good series swoops us back to the early &#8217;80s, when the French aeronautics industry was just getting off the ground.\u00a0 A buff American Jane-Fonda type (who&#8217;s actually named Jane) moves into a sleepy Toulouse suburb and turns the community upside down by introducing a handful of local women to aerobics.\u00a0 First and foremost among them is her clever next-door neighbor, Karine, the frustrated wife of a local aeronautics engineer.\u00a0 Jane&#8217;s aerobics class is soon the talk of the town, changing attitudes and knitting together a sense of mutual support and female bonding.\u00a0 There may be more to the beguiling American than originally meets the eye&#8230; but the lives of all these women will never be the same again.<\/span><\/p>\n<p style=\"text-align: justify;\"><span style=\"font-weight: 400;\">Director of numerous commercials and music videos, <\/span><b>Julien Patry<\/b><span style=\"font-weight: 400;\"> began his career with the short film <\/span><i><span style=\"font-weight: 400;\">Prktrnic<\/span><\/i><span style=\"font-weight: 400;\"> (2013), which was awarded the Grand Jury Prize at the Meudon Humorous Short Film Festival.\u00a0 His second short, <\/span><i><span style=\"font-weight: 400;\">Un Entretien<\/span><\/i><span style=\"font-weight: 400;\"> (2016) won the Best Short Film Award at the Alpe d&#8217;Huez International Comedy Film Festival.\u00a0 That short was developed into the <\/span><i><span style=\"font-weight: 400;\">Un Entretien<\/span><\/i><span style=\"font-weight: 400;\"> series (2018-2021) on Canal+, for which Patry wrote and directed all 30 four-to-eight-minute episodes of the show&#8217;s three seasons.\u00a0 <\/span><b><i>The Aerobics Project<\/i><\/b><span style=\"font-weight: 400;\"> deservedly earned its talented composers, the French pop group Feu! Chatterton, the Best Original Music award at this year&#8217;s Series Mania Festival in Lille.<\/span><\/p>\n[\/vc_column_text][\/vc_column][vc_column width=&#8221;1\/2&#8243;][mk_image src=&#8221;https:\/\/theamericanfrenchfilmfestival.org\/wp-content\/uploads\/2022\/08\/the-aerobics-project-poster-sophie-ittah.jpg&#8221; image_size=&#8221;full&#8221; frame_style=&#8221;gray_border&#8221; align=&#8221;center&#8221;][\/vc_column][\/vc_row][vc_row][vc_column][vc_column_text]\n[\/vc_column_text][\/vc_column][\/vc_row]\n<\/div>","protected":false},"excerpt":{"rendered":"<p>[vc_row][vc_column][mk_padding_divider][vc_column_text css=&#8221;.vc_custom_1663688773967{margin-bottom: 0px !important;}&#8221;] THE AEROBICS PROJECT (TOUTOUYOUTOU) Season 1 [\/vc_column_text][mk_padding_divider size=&#8221;20&#8243;][vc_separator color=&#8221;custom&#8221; accent_color=&#8221;#ea1300&#8243;][\/vc_column][\/vc_row][vc_row][vc_column width=&#8221;1\/3&#8243;][vc_column_text css=&#8221;.vc_custom_1663438732023{margin-bottom: 0px !important;}&#8221;] MELVILLE THEATRE TV SERIES \/ COMEDY, SPY [\/vc_column_text][\/vc_column][vc_column width=&#8221;1\/3&#8243;][vc_column_text css=&#8221;.vc_custom_1663631011135{margin-bottom: 0px !important;}&#8221;] Tuesday, October 11 &#8211; 3:00 pm (Screening ends at 4:45 pm) Wednesday, October 12 &#8211; 10:15 pm Friday, October 14 &#8211; 9:00 am (screening ends [&hellip;]<\/p>\n","protected":false},"author":4,"featured_media":0,"parent":0,"menu_order":0,"comment_status":"closed","ping_status":"closed","template":"","meta":{"footnotes":""},"class_list":["post-11459","page","type-page","status-publish","hentry"],"_links":{"self":[{"href":"https:\/\/theamericanfrenchfilmfestival.org\/wp-json\/wp\/v2\/pages\/11459","targetHints":{"allow":["GET"]}}],"collection":[{"href":"https:\/\/theamericanfrenchfilmfestival.org\/wp-json\/wp\/v2\/pages"}],"about":[{"href":"https:\/\/theamericanfrenchfilmfestival.org\/wp-json\/wp\/v2\/types\/page"}],"author":[{"embeddable":true,"href":"https:\/\/theamericanfrenchfilmfestival.org\/wp-json\/wp\/v2\/users\/4"}],"replies":[{"embeddable":true,"href":"https:\/\/theamericanfrenchfilmfestival.org\/wp-json\/wp\/v2\/comments?post=11459"}],"version-history":[{"count":12,"href":"https:\/\/theamericanfrenchfilmfestival.org\/wp-json\/wp\/v2\/pages\/11459\/revisions"}],"predecessor-version":[{"id":12867,"href":"https:\/\/theamericanfrenchfilmfestival.org\/wp-json\/wp\/v2\/pages\/11459\/revisions\/12867"}],"wp:attachment":[{"href":"https:\/\/theamericanfrenchfilmfestival.org\/wp-json\/wp\/v2\/media?parent=11459"}],"curies":[{"name":"wp","href":"https:\/\/api.w.org\/{rel}","templated":true}]}}