{"id":11457,"date":"2022-08-04T16:41:33","date_gmt":"2022-08-04T16:41:33","guid":{"rendered":"https:\/\/theamericanfrenchfilmfestival.org\/?page_id=11457"},"modified":"2022-10-31T23:36:26","modified_gmt":"2022-10-31T23:36:26","slug":"soldiers","status":"publish","type":"page","link":"https:\/\/theamericanfrenchfilmfestival.org\/soldiers\/","title":{"rendered":"SOLDIERS (SENTINELLES) (Season 1)"},"content":{"rendered":"<div class=\"wpb-content-wrapper\">[vc_row][vc_column][mk_padding_divider][vc_column_text css=&#8221;.vc_custom_1667259370123{margin-bottom: 0px !important;}&#8221;]\n<h1 style=\"text-align: center;\">SOLDIERS<br \/>\n(SENTINELLES)<\/h1>\n<h4 style=\"text-align: center;\">(Season 1)<\/h4>\n[\/vc_column_text][mk_padding_divider size=&#8221;20&#8243;][vc_separator color=&#8221;custom&#8221; accent_color=&#8221;#ea1300&#8243;][\/vc_column][\/vc_row][vc_row][vc_column width=&#8221;1\/3&#8243;][vc_column_text css=&#8221;.vc_custom_1663684260081{margin-bottom: 0px !important;}&#8221;]\n<p style=\"text-align: center;\"><b>MELVILLE THEATRE<\/b><\/p>\n<p style=\"text-align: center;\"><strong>TV SERIES \/ DRAMA, WAR<br \/>\nFocus on a score film composer:<br \/>\n<a href=\"https:\/\/theamericanfrenchfilmfestival.org\/focus-on-film-score-composer-2022\/\" target=\"_blank\" rel=\"noopener\">Eric Neveux<\/a><\/strong><\/p>\n[\/vc_column_text][\/vc_column][vc_column width=&#8221;1\/3&#8243;][vc_column_text css=&#8221;.vc_custom_1664383333838{margin-bottom: 0px !important;}&#8221;]\n<ul>\n<li><strong>Tuesday, October 11<\/strong> &#8211; 8:00 pm<br \/>\nPresented by Eric Neveux<br \/>\n<em>(Screening ends at 9:45 pm)<\/em><\/li>\n<li><strong>Wednesday, October 12 &#8211; <\/strong>1:00 pm<br \/>\nPresented by Eric Neveux<br \/>\n<em>(Screening ends at 2:45 pm)<\/em><\/li>\n<li><strong>Thursday, October 13<\/strong> &#8211; 10:15 pm<\/li>\n<li><strong>Saturday, October 15<\/strong> &#8211; 9:00 am<br \/>\n<em>(Screening ends at 10:45 am)<\/em><\/li>\n<li><strong>Sunday, October 16<\/strong> &#8211; 9:00 am<br \/>\n<em>(Screening ends at 10:45 am)<\/em><\/li>\n<\/ul>\n[\/vc_column_text][\/vc_column][vc_column width=&#8221;1\/3&#8243;][vc_column_text css=&#8221;.vc_custom_1663820268400{margin-bottom: 0px !important;}&#8221;]\n<p style=\"text-align: center;\"><span style=\"color: #ea1300;\">Presented in Association with:<br \/>\n<\/span>Federation Entertainment<\/p>\n[\/vc_column_text][mk_image src=&#8221;https:\/\/theamericanfrenchfilmfestival.org\/wp-content\/uploads\/2018\/03\/free-sn-rsvp-1.jpg&#8221; image_size=&#8221;full&#8221; align=&#8221;center&#8221;][\/vc_column][\/vc_row][vc_row][vc_column][mk_padding_divider size=&#8221;20&#8243;][vc_separator color=&#8221;custom&#8221; accent_color=&#8221;#ea1300&#8243;][\/vc_column][\/vc_row][vc_row][vc_column width=&#8221;1\/2&#8243;][vc_column_text css=&#8221;.vc_custom_1661362442004{margin-bottom: 0px !important;}&#8221;]<span style=\"color: #ea1300;\"><b>North American Premiere<\/b><\/span><span style=\"font-weight: 400;\">\u00a0|\u00a0TV Series |France\u00a0|\u00a02022\u00a0|\u00a0Drama, War\u00a0|\u00a07 x 52\u00a0min\u00a0|\u00a0Episodes 1 &amp; 2 | In French with English subtitles<br \/>\n<\/span> <span style=\"font-weight: 400;\"><br \/>\n<\/span><b>Directed by: <\/b><span style=\"font-weight: 400;\">Jean-Philippe Amar<\/span><span style=\"font-weight: 400;\"><br \/>\n<\/span><b>Created by<\/b><span style=\"font-weight: 400;\">: Thibaut Valetoux, Fr\u00e9d\u00e9ric Krivine<br \/>\n<\/span><b>Written by<\/b>: Thibaut Valetoux, Fr\u00e9d\u00e9ric Krivine<b><br \/>\n<\/b><b>Produced by<\/b>: Antoine Szymalka, Emmanuel Dauc\u00e9 (Tetra Media), Orange Studios<br \/>\n<b>Cinematography<\/b><span style=\"font-weight: 400;\">: <\/span><span style=\"font-weight: 400;\">Emmanuel de Fleury, St\u00e9phane Aupetit<\/span><b><br \/>\n<\/b><b>Film Editing<\/b><span style=\"font-weight: 400;\">: Rapha\u00ebl P\u00e9aud, Olga P\u00e9not<\/span><span style=\"font-weight: 400;\"><br \/>\n<\/span><b>Original Score<\/b><span style=\"font-weight: 400;\">: Eric Neveux<\/span><span style=\"font-weight: 400;\"><br \/>\n<\/span><b>Cast<\/b><span style=\"font-weight: 400;\">: <\/span><span style=\"font-weight: 400;\">Pauline Parigot (Ana\u00efs Collet), Louis Peres (Julien Ravalet), Birane Ba (Martial Mendy), Yannick Choirat (Philippe Lefort), Samir Seghir (Djibril Saadi), Vanessa Fonte (Elise Schiffman), Rapha\u00eblle Rousseau (Marie Labille)<br \/>\n<\/span><b>International Sales: <\/b><span style=\"font-weight: 400;\">Federation Entertainment<\/span><span style=\"font-weight: 400;\"><br \/>\n<\/span><b>Original Broadcast<\/b><span style=\"font-weight: 400;\">: OCS, April 2022<\/span><\/p>\n<p style=\"text-align: justify;\"><b><i>Soldiers<\/i><\/b><span style=\"font-weight: 400;\"> plunges us into the daily lives of a platoon of dedicated French soldiers simply trying to do their jobs \u2014 against almost impossible odds \u2014 in Mali.\u00a0 Lieutenant Ana\u00efs Collet, a highly disciplined officer with an uncompromising moral code, and her unit have been deployed as part of Operation Barkhane, an anti-insurgent military campaign to quell Islamist extremists in Africa&#8217;s Sahel region.\u00a0 But tracking down terrorists, bolstering practically nonexistent local governments and simply protecting the lives of innocent villagers turns out to be an extremely complex assignment.\u00a0 The tactical balancing act it requires and the emotional toll it takes on these young men and women pushes them to their very limits.\u00a0 Yet the series offers a touching portrait of their commitment, their inner struggles, and their palpable courage at every turn.\u00a0<\/span><\/p>\n<p style=\"text-align: justify;\"><b>Jean-Philippe Amar<\/b><span style=\"font-weight: 400;\">, director of all seven episodes of <\/span><b><i>Soldiers<\/i><\/b><span style=\"font-weight: 400;\">, is an accomplished television director of the hit TV series <\/span><i><span style=\"font-weight: 400;\">Spiral<\/span><\/i><span style=\"font-weight: 400;\"> (10 episodes, 2019-2020), <\/span><i><span style=\"font-weight: 400;\">Un village fran\u00e7ais<\/span><\/i><span style=\"font-weight: 400;\"> (23 episodes, 2013-2017), and the documentary series <\/span><i><span style=\"font-weight: 400;\">Les Nouveaux explorateurs<\/span><\/i><span style=\"font-weight: 400;\"> (4 episodes, 2008-2014).\u00a0 Co-showrunner <\/span><b>Thibaut Valetoux <\/b><span style=\"font-weight: 400;\">wrote the screenplay for the feature film <\/span><i><span style=\"font-weight: 400;\">Le Sens de la famille<\/span><\/i><span style=\"font-weight: 400;\"> (2017), and has written scripts for various series, including <\/span><i><span style=\"font-weight: 400;\">Paris Police 1900<\/span><\/i><span style=\"font-weight: 400;\"> (2018), <\/span><i><span style=\"font-weight: 400;\">Totems<\/span><\/i><span style=\"font-weight: 400;\"> (2020-2022) and <\/span><i><span style=\"font-weight: 400;\">Black Mambas<\/span><\/i><span style=\"font-weight: 400;\"> (2021).\u00a0 His co-showrunner <\/span><b>Fr\u00e9d\u00e9ric Krivine<\/b><span style=\"font-weight: 400;\"> has written scripts for numerous shorts, TV movies, mini-series and for the series <\/span><i><span style=\"font-weight: 400;\">Une belle histoire<\/span><\/i><span style=\"font-weight: 400;\"> (2020). He was previously showrunner on <\/span><i><span style=\"font-weight: 400;\">P.J<\/span><\/i><span style=\"font-weight: 400;\">. (94 episodes, 1997-2009) and <\/span><i><span style=\"font-weight: 400;\">Un village fran\u00e7ais<\/span><\/i><span style=\"font-weight: 400;\"> (65 episodes, 2009-2017).\u00a0\u00a0<\/span><\/p>\n[\/vc_column_text][\/vc_column][vc_column width=&#8221;1\/2&#8243;][mk_image src=&#8221;https:\/\/theamericanfrenchfilmfestival.org\/wp-content\/uploads\/2022\/08\/soldiers_poster1px-anais-mazoyer.jpg&#8221; image_size=&#8221;full&#8221; frame_style=&#8221;gray_border&#8221; align=&#8221;center&#8221;][\/vc_column][\/vc_row][vc_row][vc_column][vc_column_text]\n[\/vc_column_text][\/vc_column][\/vc_row]\n<\/div>","protected":false},"excerpt":{"rendered":"<p>[vc_row][vc_column][mk_padding_divider][vc_column_text css=&#8221;.vc_custom_1667259370123{margin-bottom: 0px !important;}&#8221;] SOLDIERS (SENTINELLES) (Season 1) [\/vc_column_text][mk_padding_divider size=&#8221;20&#8243;][vc_separator color=&#8221;custom&#8221; accent_color=&#8221;#ea1300&#8243;][\/vc_column][\/vc_row][vc_row][vc_column width=&#8221;1\/3&#8243;][vc_column_text css=&#8221;.vc_custom_1663684260081{margin-bottom: 0px !important;}&#8221;] MELVILLE THEATRE TV SERIES \/ DRAMA, WAR Focus on a score film composer: Eric Neveux [\/vc_column_text][\/vc_column][vc_column width=&#8221;1\/3&#8243;][vc_column_text css=&#8221;.vc_custom_1664383333838{margin-bottom: 0px !important;}&#8221;] Tuesday, October 11 &#8211; 8:00 pm Presented by Eric Neveux (Screening ends at 9:45 pm) Wednesday, October 12 &#8211; [&hellip;]<\/p>\n","protected":false},"author":4,"featured_media":0,"parent":0,"menu_order":0,"comment_status":"closed","ping_status":"closed","template":"","meta":{"footnotes":""},"class_list":["post-11457","page","type-page","status-publish","hentry"],"_links":{"self":[{"href":"https:\/\/theamericanfrenchfilmfestival.org\/wp-json\/wp\/v2\/pages\/11457","targetHints":{"allow":["GET"]}}],"collection":[{"href":"https:\/\/theamericanfrenchfilmfestival.org\/wp-json\/wp\/v2\/pages"}],"about":[{"href":"https:\/\/theamericanfrenchfilmfestival.org\/wp-json\/wp\/v2\/types\/page"}],"author":[{"embeddable":true,"href":"https:\/\/theamericanfrenchfilmfestival.org\/wp-json\/wp\/v2\/users\/4"}],"replies":[{"embeddable":true,"href":"https:\/\/theamericanfrenchfilmfestival.org\/wp-json\/wp\/v2\/comments?post=11457"}],"version-history":[{"count":17,"href":"https:\/\/theamericanfrenchfilmfestival.org\/wp-json\/wp\/v2\/pages\/11457\/revisions"}],"predecessor-version":[{"id":13170,"href":"https:\/\/theamericanfrenchfilmfestival.org\/wp-json\/wp\/v2\/pages\/11457\/revisions\/13170"}],"wp:attachment":[{"href":"https:\/\/theamericanfrenchfilmfestival.org\/wp-json\/wp\/v2\/media?parent=11457"}],"curies":[{"name":"wp","href":"https:\/\/api.w.org\/{rel}","templated":true}]}}