{"id":11435,"date":"2022-08-04T16:02:40","date_gmt":"2022-08-04T16:02:40","guid":{"rendered":"https:\/\/theamericanfrenchfilmfestival.org\/?page_id=11435"},"modified":"2022-10-02T18:32:08","modified_gmt":"2022-10-02T18:32:08","slug":"alice-guy-the-first-female-filmmaker","status":"publish","type":"page","link":"https:\/\/theamericanfrenchfilmfestival.org\/alice-guy-the-first-female-filmmaker\/","title":{"rendered":"ALICE GUY, THE FIRST FEMALE FILMMAKER (ALICE GUY, L\u2019INCONNUE DU 7EME ART)"},"content":{"rendered":"<div class=\"wpb-content-wrapper\">[vc_row][vc_column][mk_padding_divider][vc_column_text css=&#8221;.vc_custom_1663686256620{margin-bottom: 0px !important;}&#8221;]\n<h1 class=\"p1\" style=\"text-align: center;\">ALICE GUY, THE FIRST FEMALE FILMMAKER<br \/>\n(ALICE GUY, L\u2019INCONNUE DU 7EME ART)<\/h1>\n<h4 style=\"text-align: center;\"><strong>Followed by a program of 11 restored short films attributed to Alice Guy<\/strong><\/h4>\n[\/vc_column_text][mk_padding_divider size=&#8221;20&#8243;][vc_separator color=&#8221;custom&#8221; accent_color=&#8221;#ea1300&#8243;][\/vc_column][\/vc_row][vc_row][vc_column width=&#8221;1\/2&#8243;][vc_column_text css=&#8221;.vc_custom_1663371685195{margin-bottom: 0px !important;}&#8221;]\n<p class=\"p1\" style=\"text-align: center;\"><b>Thursday, October 13 &#8211; <\/b>Renoir Theater &#8211; 1:00 pm<b><br \/>\n<\/b><em>(Screening ends at 2:45 pm)<\/em><b><br \/>\n<\/b><\/p>\n<p style=\"text-align: center;\"><strong>DOCUMENTARY, CLASSIC SERIES<\/strong><\/p>\n[\/vc_column_text][\/vc_column][vc_column width=&#8221;1\/2&#8243;][vc_column_text css=&#8221;.vc_custom_1664735520739{margin-bottom: 0px !important;}&#8221;]\n<p style=\"text-align: center;\"><span style=\"color: #ea1300;\">Presented in Association with:<br \/>\n<\/span>Arte France<br \/>\nTitrafilm<br \/>\nWomen in Film<\/p>\n[\/vc_column_text][mk_image src=&#8221;https:\/\/theamericanfrenchfilmfestival.org\/wp-content\/uploads\/2018\/03\/free-sn-rsvp-1.jpg&#8221; image_size=&#8221;full&#8221; align=&#8221;center&#8221;][\/vc_column][\/vc_row][vc_row][vc_column][mk_padding_divider size=&#8221;20&#8243;][vc_separator color=&#8221;custom&#8221; accent_color=&#8221;#ea1300&#8243;][\/vc_column][\/vc_row][vc_row][vc_column width=&#8221;1\/2&#8243;][vc_column_text css=&#8221;.vc_custom_1661636028387{margin-bottom: 0px !important;}&#8221;]<span style=\"color: #ea1300;\"><b>North American Premiere<\/b><\/span><span style=\"font-weight: 400;\"> | France\u00a0|\u00a02022\u00a0|\u00a0Documentary |\u00a052\u00a0min\u00a0|\u00a0In English\u00a0<\/span><\/p>\n<p><b>Directed by<\/b><span style=\"font-weight: 400;\">:<\/span> <span style=\"font-weight: 400;\">Nathalie Masduraud, Val\u00e9rie Urrea<br \/>\n<\/span><b>Written by<\/b><span style=\"font-weight: 400;\">: Nathalie Masduraud, Val\u00e9rie Urrea<br \/>\n<\/span><b>Illustrator<\/b><span style=\"font-weight: 400;\">: Catel Muller<br \/>\n<\/span><b>Produced by<\/b><span style=\"font-weight: 400;\">: Victor Robert (10.7 Productions), Arte<\/span><span style=\"font-weight: 400;\"><br \/>\n<\/span><b>Film Editing<\/b><span style=\"font-weight: 400;\">: Nathalie Amsellem<br \/>\n<\/span><b>Cast<\/b><span style=\"font-weight: 400;\">: Alice Guy, Gustave Eiffel, L\u00e9on Gaumont, Gustave Lumi\u00e8re, Louis Lumi\u00e8re<br \/>\n<\/span><b>International Sales<\/b><span style=\"font-weight: 400;\">:<\/span> <span style=\"font-weight: 400;\">Arte France<br \/>\n<\/span><b>Original Broadcast<\/b><span style=\"font-weight: 400;\">: Arte France and Arte Germany, January 2022<\/span><\/p>\n<p style=\"text-align: justify;\"><span style=\"font-weight: 400;\"><strong>Alice Guy<\/strong>&#8216;s inimitable imagination, quick-witted humor, poetic eye, social conscience, and her boundless energy and passion for visual storytelling led her to write and direct almost one thousand films.\u00a0 It all began in 1896, at the tender age of 23, while working as L\u00e9on Gaumont&#8217;s secretary in Paris, when she literally invented narrative filmmaking, to become its very first director \u2014 male or female!\u00a0 Guy eventually followed her husband to New York, where they created Solax Studios in Flushing, becoming the first woman film producer and studio head, and the highest-paid businesswoman in the U.S. at the time.\u00a0 Averaging two two-reelers a week, she was the first director to use stuntmen or to make a film with an all-Black cast.\u00a0 She created the Hollywood star system before Hollywood even existed.\u00a0 Then she was literally \u2014 deliberately \u2014 erased from cinema history by the very men who unwittingly launched her career.\u00a0 This is her story, in her own words, and inventively told through a plethora of film clips, clever animation and an illuminating filmed interview with Guy herself.<\/span><\/p>\n<p style=\"text-align: justify;\"><b>Nathalie Masduraud<\/b><span style=\"font-weight: 400;\"> is a documentary filmmaker whose work has often focused on women artists, like singer Ella Fitzgerald or writer Fran\u00e7oise Sagan.\u00a0 <\/span><b>Val\u00e9rie Urrea<\/b><span style=\"font-weight: 400;\">&#8216;s documentaries have focused on autism, gender and racial issues, and dance, including several films on the work of choreographer Mathilde Monnier.\u00a0 Both women began making films in the late 1990s, but have more recently joined forces, co-directing <\/span><i><span style=\"font-weight: 400;\">Afrique du Sud, portraits chromatiques<\/span><\/i><span style=\"font-weight: 400;\"> (2014); <\/span><i><span style=\"font-weight: 400;\">Focus Iran, l&#8217;audace au premier plan<\/span><\/i><span style=\"font-weight: 400;\"> (2017); <\/span><i><span style=\"font-weight: 400;\">Pornotropic, Marguerite Duras ou l&#8217;illusion coloniale<\/span><\/i><span style=\"font-weight: 400;\"> (2020); <\/span><i><span style=\"font-weight: 400;\">H24, 24 Heures dans la vie d&#8217;une femme<\/span><\/i><span style=\"font-weight: 400;\"> (2021).\u00a0 <\/span><b><i>Alice Guy, the First Female Filmmaker<\/i><\/b><span style=\"font-weight: 400;\"> is presented at The American French Film Festival with a program of films attributed to Alice Guy, recently restored by Gaumont.\u00a0<\/span><\/p>\n[\/vc_column_text][\/vc_column][vc_column width=&#8221;1\/2&#8243;][mk_image src=&#8221;https:\/\/theamericanfrenchfilmfestival.org\/wp-content\/uploads\/2022\/08\/alice_guy-bleue.png&#8221; image_size=&#8221;full&#8221; frame_style=&#8221;gray_border&#8221; align=&#8221;center&#8221;][mk_padding_divider size=&#8221;20&#8243;][mk_custom_box bg_color=&#8221;#efefef&#8221;][vc_column_text css=&#8221;.vc_custom_1661636952788{margin-bottom: 0px !important;}&#8221;]\n<h4><b>A PROGRAM OF FILMS ATTRIBUTED TO ALICE GUY<\/b><\/h4>\n<p style=\"text-align: justify;\">This program of eleven whimsical, acerbic, poetic and downright funny films \u2014 including the one that started it all: <i><span style=\"font-weight: 400;\">The Cabbage-Patch Fairy<\/span><\/i><span style=\"font-weight: 400;\"> (1901), deemed the first narrative film of all time \u2014 is not to be missed. It offers a rare peek into the massive film oeuvre attributed to Alice Guy, as well as a glimpse into her inventiveness, wit and point of view. Many of the films focus on the feminist themes of motherhood, pregnancy and gender roles, but also on mechanization, medicine and certainly the burlesque. The program even includes a music video and the very first making of, in which we see Alice herself, in 1906, on a sound stage, directing the opening ballet for <\/span><i><span style=\"font-weight: 400;\">Romeo and Juliet<\/span><\/i><span style=\"font-weight: 400;\">. The program includes the following films:<\/span><\/p>\n<p><b>Madame\u2019s Cravings<\/b><b><i> (Madame a des envies)<\/i><\/b><span style=\"font-weight: 400;\"> (1906), 4:30 min.<br \/>\n<\/span><b>The Cabbage-Patch Fairy<\/b> <b><i>(La F\u00e9e aux choux)<\/i><\/b><span style=\"font-weight: 400;\"> (1901), 1:15 min.<br \/>\n<\/span><b>Midwife to the Upper Class<\/b><b><i> (Sage-femme de premi\u00e8re classe)<\/i><\/b><span style=\"font-weight: 400;\"> (1902), 4:38 min.<br \/>\n<\/span><b><i>On the Barricade (Sur la barricade)<\/i><\/b> (1907), 4:29 min.<br \/>\n<b><i>Alice Guy Directs a &#8220;Phonosc\u00e8ne&#8221; <\/i><\/b>(1906), 2:02 min.<br \/>\n<b>F\u00e9lix Mayol Performs<\/b> &#8220;<b><i>Indiscreet Questions&#8221; (Questions indiscr\u00e8tes)<\/i><\/b> (1906), 3:21 min.<br \/>\n<b>Automated Hat-Maker and Sausage-Grinder (<\/b><b><i>Chapellerie et charcuterie m\u00e9caniques)<\/i><\/b> (1900) &#8211; 1:06 min.<br \/>\n<b><i>The Consequences of Feminism (Les R\u00e9sultats du f\u00e9minisme)<\/i><\/b> (1906) &#8211; 7:39 min.<br \/>\n<b>Cook and Rilly\u2019s Trained Rooster<\/b><b><i> (Le coq dress\u00e9)<\/i><\/b> (1910), 2:32 min.<br \/>\n<b><i>Turn-of-the-century Surgery (Chirurgie fin de si\u00e8cle)<\/i><\/b> (1900), 2:17 min.<br \/>\n<b>The Race for the<\/b><b><i> Sausage (La Course \u00e0 la saucisse)<\/i><\/b> (1907), 4:30 min.[\/vc_column_text][\/mk_custom_box][\/vc_column][\/vc_row][vc_row][vc_column][vc_column_text]\n[\/vc_column_text][\/vc_column][\/vc_row]\n<\/div>","protected":false},"excerpt":{"rendered":"<p>[vc_row][vc_column][mk_padding_divider][vc_column_text css=&#8221;.vc_custom_1663686256620{margin-bottom: 0px !important;}&#8221;] ALICE GUY, THE FIRST FEMALE FILMMAKER (ALICE GUY, L\u2019INCONNUE DU 7EME ART) Followed by a program of 11 restored short films attributed to Alice Guy [\/vc_column_text][mk_padding_divider size=&#8221;20&#8243;][vc_separator color=&#8221;custom&#8221; accent_color=&#8221;#ea1300&#8243;][\/vc_column][\/vc_row][vc_row][vc_column width=&#8221;1\/2&#8243;][vc_column_text css=&#8221;.vc_custom_1663371685195{margin-bottom: 0px !important;}&#8221;] Thursday, October 13 &#8211; Renoir Theater &#8211; 1:00 pm (Screening ends at 2:45 pm) DOCUMENTARY, CLASSIC SERIES [\/vc_column_text][\/vc_column][vc_column [&hellip;]<\/p>\n","protected":false},"author":4,"featured_media":0,"parent":0,"menu_order":0,"comment_status":"closed","ping_status":"closed","template":"","meta":{"footnotes":""},"class_list":["post-11435","page","type-page","status-publish","hentry"],"_links":{"self":[{"href":"https:\/\/theamericanfrenchfilmfestival.org\/wp-json\/wp\/v2\/pages\/11435","targetHints":{"allow":["GET"]}}],"collection":[{"href":"https:\/\/theamericanfrenchfilmfestival.org\/wp-json\/wp\/v2\/pages"}],"about":[{"href":"https:\/\/theamericanfrenchfilmfestival.org\/wp-json\/wp\/v2\/types\/page"}],"author":[{"embeddable":true,"href":"https:\/\/theamericanfrenchfilmfestival.org\/wp-json\/wp\/v2\/users\/4"}],"replies":[{"embeddable":true,"href":"https:\/\/theamericanfrenchfilmfestival.org\/wp-json\/wp\/v2\/comments?post=11435"}],"version-history":[{"count":24,"href":"https:\/\/theamericanfrenchfilmfestival.org\/wp-json\/wp\/v2\/pages\/11435\/revisions"}],"predecessor-version":[{"id":13105,"href":"https:\/\/theamericanfrenchfilmfestival.org\/wp-json\/wp\/v2\/pages\/11435\/revisions\/13105"}],"wp:attachment":[{"href":"https:\/\/theamericanfrenchfilmfestival.org\/wp-json\/wp\/v2\/media?parent=11435"}],"curies":[{"name":"wp","href":"https:\/\/api.w.org\/{rel}","templated":true}]}}