{"id":10490,"date":"2022-06-13T16:11:31","date_gmt":"2022-06-13T16:11:31","guid":{"rendered":"https:\/\/theamericanfrenchfilmfestival.org\/?page_id=10490"},"modified":"2022-06-13T23:11:41","modified_gmt":"2022-06-13T23:11:41","slug":"2021-awards","status":"publish","type":"page","link":"https:\/\/theamericanfrenchfilmfestival.org\/2022-winners\/2021-awards\/","title":{"rendered":"2021 Awards"},"content":{"rendered":"<div class=\"wpb-content-wrapper\">[vc_row][vc_column][mk_padding_divider][vc_column_text css=&#8221;.vc_custom_1652799416919{margin-bottom: 0px !important;}&#8221;]\n<h2 style=\"text-align: left;\">2021 AWARDS WINNERS<\/h2>\n<h4 style=\"text-align: left;\"><\/h4>\n<h4 style=\"text-align: right;\"><\/h4>\n[\/vc_column_text][vc_separator color=&#8221;custom&#8221; accent_color=&#8221;#004eef&#8221;][\/vc_column][\/vc_row][vc_row][vc_column width=&#8221;1\/4&#8243;][\/vc_column][vc_column width=&#8221;1\/2&#8243;][vc_column_text css=&#8221;.vc_custom_1652800304982{margin-bottom: 0px !important;}&#8221;]\n<p style=\"text-align: center;\"><strong>Presented in Association with<\/strong><br \/>\n<strong>the LOS ANGELES FILM CRITICS ASSOCIATION<\/strong><\/p>\n<p style=\"text-align: right;\"><img loading=\"lazy\" decoding=\"async\" class=\"size-full wp-image-658 aligncenter\" src=\"https:\/\/theamericanfrenchfilmfestival.org\/wp-content\/uploads\/2018\/01\/lafca-130.jpg\" alt=\"\" width=\"130\" height=\"132\" \/><\/p>\n[\/vc_column_text][\/vc_column][vc_column width=&#8221;1\/4&#8243;][\/vc_column][\/vc_row][vc_row][vc_column][vc_separator color=&#8221;custom&#8221; accent_color=&#8221;#004eef&#8221;][\/vc_column][\/vc_row][vc_row][vc_column width=&#8221;1\/2&#8243;][vc_column_text css=&#8221;.vc_custom_1652799534199{margin-bottom: 0px !important;}&#8221;]\n<h3>CINEMA<\/h3>\n<p><img loading=\"lazy\" decoding=\"async\" class=\"alignleft wp-image-10280 size-thumbnail\" src=\"https:\/\/theamericanfrenchfilmfestival.org\/wp-content\/uploads\/2021\/10\/love-affairs_poster-120_def_hd-150x250.jpg\" alt=\"\" width=\"150\" height=\"250\" \/><\/p>\n<p>&nbsp;<\/p>\n<p><strong>Critics Award<\/strong><br \/>\nIn association with the Los Angeles Film Critics Association<\/p>\n<p><a href=\"https:\/\/theamericanfrenchfilmfestival.org\/love-affairs\/\" target=\"_blank\" rel=\"noopener\">LOVE AFFAIR(S)<\/a>\/Les Choses qu\u2019on dit, les choses qu\u2019on fait<br \/>\n<strong>Directed by<\/strong>:\u00a0Emmanuel Mouret<br \/>\n<strong>Written by:<\/strong>\u00a0Emmanuel Mouret<\/p>\n<p>&nbsp;<\/p>\n<p>&nbsp;<\/p>\n<p><img loading=\"lazy\" decoding=\"async\" class=\"alignleft wp-image-9285 size-thumbnail\" src=\"https:\/\/theamericanfrenchfilmfestival.org\/wp-content\/uploads\/2021\/09\/night-doctor-150x250.jpg\" alt=\"\" width=\"150\" height=\"250\" \/><\/p>\n<p>&nbsp;<\/p>\n<p><strong>Audience Award<\/strong><\/p>\n<p><a href=\"https:\/\/theamericanfrenchfilmfestival.org\/the-night-doctor\/\" target=\"_blank\" rel=\"noopener\">THE NIGHT DOCTOR<\/a>\/M\u00e9decin de nuit<br \/>\n<strong>Directed by:<\/strong>\u00a0Elie Wajeman<br \/>\n<strong>Written by:<\/strong>\u00a0Agn\u00e8s Feuvre, Elie Wajeman, Vincent Macaigne<\/p>\n<p>&nbsp;<\/p>\n<p>&nbsp;<\/p>\n<p>&nbsp;<\/p>\n<p><img loading=\"lazy\" decoding=\"async\" class=\"alignleft wp-image-8992 size-thumbnail\" src=\"https:\/\/theamericanfrenchfilmfestival.org\/wp-content\/uploads\/2021\/08\/ibrahim-150x250.jpg\" alt=\"\" width=\"150\" height=\"250\" \/><\/p>\n<p>&nbsp;<\/p>\n<p><strong>Best First Feature Award<\/strong><\/p>\n<p><a href=\"https:\/\/theamericanfrenchfilmfestival.org\/ibrahim\/\" target=\"_blank\" rel=\"noopener\">IBRAHIM<\/a><span class=\"s2\"><b><i><br \/>\n<\/i><\/b><\/span><span class=\"s3\"><b>Directed by:<\/b><\/span>\u00a0Samir Guesmi<br \/>\n<span class=\"s3\"><b>Written by:<\/b><\/span>\u00a0Samir Guesmi, Camille Lugan, Sylvie Verheyde<\/p>\n<p>&nbsp;<\/p>\n<p>&nbsp;<\/p>\n<p>&nbsp;<\/p>\n<p><img loading=\"lazy\" decoding=\"async\" class=\"alignleft wp-image-9864 size-thumbnail\" src=\"https:\/\/theamericanfrenchfilmfestival.org\/wp-content\/uploads\/2021\/10\/summit-of-the-gods-150x250.jpg\" alt=\"\" width=\"150\" height=\"250\" \/><\/p>\n<p>&nbsp;<\/p>\n<p><strong>American Students Award<\/strong><\/p>\n<p><a href=\"https:\/\/theamericanfrenchfilmfestival.org\/the-summit-of-the-gods\/\" target=\"_blank\" rel=\"noopener\">THE SUMMIT OF THE GODS<\/a>\/Le Sommet des Dieux<br \/>\n<strong>Directed by:<\/strong> Patrick Imbert<br \/>\n<strong>Written by:\u00a0<\/strong>Jean-Charles Ostorero, Patrick Imbert, Magali Pouzol<br \/>\n<strong>Based on a Manga by:<\/strong>\u00a0Baku Yumemakura, Jir\u00f4 Taniguchi<\/p>\n<p>&nbsp;<\/p>\n<p>&nbsp;<\/p>\n<p><img loading=\"lazy\" decoding=\"async\" class=\"alignleft wp-image-9034 size-thumbnail\" src=\"https:\/\/theamericanfrenchfilmfestival.org\/wp-content\/uploads\/2021\/09\/gallant-indies-150x250.jpg\" alt=\"\" width=\"150\" height=\"250\" \/><\/p>\n<p>&nbsp;<\/p>\n<p><strong>Best documentary Award<\/strong><\/p>\n<p><a href=\"https:\/\/theamericanfrenchfilmfestival.org\/gallant-indies\/\" target=\"_blank\" rel=\"noopener\">GALLANT INDIES<\/a>\/Les Indes galantes<br \/>\n<strong>Directed by:\u00a0<\/strong>Philippe B\u00e9ziat<br \/>\n<strong>Written by:\u00a0<\/strong>Philippe B\u00e9ziat[\/vc_column_text][\/vc_column][vc_column width=&#8221;1\/2&#8243;][vc_column_text css=&#8221;.vc_custom_1652799550955{margin-bottom: 0px !important;}&#8221;]\n<h3>TELEVISION<\/h3>\n<p><span style=\"color: #d41953;\"><img loading=\"lazy\" decoding=\"async\" class=\"alignleft wp-image-8922 size-thumbnail\" src=\"https:\/\/theamericanfrenchfilmfestival.org\/wp-content\/uploads\/2021\/08\/claire-andrieux-150x250.jpg\" alt=\"\" width=\"150\" height=\"250\" \/><\/span><\/p>\n<p>&nbsp;<\/p>\n<p><strong>Best TV Movie Award<\/strong><\/p>\n<p class=\"p1\"><span class=\"s1\"><a href=\"https:\/\/theamericanfrenchfilmfestival.org\/claire-andrieux\/\" target=\"_blank\" rel=\"noopener\">CLAIRE ANDRIEUX<\/a><br \/>\n<\/span><b>Directed by<\/b>: Olivier Jahan<br \/>\n<b>Written by<\/b>: Olivier Jahan, Diast\u00e8me<\/p>\n<p>&nbsp;<\/p>\n<p>&nbsp;<\/p>\n<p>&nbsp;<\/p>\n<p>&nbsp;<\/p>\n<p><span style=\"color: #d41953;\"><img loading=\"lazy\" decoding=\"async\" class=\"alignleft wp-image-9118 size-thumbnail\" src=\"https:\/\/theamericanfrenchfilmfestival.org\/wp-content\/uploads\/2021\/09\/opera-fr-150x250.jpg\" alt=\"\" width=\"150\" height=\"250\" \/><\/span><\/p>\n<p><strong>Best Series Award<\/strong><\/p>\n<p class=\"p1\"><span class=\"s1\"><a href=\"https:\/\/theamericanfrenchfilmfestival.org\/the-opera\/\" target=\"_blank\" rel=\"noopener\">THE OPERA<\/a><\/span><span class=\"s2\">\/L\u2019Op\u00e9ra<b><br \/>\n<\/b><\/span><span class=\"s3\"><b>Directed by:<\/b><\/span>\u00a0St\u00e9phane Demoustier, C\u00e9cile Ducrocq, Inti Calfat, Dirk Verheye, La\u00efla Marrakchi<br \/>\n<span class=\"s3\"><b>Created by:<\/b><\/span>\u00a0C\u00e9cile Ducrocq, Benjamin Adams<br \/>\n<span class=\"s3\"><b>Written by:<\/b><\/span>\u00a0C\u00e9cile Ducrocq, Benjamin Adams, Simon Jablonka<\/p>\n[\/vc_column_text][mk_padding_divider][vc_column_text css=&#8221;.vc_custom_1652799580010{margin-bottom: 0px !important;}&#8221;]\n<h3>SHORTS<\/h3>\n<p><strong><span style=\"color: #d41953;\"><img loading=\"lazy\" decoding=\"async\" class=\"alignleft wp-image-9386\" src=\"https:\/\/theamericanfrenchfilmfestival.org\/wp-content\/uploads\/2021\/09\/free-fall-e1632099498300.jpg\" alt=\"\" width=\"254\" height=\"143\" \/><\/span><\/strong><\/p>\n<p><strong>Audience Short Film Award<\/strong><\/p>\n<p class=\"p1\"><span class=\"s1\"><a href=\"https:\/\/theamericanfrenchfilmfestival.org\/short-films\/\" target=\"_blank\" rel=\"noopener\">FREE FALL<\/a><\/span> <span class=\"s3\"><b><br \/>\n<\/b><\/span><span class=\"s4\"><b>Directed by:<\/b><\/span>\u00a0Emmanuel Tenenbaum<br \/>\n<span class=\"s4\"><b>Written by:<\/b><\/span>\u00a0Guillaume Fournier, Emmanuel Tenenbaum<\/p>\n<p>&nbsp;<\/p>\n<p><span style=\"color: #d41953;\"><strong><img loading=\"lazy\" decoding=\"async\" class=\"alignleft wp-image-9413 size-medium\" src=\"https:\/\/theamericanfrenchfilmfestival.org\/wp-content\/uploads\/2021\/09\/storepolicy-e1632162308673-250x137.png\" alt=\"\" width=\"250\" height=\"137\" srcset=\"https:\/\/theamericanfrenchfilmfestival.org\/wp-content\/uploads\/2021\/09\/storepolicy-e1632162308673-250x137.png 250w, https:\/\/theamericanfrenchfilmfestival.org\/wp-content\/uploads\/2021\/09\/storepolicy-e1632162308673-330x180.png 330w, https:\/\/theamericanfrenchfilmfestival.org\/wp-content\/uploads\/2021\/09\/storepolicy-e1632162308673-414x226.png 414w, https:\/\/theamericanfrenchfilmfestival.org\/wp-content\/uploads\/2021\/09\/storepolicy-e1632162308673.png 476w\" sizes=\"auto, (max-width: 250px) 100vw, 250px\" \/><\/strong><\/span><\/p>\n<p><strong>Jury Short Award<\/strong><\/p>\n<p><a href=\"https:\/\/theamericanfrenchfilmfestival.org\/short-films\/\" target=\"_blank\" rel=\"noopener\">STORE POLICY<\/a>\/L\u2019Effort commercial<br \/>\n<strong>Written and directed by:<\/strong> Sarah Arnold[\/vc_column_text][\/vc_column][\/vc_row][vc_row][vc_column][vc_separator color=&#8221;custom&#8221; accent_color=&#8221;#004eef&#8221;][\/vc_column][\/vc_row]\n<\/div>","protected":false},"excerpt":{"rendered":"<p>[vc_row][vc_column][mk_padding_divider][vc_column_text css=&#8221;.vc_custom_1652799416919{margin-bottom: 0px !important;}&#8221;] 2021 AWARDS WINNERS [\/vc_column_text][vc_separator color=&#8221;custom&#8221; accent_color=&#8221;#004eef&#8221;][\/vc_column][\/vc_row][vc_row][vc_column width=&#8221;1\/4&#8243;][\/vc_column][vc_column width=&#8221;1\/2&#8243;][vc_column_text css=&#8221;.vc_custom_1652800304982{margin-bottom: 0px !important;}&#8221;] Presented in Association with the LOS ANGELES FILM CRITICS ASSOCIATION [\/vc_column_text][\/vc_column][vc_column width=&#8221;1\/4&#8243;][\/vc_column][\/vc_row][vc_row][vc_column][vc_separator color=&#8221;custom&#8221; accent_color=&#8221;#004eef&#8221;][\/vc_column][\/vc_row][vc_row][vc_column width=&#8221;1\/2&#8243;][vc_column_text css=&#8221;.vc_custom_1652799534199{margin-bottom: 0px !important;}&#8221;] CINEMA &nbsp; Critics Award In association with the Los Angeles Film Critics Association LOVE AFFAIR(S)\/Les Choses qu\u2019on dit, les choses qu\u2019on fait [&hellip;]<\/p>\n","protected":false},"author":4,"featured_media":0,"parent":635,"menu_order":0,"comment_status":"closed","ping_status":"closed","template":"","meta":{"footnotes":""},"class_list":["post-10490","page","type-page","status-publish","hentry"],"_links":{"self":[{"href":"https:\/\/theamericanfrenchfilmfestival.org\/wp-json\/wp\/v2\/pages\/10490","targetHints":{"allow":["GET"]}}],"collection":[{"href":"https:\/\/theamericanfrenchfilmfestival.org\/wp-json\/wp\/v2\/pages"}],"about":[{"href":"https:\/\/theamericanfrenchfilmfestival.org\/wp-json\/wp\/v2\/types\/page"}],"author":[{"embeddable":true,"href":"https:\/\/theamericanfrenchfilmfestival.org\/wp-json\/wp\/v2\/users\/4"}],"replies":[{"embeddable":true,"href":"https:\/\/theamericanfrenchfilmfestival.org\/wp-json\/wp\/v2\/comments?post=10490"}],"version-history":[{"count":24,"href":"https:\/\/theamericanfrenchfilmfestival.org\/wp-json\/wp\/v2\/pages\/10490\/revisions"}],"predecessor-version":[{"id":11277,"href":"https:\/\/theamericanfrenchfilmfestival.org\/wp-json\/wp\/v2\/pages\/10490\/revisions\/11277"}],"up":[{"embeddable":true,"href":"https:\/\/theamericanfrenchfilmfestival.org\/wp-json\/wp\/v2\/pages\/635"}],"wp:attachment":[{"href":"https:\/\/theamericanfrenchfilmfestival.org\/wp-json\/wp\/v2\/media?parent=10490"}],"curies":[{"name":"wp","href":"https:\/\/api.w.org\/{rel}","templated":true}]}}