{"id":3462,"date":"2018-05-01T16:58:52","date_gmt":"2018-05-01T16:58:52","guid":{"rendered":"http:\/\/www.theamericanfrenchfilmfestival.org\/?page_id=3462"},"modified":"2022-05-17T15:15:37","modified_gmt":"2022-05-17T15:15:37","slug":"awards-2-2018","status":"publish","type":"page","link":"https:\/\/theamericanfrenchfilmfestival.org\/2022-winners\/awards-2-2018\/","title":{"rendered":"2018 Awards"},"content":{"rendered":"<div class=\"wpb-content-wrapper\">[vc_row][vc_column][mk_padding_divider][vc_column_text css=&#8221;.vc_custom_1652135108503{margin-bottom: 0px !important;}&#8221;]\n<h2>2018 AWARDS WINNERS<\/h2>\n[\/vc_column_text][vc_separator color=&#8221;custom&#8221; accent_color=&#8221;#004eef&#8221;][\/vc_column][\/vc_row][vc_row][vc_column width=&#8221;1\/2&#8243;][vc_column_text css=&#8221;.vc_custom_1652135071553{margin-bottom: 0px !important;}&#8221;]\n<h3>CINEMA<\/h3>\n<p><strong>Audience Award<\/strong><u><br \/>\n<\/u><a href=\"http:\/\/archive.colcoa.org\/colcoa\/2018\/program-2018\/bloody-milk\/\">BLOODY MILK (Petit paysan)<\/a><strong><br \/>\n<\/strong>Written and directed by: Hubert Charuel<\/p>\n<p><strong>Audience Special Prize<br \/>\n<\/strong><a href=\"http:\/\/archive.colcoa.org\/colcoa\/2018\/program-2018\/promise-at-dawn\/\">PROMISE AT DAWN (La Promesse de l\u2019aube)<\/a><strong><em><br \/>\n<\/em><\/strong>Directed by: Eric Barbier<br \/>\nWritten by: Eric Barbier, Marie Eynard, based on Romain Gary\u2019s autobiography<\/p>\n<p><strong>LAFCA Critics Jury Award<br \/>\n<\/strong><a href=\"http:\/\/archive.colcoa.org\/colcoa\/2018\/program-2018\/le-brio\/\">LE BRIO<\/a><strong><em><br \/>\n<\/em><\/strong>Directed by: Yvan Attal<br \/>\nWritten by: Ya\u00ebl Langmann, Victor Saint-Macary, Yvan Attal, No\u00e9 Debr\u00e9, Bryan Marciano<\/p>\n<p><strong>LAFCA Critics Special Prize<br \/>\n<\/strong><a href=\"http:\/\/archive.colcoa.org\/colcoa\/2018\/program-2018\/cest-la-vie-le-sens-de-la-fete\/\">C\u2019EST LA VIE! (Le Sens de la f\u00eate)<\/a><strong><br \/>\n<\/strong>Written and directed by: Olivier Nakache and Eric Toledano<\/p>\n<p><strong>First Feature Award<br \/>\n<\/strong><a href=\"http:\/\/archive.colcoa.org\/colcoa\/2018\/program-2018\/luna\/\">LUNA<\/a><br \/>\nDirected by: Elsa Diringer<br \/>\nWritten by: Elsa Diringer, Claude Mouri\u00e9ras<\/p>\n<p><strong>Coming Soon Award (Film presented with a U.S. distributor)<br \/>\n<\/strong><a href=\"http:\/\/archive.colcoa.org\/colcoa\/2018\/program-2018\/custody\/\">CUSTODY (Jusqu\u2019\u00e0 la garde)<\/a><strong><br \/>\n<em>Drama<br \/>\n<\/em><\/strong>Written and directed by: Xavier Legrand<\/p>\n<p><strong>American Students Award<br \/>\n<\/strong><a href=\"http:\/\/archive.colcoa.org\/colcoa\/2018\/program-2018\/au-revoir-la-haut\/\">SEE YOU UP THERE (Au revoir l\u00e0-haut)<\/a><br \/>\nDirected by: Albert Dupontel<br \/>\nWritten by: Albert Dupontel, Pierre Lemaitre<\/p>\n<p><strong>Documentary Award<br \/>\n<\/strong><a href=\"http:\/\/archive.colcoa.org\/colcoa\/2018\/program-2018\/makala\/\">MAKALA<\/a><strong><em><br \/>\n<\/em><\/strong>Written and directed by: Emmanuel Gras[\/vc_column_text][mk_padding_divider size=&#8221;20&#8243;][vc_column_text css=&#8221;.vc_custom_1586899304014{margin-bottom: 0px !important;}&#8221;]\n<h3>COLCOA DIGITAL SERIES<\/h3>\n<p><strong>Digital Series Award<br \/>\n<\/strong><a href=\"http:\/\/archive.colcoa.org\/colcoa\/2018\/program-2018\/colcoa-digital\/\">BIARRITZ SURF GANG<\/a><br \/>\nWritten and<strong> directed by: <\/strong>Nathan Curren, Pierre Denoyel[\/vc_column_text][\/vc_column][vc_column width=&#8221;1\/2&#8243;][vc_cta h2=&#8221;Presented in association with&#8221; color=&#8221;mulled-wine&#8221;]<img loading=\"lazy\" decoding=\"async\" class=\"alignnone size-full wp-image-658\" src=\"http:\/\/www.theamericanfrenchfilmfestival.org\/wp-content\/uploads\/2018\/01\/lafca-130.jpg\" alt=\"\" width=\"130\" height=\"132\" \/>\u00a0<img loading=\"lazy\" decoding=\"async\" class=\"alignnone wp-image-594\" src=\"http:\/\/www.theamericanfrenchfilmfestival.org\/wp-content\/uploads\/2018\/01\/titrafilm-130.jpg\" alt=\"\" width=\"175\" height=\"137\" \/>[\/vc_cta][vc_column_text css=&#8221;.vc_custom_1652135080148{margin-bottom: 0px !important;}&#8221;]\n<h3>TELEVISION<\/h3>\n<p><strong>TV Drama Jury Award<br \/>\n<\/strong><a href=\"http:\/\/www.theamericanfrenchfilmfestival.org\/program-2018\/the-age-of-stateless\/\">THE AGE OF STATELESS (Le Temps des \u00e9gar\u00e9s)<\/a><br \/>\nDirected by: Virginie Sauveur<br \/>\nWritten by: Ga\u00eblle Belland<\/p>\n<p><strong>TV Series Jury Award<br \/>\n<\/strong><a href=\"http:\/\/archive.colcoa.org\/colcoa\/2018\/program-2018\/proud\/\">PROUD (Fiert\u00e9s)<\/a><strong><br \/>\n<\/strong>Directed by: Philippe Faucon<br \/>\nWritten by: Jos\u00e9 Caltagirone, Niels Rahou<\/p>\n<p><strong>TV Drama Audience Award<br \/>\n<\/strong><a href=\"http:\/\/www.theamericanfrenchfilmfestival.org\/program-2018\/infidelity-2\/\">INFIDELITY (Un Adult\u00e8re)<\/a><br \/>\nDirected by:\u00a0Philippe Harel<br \/>\nWritten by: Eric Assous, St\u00e9phanie Vasseur<\/p>\n<p><strong>TV Series Audience Award<br \/>\n<\/strong><a href=\"http:\/\/archive.colcoa.org\/colcoa\/2018\/program-2018\/proud\/\">PROUD (Fiert\u00e9s)<\/a><strong><br \/>\n<\/strong>Directed by: Philippe Faucon<br \/>\nWritten by: Jos\u00e9 Caltagirone, Niels Rahou[\/vc_column_text][vc_column_text css=&#8221;.vc_custom_1652135089030{margin-bottom: 0px !important;}&#8221;]\n<h3>SHORTS<\/h3>\n<p><strong>Short Film Award<br \/>\n<\/strong><a href=\"https:\/\/archive.colcoa.org\/colcoa\/2018\/program-2018\/colcoa-shorts\/\">GRAMS (Petites filles)<\/a><strong><br \/>\n<\/strong>Written and directed by: Camille Japy<\/p>\n<p><strong>Short Film Special Prize<br \/>\n<\/strong><a href=\"https:\/\/archive.colcoa.org\/colcoa\/2018\/program-2018\/colcoa-shorts\/\">THE WINKLES (Les Bigorneaux)<\/a><br \/>\nWritten and directed by: Alice Vial<\/p>\n<p><strong>Short Film Audience Award<br \/>\n<\/strong><a href=\"https:\/\/archive.colcoa.org\/colcoa\/2018\/program-2018\/colcoa-shorts\/\">THE WINKLES (Les Bigorneaux)<\/a><br \/>\nWritten and directed by: Alice Vial<\/p>\n<p><strong>Animated Short Film Award<br \/>\n<\/strong><a href=\"http:\/\/www.theamericanfrenchfilmfestival.org\/program-2018\/colcoa-shorts\/\">HYBRIDS<\/a><br \/>\nWritten and directed by: Romain Thirion, Florian Brauch, Matthieu Pujol, Kim Tailhades, Yohan Thireau, Florian Brauch[\/vc_column_text][\/vc_column][\/vc_row][vc_row][vc_column][vc_separator color=&#8221;custom&#8221; accent_color=&#8221;#004eef&#8221;][\/vc_column][\/vc_row]\n<\/div>","protected":false},"excerpt":{"rendered":"<p>[vc_row][vc_column][mk_padding_divider][vc_column_text css=&#8221;.vc_custom_1652135108503{margin-bottom: 0px !important;}&#8221;] 2018 AWARDS WINNERS [\/vc_column_text][vc_separator color=&#8221;custom&#8221; accent_color=&#8221;#004eef&#8221;][\/vc_column][\/vc_row][vc_row][vc_column width=&#8221;1\/2&#8243;][vc_column_text css=&#8221;.vc_custom_1652135071553{margin-bottom: 0px !important;}&#8221;] CINEMA Audience Award BLOODY MILK (Petit paysan) Written and directed by: Hubert Charuel Audience Special Prize PROMISE AT DAWN (La Promesse de l\u2019aube) Directed by: Eric Barbier Written by: Eric Barbier, Marie Eynard, based on Romain Gary\u2019s autobiography LAFCA Critics Jury [&hellip;]<\/p>\n","protected":false},"author":4,"featured_media":0,"parent":635,"menu_order":0,"comment_status":"closed","ping_status":"closed","template":"","meta":{"footnotes":""},"class_list":["post-3462","page","type-page","status-publish","hentry"],"_links":{"self":[{"href":"https:\/\/theamericanfrenchfilmfestival.org\/wp-json\/wp\/v2\/pages\/3462","targetHints":{"allow":["GET"]}}],"collection":[{"href":"https:\/\/theamericanfrenchfilmfestival.org\/wp-json\/wp\/v2\/pages"}],"about":[{"href":"https:\/\/theamericanfrenchfilmfestival.org\/wp-json\/wp\/v2\/types\/page"}],"author":[{"embeddable":true,"href":"https:\/\/theamericanfrenchfilmfestival.org\/wp-json\/wp\/v2\/users\/4"}],"replies":[{"embeddable":true,"href":"https:\/\/theamericanfrenchfilmfestival.org\/wp-json\/wp\/v2\/comments?post=3462"}],"version-history":[{"count":25,"href":"https:\/\/theamericanfrenchfilmfestival.org\/wp-json\/wp\/v2\/pages\/3462\/revisions"}],"predecessor-version":[{"id":11279,"href":"https:\/\/theamericanfrenchfilmfestival.org\/wp-json\/wp\/v2\/pages\/3462\/revisions\/11279"}],"up":[{"embeddable":true,"href":"https:\/\/theamericanfrenchfilmfestival.org\/wp-json\/wp\/v2\/pages\/635"}],"wp:attachment":[{"href":"https:\/\/theamericanfrenchfilmfestival.org\/wp-json\/wp\/v2\/media?parent=3462"}],"curies":[{"name":"wp","href":"https:\/\/api.w.org\/{rel}","templated":true}]}}