{"id":19946,"date":"2024-11-05T20:57:27","date_gmt":"2024-11-05T20:57:27","guid":{"rendered":"https:\/\/theamericanfrenchfilmfestival.org\/?page_id=19946"},"modified":"2024-11-08T14:16:12","modified_gmt":"2024-11-08T14:16:12","slug":"2024-winners","status":"publish","type":"page","link":"https:\/\/theamericanfrenchfilmfestival.org\/2024-winners\/","title":{"rendered":"2024 WINNERS"},"content":{"rendered":"<div class=\"wpb-content-wrapper\">[vc_row][vc_column][mk_padding_divider][vc_column_text css=&#8221;.vc_custom_1730840230410{margin-bottom: 0px !important;}&#8221;]\n<h2>2024 FESTIVAL AWARDS, HOLLYWOOD&#8217;S FAVORITE FRENCH FILMS &amp; SERIES<\/h2>\n[\/vc_column_text][vc_separator color=&#8221;custom&#8221; css=&#8221;.vc_custom_1730843395135{margin-top: 20px !important;margin-bottom: 10px !important;}&#8221; accent_color=&#8221;#d41953&#8243;][mk_padding_divider size=&#8221;10&#8243;][vc_column_text css=&#8221;.vc_custom_1730920426056{margin-bottom: 0px !important;}&#8221;]\n<style type=\"text\/css\">\r\n\t#foogallery-gallery-19973 .fg-image {\r\n        width: 175px;\r\n    }\r\n<\/style>\r\n\t\t\t\t<div class=\"foogallery foogallery-container foogallery-default foogallery-lightbox-foogallery fg-gutter-10 fg-center fg-default fg-light fg-border-thin fg-shadow-outline fg-loading-default fg-loaded-fade-in fg-caption-hover fg-hover-fade fg-hover-zoom fg-ready\" id=\"foogallery-gallery-19973\" data-foogallery=\"{&quot;item&quot;:{&quot;showCaptionTitle&quot;:true,&quot;showCaptionDescription&quot;:true},&quot;lazy&quot;:true}\" data-foogallery-lightbox=\"{&quot;thumbs&quot;:&quot;bottom&quot;,&quot;thumbsCaptions&quot;:false,&quot;thumbsBestFit&quot;:false,&quot;thumbsSmall&quot;:false,&quot;thumbsCaptionsAlign&quot;:&quot;default&quot;,&quot;info&quot;:&quot;bottom&quot;,&quot;infoVisible&quot;:true,&quot;infoOverlay&quot;:true,&quot;infoAlign&quot;:&quot;default&quot;,&quot;transition&quot;:&quot;fade&quot;,&quot;hoverButtons&quot;:false,&quot;fitMedia&quot;:false,&quot;noScrollbars&quot;:true,&quot;preserveButtonSpace&quot;:true,&quot;buttons&quot;:{&quot;fullscreen&quot;:true,&quot;info&quot;:true,&quot;thumbs&quot;:false},&quot;video&quot;:{&quot;autoPlay&quot;:true}}\" >\r\n\t<div class=\"fg-item fg-type-image fg-idle\"><figure class=\"fg-item-inner\"><a href=\"https:\/\/theamericanfrenchfilmfestival.org\/wp-content\/uploads\/2024\/11\/tafff24_am-students-award.jpg\" data-attachment-id=\"19974\" data-type=\"image\" class=\"fg-thumb\"><span class=\"fg-image-wrap\"><img decoding=\"async\" width=\"175\" height=\"175\" class=\"skip-lazy fg-image\" data-src-fg=\"https:\/\/theamericanfrenchfilmfestival.org\/wp-content\/uploads\/2024\/11\/tafff24_am-students-award.jpg\" src=\"data:image\/svg+xml,%3Csvg%20xmlns%3D%22http%3A%2F%2Fwww.w3.org%2F2000%2Fsvg%22%20width%3D%22175%22%20height%3D%22175%22%20viewBox%3D%220%200%20175%20175%22%3E%3C%2Fsvg%3E\" loading=\"eager\"><\/span><span class=\"fg-image-overlay\"><\/span><\/a><figcaption class=\"fg-caption\"><div class=\"fg-caption-inner\"><\/div><\/figcaption><\/figure><div class=\"fg-loader\"><\/div><\/div><div class=\"fg-item fg-type-image fg-idle\"><figure class=\"fg-item-inner\"><a href=\"https:\/\/theamericanfrenchfilmfestival.org\/wp-content\/uploads\/2024\/11\/tafff24_audience-award.jpg\" data-attachment-id=\"19975\" data-type=\"image\" class=\"fg-thumb\"><span class=\"fg-image-wrap\"><img decoding=\"async\" width=\"175\" height=\"175\" class=\"skip-lazy fg-image\" data-src-fg=\"https:\/\/theamericanfrenchfilmfestival.org\/wp-content\/uploads\/2024\/11\/tafff24_audience-award.jpg\" src=\"data:image\/svg+xml,%3Csvg%20xmlns%3D%22http%3A%2F%2Fwww.w3.org%2F2000%2Fsvg%22%20width%3D%22175%22%20height%3D%22175%22%20viewBox%3D%220%200%20175%20175%22%3E%3C%2Fsvg%3E\" loading=\"eager\"><\/span><span class=\"fg-image-overlay\"><\/span><\/a><figcaption class=\"fg-caption\"><div class=\"fg-caption-inner\"><\/div><\/figcaption><\/figure><div class=\"fg-loader\"><\/div><\/div><div class=\"fg-item fg-type-image fg-idle\"><figure class=\"fg-item-inner\"><a href=\"https:\/\/theamericanfrenchfilmfestival.org\/wp-content\/uploads\/2024\/11\/tafff24_audience-series-award.jpg\" data-attachment-id=\"19976\" data-type=\"image\" class=\"fg-thumb\"><span class=\"fg-image-wrap\"><img decoding=\"async\" width=\"175\" height=\"175\" class=\"skip-lazy fg-image\" data-src-fg=\"https:\/\/theamericanfrenchfilmfestival.org\/wp-content\/uploads\/2024\/11\/tafff24_audience-series-award.jpg\" src=\"data:image\/svg+xml,%3Csvg%20xmlns%3D%22http%3A%2F%2Fwww.w3.org%2F2000%2Fsvg%22%20width%3D%22175%22%20height%3D%22175%22%20viewBox%3D%220%200%20175%20175%22%3E%3C%2Fsvg%3E\" loading=\"eager\"><\/span><span class=\"fg-image-overlay\"><\/span><\/a><figcaption class=\"fg-caption\"><div class=\"fg-caption-inner\"><\/div><\/figcaption><\/figure><div class=\"fg-loader\"><\/div><\/div><div class=\"fg-item fg-type-image fg-idle\"><figure class=\"fg-item-inner\"><a href=\"https:\/\/theamericanfrenchfilmfestival.org\/wp-content\/uploads\/2024\/11\/tafff24_docu-award.jpg\" data-attachment-id=\"19978\" data-type=\"image\" class=\"fg-thumb\"><span class=\"fg-image-wrap\"><img decoding=\"async\" width=\"175\" height=\"175\" class=\"skip-lazy fg-image\" data-src-fg=\"https:\/\/theamericanfrenchfilmfestival.org\/wp-content\/uploads\/2024\/11\/tafff24_docu-award.jpg\" src=\"data:image\/svg+xml,%3Csvg%20xmlns%3D%22http%3A%2F%2Fwww.w3.org%2F2000%2Fsvg%22%20width%3D%22175%22%20height%3D%22175%22%20viewBox%3D%220%200%20175%20175%22%3E%3C%2Fsvg%3E\" loading=\"eager\"><\/span><span class=\"fg-image-overlay\"><\/span><\/a><figcaption class=\"fg-caption\"><div class=\"fg-caption-inner\"><\/div><\/figcaption><\/figure><div class=\"fg-loader\"><\/div><\/div><div class=\"fg-item fg-type-image fg-idle\"><figure class=\"fg-item-inner\"><a href=\"https:\/\/theamericanfrenchfilmfestival.org\/wp-content\/uploads\/2024\/11\/tafff24_first-film-award.jpg\" data-attachment-id=\"19979\" data-type=\"image\" class=\"fg-thumb\"><span class=\"fg-image-wrap\"><img decoding=\"async\" width=\"175\" height=\"175\" class=\"skip-lazy fg-image\" data-src-fg=\"https:\/\/theamericanfrenchfilmfestival.org\/wp-content\/uploads\/2024\/11\/tafff24_first-film-award.jpg\" src=\"data:image\/svg+xml,%3Csvg%20xmlns%3D%22http%3A%2F%2Fwww.w3.org%2F2000%2Fsvg%22%20width%3D%22175%22%20height%3D%22175%22%20viewBox%3D%220%200%20175%20175%22%3E%3C%2Fsvg%3E\" loading=\"eager\"><\/span><span class=\"fg-image-overlay\"><\/span><\/a><figcaption class=\"fg-caption\"><div class=\"fg-caption-inner\"><\/div><\/figcaption><\/figure><div class=\"fg-loader\"><\/div><\/div><div class=\"fg-item fg-type-image fg-idle\"><figure class=\"fg-item-inner\"><a href=\"https:\/\/theamericanfrenchfilmfestival.org\/wp-content\/uploads\/2024\/11\/tafff24_jury-series-award.jpg\" data-attachment-id=\"19980\" data-type=\"image\" class=\"fg-thumb\"><span class=\"fg-image-wrap\"><img decoding=\"async\" width=\"175\" height=\"175\" class=\"skip-lazy fg-image\" data-src-fg=\"https:\/\/theamericanfrenchfilmfestival.org\/wp-content\/uploads\/2024\/11\/tafff24_jury-series-award.jpg\" src=\"data:image\/svg+xml,%3Csvg%20xmlns%3D%22http%3A%2F%2Fwww.w3.org%2F2000%2Fsvg%22%20width%3D%22175%22%20height%3D%22175%22%20viewBox%3D%220%200%20175%20175%22%3E%3C%2Fsvg%3E\" loading=\"eager\"><\/span><span class=\"fg-image-overlay\"><\/span><\/a><figcaption class=\"fg-caption\"><div class=\"fg-caption-inner\"><\/div><\/figcaption><\/figure><div class=\"fg-loader\"><\/div><\/div><div class=\"fg-item fg-type-image fg-idle\"><figure class=\"fg-item-inner\"><a href=\"https:\/\/theamericanfrenchfilmfestival.org\/wp-content\/uploads\/2024\/11\/tafff24_short-film-award.jpg\" data-attachment-id=\"19981\" data-type=\"image\" class=\"fg-thumb\"><span class=\"fg-image-wrap\"><img decoding=\"async\" width=\"175\" height=\"175\" class=\"skip-lazy fg-image\" data-src-fg=\"https:\/\/theamericanfrenchfilmfestival.org\/wp-content\/uploads\/2024\/11\/tafff24_short-film-award.jpg\" src=\"data:image\/svg+xml,%3Csvg%20xmlns%3D%22http%3A%2F%2Fwww.w3.org%2F2000%2Fsvg%22%20width%3D%22175%22%20height%3D%22175%22%20viewBox%3D%220%200%20175%20175%22%3E%3C%2Fsvg%3E\" loading=\"eager\"><\/span><span class=\"fg-image-overlay\"><\/span><\/a><figcaption class=\"fg-caption\"><div class=\"fg-caption-inner\"><\/div><\/figcaption><\/figure><div class=\"fg-loader\"><\/div><\/div><div class=\"fg-item fg-type-image fg-idle\"><figure class=\"fg-item-inner\"><a href=\"https:\/\/theamericanfrenchfilmfestival.org\/wp-content\/uploads\/2024\/11\/tafff24_tv-movie-award.jpg\" data-attachment-id=\"19982\" data-type=\"image\" class=\"fg-thumb\"><span class=\"fg-image-wrap\"><img decoding=\"async\" width=\"175\" height=\"175\" class=\"skip-lazy fg-image\" data-src-fg=\"https:\/\/theamericanfrenchfilmfestival.org\/wp-content\/uploads\/2024\/11\/tafff24_tv-movie-award.jpg\" src=\"data:image\/svg+xml,%3Csvg%20xmlns%3D%22http%3A%2F%2Fwww.w3.org%2F2000%2Fsvg%22%20width%3D%22175%22%20height%3D%22175%22%20viewBox%3D%220%200%20175%20175%22%3E%3C%2Fsvg%3E\" loading=\"eager\"><\/span><span class=\"fg-image-overlay\"><\/span><\/a><figcaption class=\"fg-caption\"><div class=\"fg-caption-inner\"><\/div><\/figcaption><\/figure><div class=\"fg-loader\"><\/div><\/div><div class=\"fg-item fg-type-image fg-idle\"><figure class=\"fg-item-inner\"><a href=\"https:\/\/theamericanfrenchfilmfestival.org\/wp-content\/uploads\/2024\/11\/tafff24_critics-award-1.jpg\" data-attachment-id=\"19986\" data-type=\"image\" class=\"fg-thumb\"><span class=\"fg-image-wrap\"><img decoding=\"async\" width=\"175\" height=\"175\" class=\"skip-lazy fg-image\" data-src-fg=\"https:\/\/theamericanfrenchfilmfestival.org\/wp-content\/uploads\/2024\/11\/tafff24_critics-award-1.jpg\" src=\"data:image\/svg+xml,%3Csvg%20xmlns%3D%22http%3A%2F%2Fwww.w3.org%2F2000%2Fsvg%22%20width%3D%22175%22%20height%3D%22175%22%20viewBox%3D%220%200%20175%20175%22%3E%3C%2Fsvg%3E\" loading=\"eager\"><\/span><span class=\"fg-image-overlay\"><\/span><\/a><figcaption class=\"fg-caption\"><div class=\"fg-caption-inner\"><\/div><\/figcaption><\/figure><div class=\"fg-loader\"><\/div><\/div><\/div>\r\n\n[\/vc_column_text][mk_padding_divider size=&#8221;20&#8243;][vc_separator color=&#8221;custom&#8221; accent_color=&#8221;#d41953&#8243;][\/vc_column][\/vc_row][vc_row][vc_column width=&#8221;1\/3&#8243;][vc_column_text css=&#8221;.vc_custom_1731075370354{margin-bottom: 0px !important;}&#8221;]\n<h3>CINEMA<\/h3>\n<p><strong>Audience Award:<\/strong><\/p>\n<p><a href=\"https:\/\/theamericanfrenchfilmfestival.org\/the-marching-band\/\" target=\"_blank\" rel=\"noopener\">THE MARCHING BAND<\/a>\u00a0 <em>(La Fanfare)<\/em> &#8211; Written by Emmanuel Courcol &amp; Ir\u00e8ne Muscari\u00a0 and Directed by Emmanuel Courcol. <strong>International Sales:<\/strong>\u00a0 Playtime<\/p>\n<p><strong>Critics Award:<\/strong><\/p>\n<p><a href=\"https:\/\/theamericanfrenchfilmfestival.org\/souleymane-story\/\" target=\"_blank\" rel=\"noopener\">SOULEYMANE&#8217;S STORY<\/a>\u00a0 (<em>L&#8217;histoire de Souleymane<\/em>) &#8211; Written by Delphine Agut &amp; Boris Lojkine and Directed by Boris Lojkine. <strong>International Sales:\u00a0<\/strong>Pyramide International<\/p>\n<p><strong>First Film Award:<\/strong><\/p>\n<p><a href=\"https:\/\/theamericanfrenchfilmfestival.org\/holy-cow\/\" target=\"_blank\" rel=\"noopener\">HOLY COW<\/a> (<em>Vingt Dieux<\/em>) &#8211; Written by: Louise Courvoisier &amp; Th\u00e9o Abadie and Directed by Louise Courvoisier. <strong>US Distributor:<\/strong>\u00a0Zeitgeist Films in Association With Kino Lorber<\/p>\n<p><strong>American Students Award:<\/strong><\/p>\n<p><a href=\"https:\/\/theamericanfrenchfilmfestival.org\/the-count-of-montecristo\/\" target=\"_blank\" rel=\"noopener\">THE COUNT OF MONTE CRISTO<\/a>\u00a0 (<em>Le Comte de Monte Cristo<\/em>) &#8211; Written and Directed by Matthieu Delaporte &amp; Alexandre De La Patelli\u00e8re. <strong>US Distributor:<\/strong>\u00a0Samuel Goldwyn Films[\/vc_column_text][\/vc_column][vc_column width=&#8221;1\/3&#8243; css=&#8221;.vc_custom_1667259068213{border-radius: 2px !important;}&#8221;][vc_column_text css=&#8221;.vc_custom_1730854705816{margin-bottom: 0px !important;}&#8221;]\n<h3>TELEVISION<\/h3>\n<p><strong>TV Movie Award:<\/strong><\/p>\n<p><a href=\"https:\/\/theamericanfrenchfilmfestival.org\/the-blissfull\/\" target=\"_blank\" rel=\"noopener\">THE BLISSFUL<\/a> (<em>Les Enchant\u00e9s<\/em>) &#8211; Written by Stanislas Carr\u00e9 de Malberg &amp; Rapha\u00eble Moussafir and Directed by Stanislas Carr\u00e9 de Malberg. <strong>International Sales:\u00a0<\/strong>Film &amp; Picture.<\/p>\n<p><strong>Audience Series Award:<\/strong><\/p>\n<p><a href=\"https:\/\/theamericanfrenchfilmfestival.org\/becoming-karl-lagerfeld-1\/\" target=\"_blank\" rel=\"noopener\">BECOMING KARL LAGERFELD<\/a>\u00a0 &#8211; Written by Isaure Pisani-Ferry, Jennifer Have, Dominique Baumard, Nathalie Hertzberg and Directed by J\u00e9r\u00f4me Salle, Audrey Estrougo. <strong>International Distribution:<\/strong>\u00a0Disney+<\/p>\n<p><strong>Jury Series Award:<\/strong><\/p>\n<p><a href=\"https:\/\/theamericanfrenchfilmfestival.org\/samber\/\" target=\"_blank\" rel=\"noopener\">SAMBER<\/a> (<em>Sambre<\/em>) &#8211; Written by Alice G\u00e9raud, Marc Herpoux, Jean-Xavier de Lestrade and Directed by Jean-Xavier de Lestrade. <strong>International Sales:<\/strong>\u00a0Federation Studios[\/vc_column_text][\/vc_column][vc_column width=&#8221;1\/3&#8243;][vc_column_text css=&#8221;.vc_custom_1730842920049{margin-bottom: 0px !important;}&#8221;]\n<h3>DOCUMENTARIES<\/h3>\n<p><strong>Documentary Award:<\/strong><\/p>\n<p><a href=\"https:\/\/theamericanfrenchfilmfestival.org\/alice-guy-the-first-female-filmmaker\/\" target=\"_blank\" rel=\"noopener\">ONCE UPON A TIME MICHEL LEGRAND<\/a> &#8211; Written by David Hertzog Dessites, Willy Duraffourg and Directed by David Hertzog Dessites. <strong>International Sales:\u00a0<\/strong>Mediawan Rights<\/p>\n<h3>SHORT FILMS<\/h3>\n<p><strong>Short Film Award:<\/strong><\/p>\n<p><a href=\"https:\/\/theamericanfrenchfilmfestival.org\/short-films-2024\/\" target=\"_blank\" rel=\"noopener\">SUZANNE<\/a> &#8211; Written and directed by Emilie de Montsabert. <strong>International Sales<\/strong>: Manifest[\/vc_column_text][\/vc_column][\/vc_row][vc_row][vc_column][vc_separator color=&#8221;custom&#8221; css=&#8221;.vc_custom_1730843316552{margin-bottom: 20px !important;}&#8221; accent_color=&#8221;#d41953&#8243;][vc_column_text css=&#8221;.vc_custom_1730996843884{margin-bottom: 0px !important;}&#8221;]\n<h3 style=\"text-align: center;\">2024\u00a0 Jury Awards<\/h3>\n[\/vc_column_text][mk_padding_divider size=&#8221;20&#8243;][\/vc_column][\/vc_row][vc_row][vc_column width=&#8221;1\/3&#8243;][vc_column_text css=&#8221;.vc_custom_1730996720820{margin-bottom: 0px !important;}&#8221;]<strong>TV Series Jury<\/strong><\/p>\n<p>Taylor Chukwu \u2013 Writer,\u00a0 WGA West Member<br \/>\nLily Mariye \u2013 Director, DGA member<br \/>\nAlexander Schmitt \u2013 Producer, Trip The Light Productions<br \/>\nPinar Toprak \u2013 Film Score Composer[\/vc_column_text][\/vc_column][vc_column width=&#8221;1\/3&#8243;][vc_column_text css=&#8221;.vc_custom_1730996695365{margin-bottom: 0px !important;}&#8221;]<strong>American Students Jury<\/strong><\/p>\n<p>Tate Heinse &#8211; UCLA<br \/>\nTaylor Arthur \u2013 Pierce College<br \/>\nEmilia Graham \u2013 Whittier College<br \/>\nJulia Jett &#8211; \u00a0Viewpoint School<br \/>\nCy Joseph &#8211; Serria Canyon School<br \/>\nOona Seppala &#8211; \u00a0Archer School[\/vc_column_text][\/vc_column][vc_column width=&#8221;1\/3&#8243;][vc_column_text css=&#8221;.vc_custom_1730996673199{margin-bottom: 0px !important;}&#8221;]<strong>Critics Jury<br \/>\nLos Angeles Film Critics Association &#8211; LAFCA<\/strong><\/p>\n<p>Sheri Linden<br \/>\nLael Loewenstein<br \/>\nMichael Ordonna<br \/>\nLuke Thompson[\/vc_column_text][\/vc_column][\/vc_row][vc_row][vc_column][vc_separator color=&#8221;custom&#8221; accent_color=&#8221;#d41953&#8243;][\/vc_column][\/vc_row][vc_column][\/vc_column]\n<\/div>","protected":false},"excerpt":{"rendered":"<p>[vc_row][vc_column][mk_padding_divider][vc_column_text css=&#8221;.vc_custom_1730840230410{margin-bottom: 0px !important;}&#8221;] 2024 FESTIVAL AWARDS, HOLLYWOOD&#8217;S FAVORITE FRENCH FILMS &amp; SERIES [\/vc_column_text][vc_separator color=&#8221;custom&#8221; css=&#8221;.vc_custom_1730843395135{margin-top: 20px !important;margin-bottom: 10px !important;}&#8221; accent_color=&#8221;#d41953&#8243;][mk_padding_divider size=&#8221;10&#8243;][vc_column_text css=&#8221;.vc_custom_1730920426056{margin-bottom: 0px !important;}&#8221;] [\/vc_column_text][mk_padding_divider size=&#8221;20&#8243;][vc_separator color=&#8221;custom&#8221; accent_color=&#8221;#d41953&#8243;][\/vc_column][\/vc_row][vc_row][vc_column width=&#8221;1\/3&#8243;][vc_column_text css=&#8221;.vc_custom_1731075370354{margin-bottom: 0px !important;}&#8221;] CINEMA Audience Award: THE MARCHING BAND\u00a0 (La Fanfare) &#8211; Written by Emmanuel Courcol &amp; Ir\u00e8ne Muscari\u00a0 and Directed by Emmanuel Courcol. International [&hellip;]<\/p>\n","protected":false},"author":4,"featured_media":0,"parent":0,"menu_order":0,"comment_status":"closed","ping_status":"closed","template":"","meta":{"footnotes":""},"class_list":["post-19946","page","type-page","status-publish","hentry"],"_links":{"self":[{"href":"https:\/\/theamericanfrenchfilmfestival.org\/wp-json\/wp\/v2\/pages\/19946","targetHints":{"allow":["GET"]}}],"collection":[{"href":"https:\/\/theamericanfrenchfilmfestival.org\/wp-json\/wp\/v2\/pages"}],"about":[{"href":"https:\/\/theamericanfrenchfilmfestival.org\/wp-json\/wp\/v2\/types\/page"}],"author":[{"embeddable":true,"href":"https:\/\/theamericanfrenchfilmfestival.org\/wp-json\/wp\/v2\/users\/4"}],"replies":[{"embeddable":true,"href":"https:\/\/theamericanfrenchfilmfestival.org\/wp-json\/wp\/v2\/comments?post=19946"}],"version-history":[{"count":16,"href":"https:\/\/theamericanfrenchfilmfestival.org\/wp-json\/wp\/v2\/pages\/19946\/revisions"}],"predecessor-version":[{"id":19990,"href":"https:\/\/theamericanfrenchfilmfestival.org\/wp-json\/wp\/v2\/pages\/19946\/revisions\/19990"}],"wp:attachment":[{"href":"https:\/\/theamericanfrenchfilmfestival.org\/wp-json\/wp\/v2\/media?parent=19946"}],"curies":[{"name":"wp","href":"https:\/\/api.w.org\/{rel}","templated":true}]}}