{"id":14253,"date":"2023-08-11T20:57:26","date_gmt":"2023-08-11T20:57:26","guid":{"rendered":"https:\/\/theamericanfrenchfilmfestival.org\/?page_id=14253"},"modified":"2023-08-30T16:26:00","modified_gmt":"2023-08-30T16:26:00","slug":"documentaries-2023-2","status":"publish","type":"page","link":"https:\/\/theamericanfrenchfilmfestival.org\/documentaries-2023-2\/","title":{"rendered":"DOCUMENTARIES"},"content":{"rendered":"<div class=\"wpb-content-wrapper\">[vc_row][vc_column][mk_padding_divider][vc_column_text css=&#8221;.vc_custom_1691787212189{margin-bottom: 0px !important;}&#8221;]\n<h2>DOCUMENTARIES<\/h2>\n[\/vc_column_text][vc_separator color=&#8221;custom&#8221; accent_color=&#8221;#ea1300&#8243;][\/vc_column][\/vc_row][vc_row][vc_column width=&#8221;1\/2&#8243;][vc_column_text css=&#8221;.vc_custom_1692729356940{margin-bottom: 0px !important;}&#8221;]<strong>\u00a0<\/strong><\/p>\n<p>&nbsp;<\/p>\n<div id=\"t-formula-bar-label\">\n<div class=\"docs-icon goog-inline-block\">\n<div class=\"docs-icon-img-container docs-icon-img docs-icon-function-20\">\n<div id=\"t-formula-bar-input-container\">\n<div dir=\"ltr\">\n<ul>\n<li id=\"t-formula-bar-input\" spellcheck=\"false\"><a href=\"https:\/\/theamericanfrenchfilmfestival.org\/king-of-kings\/\" target=\"_blank\" rel=\"noopener\">KING OF KINGS: CHASING EDWARD JONES<\/a><\/li>\n<li spellcheck=\"false\"><a href=\"https:\/\/theamericanfrenchfilmfestival.org\/lambert-vs-lambert\/\" target=\"_blank\" rel=\"noopener\">LAMBERT VS. LAMBERT: OVER MY DEAD BODY<\/a> \/ Lambert contre Lambert, au nom de Vincent<\/li>\n<li spellcheck=\"false\"><a href=\"https:\/\/theamericanfrenchfilmfestival.org\/on-the-adamant\/\" target=\"_blank\" rel=\"noopener\">ON THE ADAMANT<\/a> \/ Sur l&#8217;Adamant<\/li>\n<li spellcheck=\"false\"><a href=\"https:\/\/theamericanfrenchfilmfestival.org\/seven-winters-in-tehran\/\" target=\"_blank\" rel=\"noopener\">SEVEN WINTERS IN TEHRAN<\/a> \/ Sept hivers \u00e0 T\u00e9h\u00e9ran<\/li>\n<\/ul>\n<\/div>\n<\/div>\n<\/div>\n<\/div>\n<\/div>\n<div id=\"t-formula-bar-input-container\">\n<div dir=\"ltr\">\n<div id=\"t-formula-bar-input\" spellcheck=\"false\"><\/div>\n<\/div>\n<\/div>\n[\/vc_column_text][\/vc_column][vc_column width=&#8221;1\/2&#8243;][mk_image src=&#8221;https:\/\/theamericanfrenchfilmfestival.org\/wp-content\/uploads\/2023\/08\/documentaries_23_site.jpg&#8221; image_size=&#8221;full&#8221; frame_style=&#8221;gray_border&#8221; align=&#8221;center&#8221;][\/vc_column][\/vc_row][vc_row][vc_column][vc_separator color=&#8221;custom&#8221; accent_color=&#8221;#ea1300&#8243;][\/vc_column][\/vc_row]\n<\/div>","protected":false},"excerpt":{"rendered":"<p>[vc_row][vc_column][mk_padding_divider][vc_column_text css=&#8221;.vc_custom_1691787212189{margin-bottom: 0px !important;}&#8221;] DOCUMENTARIES [\/vc_column_text][vc_separator color=&#8221;custom&#8221; accent_color=&#8221;#ea1300&#8243;][\/vc_column][\/vc_row][vc_row][vc_column width=&#8221;1\/2&#8243;][vc_column_text css=&#8221;.vc_custom_1692729356940{margin-bottom: 0px !important;}&#8221;]\u00a0 &nbsp; KING OF KINGS: CHASING EDWARD JONES LAMBERT VS. LAMBERT: OVER MY DEAD BODY \/ Lambert contre Lambert, au nom de Vincent ON THE ADAMANT \/ Sur l&#8217;Adamant SEVEN WINTERS IN TEHRAN \/ Sept hivers \u00e0 T\u00e9h\u00e9ran [\/vc_column_text][\/vc_column][vc_column width=&#8221;1\/2&#8243;][mk_image src=&#8221;https:\/\/theamericanfrenchfilmfestival.org\/wp-content\/uploads\/2023\/08\/documentaries_23_site.jpg&#8221; image_size=&#8221;full&#8221; frame_style=&#8221;gray_border&#8221; align=&#8221;center&#8221;][\/vc_column][\/vc_row][vc_row][vc_column][vc_separator [&hellip;]<\/p>\n","protected":false},"author":4,"featured_media":0,"parent":0,"menu_order":0,"comment_status":"closed","ping_status":"closed","template":"","meta":{"footnotes":""},"class_list":["post-14253","page","type-page","status-publish","hentry"],"_links":{"self":[{"href":"https:\/\/theamericanfrenchfilmfestival.org\/wp-json\/wp\/v2\/pages\/14253","targetHints":{"allow":["GET"]}}],"collection":[{"href":"https:\/\/theamericanfrenchfilmfestival.org\/wp-json\/wp\/v2\/pages"}],"about":[{"href":"https:\/\/theamericanfrenchfilmfestival.org\/wp-json\/wp\/v2\/types\/page"}],"author":[{"embeddable":true,"href":"https:\/\/theamericanfrenchfilmfestival.org\/wp-json\/wp\/v2\/users\/4"}],"replies":[{"embeddable":true,"href":"https:\/\/theamericanfrenchfilmfestival.org\/wp-json\/wp\/v2\/comments?post=14253"}],"version-history":[{"count":10,"href":"https:\/\/theamericanfrenchfilmfestival.org\/wp-json\/wp\/v2\/pages\/14253\/revisions"}],"predecessor-version":[{"id":14376,"href":"https:\/\/theamericanfrenchfilmfestival.org\/wp-json\/wp\/v2\/pages\/14253\/revisions\/14376"}],"wp:attachment":[{"href":"https:\/\/theamericanfrenchfilmfestival.org\/wp-json\/wp\/v2\/media?parent=14253"}],"curies":[{"name":"wp","href":"https:\/\/api.w.org\/{rel}","templated":true}]}}