{"id":125,"date":"2018-01-19T02:27:09","date_gmt":"2018-01-19T02:27:09","guid":{"rendered":"http:\/\/dev.theamericanfrenchfilmfestival.org\/?page_id=125"},"modified":"2025-01-29T16:01:52","modified_gmt":"2025-01-29T16:01:52","slug":"talent-at-colcoa","status":"publish","type":"page","link":"https:\/\/theamericanfrenchfilmfestival.org\/talent-at-colcoa\/","title":{"rendered":"Talents at Colcoa"},"content":{"rendered":"<div class=\"wpb-content-wrapper\">[vc_row][vc_column][mk_padding_divider][vc_column_text css=&#8221;.vc_custom_1652133642052{margin-bottom: 0px !important;}&#8221;]\n<h3 style=\"text-align: justify;\">TALENTS AT THE FESTIVAL<\/h3>\n<h4 style=\"text-align: justify;\"><\/h4>\n[\/vc_column_text][mk_padding_divider size=&#8221;20&#8243;][vc_separator color=&#8221;custom&#8221; accent_color=&#8221;#004eef&#8221;][\/vc_column][\/vc_row][vc_row][vc_column width=&#8221;1\/2&#8243;][vc_column_text css=&#8221;.vc_custom_1738166509535{margin-bottom: 0px !important;}&#8221;]\n<h4>More than 350 French writers, directors, composers, producers, DIRECTORs OF PHOTOGRAPHY, MUSIC SUPERVISORS &amp; EDITORS have presented their film(s) at the FESTIVAL.<\/h4>\n<h4 style=\"text-align: justify;\">Among them are (2024 talents in bold):<\/h4>\n<p style=\"text-align: justify;\">Sou Abadi * Lise Akoka * Patrick Alessandrin *\u00a0Eric Altmayer\u00a0* Marine Alaric * Jean-Philippe Amar * Alexandre Amiel * Shirel Amitay * Jean-Pierre Am\u00e9ris * Thomas Anargyros * Yves Angelo * C\u00e9dric Anger * <strong>Christine Angot <\/strong>* Jean-Jacques Annaud * Sophie Ansel * Olivier Assayas * Alain Attal * David Atrakchi * <strong>Jacques Audiard<\/strong> * S\u00e9bastien Azzopardi * Toufik Ayadi * <strong>Lisa Azuelos<\/strong> * Josiane Balasko * Eric Barbier * Delphine Baril * Modi Barry * Maurice Barthel\u00e9my * Laurent B\u00e9cue-Renard * Nicolas Bedos * Fr\u00e9d\u00e9ric Beigbeder * Alexandru Belc * V\u00e9ra Belmont * Lucas Belvaux * Samuel Benchetrit * Bibo Bergeron * Alain Berliner * Jean-Michel Bernard * Ludovic Bernard * Richard Berry * <strong>Priscilla Bertin<\/strong> * Dominique Besnehard * R\u00e9mi Bezancon * Academy Award\u00ae winner Bertrand Blier * Pascal Bonitzer * Anissa Bonnefont * Andr\u00e9 Bonzel * Dany Boon * Laurent Bouhnik * Amine Bouhafa * Michel Boujenah * Ludovic Boukherma * Zoran Boukherma * Nicolas Boukhrief * Jean Br\u00e9hat * Zabou Breitman * <strong>Romain Br\u00e9mond<\/strong> * Chantal Briet * St\u00e9phane Briz\u00e9 *\u00a0 Claire Burger * Gael Cabouat * Jos\u00e9 Caltagirone * <strong>&#8211; Camille &#8211;<\/strong> * Jean-Francois Camilleri *\u00a0 Guillaume Canet * Laurent Cantet * Philippe Carcassonne * Vincent Ma\u00ebl Cardona * Christian Carion * \u00a0<strong>Stanislas Carr\u00e9 de Malberg<\/strong> * <strong>Benjamin Charbit<\/strong> * Patrice Ch\u00e9reau * H\u00e9lier Cisterne * Jeremy Clapin * <strong>Julien Colonna<\/strong> * Etienne Comar * Fabio Conversi * Alain Corneau * Clovis Cornillac * Academy Award\u00ae winner Costa-Gavras * Antoine de Caunes *\u00a0 Olivier Dahan * Yves Darondeau * <strong>Thierry de Clermont-Tonnerre<\/strong> * <strong>Alexandre de La Patelli<\/strong><strong>\u00e8re<\/strong> * Academy Award\u00ae winner Jean-Xavier de Lestrade * Gilles de Maistres * Charles de Meaux * Alix Delaporte * <strong>Matthieu Delaporte<\/strong> * Maxime Delauney * B\u00e9n\u00e9dicte Delmas * Academy Award\u00ae nominee Julie Delpy * Mathieu Demy * Claire Denis * Dante Desarthes * Academy Award\u00ae winner Alexandre Desplat * Arnaud Desplechin * C\u00e9line Devaux * Cyril Dion * Elsa Diringer * Vanessa Djian * Ma\u00efmouna Doucour\u00e9 * Ziad Doueiri * <strong>Cl\u00e9ment Ducol<\/strong> * <strong>Marielle Duigou<\/strong> * Bruno Dumont * Albert Dupontel * <strong>Pierre-Marie Dru<\/strong> * <strong>Annette Dutertre<\/strong> * Pascal Elb\u00e9 *\u00a0 <strong>Mareike Engelhardt<\/strong> * <strong>Bertrand Faivre<\/strong> * L\u00e9a Fehner * Marc Fiszman * <strong>Marc Fitoussi<\/strong> * Marine Flores-Ruimi * <strong>Anne Fontaine<\/strong> * Simon Francois * Charlotte Gabris * Nicole Garcia* Fabrice Gar\u00e7on * Marie Garel-Weiss * <strong>Pierre Garnier<\/strong> * Romain Gavras * Olivier Gauriat * Marielle Gautier * Hugo G\u00e9lin * Xavier Gens * Gregoire Gensollen * Michael Gentile * Charles Gillibert * Jean-Beno\u00eet Gillig * Thomas Gilou * H\u00e9lene Giraud * Alain Goldman\u00a0 * Yann Gozlan * Elie Grappe * Remy Grumbach * Robert Gu\u00e9diguian * Boulem Guerdjou *\u00a0 Samir Guesmi * Eric Guirado * Sylvain Goldberg * Samuel Hadida * Philippe Ha\u00efm * St\u00e9phanie Halfon *<strong> Academy Award\u00ae winner Michel Hazanavicius<\/strong> * Jeanne Herry * <strong>David Hertzog Dessites<\/strong> * Eva Husson * C\u00e9dric Ido * Patrick Imbert * <strong>Audrey Ismael <\/strong>* Salah Issaad * Taqiyeddine Issaad * Baya Kasmi * Mathieu Kassovitz * C\u00e9dric Klapisch * Diane Kurys * Christophe La Pinta * Philippe Lacheau * <strong>Antoine Lafon<\/strong> * <strong>Jean-Marie Larrieu<\/strong> * M\u00e9lanie Laurent * Eric Lavaine * Philippe Le Guay * Nolwenn Lemesle * Anne Le Ny * Pierre-Ange Le Pogam * Xavier Legrand * Academy Award\u00ae winner Claude Lelouch * Sarah Lelouch * Bruno Levy * Dan Levy * Lorraine Levy * Fanny Liatard * Alexandre Lier * Jean-Albert Li\u00e8vre * Philippe Lioret * Marceline Loridan-Ivens * Alfred Lot * Ladj Ly * Nawell Madani * Julien Madon * Ma\u00efwenn* Tony Marshall * Philippe Martin * <strong>Marie Masmonteil<\/strong> * <strong>Lionel Massol<\/strong> * Nicolas Maury * Wilfried M\u00e9ance * Mounia Meddour * Marie-Castille Mention-Schaar * Boris Mendza * Eric Metayer * Alexis Michalik * Simon Michael * Anastasia Mikova * Claude Miller * Radu Mihaileanu * Edouard Montoute * Emmanuel Mouret * Yvonnick Muller * Olivier Nakache * Elodie Namer * Eric Neveux * Jacques Nolot * Sylvain Ohrel * Kevin Ossona* Anna Novion * Raphael Perchet * Val\u00e9rie Perrin * Jean-Claude Petit * Pitof * Gilles Penso * Laurent Perez Del Mar * Jean-Claude Petit * Olivier Peyon * G\u00e9rard Pir\u00e8s * Maxime Pistorio * Alexandre Poncet * Mil\u00e9na Poylo * <strong>Daniel Preljocaj<\/strong> * C\u00e9dric Pr\u00e9vost *\u00a0 Katell Quill\u00e9v\u00e9r\u00e9 * Lola Quivoron * Nils Rahou * Jean-Paul Rappeneau * <strong>Dimitri Rassam<\/strong> * <strong>J\u00e9r\u00f4me Rebotier<\/strong> * Jean-Francois Richet * <strong>Agathe Riedinger<\/strong> * Brigitte Ro\u00fcan * Julie Rou\u00e9 * R\u00e9gis Roinsard * Romain Rousseau * Gilles Sacuto * <strong>Ardavan Safaee<\/strong> * Yannick Saillet * Jean-Paul Salom\u00e9 * Pierre Salvadori * Charlotte Sanson * <strong>Vanessa Schneider<\/strong> * Academy Award\u00ae winner Pierre Schoendoerffer * Coline Serreau * Morgan Simon * Florent Siri * Eduardo Sosa Soria * Thomas Szabo * Aaron Thomas* Hugo P. Thomas * Gilles Taurand * Academy Award\u00ae nominee Bertrand Tavernier * Ana\u00efs Tellenne * Pascal Tessaud * <strong>Thierry Teston<\/strong> * Doria Tillier * Laurent Tirard * Dani\u00e8le Thompson * Eric Tol\u00e9dano * Anne-Dominique Toussaint * J\u00e9r\u00e9my Trouilh * Sabrina Van Tassel * Francis Veber * Jean Veber * Cathy Verney * Gr\u00e9goire Vigneron * Christian Vincent * Myriam Weil * Nicolas Weil * Laurent Zeitoun * Roschdy Zem * Yann Zenou * Yohann Zveig * Erick Zonca.<\/p>\n[\/vc_column_text][\/vc_column][vc_column width=&#8221;1\/2&#8243;][vc_cta h2=&#8221;&#8221; h4=&#8221;Visit the RED CARPET GALLERY&#8221; color=&#8221;mulled-wine&#8221; css=&#8221;.vc_custom_1670443202523{background-color: rgba(0,78,239,0.14) !important;*background-color: rgb(0,78,239) !important;}&#8221;]A series of portraits made on the<a href=\"https:\/\/theamericanfrenchfilmfestival.org\/galleries\/red-carpet-galleries\/\"> red carpet<\/a> at the festival by international photo agencies[\/vc_cta][vc_column_text css=&#8221;.vc_custom_1735930839846{margin-bottom: 0px !important;}&#8221;]\n<h4 style=\"text-align: justify;\">Many other celebrities attended the festival including (2024 talents in bold):<\/h4>\n<p style=\"text-align: justify;\">George Aguilar * Daphne Albert * Sveva Alviti * Carole Amiel * <strong>Jon Amiel<\/strong> * Nora Arnezeder * Rosanna Arquette* <strong>Jon Avnet <\/strong>* Academy Award\u00ae winner Roger Avary * Jamie Babitt * Matt Bastard *\u00a0Nathalie Baye * Edouard Baer * Anthony Bajon * Academy Award\u00ae nominee B\u00e9renice Bejo * Victoire B\u00e9l\u00e9zy * Academy Award\u00ae nominee Annette Bening * Dali Benssalah * Academy Award\u00ae winner Halle Berry * <strong>Golden Globes winner Jacqueline Bisset<\/strong> * <strong>Damien Bonnard<\/strong> * Rachid Bouchareb * Didier Bourdon * JR Bourne * Anne Brochet * Aline Brosh McKenna * <strong>Patrick Bruel<\/strong> * Antonia Buresi * Isabelle Candelier * Gilbert Cates * Academy Award\u00ae winner George Chakiris * Jeremiah Chechik * <strong>Sanda Codreanu<\/strong> * Charles Cohen * <strong>Charly Clovis<\/strong> * Gloria Colston * Academy Award\u00ae winner Marion Cotillard * Clotilde Coureau * Wes Craven * Audrey Dana * Joe Dante * Alice David * Jean-Pierre Darroussin * Christophe Dechavanne* Academy Award\u00ae nominee Laura Dern * Lou de La\u00e2ge * Jeremy Doner * Quentin Dupieux * Romain Duris * Eric Elmosnino * Gad Elmaleh * Nadia Far\u00e8s * Academy Award\u00ae nominee Robert Forster * John Frankenheimer * Jennifer E. Gardner * <strong>Karla Sof\u00eda Gasc\u00f3n<\/strong> * Doroth\u00e9e Gilbert * Ana Girardot * <b>Lesli Linka Glatter<\/b> * Judith Godr\u00e8che * <strong>Selena Gomez<\/strong> * Tracy Gotoas * Alex Goude * Christine Gaillard * Vanessa Guide * <strong>Academy Award\u00ae winner Taylor Hackford<\/strong> * Johnny Hallyday * Laeticia Hallyday * Zita Hanrot * Academy Award\u00ae winner Florian Henckel von Donnersmarck * Academy Award\u00ae winner Herbie Hancock * Arthur Hiller * Clo\u00e9 Hollings * Stephen Hopkins * Jacky Ido * Jean-Michel Jarre * Jimmy Jean-Louis * Camelia Jordana * <strong>Jeremy Kagan<\/strong> * Lawrence Kasdan * Douglas Kennedy * Irvin Kerschner * <strong>Malou Khebizi<\/strong> * Aja Naomi King * Nastassja Kinski * Randal Kleiser * Diane Kruger * Vincent Lacoste * J\u00e9r\u00e9mie Laheurte * Alexandra Lamy * Alexia Landeau *\u00a0 John Landis * Mich\u00e8le Laroque * <strong>Richard Lorber<\/strong> * Xavier Lema\u00eetre *\u00a0 Academy Award\u00ae winner Michel Legrand * <strong>Karim Leklou<\/strong> * Jalil Lespert * Gong Li * Ibrahim Maalouf * <strong>Academy Award\u00ae nominee Michael Mann<\/strong> * Jeanne Mas * Olivier Martinez * Kad Merad * Academy Award\u00ae nominee Nancy Meyer * <strong>Patrick Mille<\/strong> *Academy Award\u00ae nominee Award\u00ae winner Helen Mirren * Gregory Montel * Demi Moore * Ornella Muti *\u00a0 Pierre Niney * Academy Award\u00ae nominee Josh Olson * Vanessa Paradis * Robert Pattinson * Pablo Pauly * Vincent Perez *\u00a0 Nahuel Perez Biscayart * Ron Perlman * M. Pokora * Alice Pol * <strong>Melvil Poupaud<\/strong> * Narges Rashidi * Tania Raymonde * Charles Rivkin * <strong>Howard A. Rodman<\/strong> * J\u00e9remie Renier * <strong>Jay Roewe<\/strong> * Academy Award\u00ae nominee Gena Rowlands * <strong>Zoe Saldana<\/strong> * Karim Saleh * <strong>Ted Sarandos<\/strong> * Hel\u00e8ne S\u00e9gara * Robert Shaye * Academy Awards\u00ae winner Steven Soderbergh * Soko * Academy Award\u00ae nominee Sharon Stone * Timm Sharp * Robert Shaye * Dhruv Uday Singh * Academy Award\u00ae nominee Robin Swicord * Omar Sy * Raphael Thiery * Academy Award\u00ae winner Quentin Tarantino * Betty Thomas * Academy Award\u00ae winner Charlize Theron *Academy Award\u00ae nominee Michael Tolkin * Serge Toubiana * Laura Truffaut * Bertrand Usclat * Jack Valenti * <strong>Fanny Valette<\/strong> * <strong>Arnaud Valois<\/strong> * Sylvie Vartan * Emily Wagner * Carl Weathers * Matthew Weiner * Academy Awards\u00ae winner \u00a0Harvey Weinstein * Lambert Wilson * Academy Award\u00ae winner Chuck Workman * Michael York * Djebril Didier Zonga * Jerry Zucker * Academy Award\u00ae winner Edward Zwick * Elsa Zylberstein.<\/p>\n[\/vc_column_text][\/vc_column][\/vc_row][vc_row][vc_column][mk_padding_divider][vc_separator color=&#8221;custom&#8221; accent_color=&#8221;#004eef&#8221;][\/vc_column][\/vc_row]\n<\/div>","protected":false},"excerpt":{"rendered":"<p>[vc_row][vc_column][mk_padding_divider][vc_column_text css=&#8221;.vc_custom_1652133642052{margin-bottom: 0px !important;}&#8221;] TALENTS AT THE FESTIVAL [\/vc_column_text][mk_padding_divider size=&#8221;20&#8243;][vc_separator color=&#8221;custom&#8221; accent_color=&#8221;#004eef&#8221;][\/vc_column][\/vc_row][vc_row][vc_column width=&#8221;1\/2&#8243;][vc_column_text css=&#8221;.vc_custom_1738166509535{margin-bottom: 0px !important;}&#8221;] More than 350 French writers, directors, composers, producers, DIRECTORs OF PHOTOGRAPHY, MUSIC SUPERVISORS &amp; EDITORS have presented their film(s) at the FESTIVAL. Among them are (2024 talents in bold): Sou Abadi * Lise Akoka * Patrick Alessandrin *\u00a0Eric Altmayer\u00a0* [&hellip;]<\/p>\n","protected":false},"author":4,"featured_media":0,"parent":0,"menu_order":0,"comment_status":"closed","ping_status":"closed","template":"","meta":{"footnotes":""},"class_list":["post-125","page","type-page","status-publish","hentry"],"_links":{"self":[{"href":"https:\/\/theamericanfrenchfilmfestival.org\/wp-json\/wp\/v2\/pages\/125","targetHints":{"allow":["GET"]}}],"collection":[{"href":"https:\/\/theamericanfrenchfilmfestival.org\/wp-json\/wp\/v2\/pages"}],"about":[{"href":"https:\/\/theamericanfrenchfilmfestival.org\/wp-json\/wp\/v2\/types\/page"}],"author":[{"embeddable":true,"href":"https:\/\/theamericanfrenchfilmfestival.org\/wp-json\/wp\/v2\/users\/4"}],"replies":[{"embeddable":true,"href":"https:\/\/theamericanfrenchfilmfestival.org\/wp-json\/wp\/v2\/comments?post=125"}],"version-history":[{"count":47,"href":"https:\/\/theamericanfrenchfilmfestival.org\/wp-json\/wp\/v2\/pages\/125\/revisions"}],"predecessor-version":[{"id":21170,"href":"https:\/\/theamericanfrenchfilmfestival.org\/wp-json\/wp\/v2\/pages\/125\/revisions\/21170"}],"wp:attachment":[{"href":"https:\/\/theamericanfrenchfilmfestival.org\/wp-json\/wp\/v2\/media?parent=125"}],"curies":[{"name":"wp","href":"https:\/\/api.w.org\/{rel}","templated":true}]}}